{"id":9,"date":"2018-10-25T00:43:20","date_gmt":"2018-10-25T03:43:20","guid":{"rendered":"https:\/\/modelermaxpro.com\/?page_id=9"},"modified":"2019-05-08T09:12:59","modified_gmt":"2019-05-08T12:12:59","slug":"sobre-nosotros","status":"publish","type":"page","link":"https:\/\/modelermaxpro.com\/index.php\/sobre-nosotros\/","title":{"rendered":"<!--Sobre nosotros-->"},"content":{"rendered":"<p><strong>Modelermaxpro<\/strong> es el distribuidor oficial para la Rep\u00fablica Argentina de la marca AMMO of MIG&nbsp;Jimenez.<br \/>\nTrabajar para que los modelistas tengan a su alcance las ultimas novedades de la marca, es nuestra principal misi\u00f3n.<br \/>\nAMMO ofrece constantemente productos nuevos para los modelistas m\u00e1s exigentes, eso nos lleva&nbsp;al compromiso de trabajar firmemente para satisfacer las necesidades que el mercado modelistico&nbsp;nos exige.<br \/>\nAMMO of Mig Jimenez es sin ninguna duda, la empresa m\u00e1s experimentada del mundo en&nbsp;productos para envejecido y efectos en el modelismo. Toda esta gama de productos est\u00e1 ahora a&nbsp;tu alcance, en la colecci\u00f3n m\u00e1s perfecta de pinturas y productos para modelismo creada a lo largo&nbsp;de muchos a\u00f1os de esfuerzo y experiencia por: Mig Jimenez.<br \/>\nDeseas lograr el acabado perfecto y super realista en tus modelos..??<br \/>\nPues te proponemos sumarte a este maravilloso mundo del weathering\u2026 y\u2026. carga la munici\u00f3n en&nbsp;tu mesa de trabajo\u2026!!!!<\/p>\n","protected":false},"excerpt":{"rendered":"<p>Modelermaxpro es el distribuidor oficial para la Rep\u00fablica Argentina de la marca AMMO of MIG&nbsp;Jimenez. Trabajar para que los modelistas tengan a su alcance las ultimas novedades de la marca, es nuestra principal misi\u00f3n. AMMO ofrece constantemente productos nuevos para los modelistas m\u00e1s exigentes, eso nos lleva&nbsp;al compromiso de trabajar firmemente para satisfacer las necesidades [&hellip;]<\/p>\n","protected":false},"author":1,"featured_media":2021,"parent":0,"menu_order":0,"comment_status":"closed","ping_status":"open","template":"","meta":{"footnotes":""},"class_list":["post-9","page","type-page","status-publish","has-post-thumbnail","hentry"],"yoast_head":"<!-- This site is optimized with the Yoast SEO plugin v27.4 - https:\/\/yoast.com\/product\/yoast-seo-wordpress\/ -->\n<title>- Modeler Max Pro<\/title>\n<meta name=\"robots\" content=\"index, follow, max-snippet:-1, max-image-preview:large, max-video-preview:-1\" \/>\n<link rel=\"canonical\" href=\"https:\/\/modelermaxpro.com\/index.php\/sobre-nosotros\/\" \/>\n<meta property=\"og:locale\" content=\"es_ES\" \/>\n<meta property=\"og:type\" content=\"article\" \/>\n<meta property=\"og:title\" content=\"- Modeler Max Pro\" \/>\n<meta property=\"og:description\" content=\"Modelermaxpro es el distribuidor oficial para la Rep\u00fablica Argentina de la marca AMMO of MIG&nbsp;Jimenez. Trabajar para que los modelistas tengan a su alcance las ultimas novedades de la marca, es nuestra principal misi\u00f3n. AMMO ofrece constantemente productos nuevos para los modelistas m\u00e1s exigentes, eso nos lleva&nbsp;al compromiso de trabajar firmemente para satisfacer las necesidades [&hellip;]\" \/>\n<meta property=\"og:url\" content=\"https:\/\/modelermaxpro.com\/index.php\/sobre-nosotros\/\" \/>\n<meta property=\"og:site_name\" content=\"Modeler Max Pro\" \/>\n<meta property=\"article:modified_time\" content=\"2019-05-08T12:12:59+00:00\" \/>\n<meta property=\"og:image\" content=\"https:\/\/modelermaxpro.com\/wp-content\/uploads\/2019\/05\/maxi-fernandez8-scaled.jpg\" \/>\n\t<meta property=\"og:image:width\" content=\"2560\" \/>\n\t<meta property=\"og:image:height\" content=\"1273\" \/>\n\t<meta property=\"og:image:type\" content=\"image\/jpeg\" \/>\n<meta name=\"twitter:card\" content=\"summary_large_image\" \/>\n<meta name=\"twitter:label1\" content=\"Tiempo de lectura\" \/>\n\t<meta name=\"twitter:data1\" content=\"1 minuto\" \/>\n<script type=\"application\/ld+json\" class=\"yoast-schema-graph\">{\"@context\":\"https:\\\/\\\/schema.org\",\"@graph\":[{\"@type\":\"WebPage\",\"@id\":\"https:\\\/\\\/modelermaxpro.com\\\/index.php\\\/sobre-nosotros\\\/\",\"url\":\"https:\\\/\\\/modelermaxpro.com\\\/index.php\\\/sobre-nosotros\\\/\",\"name\":\"- Modeler Max Pro\",\"isPartOf\":{\"@id\":\"https:\\\/\\\/modelermaxpro.com\\\/#website\"},\"primaryImageOfPage\":{\"@id\":\"https:\\\/\\\/modelermaxpro.com\\\/index.php\\\/sobre-nosotros\\\/#primaryimage\"},\"image\":{\"@id\":\"https:\\\/\\\/modelermaxpro.com\\\/index.php\\\/sobre-nosotros\\\/#primaryimage\"},\"thumbnailUrl\":\"https:\\\/\\\/modelermaxpro.com\\\/wp-content\\\/uploads\\\/2019\\\/05\\\/maxi-fernandez8-scaled.jpg\",\"datePublished\":\"2018-10-25T03:43:20+00:00\",\"dateModified\":\"2019-05-08T12:12:59+00:00\",\"inLanguage\":\"es-AR\",\"potentialAction\":[{\"@type\":\"ReadAction\",\"target\":[\"https:\\\/\\\/modelermaxpro.com\\\/index.php\\\/sobre-nosotros\\\/\"]}]},{\"@type\":\"ImageObject\",\"inLanguage\":\"es-AR\",\"@id\":\"https:\\\/\\\/modelermaxpro.com\\\/index.php\\\/sobre-nosotros\\\/#primaryimage\",\"url\":\"https:\\\/\\\/modelermaxpro.com\\\/wp-content\\\/uploads\\\/2019\\\/05\\\/maxi-fernandez8-scaled.jpg\",\"contentUrl\":\"https:\\\/\\\/modelermaxpro.com\\\/wp-content\\\/uploads\\\/2019\\\/05\\\/maxi-fernandez8-scaled.jpg\",\"width\":2560,\"height\":1273},{\"@type\":\"WebSite\",\"@id\":\"https:\\\/\\\/modelermaxpro.com\\\/#website\",\"url\":\"https:\\\/\\\/modelermaxpro.com\\\/\",\"name\":\"Modeler Max Pro\",\"description\":\"\",\"publisher\":{\"@id\":\"https:\\\/\\\/modelermaxpro.com\\\/#organization\"},\"potentialAction\":[{\"@type\":\"SearchAction\",\"target\":{\"@type\":\"EntryPoint\",\"urlTemplate\":\"https:\\\/\\\/modelermaxpro.com\\\/?s={search_term_string}\"},\"query-input\":{\"@type\":\"PropertyValueSpecification\",\"valueRequired\":true,\"valueName\":\"search_term_string\"}}],\"inLanguage\":\"es-AR\"},{\"@type\":\"Organization\",\"@id\":\"https:\\\/\\\/modelermaxpro.com\\\/#organization\",\"name\":\"Modeler Max Pro\",\"url\":\"https:\\\/\\\/modelermaxpro.com\\\/\",\"logo\":{\"@type\":\"ImageObject\",\"inLanguage\":\"es-AR\",\"@id\":\"https:\\\/\\\/modelermaxpro.com\\\/#\\\/schema\\\/logo\\\/image\\\/\",\"url\":\"https:\\\/\\\/modelermaxpro.com\\\/wp-content\\\/uploads\\\/2019\\\/11\\\/logos_Modeler-web_Mesa-de-trabajo-1_Mesa-de-trabajo-1.png\",\"contentUrl\":\"https:\\\/\\\/modelermaxpro.com\\\/wp-content\\\/uploads\\\/2019\\\/11\\\/logos_Modeler-web_Mesa-de-trabajo-1_Mesa-de-trabajo-1.png\",\"width\":322,\"height\":72,\"caption\":\"Modeler Max Pro\"},\"image\":{\"@id\":\"https:\\\/\\\/modelermaxpro.com\\\/#\\\/schema\\\/logo\\\/image\\\/\"}}]}<\/script>\n<!-- \/ Yoast SEO plugin. -->","yoast_head_json":{"title":"- Modeler Max Pro","robots":{"index":"index","follow":"follow","max-snippet":"max-snippet:-1","max-image-preview":"max-image-preview:large","max-video-preview":"max-video-preview:-1"},"canonical":"https:\/\/modelermaxpro.com\/index.php\/sobre-nosotros\/","og_locale":"es_ES","og_type":"article","og_title":"- Modeler Max Pro","og_description":"Modelermaxpro es el distribuidor oficial para la Rep\u00fablica Argentina de la marca AMMO of MIG&nbsp;Jimenez. Trabajar para que los modelistas tengan a su alcance las ultimas novedades de la marca, es nuestra principal misi\u00f3n. AMMO ofrece constantemente productos nuevos para los modelistas m\u00e1s exigentes, eso nos lleva&nbsp;al compromiso de trabajar firmemente para satisfacer las necesidades [&hellip;]","og_url":"https:\/\/modelermaxpro.com\/index.php\/sobre-nosotros\/","og_site_name":"Modeler Max Pro","article_modified_time":"2019-05-08T12:12:59+00:00","og_image":[{"width":2560,"height":1273,"url":"https:\/\/modelermaxpro.com\/wp-content\/uploads\/2019\/05\/maxi-fernandez8-scaled.jpg","type":"image\/jpeg"}],"twitter_card":"summary_large_image","twitter_misc":{"Tiempo de lectura":"1 minuto"},"schema":{"@context":"https:\/\/schema.org","@graph":[{"@type":"WebPage","@id":"https:\/\/modelermaxpro.com\/index.php\/sobre-nosotros\/","url":"https:\/\/modelermaxpro.com\/index.php\/sobre-nosotros\/","name":"- Modeler Max Pro","isPartOf":{"@id":"https:\/\/modelermaxpro.com\/#website"},"primaryImageOfPage":{"@id":"https:\/\/modelermaxpro.com\/index.php\/sobre-nosotros\/#primaryimage"},"image":{"@id":"https:\/\/modelermaxpro.com\/index.php\/sobre-nosotros\/#primaryimage"},"thumbnailUrl":"https:\/\/modelermaxpro.com\/wp-content\/uploads\/2019\/05\/maxi-fernandez8-scaled.jpg","datePublished":"2018-10-25T03:43:20+00:00","dateModified":"2019-05-08T12:12:59+00:00","inLanguage":"es-AR","potentialAction":[{"@type":"ReadAction","target":["https:\/\/modelermaxpro.com\/index.php\/sobre-nosotros\/"]}]},{"@type":"ImageObject","inLanguage":"es-AR","@id":"https:\/\/modelermaxpro.com\/index.php\/sobre-nosotros\/#primaryimage","url":"https:\/\/modelermaxpro.com\/wp-content\/uploads\/2019\/05\/maxi-fernandez8-scaled.jpg","contentUrl":"https:\/\/modelermaxpro.com\/wp-content\/uploads\/2019\/05\/maxi-fernandez8-scaled.jpg","width":2560,"height":1273},{"@type":"WebSite","@id":"https:\/\/modelermaxpro.com\/#website","url":"https:\/\/modelermaxpro.com\/","name":"Modeler Max Pro","description":"","publisher":{"@id":"https:\/\/modelermaxpro.com\/#organization"},"potentialAction":[{"@type":"SearchAction","target":{"@type":"EntryPoint","urlTemplate":"https:\/\/modelermaxpro.com\/?s={search_term_string}"},"query-input":{"@type":"PropertyValueSpecification","valueRequired":true,"valueName":"search_term_string"}}],"inLanguage":"es-AR"},{"@type":"Organization","@id":"https:\/\/modelermaxpro.com\/#organization","name":"Modeler Max Pro","url":"https:\/\/modelermaxpro.com\/","logo":{"@type":"ImageObject","inLanguage":"es-AR","@id":"https:\/\/modelermaxpro.com\/#\/schema\/logo\/image\/","url":"https:\/\/modelermaxpro.com\/wp-content\/uploads\/2019\/11\/logos_Modeler-web_Mesa-de-trabajo-1_Mesa-de-trabajo-1.png","contentUrl":"https:\/\/modelermaxpro.com\/wp-content\/uploads\/2019\/11\/logos_Modeler-web_Mesa-de-trabajo-1_Mesa-de-trabajo-1.png","width":322,"height":72,"caption":"Modeler Max Pro"},"image":{"@id":"https:\/\/modelermaxpro.com\/#\/schema\/logo\/image\/"}}]}},"_links":{"self":[{"href":"https:\/\/modelermaxpro.com\/index.php\/wp-json\/wp\/v2\/pages\/9","targetHints":{"allow":["GET"]}}],"collection":[{"href":"https:\/\/modelermaxpro.com\/index.php\/wp-json\/wp\/v2\/pages"}],"about":[{"href":"https:\/\/modelermaxpro.com\/index.php\/wp-json\/wp\/v2\/types\/page"}],"author":[{"embeddable":true,"href":"https:\/\/modelermaxpro.com\/index.php\/wp-json\/wp\/v2\/users\/1"}],"replies":[{"embeddable":true,"href":"https:\/\/modelermaxpro.com\/index.php\/wp-json\/wp\/v2\/comments?post=9"}],"version-history":[{"count":6,"href":"https:\/\/modelermaxpro.com\/index.php\/wp-json\/wp\/v2\/pages\/9\/revisions"}],"predecessor-version":[{"id":2018,"href":"https:\/\/modelermaxpro.com\/index.php\/wp-json\/wp\/v2\/pages\/9\/revisions\/2018"}],"wp:featuredmedia":[{"embeddable":true,"href":"https:\/\/modelermaxpro.com\/index.php\/wp-json\/wp\/v2\/media\/2021"}],"wp:attachment":[{"href":"https:\/\/modelermaxpro.com\/index.php\/wp-json\/wp\/v2\/media?parent=9"}],"curies":[{"name":"wp","href":"https:\/\/api.w.org\/{rel}","templated":true}]}}