{"id":10138,"date":"2025-03-27T09:54:26","date_gmt":"2025-03-27T12:54:26","guid":{"rendered":"https:\/\/modelermaxpro.com\/?post_type=product&#038;p=10138"},"modified":"2025-03-27T09:54:26","modified_gmt":"2025-03-27T12:54:26","slug":"a-mig-7028-set-de-figuras-camuflaje-multicam","status":"publish","type":"product","link":"https:\/\/modelermaxpro.com\/index.php\/product\/a-mig-7028-set-de-figuras-camuflaje-multicam\/","title":{"rendered":"A.MIG-7028 Set de Figuras Camuflaje Multicam"},"content":{"rendered":"<p>Pinturas acr\u00edlicas de alta calidad dise\u00f1adas para hacer sencilla la pintura de nuestras miniaturas. Este pack incluye los 6 colores necesarios para pintar el uniforme Multicam empleado por el ej\u00e9rcito de los Estados Unidos entre otros en la actualidad. Los colores est\u00e1n seleccionados tras una rigurosa investigaci\u00f3n uniformol\u00f3gica para poder decorar las miniaturas, resaltar el volumen y definir los detalles.<\/p>\n<p><strong>Incluye los colores<\/strong>:<\/p>\n<p><a href=\"https:\/\/www.migjimenez.com\/es\/buscar?controller=search&amp;orderby=position&amp;orderway=desc&amp;search_query=AMMOF504&amp;submit_search=Buscar\" target=\"_blank\" rel=\"noreferrer noopener\"><em><strong>AMMO-F504 YELLOW GREEN<\/strong><\/em><\/a><br \/>\n<a href=\"https:\/\/www.migjimenez.com\/es\/buscar?controller=search&amp;orderby=position&amp;orderway=desc&amp;search_query=AMMOF508&amp;submit_search=Buscar\" target=\"_blank\" rel=\"noreferrer noopener\"><em><strong>AMMO-F508 BROWN BASE<\/strong><\/em><\/a><br \/>\n<a href=\"https:\/\/www.migjimenez.com\/es\/buscar?controller=search&amp;orderby=position&amp;orderway=desc&amp;search_query=AMMOF511&amp;submit_search=Buscar\" target=\"_blank\" rel=\"noreferrer noopener\"><em><strong>AMMO-F511 LIGHT SAND<\/strong><\/em><\/a><br \/>\n<a href=\"https:\/\/www.migjimenez.com\/es\/buscar?controller=search&amp;orderby=position&amp;orderway=desc&amp;search_query=AMMOF515&amp;submit_search=Buscar\" target=\"_blank\" rel=\"noreferrer noopener\"><em><strong>AMMO-F515 MID GREY<\/strong><\/em><\/a><br \/>\n<a href=\"https:\/\/www.migjimenez.com\/es\/buscar?controller=search&amp;orderby=position&amp;orderway=desc&amp;search_query=AMMOF528&amp;submit_search=Buscar\" target=\"_blank\" rel=\"noreferrer noopener\"><em><strong>AMMO-F528 PURE GREEN<\/strong><\/em><\/a><br \/>\n<a href=\"https:\/\/www.migjimenez.com\/es\/buscar?controller=search&amp;orderby=position&amp;orderway=desc&amp;search_query=AMMOF531&amp;submit_search=Buscar\" target=\"_blank\" rel=\"noreferrer noopener\"><em><strong>AMMO-F531 LIGHT BROWN<\/strong><\/em><\/a><\/p>\n","protected":false},"excerpt":{"rendered":"<p>Pinturas acr\u00edlicas de alta calidad dise\u00f1adas para hacer sencilla la pintura de nuestras miniaturas. Este pack incluye los 6 colores necesarios para pintar el uniforme Multicam empleado por el ej\u00e9rcito de los Estados Unidos entre otros en la actualidad. Los colores est\u00e1n seleccionados tras una rigurosa investigaci\u00f3n uniformol\u00f3gica para poder decorar las miniaturas, resaltar el [&hellip;]<\/p>\n","protected":false},"featured_media":10142,"template":"","meta":[],"product_brand":[],"product_cat":[158],"product_tag":[],"class_list":{"0":"post-10138","1":"product","2":"type-product","3":"status-publish","4":"has-post-thumbnail","6":"product_cat-set-pinturas-figuras","8":"first","9":"instock","10":"shipping-taxable","11":"product-type-simple"},"yoast_head":"<!-- This site is optimized with the Yoast SEO plugin v27.4 - https:\/\/yoast.com\/product\/yoast-seo-wordpress\/ -->\n<title>A.MIG-7028 Set de Figuras Camuflaje Multicam - Modeler Max Pro<\/title>\n<meta name=\"robots\" content=\"index, follow, max-snippet:-1, max-image-preview:large, max-video-preview:-1\" \/>\n<link rel=\"canonical\" href=\"https:\/\/modelermaxpro.com\/index.php\/product\/a-mig-7028-set-de-figuras-camuflaje-multicam\/\" \/>\n<meta property=\"og:locale\" content=\"es_ES\" \/>\n<meta property=\"og:type\" content=\"article\" \/>\n<meta property=\"og:title\" content=\"A.MIG-7028 Set de Figuras Camuflaje Multicam - Modeler Max Pro\" \/>\n<meta property=\"og:description\" content=\"Pinturas acr\u00edlicas de alta calidad dise\u00f1adas para hacer sencilla la pintura de nuestras miniaturas. Este pack incluye los 6 colores necesarios para pintar el uniforme Multicam empleado por el ej\u00e9rcito de los Estados Unidos entre otros en la actualidad. Los colores est\u00e1n seleccionados tras una rigurosa investigaci\u00f3n uniformol\u00f3gica para poder decorar las miniaturas, resaltar el [&hellip;]\" \/>\n<meta property=\"og:url\" content=\"https:\/\/modelermaxpro.com\/index.php\/product\/a-mig-7028-set-de-figuras-camuflaje-multicam\/\" \/>\n<meta property=\"og:site_name\" content=\"Modeler Max Pro\" \/>\n<meta property=\"og:image\" content=\"https:\/\/modelermaxpro.com\/wp-content\/uploads\/2025\/03\/A.MIG-7029_1500.jpg\" \/>\n\t<meta property=\"og:image:width\" content=\"987\" \/>\n\t<meta property=\"og:image:height\" content=\"1500\" \/>\n\t<meta property=\"og:image:type\" content=\"image\/jpeg\" \/>\n<meta name=\"twitter:card\" content=\"summary_large_image\" \/>\n<meta name=\"twitter:label1\" content=\"Tiempo de lectura\" \/>\n\t<meta name=\"twitter:data1\" content=\"1 minuto\" \/>\n<script type=\"application\/ld+json\" class=\"yoast-schema-graph\">{\"@context\":\"https:\\\/\\\/schema.org\",\"@graph\":[{\"@type\":\"WebPage\",\"@id\":\"https:\\\/\\\/modelermaxpro.com\\\/index.php\\\/product\\\/a-mig-7028-set-de-figuras-camuflaje-multicam\\\/\",\"url\":\"https:\\\/\\\/modelermaxpro.com\\\/index.php\\\/product\\\/a-mig-7028-set-de-figuras-camuflaje-multicam\\\/\",\"name\":\"A.MIG-7028 Set de Figuras Camuflaje Multicam - Modeler Max Pro\",\"isPartOf\":{\"@id\":\"https:\\\/\\\/modelermaxpro.com\\\/#website\"},\"primaryImageOfPage\":{\"@id\":\"https:\\\/\\\/modelermaxpro.com\\\/index.php\\\/product\\\/a-mig-7028-set-de-figuras-camuflaje-multicam\\\/#primaryimage\"},\"image\":{\"@id\":\"https:\\\/\\\/modelermaxpro.com\\\/index.php\\\/product\\\/a-mig-7028-set-de-figuras-camuflaje-multicam\\\/#primaryimage\"},\"thumbnailUrl\":\"https:\\\/\\\/modelermaxpro.com\\\/wp-content\\\/uploads\\\/2025\\\/03\\\/A.MIG-7029_1500.jpg\",\"datePublished\":\"2025-03-27T12:54:26+00:00\",\"breadcrumb\":{\"@id\":\"https:\\\/\\\/modelermaxpro.com\\\/index.php\\\/product\\\/a-mig-7028-set-de-figuras-camuflaje-multicam\\\/#breadcrumb\"},\"inLanguage\":\"es-AR\",\"potentialAction\":[{\"@type\":\"ReadAction\",\"target\":[\"https:\\\/\\\/modelermaxpro.com\\\/index.php\\\/product\\\/a-mig-7028-set-de-figuras-camuflaje-multicam\\\/\"]}]},{\"@type\":\"ImageObject\",\"inLanguage\":\"es-AR\",\"@id\":\"https:\\\/\\\/modelermaxpro.com\\\/index.php\\\/product\\\/a-mig-7028-set-de-figuras-camuflaje-multicam\\\/#primaryimage\",\"url\":\"https:\\\/\\\/modelermaxpro.com\\\/wp-content\\\/uploads\\\/2025\\\/03\\\/A.MIG-7029_1500.jpg\",\"contentUrl\":\"https:\\\/\\\/modelermaxpro.com\\\/wp-content\\\/uploads\\\/2025\\\/03\\\/A.MIG-7029_1500.jpg\",\"width\":987,\"height\":1500},{\"@type\":\"BreadcrumbList\",\"@id\":\"https:\\\/\\\/modelermaxpro.com\\\/index.php\\\/product\\\/a-mig-7028-set-de-figuras-camuflaje-multicam\\\/#breadcrumb\",\"itemListElement\":[{\"@type\":\"ListItem\",\"position\":1,\"name\":\"Inicio\",\"item\":\"https:\\\/\\\/modelermaxpro.com\\\/\"},{\"@type\":\"ListItem\",\"position\":2,\"name\":\"Shop\",\"item\":\"https:\\\/\\\/modelermaxpro.com\\\/index.php\\\/shop\\\/\"},{\"@type\":\"ListItem\",\"position\":3,\"name\":\"A.MIG-7028 Set de Figuras Camuflaje Multicam\"}]},{\"@type\":\"WebSite\",\"@id\":\"https:\\\/\\\/modelermaxpro.com\\\/#website\",\"url\":\"https:\\\/\\\/modelermaxpro.com\\\/\",\"name\":\"Modeler Max Pro\",\"description\":\"\",\"publisher\":{\"@id\":\"https:\\\/\\\/modelermaxpro.com\\\/#organization\"},\"potentialAction\":[{\"@type\":\"SearchAction\",\"target\":{\"@type\":\"EntryPoint\",\"urlTemplate\":\"https:\\\/\\\/modelermaxpro.com\\\/?s={search_term_string}\"},\"query-input\":{\"@type\":\"PropertyValueSpecification\",\"valueRequired\":true,\"valueName\":\"search_term_string\"}}],\"inLanguage\":\"es-AR\"},{\"@type\":\"Organization\",\"@id\":\"https:\\\/\\\/modelermaxpro.com\\\/#organization\",\"name\":\"Modeler Max Pro\",\"url\":\"https:\\\/\\\/modelermaxpro.com\\\/\",\"logo\":{\"@type\":\"ImageObject\",\"inLanguage\":\"es-AR\",\"@id\":\"https:\\\/\\\/modelermaxpro.com\\\/#\\\/schema\\\/logo\\\/image\\\/\",\"url\":\"https:\\\/\\\/modelermaxpro.com\\\/wp-content\\\/uploads\\\/2019\\\/11\\\/logos_Modeler-web_Mesa-de-trabajo-1_Mesa-de-trabajo-1.png\",\"contentUrl\":\"https:\\\/\\\/modelermaxpro.com\\\/wp-content\\\/uploads\\\/2019\\\/11\\\/logos_Modeler-web_Mesa-de-trabajo-1_Mesa-de-trabajo-1.png\",\"width\":322,\"height\":72,\"caption\":\"Modeler Max Pro\"},\"image\":{\"@id\":\"https:\\\/\\\/modelermaxpro.com\\\/#\\\/schema\\\/logo\\\/image\\\/\"}}]}<\/script>\n<!-- \/ Yoast SEO plugin. -->","yoast_head_json":{"title":"A.MIG-7028 Set de Figuras Camuflaje Multicam - Modeler Max Pro","robots":{"index":"index","follow":"follow","max-snippet":"max-snippet:-1","max-image-preview":"max-image-preview:large","max-video-preview":"max-video-preview:-1"},"canonical":"https:\/\/modelermaxpro.com\/index.php\/product\/a-mig-7028-set-de-figuras-camuflaje-multicam\/","og_locale":"es_ES","og_type":"article","og_title":"A.MIG-7028 Set de Figuras Camuflaje Multicam - Modeler Max Pro","og_description":"Pinturas acr\u00edlicas de alta calidad dise\u00f1adas para hacer sencilla la pintura de nuestras miniaturas. Este pack incluye los 6 colores necesarios para pintar el uniforme Multicam empleado por el ej\u00e9rcito de los Estados Unidos entre otros en la actualidad. Los colores est\u00e1n seleccionados tras una rigurosa investigaci\u00f3n uniformol\u00f3gica para poder decorar las miniaturas, resaltar el [&hellip;]","og_url":"https:\/\/modelermaxpro.com\/index.php\/product\/a-mig-7028-set-de-figuras-camuflaje-multicam\/","og_site_name":"Modeler Max Pro","og_image":[{"width":987,"height":1500,"url":"https:\/\/modelermaxpro.com\/wp-content\/uploads\/2025\/03\/A.MIG-7029_1500.jpg","type":"image\/jpeg"}],"twitter_card":"summary_large_image","twitter_misc":{"Tiempo de lectura":"1 minuto"},"schema":{"@context":"https:\/\/schema.org","@graph":[{"@type":"WebPage","@id":"https:\/\/modelermaxpro.com\/index.php\/product\/a-mig-7028-set-de-figuras-camuflaje-multicam\/","url":"https:\/\/modelermaxpro.com\/index.php\/product\/a-mig-7028-set-de-figuras-camuflaje-multicam\/","name":"A.MIG-7028 Set de Figuras Camuflaje Multicam - Modeler Max Pro","isPartOf":{"@id":"https:\/\/modelermaxpro.com\/#website"},"primaryImageOfPage":{"@id":"https:\/\/modelermaxpro.com\/index.php\/product\/a-mig-7028-set-de-figuras-camuflaje-multicam\/#primaryimage"},"image":{"@id":"https:\/\/modelermaxpro.com\/index.php\/product\/a-mig-7028-set-de-figuras-camuflaje-multicam\/#primaryimage"},"thumbnailUrl":"https:\/\/modelermaxpro.com\/wp-content\/uploads\/2025\/03\/A.MIG-7029_1500.jpg","datePublished":"2025-03-27T12:54:26+00:00","breadcrumb":{"@id":"https:\/\/modelermaxpro.com\/index.php\/product\/a-mig-7028-set-de-figuras-camuflaje-multicam\/#breadcrumb"},"inLanguage":"es-AR","potentialAction":[{"@type":"ReadAction","target":["https:\/\/modelermaxpro.com\/index.php\/product\/a-mig-7028-set-de-figuras-camuflaje-multicam\/"]}]},{"@type":"ImageObject","inLanguage":"es-AR","@id":"https:\/\/modelermaxpro.com\/index.php\/product\/a-mig-7028-set-de-figuras-camuflaje-multicam\/#primaryimage","url":"https:\/\/modelermaxpro.com\/wp-content\/uploads\/2025\/03\/A.MIG-7029_1500.jpg","contentUrl":"https:\/\/modelermaxpro.com\/wp-content\/uploads\/2025\/03\/A.MIG-7029_1500.jpg","width":987,"height":1500},{"@type":"BreadcrumbList","@id":"https:\/\/modelermaxpro.com\/index.php\/product\/a-mig-7028-set-de-figuras-camuflaje-multicam\/#breadcrumb","itemListElement":[{"@type":"ListItem","position":1,"name":"Inicio","item":"https:\/\/modelermaxpro.com\/"},{"@type":"ListItem","position":2,"name":"Shop","item":"https:\/\/modelermaxpro.com\/index.php\/shop\/"},{"@type":"ListItem","position":3,"name":"A.MIG-7028 Set de Figuras Camuflaje Multicam"}]},{"@type":"WebSite","@id":"https:\/\/modelermaxpro.com\/#website","url":"https:\/\/modelermaxpro.com\/","name":"Modeler Max Pro","description":"","publisher":{"@id":"https:\/\/modelermaxpro.com\/#organization"},"potentialAction":[{"@type":"SearchAction","target":{"@type":"EntryPoint","urlTemplate":"https:\/\/modelermaxpro.com\/?s={search_term_string}"},"query-input":{"@type":"PropertyValueSpecification","valueRequired":true,"valueName":"search_term_string"}}],"inLanguage":"es-AR"},{"@type":"Organization","@id":"https:\/\/modelermaxpro.com\/#organization","name":"Modeler Max Pro","url":"https:\/\/modelermaxpro.com\/","logo":{"@type":"ImageObject","inLanguage":"es-AR","@id":"https:\/\/modelermaxpro.com\/#\/schema\/logo\/image\/","url":"https:\/\/modelermaxpro.com\/wp-content\/uploads\/2019\/11\/logos_Modeler-web_Mesa-de-trabajo-1_Mesa-de-trabajo-1.png","contentUrl":"https:\/\/modelermaxpro.com\/wp-content\/uploads\/2019\/11\/logos_Modeler-web_Mesa-de-trabajo-1_Mesa-de-trabajo-1.png","width":322,"height":72,"caption":"Modeler Max Pro"},"image":{"@id":"https:\/\/modelermaxpro.com\/#\/schema\/logo\/image\/"}}]}},"_links":{"self":[{"href":"https:\/\/modelermaxpro.com\/index.php\/wp-json\/wp\/v2\/product\/10138","targetHints":{"allow":["GET"]}}],"collection":[{"href":"https:\/\/modelermaxpro.com\/index.php\/wp-json\/wp\/v2\/product"}],"about":[{"href":"https:\/\/modelermaxpro.com\/index.php\/wp-json\/wp\/v2\/types\/product"}],"wp:featuredmedia":[{"embeddable":true,"href":"https:\/\/modelermaxpro.com\/index.php\/wp-json\/wp\/v2\/media\/10142"}],"wp:attachment":[{"href":"https:\/\/modelermaxpro.com\/index.php\/wp-json\/wp\/v2\/media?parent=10138"}],"wp:term":[{"taxonomy":"product_brand","embeddable":true,"href":"https:\/\/modelermaxpro.com\/index.php\/wp-json\/wp\/v2\/product_brand?post=10138"},{"taxonomy":"product_cat","embeddable":true,"href":"https:\/\/modelermaxpro.com\/index.php\/wp-json\/wp\/v2\/product_cat?post=10138"},{"taxonomy":"product_tag","embeddable":true,"href":"https:\/\/modelermaxpro.com\/index.php\/wp-json\/wp\/v2\/product_tag?post=10138"}],"curies":[{"name":"wp","href":"https:\/\/api.w.org\/{rel}","templated":true}]}}