{"id":10185,"date":"2025-03-27T09:56:06","date_gmt":"2025-03-27T12:56:06","guid":{"rendered":"https:\/\/modelermaxpro.com\/?post_type=product&#038;p=10185"},"modified":"2025-03-27T09:56:06","modified_gmt":"2025-03-27T12:56:06","slug":"a-mig-7030-set-de-figuras-uniformes-de-la-idf","status":"publish","type":"product","link":"https:\/\/modelermaxpro.com\/index.php\/product\/a-mig-7030-set-de-figuras-uniformes-de-la-idf\/","title":{"rendered":"A.MIG-7030 Set de Figuras Uniformes de la IDF"},"content":{"rendered":"<p>Este pack incluye 4 colores necesarios para pintar los uniformes modernos empleados por los soldados de infanter\u00eda de la IDF (Israel Defence Forces) israel\u00edes. Los colores est\u00e1n seleccionados tras una rigurosa investigaci\u00f3n uniformol\u00f3gica para poder decorar las miniaturas, resaltar el volumen y definir los detalles.<\/p>\n<p><strong>Incluye los colores<\/strong>:<\/p>\n<p><a href=\"https:\/\/www.migjimenez.com\/en\/buscar?controller=search&amp;orderby=position&amp;orderway=desc&amp;search_query=AMMOF503&amp;submit_search=Search\" target=\"_blank\" rel=\"noreferrer noopener\"><em><strong>AMMO-F503 DARK OLIVE GREEN<\/strong><\/em><\/a><br \/>\n<a href=\"https:\/\/www.migjimenez.com\/en\/buscar?controller=search&amp;orderby=position&amp;orderway=desc&amp;search_query=AMMOF504&amp;submit_search=Search\" target=\"_blank\" rel=\"noreferrer noopener\"><em><strong>AMMO-F504 YELLOW GREEN<\/strong><\/em><\/a><br \/>\n<a href=\"https:\/\/www.migjimenez.com\/en\/buscar?controller=search&amp;orderby=position&amp;orderway=desc&amp;search_query=AMMOF506&amp;submit_search=Search\" target=\"_blank\" rel=\"noreferrer noopener\"><em><strong>AMMO-F506 MEDIUM RUSSIAN GREEN<\/strong><\/em><\/a><br \/>\n<a href=\"https:\/\/www.migjimenez.com\/en\/buscar?controller=search&amp;orderby=position&amp;orderway=desc&amp;search_query=AMMOF509&amp;submit_search=Search\" target=\"_blank\" rel=\"noreferrer noopener\"><em><strong>AMMO-F509 UNIFORM GREEN BASE<\/strong><\/em><\/a><\/p>\n<p>La gama de colores acr\u00edlicos para figuras ha sido dise\u00f1ada para hacer de la pintura una actividad placentera por su rapidez y sencillez. Nuevos materiales para nuevas t\u00e9cnicas m\u00e1s accesibles a los aficionados al modelismo.<\/p>\n<p>Todos los colores de la gama se pueden mezclar entre s\u00ed y con el resto de colores acr\u00edlicos de\u00a0<em><strong>AMMO de Mig Jim\u00e9nez<\/strong><\/em>. Se adaptan perfectamente a las t\u00e9cnicas tradicionales de pintura por capas o fundidos y a los nuevos procedimientos de t\u00e9cnica mixta. Son aptos tanto para el pincel como para aplicarlos a aer\u00f3grafo. Se disuelven en agua y est\u00e1n fabricados con ingredientes no inflamables ni perjudiciales para la salud.<\/p>\n<p>Si quieres saber m\u00e1s sobre como usar las pinturas acr\u00edlicas, pulsa\u00a0<strong><a title=\"Como pintar con Acr\u00edlicos de AMMO.\" href=\"https:\/\/www.migjimenez.com\/img\/cms\/PDF\/QT_IDF-Uniforms.pdf\" target=\"_blank\" rel=\"noreferrer noopener\">aqu\u00ed<\/a><\/strong>.<\/p>\n","protected":false},"excerpt":{"rendered":"<p>Este pack incluye 4 colores necesarios para pintar los uniformes modernos empleados por los soldados de infanter\u00eda de la IDF (Israel Defence Forces) israel\u00edes. Los colores est\u00e1n seleccionados tras una rigurosa investigaci\u00f3n uniformol\u00f3gica para poder decorar las miniaturas, resaltar el volumen y definir los detalles. Incluye los colores: AMMO-F503 DARK OLIVE GREEN AMMO-F504 YELLOW GREEN [&hellip;]<\/p>\n","protected":false},"featured_media":10145,"template":"","meta":[],"product_brand":[],"product_cat":[158],"product_tag":[],"class_list":{"0":"post-10185","1":"product","2":"type-product","3":"status-publish","4":"has-post-thumbnail","6":"product_cat-set-pinturas-figuras","8":"first","9":"instock","10":"shipping-taxable","11":"product-type-simple"},"yoast_head":"<!-- This site is optimized with the Yoast SEO plugin v27.4 - https:\/\/yoast.com\/product\/yoast-seo-wordpress\/ -->\n<title>A.MIG-7030 Set de Figuras Uniformes de la IDF - Modeler Max Pro<\/title>\n<meta name=\"robots\" content=\"index, follow, max-snippet:-1, max-image-preview:large, max-video-preview:-1\" \/>\n<link rel=\"canonical\" href=\"https:\/\/modelermaxpro.com\/index.php\/product\/a-mig-7030-set-de-figuras-uniformes-de-la-idf\/\" \/>\n<meta property=\"og:locale\" content=\"es_ES\" \/>\n<meta property=\"og:type\" content=\"article\" \/>\n<meta property=\"og:title\" content=\"A.MIG-7030 Set de Figuras Uniformes de la IDF - Modeler Max Pro\" \/>\n<meta property=\"og:description\" content=\"Este pack incluye 4 colores necesarios para pintar los uniformes modernos empleados por los soldados de infanter\u00eda de la IDF (Israel Defence Forces) israel\u00edes. Los colores est\u00e1n seleccionados tras una rigurosa investigaci\u00f3n uniformol\u00f3gica para poder decorar las miniaturas, resaltar el volumen y definir los detalles. Incluye los colores: AMMO-F503 DARK OLIVE GREEN AMMO-F504 YELLOW GREEN [&hellip;]\" \/>\n<meta property=\"og:url\" content=\"https:\/\/modelermaxpro.com\/index.php\/product\/a-mig-7030-set-de-figuras-uniformes-de-la-idf\/\" \/>\n<meta property=\"og:site_name\" content=\"Modeler Max Pro\" \/>\n<meta property=\"og:image\" content=\"https:\/\/modelermaxpro.com\/wp-content\/uploads\/2025\/03\/A.MIG-7030_1500.jpg\" \/>\n\t<meta property=\"og:image:width\" content=\"960\" \/>\n\t<meta property=\"og:image:height\" content=\"1500\" \/>\n\t<meta property=\"og:image:type\" content=\"image\/jpeg\" \/>\n<meta name=\"twitter:card\" content=\"summary_large_image\" \/>\n<meta name=\"twitter:label1\" content=\"Tiempo de lectura\" \/>\n\t<meta name=\"twitter:data1\" content=\"2 minutos\" \/>\n<script type=\"application\/ld+json\" class=\"yoast-schema-graph\">{\"@context\":\"https:\\\/\\\/schema.org\",\"@graph\":[{\"@type\":\"WebPage\",\"@id\":\"https:\\\/\\\/modelermaxpro.com\\\/index.php\\\/product\\\/a-mig-7030-set-de-figuras-uniformes-de-la-idf\\\/\",\"url\":\"https:\\\/\\\/modelermaxpro.com\\\/index.php\\\/product\\\/a-mig-7030-set-de-figuras-uniformes-de-la-idf\\\/\",\"name\":\"A.MIG-7030 Set de Figuras Uniformes de la IDF - Modeler Max Pro\",\"isPartOf\":{\"@id\":\"https:\\\/\\\/modelermaxpro.com\\\/#website\"},\"primaryImageOfPage\":{\"@id\":\"https:\\\/\\\/modelermaxpro.com\\\/index.php\\\/product\\\/a-mig-7030-set-de-figuras-uniformes-de-la-idf\\\/#primaryimage\"},\"image\":{\"@id\":\"https:\\\/\\\/modelermaxpro.com\\\/index.php\\\/product\\\/a-mig-7030-set-de-figuras-uniformes-de-la-idf\\\/#primaryimage\"},\"thumbnailUrl\":\"https:\\\/\\\/modelermaxpro.com\\\/wp-content\\\/uploads\\\/2025\\\/03\\\/A.MIG-7030_1500.jpg\",\"datePublished\":\"2025-03-27T12:56:06+00:00\",\"breadcrumb\":{\"@id\":\"https:\\\/\\\/modelermaxpro.com\\\/index.php\\\/product\\\/a-mig-7030-set-de-figuras-uniformes-de-la-idf\\\/#breadcrumb\"},\"inLanguage\":\"es-AR\",\"potentialAction\":[{\"@type\":\"ReadAction\",\"target\":[\"https:\\\/\\\/modelermaxpro.com\\\/index.php\\\/product\\\/a-mig-7030-set-de-figuras-uniformes-de-la-idf\\\/\"]}]},{\"@type\":\"ImageObject\",\"inLanguage\":\"es-AR\",\"@id\":\"https:\\\/\\\/modelermaxpro.com\\\/index.php\\\/product\\\/a-mig-7030-set-de-figuras-uniformes-de-la-idf\\\/#primaryimage\",\"url\":\"https:\\\/\\\/modelermaxpro.com\\\/wp-content\\\/uploads\\\/2025\\\/03\\\/A.MIG-7030_1500.jpg\",\"contentUrl\":\"https:\\\/\\\/modelermaxpro.com\\\/wp-content\\\/uploads\\\/2025\\\/03\\\/A.MIG-7030_1500.jpg\",\"width\":960,\"height\":1500},{\"@type\":\"BreadcrumbList\",\"@id\":\"https:\\\/\\\/modelermaxpro.com\\\/index.php\\\/product\\\/a-mig-7030-set-de-figuras-uniformes-de-la-idf\\\/#breadcrumb\",\"itemListElement\":[{\"@type\":\"ListItem\",\"position\":1,\"name\":\"Inicio\",\"item\":\"https:\\\/\\\/modelermaxpro.com\\\/\"},{\"@type\":\"ListItem\",\"position\":2,\"name\":\"Shop\",\"item\":\"https:\\\/\\\/modelermaxpro.com\\\/index.php\\\/shop\\\/\"},{\"@type\":\"ListItem\",\"position\":3,\"name\":\"A.MIG-7030 Set de Figuras Uniformes de la IDF\"}]},{\"@type\":\"WebSite\",\"@id\":\"https:\\\/\\\/modelermaxpro.com\\\/#website\",\"url\":\"https:\\\/\\\/modelermaxpro.com\\\/\",\"name\":\"Modeler Max Pro\",\"description\":\"\",\"publisher\":{\"@id\":\"https:\\\/\\\/modelermaxpro.com\\\/#organization\"},\"potentialAction\":[{\"@type\":\"SearchAction\",\"target\":{\"@type\":\"EntryPoint\",\"urlTemplate\":\"https:\\\/\\\/modelermaxpro.com\\\/?s={search_term_string}\"},\"query-input\":{\"@type\":\"PropertyValueSpecification\",\"valueRequired\":true,\"valueName\":\"search_term_string\"}}],\"inLanguage\":\"es-AR\"},{\"@type\":\"Organization\",\"@id\":\"https:\\\/\\\/modelermaxpro.com\\\/#organization\",\"name\":\"Modeler Max Pro\",\"url\":\"https:\\\/\\\/modelermaxpro.com\\\/\",\"logo\":{\"@type\":\"ImageObject\",\"inLanguage\":\"es-AR\",\"@id\":\"https:\\\/\\\/modelermaxpro.com\\\/#\\\/schema\\\/logo\\\/image\\\/\",\"url\":\"https:\\\/\\\/modelermaxpro.com\\\/wp-content\\\/uploads\\\/2019\\\/11\\\/logos_Modeler-web_Mesa-de-trabajo-1_Mesa-de-trabajo-1.png\",\"contentUrl\":\"https:\\\/\\\/modelermaxpro.com\\\/wp-content\\\/uploads\\\/2019\\\/11\\\/logos_Modeler-web_Mesa-de-trabajo-1_Mesa-de-trabajo-1.png\",\"width\":322,\"height\":72,\"caption\":\"Modeler Max Pro\"},\"image\":{\"@id\":\"https:\\\/\\\/modelermaxpro.com\\\/#\\\/schema\\\/logo\\\/image\\\/\"}}]}<\/script>\n<!-- \/ Yoast SEO plugin. -->","yoast_head_json":{"title":"A.MIG-7030 Set de Figuras Uniformes de la IDF - Modeler Max Pro","robots":{"index":"index","follow":"follow","max-snippet":"max-snippet:-1","max-image-preview":"max-image-preview:large","max-video-preview":"max-video-preview:-1"},"canonical":"https:\/\/modelermaxpro.com\/index.php\/product\/a-mig-7030-set-de-figuras-uniformes-de-la-idf\/","og_locale":"es_ES","og_type":"article","og_title":"A.MIG-7030 Set de Figuras Uniformes de la IDF - Modeler Max Pro","og_description":"Este pack incluye 4 colores necesarios para pintar los uniformes modernos empleados por los soldados de infanter\u00eda de la IDF (Israel Defence Forces) israel\u00edes. Los colores est\u00e1n seleccionados tras una rigurosa investigaci\u00f3n uniformol\u00f3gica para poder decorar las miniaturas, resaltar el volumen y definir los detalles. Incluye los colores: AMMO-F503 DARK OLIVE GREEN AMMO-F504 YELLOW GREEN [&hellip;]","og_url":"https:\/\/modelermaxpro.com\/index.php\/product\/a-mig-7030-set-de-figuras-uniformes-de-la-idf\/","og_site_name":"Modeler Max Pro","og_image":[{"width":960,"height":1500,"url":"https:\/\/modelermaxpro.com\/wp-content\/uploads\/2025\/03\/A.MIG-7030_1500.jpg","type":"image\/jpeg"}],"twitter_card":"summary_large_image","twitter_misc":{"Tiempo de lectura":"2 minutos"},"schema":{"@context":"https:\/\/schema.org","@graph":[{"@type":"WebPage","@id":"https:\/\/modelermaxpro.com\/index.php\/product\/a-mig-7030-set-de-figuras-uniformes-de-la-idf\/","url":"https:\/\/modelermaxpro.com\/index.php\/product\/a-mig-7030-set-de-figuras-uniformes-de-la-idf\/","name":"A.MIG-7030 Set de Figuras Uniformes de la IDF - Modeler Max Pro","isPartOf":{"@id":"https:\/\/modelermaxpro.com\/#website"},"primaryImageOfPage":{"@id":"https:\/\/modelermaxpro.com\/index.php\/product\/a-mig-7030-set-de-figuras-uniformes-de-la-idf\/#primaryimage"},"image":{"@id":"https:\/\/modelermaxpro.com\/index.php\/product\/a-mig-7030-set-de-figuras-uniformes-de-la-idf\/#primaryimage"},"thumbnailUrl":"https:\/\/modelermaxpro.com\/wp-content\/uploads\/2025\/03\/A.MIG-7030_1500.jpg","datePublished":"2025-03-27T12:56:06+00:00","breadcrumb":{"@id":"https:\/\/modelermaxpro.com\/index.php\/product\/a-mig-7030-set-de-figuras-uniformes-de-la-idf\/#breadcrumb"},"inLanguage":"es-AR","potentialAction":[{"@type":"ReadAction","target":["https:\/\/modelermaxpro.com\/index.php\/product\/a-mig-7030-set-de-figuras-uniformes-de-la-idf\/"]}]},{"@type":"ImageObject","inLanguage":"es-AR","@id":"https:\/\/modelermaxpro.com\/index.php\/product\/a-mig-7030-set-de-figuras-uniformes-de-la-idf\/#primaryimage","url":"https:\/\/modelermaxpro.com\/wp-content\/uploads\/2025\/03\/A.MIG-7030_1500.jpg","contentUrl":"https:\/\/modelermaxpro.com\/wp-content\/uploads\/2025\/03\/A.MIG-7030_1500.jpg","width":960,"height":1500},{"@type":"BreadcrumbList","@id":"https:\/\/modelermaxpro.com\/index.php\/product\/a-mig-7030-set-de-figuras-uniformes-de-la-idf\/#breadcrumb","itemListElement":[{"@type":"ListItem","position":1,"name":"Inicio","item":"https:\/\/modelermaxpro.com\/"},{"@type":"ListItem","position":2,"name":"Shop","item":"https:\/\/modelermaxpro.com\/index.php\/shop\/"},{"@type":"ListItem","position":3,"name":"A.MIG-7030 Set de Figuras Uniformes de la IDF"}]},{"@type":"WebSite","@id":"https:\/\/modelermaxpro.com\/#website","url":"https:\/\/modelermaxpro.com\/","name":"Modeler Max Pro","description":"","publisher":{"@id":"https:\/\/modelermaxpro.com\/#organization"},"potentialAction":[{"@type":"SearchAction","target":{"@type":"EntryPoint","urlTemplate":"https:\/\/modelermaxpro.com\/?s={search_term_string}"},"query-input":{"@type":"PropertyValueSpecification","valueRequired":true,"valueName":"search_term_string"}}],"inLanguage":"es-AR"},{"@type":"Organization","@id":"https:\/\/modelermaxpro.com\/#organization","name":"Modeler Max Pro","url":"https:\/\/modelermaxpro.com\/","logo":{"@type":"ImageObject","inLanguage":"es-AR","@id":"https:\/\/modelermaxpro.com\/#\/schema\/logo\/image\/","url":"https:\/\/modelermaxpro.com\/wp-content\/uploads\/2019\/11\/logos_Modeler-web_Mesa-de-trabajo-1_Mesa-de-trabajo-1.png","contentUrl":"https:\/\/modelermaxpro.com\/wp-content\/uploads\/2019\/11\/logos_Modeler-web_Mesa-de-trabajo-1_Mesa-de-trabajo-1.png","width":322,"height":72,"caption":"Modeler Max Pro"},"image":{"@id":"https:\/\/modelermaxpro.com\/#\/schema\/logo\/image\/"}}]}},"_links":{"self":[{"href":"https:\/\/modelermaxpro.com\/index.php\/wp-json\/wp\/v2\/product\/10185","targetHints":{"allow":["GET"]}}],"collection":[{"href":"https:\/\/modelermaxpro.com\/index.php\/wp-json\/wp\/v2\/product"}],"about":[{"href":"https:\/\/modelermaxpro.com\/index.php\/wp-json\/wp\/v2\/types\/product"}],"wp:featuredmedia":[{"embeddable":true,"href":"https:\/\/modelermaxpro.com\/index.php\/wp-json\/wp\/v2\/media\/10145"}],"wp:attachment":[{"href":"https:\/\/modelermaxpro.com\/index.php\/wp-json\/wp\/v2\/media?parent=10185"}],"wp:term":[{"taxonomy":"product_brand","embeddable":true,"href":"https:\/\/modelermaxpro.com\/index.php\/wp-json\/wp\/v2\/product_brand?post=10185"},{"taxonomy":"product_cat","embeddable":true,"href":"https:\/\/modelermaxpro.com\/index.php\/wp-json\/wp\/v2\/product_cat?post=10185"},{"taxonomy":"product_tag","embeddable":true,"href":"https:\/\/modelermaxpro.com\/index.php\/wp-json\/wp\/v2\/product_tag?post=10185"}],"curies":[{"name":"wp","href":"https:\/\/api.w.org\/{rel}","templated":true}]}}