{"id":10191,"date":"2025-03-27T10:04:39","date_gmt":"2025-03-27T13:04:39","guid":{"rendered":"https:\/\/modelermaxpro.com\/?post_type=product&#038;p=10191"},"modified":"2025-03-27T10:04:39","modified_gmt":"2025-03-27T13:04:39","slug":"a-mig-7039-set-de-figuras-paracaidistas-estadounidenses-de-la-segunda-guerra-mundial","status":"publish","type":"product","link":"https:\/\/modelermaxpro.com\/index.php\/product\/a-mig-7039-set-de-figuras-paracaidistas-estadounidenses-de-la-segunda-guerra-mundial\/","title":{"rendered":"A.MIG-7039 Set de Figuras Paracaidistas Estadounidenses de la Segunda Guerra Mundial"},"content":{"rendered":"<p>Este pack incluye 6 colores necesarios para pintar el caracter\u00edstico uniforme de los paracaidistas norteamericanos durante la Segunda Guerra Mundial. Por supuesto, incluyen a las famos\u00edsimas divisiones 82 y 101 aerotransportadas desde la Operaci\u00f3n Overlord (D\u00eda D) hasta el final de la contienda.\u00a0 Los colores est\u00e1n seleccionados tras una rigurosa investigaci\u00f3n uniformol\u00f3gica para poder decorar las miniaturas, resaltar el volumen y definir los detalles.<\/p>\n<p>La gama de colores acr\u00edlicos para figuras ha sido dise\u00f1ada para hacer de la pintura una actividad placentera por su rapidez y sencillez. Nuevos materiales para nuevas t\u00e9cnicas m\u00e1s accesibles a los aficionados al modelismo.<\/p>\n<p>Todos los colores de la gama se pueden mezclar entre s\u00ed y con el resto de colores acr\u00edlicos de\u00a0<em><strong>AMMO Mig<\/strong><\/em>. Se adaptan perfectamente a las t\u00e9cnicas tradicionales de pintura por capas o fundidos y a los nuevos procedimientos de t\u00e9cnica mixta. Son aptos tanto para el pincel como para aplicarlos a aer\u00f3grafo. Se disuelven en agua y est\u00e1n fabricados con ingredientes no inflamables ni perjudiciales para la salud.<\/p>\n<p><strong>Incluye los colores<\/strong>:<\/p>\n<p><a href=\"https:\/\/www.migjimenez.com\/en\/buscar?controller=search&amp;orderby=position&amp;orderway=desc&amp;search_query=AMMOF504&amp;submit_search=Search\" target=\"_blank\" rel=\"noreferrer noopener\"><em><strong>AMMO-F504 YELLOW GREEN<\/strong><\/em><\/a><br \/>\n<em><strong>AMMO-F560 KHAKI GREY<\/strong><\/em><br \/>\n<em><strong>AMMO-F561 GREEN VIOLET<\/strong><\/em><br \/>\n<em><strong>AMMO-F562 LIGHT OCHRE<\/strong><\/em><br \/>\n<em><strong>AMMO-F563 BUFF<\/strong><\/em><br \/>\n<em><strong>AMMO-F564 MILITARY GREEN<\/strong><\/em><\/p>\n","protected":false},"excerpt":{"rendered":"<p>Este pack incluye 6 colores necesarios para pintar el caracter\u00edstico uniforme de los paracaidistas norteamericanos durante la Segunda Guerra Mundial. Por supuesto, incluyen a las famos\u00edsimas divisiones 82 y 101 aerotransportadas desde la Operaci\u00f3n Overlord (D\u00eda D) hasta el final de la contienda.\u00a0 Los colores est\u00e1n seleccionados tras una rigurosa investigaci\u00f3n uniformol\u00f3gica para poder decorar [&hellip;]<\/p>\n","protected":false},"featured_media":10158,"template":"","meta":[],"product_brand":[],"product_cat":[158],"product_tag":[],"class_list":{"0":"post-10191","1":"product","2":"type-product","3":"status-publish","4":"has-post-thumbnail","6":"product_cat-set-pinturas-figuras","8":"first","9":"instock","10":"shipping-taxable","11":"product-type-simple"},"yoast_head":"<!-- This site is optimized with the Yoast SEO plugin v27.4 - https:\/\/yoast.com\/product\/yoast-seo-wordpress\/ -->\n<title>A.MIG-7039 Set de Figuras Paracaidistas Estadounidenses de la Segunda Guerra Mundial - Modeler Max Pro<\/title>\n<meta name=\"robots\" content=\"index, follow, max-snippet:-1, max-image-preview:large, max-video-preview:-1\" \/>\n<link rel=\"canonical\" href=\"https:\/\/modelermaxpro.com\/index.php\/product\/a-mig-7039-set-de-figuras-paracaidistas-estadounidenses-de-la-segunda-guerra-mundial\/\" \/>\n<meta property=\"og:locale\" content=\"es_ES\" \/>\n<meta property=\"og:type\" content=\"article\" \/>\n<meta property=\"og:title\" content=\"A.MIG-7039 Set de Figuras Paracaidistas Estadounidenses de la Segunda Guerra Mundial - Modeler Max Pro\" \/>\n<meta property=\"og:description\" content=\"Este pack incluye 6 colores necesarios para pintar el caracter\u00edstico uniforme de los paracaidistas norteamericanos durante la Segunda Guerra Mundial. Por supuesto, incluyen a las famos\u00edsimas divisiones 82 y 101 aerotransportadas desde la Operaci\u00f3n Overlord (D\u00eda D) hasta el final de la contienda.\u00a0 Los colores est\u00e1n seleccionados tras una rigurosa investigaci\u00f3n uniformol\u00f3gica para poder decorar [&hellip;]\" \/>\n<meta property=\"og:url\" content=\"https:\/\/modelermaxpro.com\/index.php\/product\/a-mig-7039-set-de-figuras-paracaidistas-estadounidenses-de-la-segunda-guerra-mundial\/\" \/>\n<meta property=\"og:site_name\" content=\"Modeler Max Pro\" \/>\n<meta property=\"og:image\" content=\"https:\/\/modelermaxpro.com\/wp-content\/uploads\/2025\/03\/A.MIG-7039.jpg\" \/>\n\t<meta property=\"og:image:width\" content=\"800\" \/>\n\t<meta property=\"og:image:height\" content=\"800\" \/>\n\t<meta property=\"og:image:type\" content=\"image\/jpeg\" \/>\n<meta name=\"twitter:card\" content=\"summary_large_image\" \/>\n<meta name=\"twitter:label1\" content=\"Tiempo de lectura\" \/>\n\t<meta name=\"twitter:data1\" content=\"2 minutos\" \/>\n<script type=\"application\/ld+json\" class=\"yoast-schema-graph\">{\"@context\":\"https:\\\/\\\/schema.org\",\"@graph\":[{\"@type\":\"WebPage\",\"@id\":\"https:\\\/\\\/modelermaxpro.com\\\/index.php\\\/product\\\/a-mig-7039-set-de-figuras-paracaidistas-estadounidenses-de-la-segunda-guerra-mundial\\\/\",\"url\":\"https:\\\/\\\/modelermaxpro.com\\\/index.php\\\/product\\\/a-mig-7039-set-de-figuras-paracaidistas-estadounidenses-de-la-segunda-guerra-mundial\\\/\",\"name\":\"A.MIG-7039 Set de Figuras Paracaidistas Estadounidenses de la Segunda Guerra Mundial - Modeler Max Pro\",\"isPartOf\":{\"@id\":\"https:\\\/\\\/modelermaxpro.com\\\/#website\"},\"primaryImageOfPage\":{\"@id\":\"https:\\\/\\\/modelermaxpro.com\\\/index.php\\\/product\\\/a-mig-7039-set-de-figuras-paracaidistas-estadounidenses-de-la-segunda-guerra-mundial\\\/#primaryimage\"},\"image\":{\"@id\":\"https:\\\/\\\/modelermaxpro.com\\\/index.php\\\/product\\\/a-mig-7039-set-de-figuras-paracaidistas-estadounidenses-de-la-segunda-guerra-mundial\\\/#primaryimage\"},\"thumbnailUrl\":\"https:\\\/\\\/modelermaxpro.com\\\/wp-content\\\/uploads\\\/2025\\\/03\\\/A.MIG-7039.jpg\",\"datePublished\":\"2025-03-27T13:04:39+00:00\",\"breadcrumb\":{\"@id\":\"https:\\\/\\\/modelermaxpro.com\\\/index.php\\\/product\\\/a-mig-7039-set-de-figuras-paracaidistas-estadounidenses-de-la-segunda-guerra-mundial\\\/#breadcrumb\"},\"inLanguage\":\"es-AR\",\"potentialAction\":[{\"@type\":\"ReadAction\",\"target\":[\"https:\\\/\\\/modelermaxpro.com\\\/index.php\\\/product\\\/a-mig-7039-set-de-figuras-paracaidistas-estadounidenses-de-la-segunda-guerra-mundial\\\/\"]}]},{\"@type\":\"ImageObject\",\"inLanguage\":\"es-AR\",\"@id\":\"https:\\\/\\\/modelermaxpro.com\\\/index.php\\\/product\\\/a-mig-7039-set-de-figuras-paracaidistas-estadounidenses-de-la-segunda-guerra-mundial\\\/#primaryimage\",\"url\":\"https:\\\/\\\/modelermaxpro.com\\\/wp-content\\\/uploads\\\/2025\\\/03\\\/A.MIG-7039.jpg\",\"contentUrl\":\"https:\\\/\\\/modelermaxpro.com\\\/wp-content\\\/uploads\\\/2025\\\/03\\\/A.MIG-7039.jpg\",\"width\":800,\"height\":800},{\"@type\":\"BreadcrumbList\",\"@id\":\"https:\\\/\\\/modelermaxpro.com\\\/index.php\\\/product\\\/a-mig-7039-set-de-figuras-paracaidistas-estadounidenses-de-la-segunda-guerra-mundial\\\/#breadcrumb\",\"itemListElement\":[{\"@type\":\"ListItem\",\"position\":1,\"name\":\"Inicio\",\"item\":\"https:\\\/\\\/modelermaxpro.com\\\/\"},{\"@type\":\"ListItem\",\"position\":2,\"name\":\"Shop\",\"item\":\"https:\\\/\\\/modelermaxpro.com\\\/index.php\\\/shop\\\/\"},{\"@type\":\"ListItem\",\"position\":3,\"name\":\"A.MIG-7039 Set de Figuras Paracaidistas Estadounidenses de la Segunda Guerra Mundial\"}]},{\"@type\":\"WebSite\",\"@id\":\"https:\\\/\\\/modelermaxpro.com\\\/#website\",\"url\":\"https:\\\/\\\/modelermaxpro.com\\\/\",\"name\":\"Modeler Max Pro\",\"description\":\"\",\"publisher\":{\"@id\":\"https:\\\/\\\/modelermaxpro.com\\\/#organization\"},\"potentialAction\":[{\"@type\":\"SearchAction\",\"target\":{\"@type\":\"EntryPoint\",\"urlTemplate\":\"https:\\\/\\\/modelermaxpro.com\\\/?s={search_term_string}\"},\"query-input\":{\"@type\":\"PropertyValueSpecification\",\"valueRequired\":true,\"valueName\":\"search_term_string\"}}],\"inLanguage\":\"es-AR\"},{\"@type\":\"Organization\",\"@id\":\"https:\\\/\\\/modelermaxpro.com\\\/#organization\",\"name\":\"Modeler Max Pro\",\"url\":\"https:\\\/\\\/modelermaxpro.com\\\/\",\"logo\":{\"@type\":\"ImageObject\",\"inLanguage\":\"es-AR\",\"@id\":\"https:\\\/\\\/modelermaxpro.com\\\/#\\\/schema\\\/logo\\\/image\\\/\",\"url\":\"https:\\\/\\\/modelermaxpro.com\\\/wp-content\\\/uploads\\\/2019\\\/11\\\/logos_Modeler-web_Mesa-de-trabajo-1_Mesa-de-trabajo-1.png\",\"contentUrl\":\"https:\\\/\\\/modelermaxpro.com\\\/wp-content\\\/uploads\\\/2019\\\/11\\\/logos_Modeler-web_Mesa-de-trabajo-1_Mesa-de-trabajo-1.png\",\"width\":322,\"height\":72,\"caption\":\"Modeler Max Pro\"},\"image\":{\"@id\":\"https:\\\/\\\/modelermaxpro.com\\\/#\\\/schema\\\/logo\\\/image\\\/\"}}]}<\/script>\n<!-- \/ Yoast SEO plugin. -->","yoast_head_json":{"title":"A.MIG-7039 Set de Figuras Paracaidistas Estadounidenses de la Segunda Guerra Mundial - Modeler Max Pro","robots":{"index":"index","follow":"follow","max-snippet":"max-snippet:-1","max-image-preview":"max-image-preview:large","max-video-preview":"max-video-preview:-1"},"canonical":"https:\/\/modelermaxpro.com\/index.php\/product\/a-mig-7039-set-de-figuras-paracaidistas-estadounidenses-de-la-segunda-guerra-mundial\/","og_locale":"es_ES","og_type":"article","og_title":"A.MIG-7039 Set de Figuras Paracaidistas Estadounidenses de la Segunda Guerra Mundial - Modeler Max Pro","og_description":"Este pack incluye 6 colores necesarios para pintar el caracter\u00edstico uniforme de los paracaidistas norteamericanos durante la Segunda Guerra Mundial. Por supuesto, incluyen a las famos\u00edsimas divisiones 82 y 101 aerotransportadas desde la Operaci\u00f3n Overlord (D\u00eda D) hasta el final de la contienda.\u00a0 Los colores est\u00e1n seleccionados tras una rigurosa investigaci\u00f3n uniformol\u00f3gica para poder decorar [&hellip;]","og_url":"https:\/\/modelermaxpro.com\/index.php\/product\/a-mig-7039-set-de-figuras-paracaidistas-estadounidenses-de-la-segunda-guerra-mundial\/","og_site_name":"Modeler Max Pro","og_image":[{"width":800,"height":800,"url":"https:\/\/modelermaxpro.com\/wp-content\/uploads\/2025\/03\/A.MIG-7039.jpg","type":"image\/jpeg"}],"twitter_card":"summary_large_image","twitter_misc":{"Tiempo de lectura":"2 minutos"},"schema":{"@context":"https:\/\/schema.org","@graph":[{"@type":"WebPage","@id":"https:\/\/modelermaxpro.com\/index.php\/product\/a-mig-7039-set-de-figuras-paracaidistas-estadounidenses-de-la-segunda-guerra-mundial\/","url":"https:\/\/modelermaxpro.com\/index.php\/product\/a-mig-7039-set-de-figuras-paracaidistas-estadounidenses-de-la-segunda-guerra-mundial\/","name":"A.MIG-7039 Set de Figuras Paracaidistas Estadounidenses de la Segunda Guerra Mundial - Modeler Max Pro","isPartOf":{"@id":"https:\/\/modelermaxpro.com\/#website"},"primaryImageOfPage":{"@id":"https:\/\/modelermaxpro.com\/index.php\/product\/a-mig-7039-set-de-figuras-paracaidistas-estadounidenses-de-la-segunda-guerra-mundial\/#primaryimage"},"image":{"@id":"https:\/\/modelermaxpro.com\/index.php\/product\/a-mig-7039-set-de-figuras-paracaidistas-estadounidenses-de-la-segunda-guerra-mundial\/#primaryimage"},"thumbnailUrl":"https:\/\/modelermaxpro.com\/wp-content\/uploads\/2025\/03\/A.MIG-7039.jpg","datePublished":"2025-03-27T13:04:39+00:00","breadcrumb":{"@id":"https:\/\/modelermaxpro.com\/index.php\/product\/a-mig-7039-set-de-figuras-paracaidistas-estadounidenses-de-la-segunda-guerra-mundial\/#breadcrumb"},"inLanguage":"es-AR","potentialAction":[{"@type":"ReadAction","target":["https:\/\/modelermaxpro.com\/index.php\/product\/a-mig-7039-set-de-figuras-paracaidistas-estadounidenses-de-la-segunda-guerra-mundial\/"]}]},{"@type":"ImageObject","inLanguage":"es-AR","@id":"https:\/\/modelermaxpro.com\/index.php\/product\/a-mig-7039-set-de-figuras-paracaidistas-estadounidenses-de-la-segunda-guerra-mundial\/#primaryimage","url":"https:\/\/modelermaxpro.com\/wp-content\/uploads\/2025\/03\/A.MIG-7039.jpg","contentUrl":"https:\/\/modelermaxpro.com\/wp-content\/uploads\/2025\/03\/A.MIG-7039.jpg","width":800,"height":800},{"@type":"BreadcrumbList","@id":"https:\/\/modelermaxpro.com\/index.php\/product\/a-mig-7039-set-de-figuras-paracaidistas-estadounidenses-de-la-segunda-guerra-mundial\/#breadcrumb","itemListElement":[{"@type":"ListItem","position":1,"name":"Inicio","item":"https:\/\/modelermaxpro.com\/"},{"@type":"ListItem","position":2,"name":"Shop","item":"https:\/\/modelermaxpro.com\/index.php\/shop\/"},{"@type":"ListItem","position":3,"name":"A.MIG-7039 Set de Figuras Paracaidistas Estadounidenses de la Segunda Guerra Mundial"}]},{"@type":"WebSite","@id":"https:\/\/modelermaxpro.com\/#website","url":"https:\/\/modelermaxpro.com\/","name":"Modeler Max Pro","description":"","publisher":{"@id":"https:\/\/modelermaxpro.com\/#organization"},"potentialAction":[{"@type":"SearchAction","target":{"@type":"EntryPoint","urlTemplate":"https:\/\/modelermaxpro.com\/?s={search_term_string}"},"query-input":{"@type":"PropertyValueSpecification","valueRequired":true,"valueName":"search_term_string"}}],"inLanguage":"es-AR"},{"@type":"Organization","@id":"https:\/\/modelermaxpro.com\/#organization","name":"Modeler Max Pro","url":"https:\/\/modelermaxpro.com\/","logo":{"@type":"ImageObject","inLanguage":"es-AR","@id":"https:\/\/modelermaxpro.com\/#\/schema\/logo\/image\/","url":"https:\/\/modelermaxpro.com\/wp-content\/uploads\/2019\/11\/logos_Modeler-web_Mesa-de-trabajo-1_Mesa-de-trabajo-1.png","contentUrl":"https:\/\/modelermaxpro.com\/wp-content\/uploads\/2019\/11\/logos_Modeler-web_Mesa-de-trabajo-1_Mesa-de-trabajo-1.png","width":322,"height":72,"caption":"Modeler Max Pro"},"image":{"@id":"https:\/\/modelermaxpro.com\/#\/schema\/logo\/image\/"}}]}},"_links":{"self":[{"href":"https:\/\/modelermaxpro.com\/index.php\/wp-json\/wp\/v2\/product\/10191","targetHints":{"allow":["GET"]}}],"collection":[{"href":"https:\/\/modelermaxpro.com\/index.php\/wp-json\/wp\/v2\/product"}],"about":[{"href":"https:\/\/modelermaxpro.com\/index.php\/wp-json\/wp\/v2\/types\/product"}],"wp:featuredmedia":[{"embeddable":true,"href":"https:\/\/modelermaxpro.com\/index.php\/wp-json\/wp\/v2\/media\/10158"}],"wp:attachment":[{"href":"https:\/\/modelermaxpro.com\/index.php\/wp-json\/wp\/v2\/media?parent=10191"}],"wp:term":[{"taxonomy":"product_brand","embeddable":true,"href":"https:\/\/modelermaxpro.com\/index.php\/wp-json\/wp\/v2\/product_brand?post=10191"},{"taxonomy":"product_cat","embeddable":true,"href":"https:\/\/modelermaxpro.com\/index.php\/wp-json\/wp\/v2\/product_cat?post=10191"},{"taxonomy":"product_tag","embeddable":true,"href":"https:\/\/modelermaxpro.com\/index.php\/wp-json\/wp\/v2\/product_tag?post=10191"}],"curies":[{"name":"wp","href":"https:\/\/api.w.org\/{rel}","templated":true}]}}