{"id":10197,"date":"2025-03-27T10:13:53","date_gmt":"2025-03-27T13:13:53","guid":{"rendered":"https:\/\/modelermaxpro.com\/?post_type=product&#038;p=10197"},"modified":"2025-03-27T10:13:53","modified_gmt":"2025-03-27T13:13:53","slug":"a-mig-7046-ejercito-britanico-en-africa","status":"publish","type":"product","link":"https:\/\/modelermaxpro.com\/index.php\/product\/a-mig-7046-ejercito-britanico-en-africa\/","title":{"rendered":"A.MIG-7046 Ej\u00e9rcito Brit\u00e1nico en \u00c1frica"},"content":{"rendered":"<p>Incluye diversos tonos para poder representar los caracter\u00edsticos colores del famoso<em><strong>\u00a08\u00ba Ej\u00e9rcito<\/strong><\/em>\u00a0o el m\u00edtico\u00a0<em><strong>SAS brit\u00e1nico<\/strong><\/em>\u00a0en la campa\u00f1a del Norte de \u00c1frica durante la Segunda Guerra Mundial. Adem\u00e1s, podemos representar unidades de otros pa\u00edses de la Commonwealth que tambi\u00e9n contribuyeron a esta fase de la guerra. Los colores est\u00e1n seleccionados tras una rigurosa investigaci\u00f3n uniformol\u00f3gica para poder decorar las miniaturas, resaltar el volumen y definir los detalles.<\/p>\n<p><strong>\u00a0Incluye los siguientes colores:<\/strong><\/p>\n<ul>\n<li><strong>AMMO.F-517 FIGURES PAINTS Pale Gold Yellow<\/strong><\/li>\n<li><strong>AMMO.F-545 FIGURES PAINTS British Brown<\/strong><\/li>\n<li><strong>AMMO.F-554 FIGURES PAINTS Khaki Green<\/strong><\/li>\n<li><strong>AMMO.F-562 FIGURES PAINTS Light Ochre<\/strong><\/li>\n<\/ul>\n<p>La gama de colores acr\u00edlicos para figuras ha sido dise\u00f1ada para hacer de la pintura una actividad placentera por su rapidez y sencillez. Nuevos materiales para nuevas t\u00e9cnicas m\u00e1s accesibles a los aficionados al modelismo.<br \/>\nTodos los colores de la gama se pueden mezclar entre s\u00ed y con el resto de colores acr\u00edlicos de\u00a0<em><strong>AMMO by Mig<\/strong>\u00a0<strong>Jimenez<\/strong><\/em>. Se adaptan perfectamente a las t\u00e9cnicas tradicionales de pintura por capas o fundidos y a los nuevos procedimientos de t\u00e9cnica mixta. Son aptos tanto para el pincel como para aplicarlos a aer\u00f3grafo. Se disuelven en agua y est\u00e1n fabricados con ingredientes no inflamables ni perjudiciales para la salud.<\/p>\n","protected":false},"excerpt":{"rendered":"<p>Incluye diversos tonos para poder representar los caracter\u00edsticos colores del famoso\u00a08\u00ba Ej\u00e9rcito\u00a0o el m\u00edtico\u00a0SAS brit\u00e1nico\u00a0en la campa\u00f1a del Norte de \u00c1frica durante la Segunda Guerra Mundial. Adem\u00e1s, podemos representar unidades de otros pa\u00edses de la Commonwealth que tambi\u00e9n contribuyeron a esta fase de la guerra. Los colores est\u00e1n seleccionados tras una rigurosa investigaci\u00f3n uniformol\u00f3gica para [&hellip;]<\/p>\n","protected":false},"featured_media":10179,"template":"","meta":[],"product_brand":[],"product_cat":[158],"product_tag":[],"class_list":{"0":"post-10197","1":"product","2":"type-product","3":"status-publish","4":"has-post-thumbnail","6":"product_cat-set-pinturas-figuras","8":"first","9":"instock","10":"shipping-taxable","11":"product-type-simple"},"yoast_head":"<!-- This site is optimized with the Yoast SEO plugin v27.4 - https:\/\/yoast.com\/product\/yoast-seo-wordpress\/ -->\n<title>A.MIG-7046 Ej\u00e9rcito Brit\u00e1nico en \u00c1frica - Modeler Max Pro<\/title>\n<meta name=\"robots\" content=\"index, follow, max-snippet:-1, max-image-preview:large, max-video-preview:-1\" \/>\n<link rel=\"canonical\" href=\"https:\/\/modelermaxpro.com\/index.php\/product\/a-mig-7046-ejercito-britanico-en-africa\/\" \/>\n<meta property=\"og:locale\" content=\"es_ES\" \/>\n<meta property=\"og:type\" content=\"article\" \/>\n<meta property=\"og:title\" content=\"A.MIG-7046 Ej\u00e9rcito Brit\u00e1nico en \u00c1frica - Modeler Max Pro\" \/>\n<meta property=\"og:description\" content=\"Incluye diversos tonos para poder representar los caracter\u00edsticos colores del famoso\u00a08\u00ba Ej\u00e9rcito\u00a0o el m\u00edtico\u00a0SAS brit\u00e1nico\u00a0en la campa\u00f1a del Norte de \u00c1frica durante la Segunda Guerra Mundial. Adem\u00e1s, podemos representar unidades de otros pa\u00edses de la Commonwealth que tambi\u00e9n contribuyeron a esta fase de la guerra. Los colores est\u00e1n seleccionados tras una rigurosa investigaci\u00f3n uniformol\u00f3gica para [&hellip;]\" \/>\n<meta property=\"og:url\" content=\"https:\/\/modelermaxpro.com\/index.php\/product\/a-mig-7046-ejercito-britanico-en-africa\/\" \/>\n<meta property=\"og:site_name\" content=\"Modeler Max Pro\" \/>\n<meta property=\"og:image\" content=\"https:\/\/modelermaxpro.com\/wp-content\/uploads\/2025\/03\/A.MIG-7046.jpg\" \/>\n\t<meta property=\"og:image:width\" content=\"800\" \/>\n\t<meta property=\"og:image:height\" content=\"800\" \/>\n\t<meta property=\"og:image:type\" content=\"image\/jpeg\" \/>\n<meta name=\"twitter:card\" content=\"summary_large_image\" \/>\n<meta name=\"twitter:label1\" content=\"Tiempo de lectura\" \/>\n\t<meta name=\"twitter:data1\" content=\"2 minutos\" \/>\n<script type=\"application\/ld+json\" class=\"yoast-schema-graph\">{\"@context\":\"https:\\\/\\\/schema.org\",\"@graph\":[{\"@type\":\"WebPage\",\"@id\":\"https:\\\/\\\/modelermaxpro.com\\\/index.php\\\/product\\\/a-mig-7046-ejercito-britanico-en-africa\\\/\",\"url\":\"https:\\\/\\\/modelermaxpro.com\\\/index.php\\\/product\\\/a-mig-7046-ejercito-britanico-en-africa\\\/\",\"name\":\"A.MIG-7046 Ej\u00e9rcito Brit\u00e1nico en \u00c1frica - Modeler Max Pro\",\"isPartOf\":{\"@id\":\"https:\\\/\\\/modelermaxpro.com\\\/#website\"},\"primaryImageOfPage\":{\"@id\":\"https:\\\/\\\/modelermaxpro.com\\\/index.php\\\/product\\\/a-mig-7046-ejercito-britanico-en-africa\\\/#primaryimage\"},\"image\":{\"@id\":\"https:\\\/\\\/modelermaxpro.com\\\/index.php\\\/product\\\/a-mig-7046-ejercito-britanico-en-africa\\\/#primaryimage\"},\"thumbnailUrl\":\"https:\\\/\\\/modelermaxpro.com\\\/wp-content\\\/uploads\\\/2025\\\/03\\\/A.MIG-7046.jpg\",\"datePublished\":\"2025-03-27T13:13:53+00:00\",\"breadcrumb\":{\"@id\":\"https:\\\/\\\/modelermaxpro.com\\\/index.php\\\/product\\\/a-mig-7046-ejercito-britanico-en-africa\\\/#breadcrumb\"},\"inLanguage\":\"es-AR\",\"potentialAction\":[{\"@type\":\"ReadAction\",\"target\":[\"https:\\\/\\\/modelermaxpro.com\\\/index.php\\\/product\\\/a-mig-7046-ejercito-britanico-en-africa\\\/\"]}]},{\"@type\":\"ImageObject\",\"inLanguage\":\"es-AR\",\"@id\":\"https:\\\/\\\/modelermaxpro.com\\\/index.php\\\/product\\\/a-mig-7046-ejercito-britanico-en-africa\\\/#primaryimage\",\"url\":\"https:\\\/\\\/modelermaxpro.com\\\/wp-content\\\/uploads\\\/2025\\\/03\\\/A.MIG-7046.jpg\",\"contentUrl\":\"https:\\\/\\\/modelermaxpro.com\\\/wp-content\\\/uploads\\\/2025\\\/03\\\/A.MIG-7046.jpg\",\"width\":800,\"height\":800},{\"@type\":\"BreadcrumbList\",\"@id\":\"https:\\\/\\\/modelermaxpro.com\\\/index.php\\\/product\\\/a-mig-7046-ejercito-britanico-en-africa\\\/#breadcrumb\",\"itemListElement\":[{\"@type\":\"ListItem\",\"position\":1,\"name\":\"Inicio\",\"item\":\"https:\\\/\\\/modelermaxpro.com\\\/\"},{\"@type\":\"ListItem\",\"position\":2,\"name\":\"Shop\",\"item\":\"https:\\\/\\\/modelermaxpro.com\\\/index.php\\\/shop\\\/\"},{\"@type\":\"ListItem\",\"position\":3,\"name\":\"A.MIG-7046 Ej\u00e9rcito Brit\u00e1nico en \u00c1frica\"}]},{\"@type\":\"WebSite\",\"@id\":\"https:\\\/\\\/modelermaxpro.com\\\/#website\",\"url\":\"https:\\\/\\\/modelermaxpro.com\\\/\",\"name\":\"Modeler Max Pro\",\"description\":\"\",\"publisher\":{\"@id\":\"https:\\\/\\\/modelermaxpro.com\\\/#organization\"},\"potentialAction\":[{\"@type\":\"SearchAction\",\"target\":{\"@type\":\"EntryPoint\",\"urlTemplate\":\"https:\\\/\\\/modelermaxpro.com\\\/?s={search_term_string}\"},\"query-input\":{\"@type\":\"PropertyValueSpecification\",\"valueRequired\":true,\"valueName\":\"search_term_string\"}}],\"inLanguage\":\"es-AR\"},{\"@type\":\"Organization\",\"@id\":\"https:\\\/\\\/modelermaxpro.com\\\/#organization\",\"name\":\"Modeler Max Pro\",\"url\":\"https:\\\/\\\/modelermaxpro.com\\\/\",\"logo\":{\"@type\":\"ImageObject\",\"inLanguage\":\"es-AR\",\"@id\":\"https:\\\/\\\/modelermaxpro.com\\\/#\\\/schema\\\/logo\\\/image\\\/\",\"url\":\"https:\\\/\\\/modelermaxpro.com\\\/wp-content\\\/uploads\\\/2019\\\/11\\\/logos_Modeler-web_Mesa-de-trabajo-1_Mesa-de-trabajo-1.png\",\"contentUrl\":\"https:\\\/\\\/modelermaxpro.com\\\/wp-content\\\/uploads\\\/2019\\\/11\\\/logos_Modeler-web_Mesa-de-trabajo-1_Mesa-de-trabajo-1.png\",\"width\":322,\"height\":72,\"caption\":\"Modeler Max Pro\"},\"image\":{\"@id\":\"https:\\\/\\\/modelermaxpro.com\\\/#\\\/schema\\\/logo\\\/image\\\/\"}}]}<\/script>\n<!-- \/ Yoast SEO plugin. -->","yoast_head_json":{"title":"A.MIG-7046 Ej\u00e9rcito Brit\u00e1nico en \u00c1frica - Modeler Max Pro","robots":{"index":"index","follow":"follow","max-snippet":"max-snippet:-1","max-image-preview":"max-image-preview:large","max-video-preview":"max-video-preview:-1"},"canonical":"https:\/\/modelermaxpro.com\/index.php\/product\/a-mig-7046-ejercito-britanico-en-africa\/","og_locale":"es_ES","og_type":"article","og_title":"A.MIG-7046 Ej\u00e9rcito Brit\u00e1nico en \u00c1frica - Modeler Max Pro","og_description":"Incluye diversos tonos para poder representar los caracter\u00edsticos colores del famoso\u00a08\u00ba Ej\u00e9rcito\u00a0o el m\u00edtico\u00a0SAS brit\u00e1nico\u00a0en la campa\u00f1a del Norte de \u00c1frica durante la Segunda Guerra Mundial. Adem\u00e1s, podemos representar unidades de otros pa\u00edses de la Commonwealth que tambi\u00e9n contribuyeron a esta fase de la guerra. Los colores est\u00e1n seleccionados tras una rigurosa investigaci\u00f3n uniformol\u00f3gica para [&hellip;]","og_url":"https:\/\/modelermaxpro.com\/index.php\/product\/a-mig-7046-ejercito-britanico-en-africa\/","og_site_name":"Modeler Max Pro","og_image":[{"width":800,"height":800,"url":"https:\/\/modelermaxpro.com\/wp-content\/uploads\/2025\/03\/A.MIG-7046.jpg","type":"image\/jpeg"}],"twitter_card":"summary_large_image","twitter_misc":{"Tiempo de lectura":"2 minutos"},"schema":{"@context":"https:\/\/schema.org","@graph":[{"@type":"WebPage","@id":"https:\/\/modelermaxpro.com\/index.php\/product\/a-mig-7046-ejercito-britanico-en-africa\/","url":"https:\/\/modelermaxpro.com\/index.php\/product\/a-mig-7046-ejercito-britanico-en-africa\/","name":"A.MIG-7046 Ej\u00e9rcito Brit\u00e1nico en \u00c1frica - Modeler Max Pro","isPartOf":{"@id":"https:\/\/modelermaxpro.com\/#website"},"primaryImageOfPage":{"@id":"https:\/\/modelermaxpro.com\/index.php\/product\/a-mig-7046-ejercito-britanico-en-africa\/#primaryimage"},"image":{"@id":"https:\/\/modelermaxpro.com\/index.php\/product\/a-mig-7046-ejercito-britanico-en-africa\/#primaryimage"},"thumbnailUrl":"https:\/\/modelermaxpro.com\/wp-content\/uploads\/2025\/03\/A.MIG-7046.jpg","datePublished":"2025-03-27T13:13:53+00:00","breadcrumb":{"@id":"https:\/\/modelermaxpro.com\/index.php\/product\/a-mig-7046-ejercito-britanico-en-africa\/#breadcrumb"},"inLanguage":"es-AR","potentialAction":[{"@type":"ReadAction","target":["https:\/\/modelermaxpro.com\/index.php\/product\/a-mig-7046-ejercito-britanico-en-africa\/"]}]},{"@type":"ImageObject","inLanguage":"es-AR","@id":"https:\/\/modelermaxpro.com\/index.php\/product\/a-mig-7046-ejercito-britanico-en-africa\/#primaryimage","url":"https:\/\/modelermaxpro.com\/wp-content\/uploads\/2025\/03\/A.MIG-7046.jpg","contentUrl":"https:\/\/modelermaxpro.com\/wp-content\/uploads\/2025\/03\/A.MIG-7046.jpg","width":800,"height":800},{"@type":"BreadcrumbList","@id":"https:\/\/modelermaxpro.com\/index.php\/product\/a-mig-7046-ejercito-britanico-en-africa\/#breadcrumb","itemListElement":[{"@type":"ListItem","position":1,"name":"Inicio","item":"https:\/\/modelermaxpro.com\/"},{"@type":"ListItem","position":2,"name":"Shop","item":"https:\/\/modelermaxpro.com\/index.php\/shop\/"},{"@type":"ListItem","position":3,"name":"A.MIG-7046 Ej\u00e9rcito Brit\u00e1nico en \u00c1frica"}]},{"@type":"WebSite","@id":"https:\/\/modelermaxpro.com\/#website","url":"https:\/\/modelermaxpro.com\/","name":"Modeler Max Pro","description":"","publisher":{"@id":"https:\/\/modelermaxpro.com\/#organization"},"potentialAction":[{"@type":"SearchAction","target":{"@type":"EntryPoint","urlTemplate":"https:\/\/modelermaxpro.com\/?s={search_term_string}"},"query-input":{"@type":"PropertyValueSpecification","valueRequired":true,"valueName":"search_term_string"}}],"inLanguage":"es-AR"},{"@type":"Organization","@id":"https:\/\/modelermaxpro.com\/#organization","name":"Modeler Max Pro","url":"https:\/\/modelermaxpro.com\/","logo":{"@type":"ImageObject","inLanguage":"es-AR","@id":"https:\/\/modelermaxpro.com\/#\/schema\/logo\/image\/","url":"https:\/\/modelermaxpro.com\/wp-content\/uploads\/2019\/11\/logos_Modeler-web_Mesa-de-trabajo-1_Mesa-de-trabajo-1.png","contentUrl":"https:\/\/modelermaxpro.com\/wp-content\/uploads\/2019\/11\/logos_Modeler-web_Mesa-de-trabajo-1_Mesa-de-trabajo-1.png","width":322,"height":72,"caption":"Modeler Max Pro"},"image":{"@id":"https:\/\/modelermaxpro.com\/#\/schema\/logo\/image\/"}}]}},"_links":{"self":[{"href":"https:\/\/modelermaxpro.com\/index.php\/wp-json\/wp\/v2\/product\/10197","targetHints":{"allow":["GET"]}}],"collection":[{"href":"https:\/\/modelermaxpro.com\/index.php\/wp-json\/wp\/v2\/product"}],"about":[{"href":"https:\/\/modelermaxpro.com\/index.php\/wp-json\/wp\/v2\/types\/product"}],"wp:featuredmedia":[{"embeddable":true,"href":"https:\/\/modelermaxpro.com\/index.php\/wp-json\/wp\/v2\/media\/10179"}],"wp:attachment":[{"href":"https:\/\/modelermaxpro.com\/index.php\/wp-json\/wp\/v2\/media?parent=10197"}],"wp:term":[{"taxonomy":"product_brand","embeddable":true,"href":"https:\/\/modelermaxpro.com\/index.php\/wp-json\/wp\/v2\/product_brand?post=10197"},{"taxonomy":"product_cat","embeddable":true,"href":"https:\/\/modelermaxpro.com\/index.php\/wp-json\/wp\/v2\/product_cat?post=10197"},{"taxonomy":"product_tag","embeddable":true,"href":"https:\/\/modelermaxpro.com\/index.php\/wp-json\/wp\/v2\/product_tag?post=10197"}],"curies":[{"name":"wp","href":"https:\/\/api.w.org\/{rel}","templated":true}]}}