{"id":10267,"date":"2025-03-28T08:16:13","date_gmt":"2025-03-28T11:16:13","guid":{"rendered":"https:\/\/modelermaxpro.com\/?post_type=product&#038;p=10267"},"modified":"2025-03-28T08:16:13","modified_gmt":"2025-03-28T11:16:13","slug":"atom-70728-set-camuflajes-alemanes-finales-de-guerra","status":"publish","type":"product","link":"https:\/\/modelermaxpro.com\/index.php\/product\/atom-70728-set-camuflajes-alemanes-finales-de-guerra\/","title":{"rendered":"ATOM-70728 Set Camuflajes Alemanes Finales de Guerra"},"content":{"rendered":"<p>Colores para camuflajes de veh\u00edculos militares alemanes durante la \u00faltima fase de la II GM<\/p>\n<p>Contiene 6 colores de pinturas acr\u00edlicas de alta calidad. A finales de 1944, el Ej\u00e9rcito Alem\u00e1n present\u00f3 una nueva normativa y nuevas versiones de los colores utilizados para pintar sus veh\u00edculos. Con este set, los modelistas podr\u00e1n pintar los tanques alemanes de finales de guerra, veh\u00edculos tan emblem\u00e1ticos como los King Tiger, Panther Ausf. G, Panzer IV Ausf. J y StuG III \/ IV finales.<\/p>\n<p>La f\u00f3rmula con base de agua de la pintura ATOM hace que se comporte con todas las ventajas de una laca y han sido optimizada para obtener el m\u00e1ximo rendimiento tanto a pincel como con aer\u00f3grafo. Entre sus caracter\u00edsticas \u00fanicas destacan su autonivelaci\u00f3n, secado r\u00e1pido y poder de cubrici\u00f3n, haci\u00e9ndola \u00fanica en el mercado. Adem\u00e1s, es extremadamente resistente, permitiendo usar sobre ella acr\u00edlicos, esmaltes o productos m\u00e1s agresivos, como los l\u00edquidos para calcas, una vez que ha secado.<\/p>\n<p>Estos colores se presentan en un nuevo envase transparente de 20 ml con un nuevo tap\u00f3n que puede abrirse y cerrarse usando una sola mano. Esta pintura no es t\u00f3xica ni tiene olor.<\/p>\n<p>Puede aplicarse directamente del bote, pero se recomienda a\u00f1adir un 30 % de Diluyente y Limpiador (ATOM-20500) o Diluyente y Limpiador con Retardante (ATOM-20501).<\/p>\n<p><strong>El set contiene:\u202f\u00a0<\/strong><\/p>\n<ul>\n<li>ATOM-20067 ATOM COLOR Olivgr\u00fcn Dark (RAL6003)<\/li>\n<li>ATOM-20081 ATOM COLOR Resedagr\u00fcn RAL 6011<\/li>\n<li>ATOM-20062 ATOM COLOR Schokobraun RAL 8017<\/li>\n<li>ATOM-20010 ATOM COLOR Dunkelgelb DG I (RAL7028)<\/li>\n<li>ATOM-20005 ATOM COLOR Dunkelgelb DG III (RAL7028)<\/li>\n<li>ATOM-20046 ATOM COLOR Rotbraun RAL 8012 (RAL8012)<\/li>\n<\/ul>\n","protected":false},"excerpt":{"rendered":"<p>Colores para camuflajes de veh\u00edculos militares alemanes durante la \u00faltima fase de la II GM Contiene 6 colores de pinturas acr\u00edlicas de alta calidad. A finales de 1944, el Ej\u00e9rcito Alem\u00e1n present\u00f3 una nueva normativa y nuevas versiones de los colores utilizados para pintar sus veh\u00edculos. Con este set, los modelistas podr\u00e1n pintar los tanques [&hellip;]<\/p>\n","protected":false},"featured_media":10268,"template":"","meta":[],"product_brand":[],"product_cat":[46],"product_tag":[],"class_list":{"0":"post-10267","1":"product","2":"type-product","3":"status-publish","4":"has-post-thumbnail","6":"product_cat-sets","8":"first","9":"instock","10":"shipping-taxable","11":"product-type-simple"},"yoast_head":"<!-- This site is optimized with the Yoast SEO plugin v27.4 - https:\/\/yoast.com\/product\/yoast-seo-wordpress\/ -->\n<title>ATOM-70728 Set Camuflajes Alemanes Finales de Guerra - Modeler Max Pro<\/title>\n<meta name=\"robots\" content=\"index, follow, max-snippet:-1, max-image-preview:large, max-video-preview:-1\" \/>\n<link rel=\"canonical\" href=\"https:\/\/modelermaxpro.com\/index.php\/product\/atom-70728-set-camuflajes-alemanes-finales-de-guerra\/\" \/>\n<meta property=\"og:locale\" content=\"es_ES\" \/>\n<meta property=\"og:type\" content=\"article\" \/>\n<meta property=\"og:title\" content=\"ATOM-70728 Set Camuflajes Alemanes Finales de Guerra - Modeler Max Pro\" \/>\n<meta property=\"og:description\" content=\"Colores para camuflajes de veh\u00edculos militares alemanes durante la \u00faltima fase de la II GM Contiene 6 colores de pinturas acr\u00edlicas de alta calidad. A finales de 1944, el Ej\u00e9rcito Alem\u00e1n present\u00f3 una nueva normativa y nuevas versiones de los colores utilizados para pintar sus veh\u00edculos. Con este set, los modelistas podr\u00e1n pintar los tanques [&hellip;]\" \/>\n<meta property=\"og:url\" content=\"https:\/\/modelermaxpro.com\/index.php\/product\/atom-70728-set-camuflajes-alemanes-finales-de-guerra\/\" \/>\n<meta property=\"og:site_name\" content=\"Modeler Max Pro\" \/>\n<meta property=\"og:image\" content=\"https:\/\/modelermaxpro.com\/wp-content\/uploads\/2025\/03\/20728.jpg\" \/>\n\t<meta property=\"og:image:width\" content=\"800\" \/>\n\t<meta property=\"og:image:height\" content=\"800\" \/>\n\t<meta property=\"og:image:type\" content=\"image\/jpeg\" \/>\n<meta name=\"twitter:card\" content=\"summary_large_image\" \/>\n<meta name=\"twitter:label1\" content=\"Tiempo de lectura\" \/>\n\t<meta name=\"twitter:data1\" content=\"2 minutos\" \/>\n<script type=\"application\/ld+json\" class=\"yoast-schema-graph\">{\"@context\":\"https:\\\/\\\/schema.org\",\"@graph\":[{\"@type\":\"WebPage\",\"@id\":\"https:\\\/\\\/modelermaxpro.com\\\/index.php\\\/product\\\/atom-70728-set-camuflajes-alemanes-finales-de-guerra\\\/\",\"url\":\"https:\\\/\\\/modelermaxpro.com\\\/index.php\\\/product\\\/atom-70728-set-camuflajes-alemanes-finales-de-guerra\\\/\",\"name\":\"ATOM-70728 Set Camuflajes Alemanes Finales de Guerra - Modeler Max Pro\",\"isPartOf\":{\"@id\":\"https:\\\/\\\/modelermaxpro.com\\\/#website\"},\"primaryImageOfPage\":{\"@id\":\"https:\\\/\\\/modelermaxpro.com\\\/index.php\\\/product\\\/atom-70728-set-camuflajes-alemanes-finales-de-guerra\\\/#primaryimage\"},\"image\":{\"@id\":\"https:\\\/\\\/modelermaxpro.com\\\/index.php\\\/product\\\/atom-70728-set-camuflajes-alemanes-finales-de-guerra\\\/#primaryimage\"},\"thumbnailUrl\":\"https:\\\/\\\/modelermaxpro.com\\\/wp-content\\\/uploads\\\/2025\\\/03\\\/20728.jpg\",\"datePublished\":\"2025-03-28T11:16:13+00:00\",\"breadcrumb\":{\"@id\":\"https:\\\/\\\/modelermaxpro.com\\\/index.php\\\/product\\\/atom-70728-set-camuflajes-alemanes-finales-de-guerra\\\/#breadcrumb\"},\"inLanguage\":\"es-AR\",\"potentialAction\":[{\"@type\":\"ReadAction\",\"target\":[\"https:\\\/\\\/modelermaxpro.com\\\/index.php\\\/product\\\/atom-70728-set-camuflajes-alemanes-finales-de-guerra\\\/\"]}]},{\"@type\":\"ImageObject\",\"inLanguage\":\"es-AR\",\"@id\":\"https:\\\/\\\/modelermaxpro.com\\\/index.php\\\/product\\\/atom-70728-set-camuflajes-alemanes-finales-de-guerra\\\/#primaryimage\",\"url\":\"https:\\\/\\\/modelermaxpro.com\\\/wp-content\\\/uploads\\\/2025\\\/03\\\/20728.jpg\",\"contentUrl\":\"https:\\\/\\\/modelermaxpro.com\\\/wp-content\\\/uploads\\\/2025\\\/03\\\/20728.jpg\",\"width\":800,\"height\":800},{\"@type\":\"BreadcrumbList\",\"@id\":\"https:\\\/\\\/modelermaxpro.com\\\/index.php\\\/product\\\/atom-70728-set-camuflajes-alemanes-finales-de-guerra\\\/#breadcrumb\",\"itemListElement\":[{\"@type\":\"ListItem\",\"position\":1,\"name\":\"Inicio\",\"item\":\"https:\\\/\\\/modelermaxpro.com\\\/\"},{\"@type\":\"ListItem\",\"position\":2,\"name\":\"Shop\",\"item\":\"https:\\\/\\\/modelermaxpro.com\\\/index.php\\\/shop\\\/\"},{\"@type\":\"ListItem\",\"position\":3,\"name\":\"ATOM-70728 Set Camuflajes Alemanes Finales de Guerra\"}]},{\"@type\":\"WebSite\",\"@id\":\"https:\\\/\\\/modelermaxpro.com\\\/#website\",\"url\":\"https:\\\/\\\/modelermaxpro.com\\\/\",\"name\":\"Modeler Max Pro\",\"description\":\"\",\"publisher\":{\"@id\":\"https:\\\/\\\/modelermaxpro.com\\\/#organization\"},\"potentialAction\":[{\"@type\":\"SearchAction\",\"target\":{\"@type\":\"EntryPoint\",\"urlTemplate\":\"https:\\\/\\\/modelermaxpro.com\\\/?s={search_term_string}\"},\"query-input\":{\"@type\":\"PropertyValueSpecification\",\"valueRequired\":true,\"valueName\":\"search_term_string\"}}],\"inLanguage\":\"es-AR\"},{\"@type\":\"Organization\",\"@id\":\"https:\\\/\\\/modelermaxpro.com\\\/#organization\",\"name\":\"Modeler Max Pro\",\"url\":\"https:\\\/\\\/modelermaxpro.com\\\/\",\"logo\":{\"@type\":\"ImageObject\",\"inLanguage\":\"es-AR\",\"@id\":\"https:\\\/\\\/modelermaxpro.com\\\/#\\\/schema\\\/logo\\\/image\\\/\",\"url\":\"https:\\\/\\\/modelermaxpro.com\\\/wp-content\\\/uploads\\\/2019\\\/11\\\/logos_Modeler-web_Mesa-de-trabajo-1_Mesa-de-trabajo-1.png\",\"contentUrl\":\"https:\\\/\\\/modelermaxpro.com\\\/wp-content\\\/uploads\\\/2019\\\/11\\\/logos_Modeler-web_Mesa-de-trabajo-1_Mesa-de-trabajo-1.png\",\"width\":322,\"height\":72,\"caption\":\"Modeler Max Pro\"},\"image\":{\"@id\":\"https:\\\/\\\/modelermaxpro.com\\\/#\\\/schema\\\/logo\\\/image\\\/\"}}]}<\/script>\n<!-- \/ Yoast SEO plugin. -->","yoast_head_json":{"title":"ATOM-70728 Set Camuflajes Alemanes Finales de Guerra - Modeler Max Pro","robots":{"index":"index","follow":"follow","max-snippet":"max-snippet:-1","max-image-preview":"max-image-preview:large","max-video-preview":"max-video-preview:-1"},"canonical":"https:\/\/modelermaxpro.com\/index.php\/product\/atom-70728-set-camuflajes-alemanes-finales-de-guerra\/","og_locale":"es_ES","og_type":"article","og_title":"ATOM-70728 Set Camuflajes Alemanes Finales de Guerra - Modeler Max Pro","og_description":"Colores para camuflajes de veh\u00edculos militares alemanes durante la \u00faltima fase de la II GM Contiene 6 colores de pinturas acr\u00edlicas de alta calidad. A finales de 1944, el Ej\u00e9rcito Alem\u00e1n present\u00f3 una nueva normativa y nuevas versiones de los colores utilizados para pintar sus veh\u00edculos. Con este set, los modelistas podr\u00e1n pintar los tanques [&hellip;]","og_url":"https:\/\/modelermaxpro.com\/index.php\/product\/atom-70728-set-camuflajes-alemanes-finales-de-guerra\/","og_site_name":"Modeler Max Pro","og_image":[{"width":800,"height":800,"url":"https:\/\/modelermaxpro.com\/wp-content\/uploads\/2025\/03\/20728.jpg","type":"image\/jpeg"}],"twitter_card":"summary_large_image","twitter_misc":{"Tiempo de lectura":"2 minutos"},"schema":{"@context":"https:\/\/schema.org","@graph":[{"@type":"WebPage","@id":"https:\/\/modelermaxpro.com\/index.php\/product\/atom-70728-set-camuflajes-alemanes-finales-de-guerra\/","url":"https:\/\/modelermaxpro.com\/index.php\/product\/atom-70728-set-camuflajes-alemanes-finales-de-guerra\/","name":"ATOM-70728 Set Camuflajes Alemanes Finales de Guerra - Modeler Max Pro","isPartOf":{"@id":"https:\/\/modelermaxpro.com\/#website"},"primaryImageOfPage":{"@id":"https:\/\/modelermaxpro.com\/index.php\/product\/atom-70728-set-camuflajes-alemanes-finales-de-guerra\/#primaryimage"},"image":{"@id":"https:\/\/modelermaxpro.com\/index.php\/product\/atom-70728-set-camuflajes-alemanes-finales-de-guerra\/#primaryimage"},"thumbnailUrl":"https:\/\/modelermaxpro.com\/wp-content\/uploads\/2025\/03\/20728.jpg","datePublished":"2025-03-28T11:16:13+00:00","breadcrumb":{"@id":"https:\/\/modelermaxpro.com\/index.php\/product\/atom-70728-set-camuflajes-alemanes-finales-de-guerra\/#breadcrumb"},"inLanguage":"es-AR","potentialAction":[{"@type":"ReadAction","target":["https:\/\/modelermaxpro.com\/index.php\/product\/atom-70728-set-camuflajes-alemanes-finales-de-guerra\/"]}]},{"@type":"ImageObject","inLanguage":"es-AR","@id":"https:\/\/modelermaxpro.com\/index.php\/product\/atom-70728-set-camuflajes-alemanes-finales-de-guerra\/#primaryimage","url":"https:\/\/modelermaxpro.com\/wp-content\/uploads\/2025\/03\/20728.jpg","contentUrl":"https:\/\/modelermaxpro.com\/wp-content\/uploads\/2025\/03\/20728.jpg","width":800,"height":800},{"@type":"BreadcrumbList","@id":"https:\/\/modelermaxpro.com\/index.php\/product\/atom-70728-set-camuflajes-alemanes-finales-de-guerra\/#breadcrumb","itemListElement":[{"@type":"ListItem","position":1,"name":"Inicio","item":"https:\/\/modelermaxpro.com\/"},{"@type":"ListItem","position":2,"name":"Shop","item":"https:\/\/modelermaxpro.com\/index.php\/shop\/"},{"@type":"ListItem","position":3,"name":"ATOM-70728 Set Camuflajes Alemanes Finales de Guerra"}]},{"@type":"WebSite","@id":"https:\/\/modelermaxpro.com\/#website","url":"https:\/\/modelermaxpro.com\/","name":"Modeler Max Pro","description":"","publisher":{"@id":"https:\/\/modelermaxpro.com\/#organization"},"potentialAction":[{"@type":"SearchAction","target":{"@type":"EntryPoint","urlTemplate":"https:\/\/modelermaxpro.com\/?s={search_term_string}"},"query-input":{"@type":"PropertyValueSpecification","valueRequired":true,"valueName":"search_term_string"}}],"inLanguage":"es-AR"},{"@type":"Organization","@id":"https:\/\/modelermaxpro.com\/#organization","name":"Modeler Max Pro","url":"https:\/\/modelermaxpro.com\/","logo":{"@type":"ImageObject","inLanguage":"es-AR","@id":"https:\/\/modelermaxpro.com\/#\/schema\/logo\/image\/","url":"https:\/\/modelermaxpro.com\/wp-content\/uploads\/2019\/11\/logos_Modeler-web_Mesa-de-trabajo-1_Mesa-de-trabajo-1.png","contentUrl":"https:\/\/modelermaxpro.com\/wp-content\/uploads\/2019\/11\/logos_Modeler-web_Mesa-de-trabajo-1_Mesa-de-trabajo-1.png","width":322,"height":72,"caption":"Modeler Max Pro"},"image":{"@id":"https:\/\/modelermaxpro.com\/#\/schema\/logo\/image\/"}}]}},"_links":{"self":[{"href":"https:\/\/modelermaxpro.com\/index.php\/wp-json\/wp\/v2\/product\/10267","targetHints":{"allow":["GET"]}}],"collection":[{"href":"https:\/\/modelermaxpro.com\/index.php\/wp-json\/wp\/v2\/product"}],"about":[{"href":"https:\/\/modelermaxpro.com\/index.php\/wp-json\/wp\/v2\/types\/product"}],"wp:featuredmedia":[{"embeddable":true,"href":"https:\/\/modelermaxpro.com\/index.php\/wp-json\/wp\/v2\/media\/10268"}],"wp:attachment":[{"href":"https:\/\/modelermaxpro.com\/index.php\/wp-json\/wp\/v2\/media?parent=10267"}],"wp:term":[{"taxonomy":"product_brand","embeddable":true,"href":"https:\/\/modelermaxpro.com\/index.php\/wp-json\/wp\/v2\/product_brand?post=10267"},{"taxonomy":"product_cat","embeddable":true,"href":"https:\/\/modelermaxpro.com\/index.php\/wp-json\/wp\/v2\/product_cat?post=10267"},{"taxonomy":"product_tag","embeddable":true,"href":"https:\/\/modelermaxpro.com\/index.php\/wp-json\/wp\/v2\/product_tag?post=10267"}],"curies":[{"name":"wp","href":"https:\/\/api.w.org\/{rel}","templated":true}]}}