{"id":10283,"date":"2025-03-28T08:34:12","date_gmt":"2025-03-28T11:34:12","guid":{"rendered":"https:\/\/modelermaxpro.com\/?post_type=product&#038;p=10283"},"modified":"2025-03-28T08:34:12","modified_gmt":"2025-03-28T11:34:12","slug":"atom-20725-set-colores-de-caucho-y-neumaticos","status":"publish","type":"product","link":"https:\/\/modelermaxpro.com\/index.php\/product\/atom-20725-set-colores-de-caucho-y-neumaticos\/","title":{"rendered":"ATOM-20725 Set colores de Caucho y Neum\u00e1ticos"},"content":{"rendered":"<p>Set de pinturas acr\u00edlicas ATOM para pintar elementos de goma y neum\u00e1ticos. Contiene los tonos necesarios para obtener un acabado realista tanto en ruedas nuevas como en otras muy envejecidas. Con ellos, tambi\u00e9n podremos simular cualquier pieza de goma como latiguillos o protecciones entre otros. Incluye colores que se pueden usar como base adem\u00e1s de diferentes tonos claros y oscuros con los que realizar multitud de efectos. Adem\u00e1s, encontraremos una pintura lavable para imitar polvo. Basta con aplicarla y retirar la cantidad que necesitemos hasta conseguir un acabado de empolvado.<\/p>\n<p>Este set resuelve los problemas a la hora de elegir los colores para nuestros modelos, ahorrando un tiempo valioso.<\/p>\n<p>Las pinturas ATOM tienen una f\u00f3rmula con base al agua que se comporta con todas las ventajas de una laca y est\u00e1 optimizada para obtener el m\u00e1ximo rendimiento tanto a pincel como con aer\u00f3grafo. Entre sus caracter\u00edsticas, destacan su capacidad de autonivelado, secado r\u00e1pido, y su poder de cubrici\u00f3n, haci\u00e9ndola \u00fanica en el mercado. Adem\u00e1s, es extremadamente resistente, permitiendo usar sobre ella acr\u00edlicos, lacas, esmaltes o productos m\u00e1s agresivos, como los l\u00edquidos para calcas.<\/p>\n<p>Se presenta en un nuevo envase transparente de 20 ml de capacidad con un c\u00f3modo tap\u00f3n de gotero vertical que puede abrirse y cerrarse con una sola mano. Esta pintura no es t\u00f3xica ni tiene olor.<\/p>\n<p>Puede aplicarse directamente del bote o diluida con el Diluyente ATOM-20500.<\/p>\n<p><strong>Este set incluye los colores:<\/strong><\/p>\n<ul>\n<li>ATOM-20159 ATOM COLOR Rubber &amp; Tires<\/li>\n<li>ATOM-20160 ATOM COLOR Dunkelgrau RAL7021<\/li>\n<li>ATOM-20163 ATOM COLOR Matt Black<\/li>\n<li>ATOM-20178 ATOM WASHABLE Dust<\/li>\n<\/ul>\n","protected":false},"excerpt":{"rendered":"<p>Set de pinturas acr\u00edlicas ATOM para pintar elementos de goma y neum\u00e1ticos. Contiene los tonos necesarios para obtener un acabado realista tanto en ruedas nuevas como en otras muy envejecidas. Con ellos, tambi\u00e9n podremos simular cualquier pieza de goma como latiguillos o protecciones entre otros. Incluye colores que se pueden usar como base adem\u00e1s de [&hellip;]<\/p>\n","protected":false},"featured_media":10284,"template":"","meta":[],"product_brand":[],"product_cat":[46],"product_tag":[],"class_list":{"0":"post-10283","1":"product","2":"type-product","3":"status-publish","4":"has-post-thumbnail","6":"product_cat-sets","8":"first","9":"instock","10":"shipping-taxable","11":"product-type-simple"},"yoast_head":"<!-- This site is optimized with the Yoast SEO plugin v27.4 - https:\/\/yoast.com\/product\/yoast-seo-wordpress\/ -->\n<title>ATOM-20725 Set colores de Caucho y Neum\u00e1ticos - Modeler Max Pro<\/title>\n<meta name=\"robots\" content=\"index, follow, max-snippet:-1, max-image-preview:large, max-video-preview:-1\" \/>\n<link rel=\"canonical\" href=\"https:\/\/modelermaxpro.com\/index.php\/product\/atom-20725-set-colores-de-caucho-y-neumaticos\/\" \/>\n<meta property=\"og:locale\" content=\"es_ES\" \/>\n<meta property=\"og:type\" content=\"article\" \/>\n<meta property=\"og:title\" content=\"ATOM-20725 Set colores de Caucho y Neum\u00e1ticos - Modeler Max Pro\" \/>\n<meta property=\"og:description\" content=\"Set de pinturas acr\u00edlicas ATOM para pintar elementos de goma y neum\u00e1ticos. Contiene los tonos necesarios para obtener un acabado realista tanto en ruedas nuevas como en otras muy envejecidas. Con ellos, tambi\u00e9n podremos simular cualquier pieza de goma como latiguillos o protecciones entre otros. Incluye colores que se pueden usar como base adem\u00e1s de [&hellip;]\" \/>\n<meta property=\"og:url\" content=\"https:\/\/modelermaxpro.com\/index.php\/product\/atom-20725-set-colores-de-caucho-y-neumaticos\/\" \/>\n<meta property=\"og:site_name\" content=\"Modeler Max Pro\" \/>\n<meta property=\"og:image\" content=\"https:\/\/modelermaxpro.com\/wp-content\/uploads\/2025\/03\/20725.jpg\" \/>\n\t<meta property=\"og:image:width\" content=\"800\" \/>\n\t<meta property=\"og:image:height\" content=\"800\" \/>\n\t<meta property=\"og:image:type\" content=\"image\/jpeg\" \/>\n<meta name=\"twitter:card\" content=\"summary_large_image\" \/>\n<meta name=\"twitter:label1\" content=\"Tiempo de lectura\" \/>\n\t<meta name=\"twitter:data1\" content=\"2 minutos\" \/>\n<script type=\"application\/ld+json\" class=\"yoast-schema-graph\">{\"@context\":\"https:\\\/\\\/schema.org\",\"@graph\":[{\"@type\":\"WebPage\",\"@id\":\"https:\\\/\\\/modelermaxpro.com\\\/index.php\\\/product\\\/atom-20725-set-colores-de-caucho-y-neumaticos\\\/\",\"url\":\"https:\\\/\\\/modelermaxpro.com\\\/index.php\\\/product\\\/atom-20725-set-colores-de-caucho-y-neumaticos\\\/\",\"name\":\"ATOM-20725 Set colores de Caucho y Neum\u00e1ticos - Modeler Max Pro\",\"isPartOf\":{\"@id\":\"https:\\\/\\\/modelermaxpro.com\\\/#website\"},\"primaryImageOfPage\":{\"@id\":\"https:\\\/\\\/modelermaxpro.com\\\/index.php\\\/product\\\/atom-20725-set-colores-de-caucho-y-neumaticos\\\/#primaryimage\"},\"image\":{\"@id\":\"https:\\\/\\\/modelermaxpro.com\\\/index.php\\\/product\\\/atom-20725-set-colores-de-caucho-y-neumaticos\\\/#primaryimage\"},\"thumbnailUrl\":\"https:\\\/\\\/modelermaxpro.com\\\/wp-content\\\/uploads\\\/2025\\\/03\\\/20725.jpg\",\"datePublished\":\"2025-03-28T11:34:12+00:00\",\"breadcrumb\":{\"@id\":\"https:\\\/\\\/modelermaxpro.com\\\/index.php\\\/product\\\/atom-20725-set-colores-de-caucho-y-neumaticos\\\/#breadcrumb\"},\"inLanguage\":\"es-AR\",\"potentialAction\":[{\"@type\":\"ReadAction\",\"target\":[\"https:\\\/\\\/modelermaxpro.com\\\/index.php\\\/product\\\/atom-20725-set-colores-de-caucho-y-neumaticos\\\/\"]}]},{\"@type\":\"ImageObject\",\"inLanguage\":\"es-AR\",\"@id\":\"https:\\\/\\\/modelermaxpro.com\\\/index.php\\\/product\\\/atom-20725-set-colores-de-caucho-y-neumaticos\\\/#primaryimage\",\"url\":\"https:\\\/\\\/modelermaxpro.com\\\/wp-content\\\/uploads\\\/2025\\\/03\\\/20725.jpg\",\"contentUrl\":\"https:\\\/\\\/modelermaxpro.com\\\/wp-content\\\/uploads\\\/2025\\\/03\\\/20725.jpg\",\"width\":800,\"height\":800},{\"@type\":\"BreadcrumbList\",\"@id\":\"https:\\\/\\\/modelermaxpro.com\\\/index.php\\\/product\\\/atom-20725-set-colores-de-caucho-y-neumaticos\\\/#breadcrumb\",\"itemListElement\":[{\"@type\":\"ListItem\",\"position\":1,\"name\":\"Inicio\",\"item\":\"https:\\\/\\\/modelermaxpro.com\\\/\"},{\"@type\":\"ListItem\",\"position\":2,\"name\":\"Shop\",\"item\":\"https:\\\/\\\/modelermaxpro.com\\\/index.php\\\/shop\\\/\"},{\"@type\":\"ListItem\",\"position\":3,\"name\":\"ATOM-20725 Set colores de Caucho y Neum\u00e1ticos\"}]},{\"@type\":\"WebSite\",\"@id\":\"https:\\\/\\\/modelermaxpro.com\\\/#website\",\"url\":\"https:\\\/\\\/modelermaxpro.com\\\/\",\"name\":\"Modeler Max Pro\",\"description\":\"\",\"publisher\":{\"@id\":\"https:\\\/\\\/modelermaxpro.com\\\/#organization\"},\"potentialAction\":[{\"@type\":\"SearchAction\",\"target\":{\"@type\":\"EntryPoint\",\"urlTemplate\":\"https:\\\/\\\/modelermaxpro.com\\\/?s={search_term_string}\"},\"query-input\":{\"@type\":\"PropertyValueSpecification\",\"valueRequired\":true,\"valueName\":\"search_term_string\"}}],\"inLanguage\":\"es-AR\"},{\"@type\":\"Organization\",\"@id\":\"https:\\\/\\\/modelermaxpro.com\\\/#organization\",\"name\":\"Modeler Max Pro\",\"url\":\"https:\\\/\\\/modelermaxpro.com\\\/\",\"logo\":{\"@type\":\"ImageObject\",\"inLanguage\":\"es-AR\",\"@id\":\"https:\\\/\\\/modelermaxpro.com\\\/#\\\/schema\\\/logo\\\/image\\\/\",\"url\":\"https:\\\/\\\/modelermaxpro.com\\\/wp-content\\\/uploads\\\/2019\\\/11\\\/logos_Modeler-web_Mesa-de-trabajo-1_Mesa-de-trabajo-1.png\",\"contentUrl\":\"https:\\\/\\\/modelermaxpro.com\\\/wp-content\\\/uploads\\\/2019\\\/11\\\/logos_Modeler-web_Mesa-de-trabajo-1_Mesa-de-trabajo-1.png\",\"width\":322,\"height\":72,\"caption\":\"Modeler Max Pro\"},\"image\":{\"@id\":\"https:\\\/\\\/modelermaxpro.com\\\/#\\\/schema\\\/logo\\\/image\\\/\"}}]}<\/script>\n<!-- \/ Yoast SEO plugin. -->","yoast_head_json":{"title":"ATOM-20725 Set colores de Caucho y Neum\u00e1ticos - Modeler Max Pro","robots":{"index":"index","follow":"follow","max-snippet":"max-snippet:-1","max-image-preview":"max-image-preview:large","max-video-preview":"max-video-preview:-1"},"canonical":"https:\/\/modelermaxpro.com\/index.php\/product\/atom-20725-set-colores-de-caucho-y-neumaticos\/","og_locale":"es_ES","og_type":"article","og_title":"ATOM-20725 Set colores de Caucho y Neum\u00e1ticos - Modeler Max Pro","og_description":"Set de pinturas acr\u00edlicas ATOM para pintar elementos de goma y neum\u00e1ticos. Contiene los tonos necesarios para obtener un acabado realista tanto en ruedas nuevas como en otras muy envejecidas. Con ellos, tambi\u00e9n podremos simular cualquier pieza de goma como latiguillos o protecciones entre otros. Incluye colores que se pueden usar como base adem\u00e1s de [&hellip;]","og_url":"https:\/\/modelermaxpro.com\/index.php\/product\/atom-20725-set-colores-de-caucho-y-neumaticos\/","og_site_name":"Modeler Max Pro","og_image":[{"width":800,"height":800,"url":"https:\/\/modelermaxpro.com\/wp-content\/uploads\/2025\/03\/20725.jpg","type":"image\/jpeg"}],"twitter_card":"summary_large_image","twitter_misc":{"Tiempo de lectura":"2 minutos"},"schema":{"@context":"https:\/\/schema.org","@graph":[{"@type":"WebPage","@id":"https:\/\/modelermaxpro.com\/index.php\/product\/atom-20725-set-colores-de-caucho-y-neumaticos\/","url":"https:\/\/modelermaxpro.com\/index.php\/product\/atom-20725-set-colores-de-caucho-y-neumaticos\/","name":"ATOM-20725 Set colores de Caucho y Neum\u00e1ticos - Modeler Max Pro","isPartOf":{"@id":"https:\/\/modelermaxpro.com\/#website"},"primaryImageOfPage":{"@id":"https:\/\/modelermaxpro.com\/index.php\/product\/atom-20725-set-colores-de-caucho-y-neumaticos\/#primaryimage"},"image":{"@id":"https:\/\/modelermaxpro.com\/index.php\/product\/atom-20725-set-colores-de-caucho-y-neumaticos\/#primaryimage"},"thumbnailUrl":"https:\/\/modelermaxpro.com\/wp-content\/uploads\/2025\/03\/20725.jpg","datePublished":"2025-03-28T11:34:12+00:00","breadcrumb":{"@id":"https:\/\/modelermaxpro.com\/index.php\/product\/atom-20725-set-colores-de-caucho-y-neumaticos\/#breadcrumb"},"inLanguage":"es-AR","potentialAction":[{"@type":"ReadAction","target":["https:\/\/modelermaxpro.com\/index.php\/product\/atom-20725-set-colores-de-caucho-y-neumaticos\/"]}]},{"@type":"ImageObject","inLanguage":"es-AR","@id":"https:\/\/modelermaxpro.com\/index.php\/product\/atom-20725-set-colores-de-caucho-y-neumaticos\/#primaryimage","url":"https:\/\/modelermaxpro.com\/wp-content\/uploads\/2025\/03\/20725.jpg","contentUrl":"https:\/\/modelermaxpro.com\/wp-content\/uploads\/2025\/03\/20725.jpg","width":800,"height":800},{"@type":"BreadcrumbList","@id":"https:\/\/modelermaxpro.com\/index.php\/product\/atom-20725-set-colores-de-caucho-y-neumaticos\/#breadcrumb","itemListElement":[{"@type":"ListItem","position":1,"name":"Inicio","item":"https:\/\/modelermaxpro.com\/"},{"@type":"ListItem","position":2,"name":"Shop","item":"https:\/\/modelermaxpro.com\/index.php\/shop\/"},{"@type":"ListItem","position":3,"name":"ATOM-20725 Set colores de Caucho y Neum\u00e1ticos"}]},{"@type":"WebSite","@id":"https:\/\/modelermaxpro.com\/#website","url":"https:\/\/modelermaxpro.com\/","name":"Modeler Max Pro","description":"","publisher":{"@id":"https:\/\/modelermaxpro.com\/#organization"},"potentialAction":[{"@type":"SearchAction","target":{"@type":"EntryPoint","urlTemplate":"https:\/\/modelermaxpro.com\/?s={search_term_string}"},"query-input":{"@type":"PropertyValueSpecification","valueRequired":true,"valueName":"search_term_string"}}],"inLanguage":"es-AR"},{"@type":"Organization","@id":"https:\/\/modelermaxpro.com\/#organization","name":"Modeler Max Pro","url":"https:\/\/modelermaxpro.com\/","logo":{"@type":"ImageObject","inLanguage":"es-AR","@id":"https:\/\/modelermaxpro.com\/#\/schema\/logo\/image\/","url":"https:\/\/modelermaxpro.com\/wp-content\/uploads\/2019\/11\/logos_Modeler-web_Mesa-de-trabajo-1_Mesa-de-trabajo-1.png","contentUrl":"https:\/\/modelermaxpro.com\/wp-content\/uploads\/2019\/11\/logos_Modeler-web_Mesa-de-trabajo-1_Mesa-de-trabajo-1.png","width":322,"height":72,"caption":"Modeler Max Pro"},"image":{"@id":"https:\/\/modelermaxpro.com\/#\/schema\/logo\/image\/"}}]}},"_links":{"self":[{"href":"https:\/\/modelermaxpro.com\/index.php\/wp-json\/wp\/v2\/product\/10283","targetHints":{"allow":["GET"]}}],"collection":[{"href":"https:\/\/modelermaxpro.com\/index.php\/wp-json\/wp\/v2\/product"}],"about":[{"href":"https:\/\/modelermaxpro.com\/index.php\/wp-json\/wp\/v2\/types\/product"}],"wp:featuredmedia":[{"embeddable":true,"href":"https:\/\/modelermaxpro.com\/index.php\/wp-json\/wp\/v2\/media\/10284"}],"wp:attachment":[{"href":"https:\/\/modelermaxpro.com\/index.php\/wp-json\/wp\/v2\/media?parent=10283"}],"wp:term":[{"taxonomy":"product_brand","embeddable":true,"href":"https:\/\/modelermaxpro.com\/index.php\/wp-json\/wp\/v2\/product_brand?post=10283"},{"taxonomy":"product_cat","embeddable":true,"href":"https:\/\/modelermaxpro.com\/index.php\/wp-json\/wp\/v2\/product_cat?post=10283"},{"taxonomy":"product_tag","embeddable":true,"href":"https:\/\/modelermaxpro.com\/index.php\/wp-json\/wp\/v2\/product_tag?post=10283"}],"curies":[{"name":"wp","href":"https:\/\/api.w.org\/{rel}","templated":true}]}}