{"id":10286,"date":"2025-03-28T08:39:47","date_gmt":"2025-03-28T11:39:47","guid":{"rendered":"https:\/\/modelermaxpro.com\/?post_type=product&#038;p=10286"},"modified":"2025-03-28T08:39:47","modified_gmt":"2025-03-28T11:39:47","slug":"atom-20729-set-de-colores-tiger-i-1942-1945","status":"publish","type":"product","link":"https:\/\/modelermaxpro.com\/index.php\/product\/atom-20729-set-de-colores-tiger-i-1942-1945\/","title":{"rendered":"ATOM-20729 Set de Colores Tiger I (1942-1945)"},"content":{"rendered":"<p>Set de pinturas especialmente desarrollado para la decoraci\u00f3n de la familia de carros Tiger I y sus derivados<\/p>\n<p>Contiene 12 colores acr\u00edlicos de alta calidad especialmente pensados para disponer de todos los colores que se utilizaron en este carro de combate, as\u00ed como los veh\u00edculos derivados del mismo casco, como el Sturmtiger y el Bergetiger. Un estudio completo de todos los tonos m\u00e1s adecuados para decorar este legendario veh\u00edculo del arsenal alem\u00e1n durante la IIGM. Desde las fr\u00edas zonas de Rusia, pasando por los calurosos desiertos africanos e Italia hasta los campos de batalla de Europa occidental.<\/p>\n<p>Este set no puede faltar en ning\u00fan estudio de modelismo para realizar un acabado profesional en tus maquetas del Tiger I. Incluye 12 colores acr\u00edlicos que abarcan las versiones iniciales, intermedias y finales de este popular carro. Este set resuelve las dudas y problemas que pueden surgir a la hora de mezclar colores base fieles, ahorrando un tiempo precioso.<\/p>\n<p>La f\u00f3rmula con base de agua de la pintura ATOM hace que se comporte con todas las ventajas de una laca y han sido optimizada para obtener el m\u00e1ximo rendimiento tanto a pincel como con aer\u00f3grafo. Entre sus caracter\u00edsticas \u00fanicas, destacan su autonivelaci\u00f3n, secado r\u00e1pido y su poder de cubrici\u00f3n, haci\u00e9ndola \u00fanica en el mercado. Adem\u00e1s, es extremadamente resistente, permitiendo usar sobre ella acr\u00edlicos, esmaltes o productos m\u00e1s agresivos, como los l\u00edquidos para calcas una vez que ha secado.<\/p>\n<p>Estos colores se presentan en un nuevo envase transparente de 20 ml con un nuevo tap\u00f3n que puede abrirse y cerrarse usando una sola mano. Esta pintura no es t\u00f3xica ni tiene olor.<\/p>\n<p>Puede aplicarse directamente del bote, pero se recomienda a\u00f1adir un 30 % de Diluyente y Limpiador (ATOM-20500) o Diluyente y Limpiador con Retardante (ATOM-20501).<\/p>\n<p>Si quieres saber m\u00e1s sobre la gama ATOM de pinturas, pulsa<a href=\"https:\/\/www.youtube.com\/playlist?list=PLVWDfKLIYU1cyYhKCs_ZksnCdj1OHGiNT\">\u202f<strong>AQU\u00cd<\/strong><\/a>.<\/p>\n<p><strong>El set contiene:\u202f\u00a0<\/strong><\/p>\n<ul>\n<li>ATOM-20079 ATOM COLOR Olivgr\u00fcn<\/li>\n<li>ATOM-20005 ATOM COLOR Dunkelgelb DG III<\/li>\n<li>ATOM-20177 ATOM WASHABLE White<\/li>\n<li>ATOM-20145 ATOM COLOR Neutral Gray<\/li>\n<li>ATOM-20046 ATOM COLOR Rotbraun RAL 8012<\/li>\n<li>A.MIG-0096 CRYSTAL Green Periscope (and Tail Light On)<\/li>\n<li>ATOM-20160 ATOM COLOR Dunkelgrau RAL7021<\/li>\n<li>ATOM-20062 ATOM COLOR Schokobraun RAL 8017<\/li>\n<li>ATOM-20144 ATOM COLOR Zimmerit<\/li>\n<li>ATOM-20012 ATOM COLOR Dunkelgelb<\/li>\n<li>ATOM-20002 ATOM COLOR Cremeweiss RAL 9001<\/li>\n<li>ATOM-20158 ATOM COLOR Schwartzgrau RLM66<\/li>\n<\/ul>\n","protected":false},"excerpt":{"rendered":"<p>Set de pinturas especialmente desarrollado para la decoraci\u00f3n de la familia de carros Tiger I y sus derivados Contiene 12 colores acr\u00edlicos de alta calidad especialmente pensados para disponer de todos los colores que se utilizaron en este carro de combate, as\u00ed como los veh\u00edculos derivados del mismo casco, como el Sturmtiger y el Bergetiger. [&hellip;]<\/p>\n","protected":false},"featured_media":10287,"template":"","meta":[],"product_brand":[],"product_cat":[46],"product_tag":[],"class_list":{"0":"post-10286","1":"product","2":"type-product","3":"status-publish","4":"has-post-thumbnail","6":"product_cat-sets","8":"first","9":"instock","10":"shipping-taxable","11":"product-type-simple"},"yoast_head":"<!-- This site is optimized with the Yoast SEO plugin v27.4 - https:\/\/yoast.com\/product\/yoast-seo-wordpress\/ -->\n<title>ATOM-20729 Set de Colores Tiger I (1942-1945) - Modeler Max Pro<\/title>\n<meta name=\"robots\" content=\"index, follow, max-snippet:-1, max-image-preview:large, max-video-preview:-1\" \/>\n<link rel=\"canonical\" href=\"https:\/\/modelermaxpro.com\/index.php\/product\/atom-20729-set-de-colores-tiger-i-1942-1945\/\" \/>\n<meta property=\"og:locale\" content=\"es_ES\" \/>\n<meta property=\"og:type\" content=\"article\" \/>\n<meta property=\"og:title\" content=\"ATOM-20729 Set de Colores Tiger I (1942-1945) - Modeler Max Pro\" \/>\n<meta property=\"og:description\" content=\"Set de pinturas especialmente desarrollado para la decoraci\u00f3n de la familia de carros Tiger I y sus derivados Contiene 12 colores acr\u00edlicos de alta calidad especialmente pensados para disponer de todos los colores que se utilizaron en este carro de combate, as\u00ed como los veh\u00edculos derivados del mismo casco, como el Sturmtiger y el Bergetiger. [&hellip;]\" \/>\n<meta property=\"og:url\" content=\"https:\/\/modelermaxpro.com\/index.php\/product\/atom-20729-set-de-colores-tiger-i-1942-1945\/\" \/>\n<meta property=\"og:site_name\" content=\"Modeler Max Pro\" \/>\n<meta property=\"og:image\" content=\"https:\/\/modelermaxpro.com\/wp-content\/uploads\/2025\/03\/20729.jpg\" \/>\n\t<meta property=\"og:image:width\" content=\"800\" \/>\n\t<meta property=\"og:image:height\" content=\"800\" \/>\n\t<meta property=\"og:image:type\" content=\"image\/jpeg\" \/>\n<meta name=\"twitter:card\" content=\"summary_large_image\" \/>\n<meta name=\"twitter:label1\" content=\"Tiempo de lectura\" \/>\n\t<meta name=\"twitter:data1\" content=\"2 minutos\" \/>\n<script type=\"application\/ld+json\" class=\"yoast-schema-graph\">{\"@context\":\"https:\\\/\\\/schema.org\",\"@graph\":[{\"@type\":\"WebPage\",\"@id\":\"https:\\\/\\\/modelermaxpro.com\\\/index.php\\\/product\\\/atom-20729-set-de-colores-tiger-i-1942-1945\\\/\",\"url\":\"https:\\\/\\\/modelermaxpro.com\\\/index.php\\\/product\\\/atom-20729-set-de-colores-tiger-i-1942-1945\\\/\",\"name\":\"ATOM-20729 Set de Colores Tiger I (1942-1945) - Modeler Max Pro\",\"isPartOf\":{\"@id\":\"https:\\\/\\\/modelermaxpro.com\\\/#website\"},\"primaryImageOfPage\":{\"@id\":\"https:\\\/\\\/modelermaxpro.com\\\/index.php\\\/product\\\/atom-20729-set-de-colores-tiger-i-1942-1945\\\/#primaryimage\"},\"image\":{\"@id\":\"https:\\\/\\\/modelermaxpro.com\\\/index.php\\\/product\\\/atom-20729-set-de-colores-tiger-i-1942-1945\\\/#primaryimage\"},\"thumbnailUrl\":\"https:\\\/\\\/modelermaxpro.com\\\/wp-content\\\/uploads\\\/2025\\\/03\\\/20729.jpg\",\"datePublished\":\"2025-03-28T11:39:47+00:00\",\"breadcrumb\":{\"@id\":\"https:\\\/\\\/modelermaxpro.com\\\/index.php\\\/product\\\/atom-20729-set-de-colores-tiger-i-1942-1945\\\/#breadcrumb\"},\"inLanguage\":\"es-AR\",\"potentialAction\":[{\"@type\":\"ReadAction\",\"target\":[\"https:\\\/\\\/modelermaxpro.com\\\/index.php\\\/product\\\/atom-20729-set-de-colores-tiger-i-1942-1945\\\/\"]}]},{\"@type\":\"ImageObject\",\"inLanguage\":\"es-AR\",\"@id\":\"https:\\\/\\\/modelermaxpro.com\\\/index.php\\\/product\\\/atom-20729-set-de-colores-tiger-i-1942-1945\\\/#primaryimage\",\"url\":\"https:\\\/\\\/modelermaxpro.com\\\/wp-content\\\/uploads\\\/2025\\\/03\\\/20729.jpg\",\"contentUrl\":\"https:\\\/\\\/modelermaxpro.com\\\/wp-content\\\/uploads\\\/2025\\\/03\\\/20729.jpg\",\"width\":800,\"height\":800},{\"@type\":\"BreadcrumbList\",\"@id\":\"https:\\\/\\\/modelermaxpro.com\\\/index.php\\\/product\\\/atom-20729-set-de-colores-tiger-i-1942-1945\\\/#breadcrumb\",\"itemListElement\":[{\"@type\":\"ListItem\",\"position\":1,\"name\":\"Inicio\",\"item\":\"https:\\\/\\\/modelermaxpro.com\\\/\"},{\"@type\":\"ListItem\",\"position\":2,\"name\":\"Shop\",\"item\":\"https:\\\/\\\/modelermaxpro.com\\\/index.php\\\/shop\\\/\"},{\"@type\":\"ListItem\",\"position\":3,\"name\":\"ATOM-20729 Set de Colores Tiger I (1942-1945)\"}]},{\"@type\":\"WebSite\",\"@id\":\"https:\\\/\\\/modelermaxpro.com\\\/#website\",\"url\":\"https:\\\/\\\/modelermaxpro.com\\\/\",\"name\":\"Modeler Max Pro\",\"description\":\"\",\"publisher\":{\"@id\":\"https:\\\/\\\/modelermaxpro.com\\\/#organization\"},\"potentialAction\":[{\"@type\":\"SearchAction\",\"target\":{\"@type\":\"EntryPoint\",\"urlTemplate\":\"https:\\\/\\\/modelermaxpro.com\\\/?s={search_term_string}\"},\"query-input\":{\"@type\":\"PropertyValueSpecification\",\"valueRequired\":true,\"valueName\":\"search_term_string\"}}],\"inLanguage\":\"es-AR\"},{\"@type\":\"Organization\",\"@id\":\"https:\\\/\\\/modelermaxpro.com\\\/#organization\",\"name\":\"Modeler Max Pro\",\"url\":\"https:\\\/\\\/modelermaxpro.com\\\/\",\"logo\":{\"@type\":\"ImageObject\",\"inLanguage\":\"es-AR\",\"@id\":\"https:\\\/\\\/modelermaxpro.com\\\/#\\\/schema\\\/logo\\\/image\\\/\",\"url\":\"https:\\\/\\\/modelermaxpro.com\\\/wp-content\\\/uploads\\\/2019\\\/11\\\/logos_Modeler-web_Mesa-de-trabajo-1_Mesa-de-trabajo-1.png\",\"contentUrl\":\"https:\\\/\\\/modelermaxpro.com\\\/wp-content\\\/uploads\\\/2019\\\/11\\\/logos_Modeler-web_Mesa-de-trabajo-1_Mesa-de-trabajo-1.png\",\"width\":322,\"height\":72,\"caption\":\"Modeler Max Pro\"},\"image\":{\"@id\":\"https:\\\/\\\/modelermaxpro.com\\\/#\\\/schema\\\/logo\\\/image\\\/\"}}]}<\/script>\n<!-- \/ Yoast SEO plugin. -->","yoast_head_json":{"title":"ATOM-20729 Set de Colores Tiger I (1942-1945) - Modeler Max Pro","robots":{"index":"index","follow":"follow","max-snippet":"max-snippet:-1","max-image-preview":"max-image-preview:large","max-video-preview":"max-video-preview:-1"},"canonical":"https:\/\/modelermaxpro.com\/index.php\/product\/atom-20729-set-de-colores-tiger-i-1942-1945\/","og_locale":"es_ES","og_type":"article","og_title":"ATOM-20729 Set de Colores Tiger I (1942-1945) - Modeler Max Pro","og_description":"Set de pinturas especialmente desarrollado para la decoraci\u00f3n de la familia de carros Tiger I y sus derivados Contiene 12 colores acr\u00edlicos de alta calidad especialmente pensados para disponer de todos los colores que se utilizaron en este carro de combate, as\u00ed como los veh\u00edculos derivados del mismo casco, como el Sturmtiger y el Bergetiger. [&hellip;]","og_url":"https:\/\/modelermaxpro.com\/index.php\/product\/atom-20729-set-de-colores-tiger-i-1942-1945\/","og_site_name":"Modeler Max Pro","og_image":[{"width":800,"height":800,"url":"https:\/\/modelermaxpro.com\/wp-content\/uploads\/2025\/03\/20729.jpg","type":"image\/jpeg"}],"twitter_card":"summary_large_image","twitter_misc":{"Tiempo de lectura":"2 minutos"},"schema":{"@context":"https:\/\/schema.org","@graph":[{"@type":"WebPage","@id":"https:\/\/modelermaxpro.com\/index.php\/product\/atom-20729-set-de-colores-tiger-i-1942-1945\/","url":"https:\/\/modelermaxpro.com\/index.php\/product\/atom-20729-set-de-colores-tiger-i-1942-1945\/","name":"ATOM-20729 Set de Colores Tiger I (1942-1945) - Modeler Max Pro","isPartOf":{"@id":"https:\/\/modelermaxpro.com\/#website"},"primaryImageOfPage":{"@id":"https:\/\/modelermaxpro.com\/index.php\/product\/atom-20729-set-de-colores-tiger-i-1942-1945\/#primaryimage"},"image":{"@id":"https:\/\/modelermaxpro.com\/index.php\/product\/atom-20729-set-de-colores-tiger-i-1942-1945\/#primaryimage"},"thumbnailUrl":"https:\/\/modelermaxpro.com\/wp-content\/uploads\/2025\/03\/20729.jpg","datePublished":"2025-03-28T11:39:47+00:00","breadcrumb":{"@id":"https:\/\/modelermaxpro.com\/index.php\/product\/atom-20729-set-de-colores-tiger-i-1942-1945\/#breadcrumb"},"inLanguage":"es-AR","potentialAction":[{"@type":"ReadAction","target":["https:\/\/modelermaxpro.com\/index.php\/product\/atom-20729-set-de-colores-tiger-i-1942-1945\/"]}]},{"@type":"ImageObject","inLanguage":"es-AR","@id":"https:\/\/modelermaxpro.com\/index.php\/product\/atom-20729-set-de-colores-tiger-i-1942-1945\/#primaryimage","url":"https:\/\/modelermaxpro.com\/wp-content\/uploads\/2025\/03\/20729.jpg","contentUrl":"https:\/\/modelermaxpro.com\/wp-content\/uploads\/2025\/03\/20729.jpg","width":800,"height":800},{"@type":"BreadcrumbList","@id":"https:\/\/modelermaxpro.com\/index.php\/product\/atom-20729-set-de-colores-tiger-i-1942-1945\/#breadcrumb","itemListElement":[{"@type":"ListItem","position":1,"name":"Inicio","item":"https:\/\/modelermaxpro.com\/"},{"@type":"ListItem","position":2,"name":"Shop","item":"https:\/\/modelermaxpro.com\/index.php\/shop\/"},{"@type":"ListItem","position":3,"name":"ATOM-20729 Set de Colores Tiger I (1942-1945)"}]},{"@type":"WebSite","@id":"https:\/\/modelermaxpro.com\/#website","url":"https:\/\/modelermaxpro.com\/","name":"Modeler Max Pro","description":"","publisher":{"@id":"https:\/\/modelermaxpro.com\/#organization"},"potentialAction":[{"@type":"SearchAction","target":{"@type":"EntryPoint","urlTemplate":"https:\/\/modelermaxpro.com\/?s={search_term_string}"},"query-input":{"@type":"PropertyValueSpecification","valueRequired":true,"valueName":"search_term_string"}}],"inLanguage":"es-AR"},{"@type":"Organization","@id":"https:\/\/modelermaxpro.com\/#organization","name":"Modeler Max Pro","url":"https:\/\/modelermaxpro.com\/","logo":{"@type":"ImageObject","inLanguage":"es-AR","@id":"https:\/\/modelermaxpro.com\/#\/schema\/logo\/image\/","url":"https:\/\/modelermaxpro.com\/wp-content\/uploads\/2019\/11\/logos_Modeler-web_Mesa-de-trabajo-1_Mesa-de-trabajo-1.png","contentUrl":"https:\/\/modelermaxpro.com\/wp-content\/uploads\/2019\/11\/logos_Modeler-web_Mesa-de-trabajo-1_Mesa-de-trabajo-1.png","width":322,"height":72,"caption":"Modeler Max Pro"},"image":{"@id":"https:\/\/modelermaxpro.com\/#\/schema\/logo\/image\/"}}]}},"_links":{"self":[{"href":"https:\/\/modelermaxpro.com\/index.php\/wp-json\/wp\/v2\/product\/10286","targetHints":{"allow":["GET"]}}],"collection":[{"href":"https:\/\/modelermaxpro.com\/index.php\/wp-json\/wp\/v2\/product"}],"about":[{"href":"https:\/\/modelermaxpro.com\/index.php\/wp-json\/wp\/v2\/types\/product"}],"wp:featuredmedia":[{"embeddable":true,"href":"https:\/\/modelermaxpro.com\/index.php\/wp-json\/wp\/v2\/media\/10287"}],"wp:attachment":[{"href":"https:\/\/modelermaxpro.com\/index.php\/wp-json\/wp\/v2\/media?parent=10286"}],"wp:term":[{"taxonomy":"product_brand","embeddable":true,"href":"https:\/\/modelermaxpro.com\/index.php\/wp-json\/wp\/v2\/product_brand?post=10286"},{"taxonomy":"product_cat","embeddable":true,"href":"https:\/\/modelermaxpro.com\/index.php\/wp-json\/wp\/v2\/product_cat?post=10286"},{"taxonomy":"product_tag","embeddable":true,"href":"https:\/\/modelermaxpro.com\/index.php\/wp-json\/wp\/v2\/product_tag?post=10286"}],"curies":[{"name":"wp","href":"https:\/\/api.w.org\/{rel}","templated":true}]}}