{"id":10325,"date":"2025-03-28T10:14:41","date_gmt":"2025-03-28T13:14:41","guid":{"rendered":"https:\/\/modelermaxpro.com\/?post_type=product&#038;p=10325"},"modified":"2025-03-28T10:14:41","modified_gmt":"2025-03-28T13:14:41","slug":"atom-20911-colores-de-la-luftwaffe-de-finales-de-la-segunda-guerra-mundial","status":"publish","type":"product","link":"https:\/\/modelermaxpro.com\/index.php\/product\/atom-20911-colores-de-la-luftwaffe-de-finales-de-la-segunda-guerra-mundial\/","title":{"rendered":"ATOM-20911 Colores de la Luftwaffe de Finales de la Segunda Guerra Mundial"},"content":{"rendered":"<p>En el oto\u00f1o de 1944, debido a la p\u00e9rdida de superioridad a\u00e9rea alemana frente a las fuerzas Aliadas, la Luftwaffe cambio los colores de sus aviones por tonos m\u00e1s verdes en las zonas superiores. De esta manera los aviones pod\u00edan pasar m\u00e1s desapercibidos al volar sobre los bosques europeos. Estos colores han sido motivo de gran controversia y han causado muchos quebraderos de cabeza a numerosos modelistas. Este set viene a solventar el problema con los colores adecuados sin necesidad de complejas mezclas. Los colores son exactos, aunque ligeramente aclarados para compensar el efecto escala de cualquier maqueta.<\/p>\n<p>Su f\u00f3rmula con base de agua hace que se comporte con todas las ventajas de una laca y ha sido optimizada para obtener el m\u00e1ximo rendimiento tanto a pincel como con aer\u00f3grafo. Es recomendable a\u00f1adir un 30 % de Diluyente y Limpiador (ATOM-20500) o Diluyente y Limpiador con Retardante (ATOM-20501). Entre sus caracter\u00edsticas \u00fanicas, destacan su autonivelaci\u00f3n, secado r\u00e1pido y su poder de cubrici\u00f3n, haci\u00e9ndola \u00fanica en el mercado. Adem\u00e1s, es extremadamente resistente, permitiendo usar sobre ella acr\u00edlicos, esmaltes o productos m\u00e1s agresivos, como los l\u00edquidos para calcas una vez que ha secado.<\/p>\n<p>Estos colores se presentan en un nuevo envase transparente de 20 ml con un nuevo tap\u00f3n que puede abrirse y cerrarse usando una sola mano. Esta pintura no es t\u00f3xica ni tiene olor.<\/p>\n<p>Si quieres saber m\u00e1s sobre la gama ATOM de pinturas, pulsa\u00a0<strong><a href=\"https:\/\/www.youtube.com\/playlist?list=PLVWDfKLIYU1cyYhKCs_ZksnCdj1OHGiNT\">AQU\u00cd<\/a><\/strong>.<\/p>\n<p><strong>El set contiene:\u00a0<\/strong><\/p>\n<ul>\n<li>ATOM-20065 PARDO OLIVA OSCURO<\/li>\n<li>ATOM-20077 DUNKELGR\u00dcN RLM 81<\/li>\n<li>ATOM-20075 HELLGR\u00dcN \/ VERDE CROMADO RLM82<\/li>\n<li>ATOM-20130 GRIS P\u00c1LIDO<\/li>\n<\/ul>\n","protected":false},"excerpt":{"rendered":"<p>En el oto\u00f1o de 1944, debido a la p\u00e9rdida de superioridad a\u00e9rea alemana frente a las fuerzas Aliadas, la Luftwaffe cambio los colores de sus aviones por tonos m\u00e1s verdes en las zonas superiores. De esta manera los aviones pod\u00edan pasar m\u00e1s desapercibidos al volar sobre los bosques europeos. Estos colores han sido motivo de [&hellip;]<\/p>\n","protected":false},"featured_media":10310,"template":"","meta":[],"product_brand":[],"product_cat":[46],"product_tag":[],"class_list":{"0":"post-10325","1":"product","2":"type-product","3":"status-publish","4":"has-post-thumbnail","6":"product_cat-sets","8":"first","9":"instock","10":"shipping-taxable","11":"product-type-simple"},"yoast_head":"<!-- This site is optimized with the Yoast SEO plugin v27.4 - https:\/\/yoast.com\/product\/yoast-seo-wordpress\/ -->\n<title>ATOM-20911 Colores de la Luftwaffe de Finales de la Segunda Guerra Mundial - Modeler Max Pro<\/title>\n<meta name=\"robots\" content=\"index, follow, max-snippet:-1, max-image-preview:large, max-video-preview:-1\" \/>\n<link rel=\"canonical\" href=\"https:\/\/modelermaxpro.com\/index.php\/product\/atom-20911-colores-de-la-luftwaffe-de-finales-de-la-segunda-guerra-mundial\/\" \/>\n<meta property=\"og:locale\" content=\"es_ES\" \/>\n<meta property=\"og:type\" content=\"article\" \/>\n<meta property=\"og:title\" content=\"ATOM-20911 Colores de la Luftwaffe de Finales de la Segunda Guerra Mundial - Modeler Max Pro\" \/>\n<meta property=\"og:description\" content=\"En el oto\u00f1o de 1944, debido a la p\u00e9rdida de superioridad a\u00e9rea alemana frente a las fuerzas Aliadas, la Luftwaffe cambio los colores de sus aviones por tonos m\u00e1s verdes en las zonas superiores. De esta manera los aviones pod\u00edan pasar m\u00e1s desapercibidos al volar sobre los bosques europeos. Estos colores han sido motivo de [&hellip;]\" \/>\n<meta property=\"og:url\" content=\"https:\/\/modelermaxpro.com\/index.php\/product\/atom-20911-colores-de-la-luftwaffe-de-finales-de-la-segunda-guerra-mundial\/\" \/>\n<meta property=\"og:site_name\" content=\"Modeler Max Pro\" \/>\n<meta property=\"og:image\" content=\"https:\/\/modelermaxpro.com\/wp-content\/uploads\/2025\/03\/20911.jpg\" \/>\n\t<meta property=\"og:image:width\" content=\"800\" \/>\n\t<meta property=\"og:image:height\" content=\"800\" \/>\n\t<meta property=\"og:image:type\" content=\"image\/jpeg\" \/>\n<meta name=\"twitter:card\" content=\"summary_large_image\" \/>\n<meta name=\"twitter:label1\" content=\"Tiempo de lectura\" \/>\n\t<meta name=\"twitter:data1\" content=\"2 minutos\" \/>\n<script type=\"application\/ld+json\" class=\"yoast-schema-graph\">{\"@context\":\"https:\\\/\\\/schema.org\",\"@graph\":[{\"@type\":\"WebPage\",\"@id\":\"https:\\\/\\\/modelermaxpro.com\\\/index.php\\\/product\\\/atom-20911-colores-de-la-luftwaffe-de-finales-de-la-segunda-guerra-mundial\\\/\",\"url\":\"https:\\\/\\\/modelermaxpro.com\\\/index.php\\\/product\\\/atom-20911-colores-de-la-luftwaffe-de-finales-de-la-segunda-guerra-mundial\\\/\",\"name\":\"ATOM-20911 Colores de la Luftwaffe de Finales de la Segunda Guerra Mundial - Modeler Max Pro\",\"isPartOf\":{\"@id\":\"https:\\\/\\\/modelermaxpro.com\\\/#website\"},\"primaryImageOfPage\":{\"@id\":\"https:\\\/\\\/modelermaxpro.com\\\/index.php\\\/product\\\/atom-20911-colores-de-la-luftwaffe-de-finales-de-la-segunda-guerra-mundial\\\/#primaryimage\"},\"image\":{\"@id\":\"https:\\\/\\\/modelermaxpro.com\\\/index.php\\\/product\\\/atom-20911-colores-de-la-luftwaffe-de-finales-de-la-segunda-guerra-mundial\\\/#primaryimage\"},\"thumbnailUrl\":\"https:\\\/\\\/modelermaxpro.com\\\/wp-content\\\/uploads\\\/2025\\\/03\\\/20911.jpg\",\"datePublished\":\"2025-03-28T13:14:41+00:00\",\"breadcrumb\":{\"@id\":\"https:\\\/\\\/modelermaxpro.com\\\/index.php\\\/product\\\/atom-20911-colores-de-la-luftwaffe-de-finales-de-la-segunda-guerra-mundial\\\/#breadcrumb\"},\"inLanguage\":\"es-AR\",\"potentialAction\":[{\"@type\":\"ReadAction\",\"target\":[\"https:\\\/\\\/modelermaxpro.com\\\/index.php\\\/product\\\/atom-20911-colores-de-la-luftwaffe-de-finales-de-la-segunda-guerra-mundial\\\/\"]}]},{\"@type\":\"ImageObject\",\"inLanguage\":\"es-AR\",\"@id\":\"https:\\\/\\\/modelermaxpro.com\\\/index.php\\\/product\\\/atom-20911-colores-de-la-luftwaffe-de-finales-de-la-segunda-guerra-mundial\\\/#primaryimage\",\"url\":\"https:\\\/\\\/modelermaxpro.com\\\/wp-content\\\/uploads\\\/2025\\\/03\\\/20911.jpg\",\"contentUrl\":\"https:\\\/\\\/modelermaxpro.com\\\/wp-content\\\/uploads\\\/2025\\\/03\\\/20911.jpg\",\"width\":800,\"height\":800},{\"@type\":\"BreadcrumbList\",\"@id\":\"https:\\\/\\\/modelermaxpro.com\\\/index.php\\\/product\\\/atom-20911-colores-de-la-luftwaffe-de-finales-de-la-segunda-guerra-mundial\\\/#breadcrumb\",\"itemListElement\":[{\"@type\":\"ListItem\",\"position\":1,\"name\":\"Inicio\",\"item\":\"https:\\\/\\\/modelermaxpro.com\\\/\"},{\"@type\":\"ListItem\",\"position\":2,\"name\":\"Shop\",\"item\":\"https:\\\/\\\/modelermaxpro.com\\\/index.php\\\/shop\\\/\"},{\"@type\":\"ListItem\",\"position\":3,\"name\":\"ATOM-20911 Colores de la Luftwaffe de Finales de la Segunda Guerra Mundial\"}]},{\"@type\":\"WebSite\",\"@id\":\"https:\\\/\\\/modelermaxpro.com\\\/#website\",\"url\":\"https:\\\/\\\/modelermaxpro.com\\\/\",\"name\":\"Modeler Max Pro\",\"description\":\"\",\"publisher\":{\"@id\":\"https:\\\/\\\/modelermaxpro.com\\\/#organization\"},\"potentialAction\":[{\"@type\":\"SearchAction\",\"target\":{\"@type\":\"EntryPoint\",\"urlTemplate\":\"https:\\\/\\\/modelermaxpro.com\\\/?s={search_term_string}\"},\"query-input\":{\"@type\":\"PropertyValueSpecification\",\"valueRequired\":true,\"valueName\":\"search_term_string\"}}],\"inLanguage\":\"es-AR\"},{\"@type\":\"Organization\",\"@id\":\"https:\\\/\\\/modelermaxpro.com\\\/#organization\",\"name\":\"Modeler Max Pro\",\"url\":\"https:\\\/\\\/modelermaxpro.com\\\/\",\"logo\":{\"@type\":\"ImageObject\",\"inLanguage\":\"es-AR\",\"@id\":\"https:\\\/\\\/modelermaxpro.com\\\/#\\\/schema\\\/logo\\\/image\\\/\",\"url\":\"https:\\\/\\\/modelermaxpro.com\\\/wp-content\\\/uploads\\\/2019\\\/11\\\/logos_Modeler-web_Mesa-de-trabajo-1_Mesa-de-trabajo-1.png\",\"contentUrl\":\"https:\\\/\\\/modelermaxpro.com\\\/wp-content\\\/uploads\\\/2019\\\/11\\\/logos_Modeler-web_Mesa-de-trabajo-1_Mesa-de-trabajo-1.png\",\"width\":322,\"height\":72,\"caption\":\"Modeler Max Pro\"},\"image\":{\"@id\":\"https:\\\/\\\/modelermaxpro.com\\\/#\\\/schema\\\/logo\\\/image\\\/\"}}]}<\/script>\n<!-- \/ Yoast SEO plugin. -->","yoast_head_json":{"title":"ATOM-20911 Colores de la Luftwaffe de Finales de la Segunda Guerra Mundial - Modeler Max Pro","robots":{"index":"index","follow":"follow","max-snippet":"max-snippet:-1","max-image-preview":"max-image-preview:large","max-video-preview":"max-video-preview:-1"},"canonical":"https:\/\/modelermaxpro.com\/index.php\/product\/atom-20911-colores-de-la-luftwaffe-de-finales-de-la-segunda-guerra-mundial\/","og_locale":"es_ES","og_type":"article","og_title":"ATOM-20911 Colores de la Luftwaffe de Finales de la Segunda Guerra Mundial - Modeler Max Pro","og_description":"En el oto\u00f1o de 1944, debido a la p\u00e9rdida de superioridad a\u00e9rea alemana frente a las fuerzas Aliadas, la Luftwaffe cambio los colores de sus aviones por tonos m\u00e1s verdes en las zonas superiores. De esta manera los aviones pod\u00edan pasar m\u00e1s desapercibidos al volar sobre los bosques europeos. Estos colores han sido motivo de [&hellip;]","og_url":"https:\/\/modelermaxpro.com\/index.php\/product\/atom-20911-colores-de-la-luftwaffe-de-finales-de-la-segunda-guerra-mundial\/","og_site_name":"Modeler Max Pro","og_image":[{"width":800,"height":800,"url":"https:\/\/modelermaxpro.com\/wp-content\/uploads\/2025\/03\/20911.jpg","type":"image\/jpeg"}],"twitter_card":"summary_large_image","twitter_misc":{"Tiempo de lectura":"2 minutos"},"schema":{"@context":"https:\/\/schema.org","@graph":[{"@type":"WebPage","@id":"https:\/\/modelermaxpro.com\/index.php\/product\/atom-20911-colores-de-la-luftwaffe-de-finales-de-la-segunda-guerra-mundial\/","url":"https:\/\/modelermaxpro.com\/index.php\/product\/atom-20911-colores-de-la-luftwaffe-de-finales-de-la-segunda-guerra-mundial\/","name":"ATOM-20911 Colores de la Luftwaffe de Finales de la Segunda Guerra Mundial - Modeler Max Pro","isPartOf":{"@id":"https:\/\/modelermaxpro.com\/#website"},"primaryImageOfPage":{"@id":"https:\/\/modelermaxpro.com\/index.php\/product\/atom-20911-colores-de-la-luftwaffe-de-finales-de-la-segunda-guerra-mundial\/#primaryimage"},"image":{"@id":"https:\/\/modelermaxpro.com\/index.php\/product\/atom-20911-colores-de-la-luftwaffe-de-finales-de-la-segunda-guerra-mundial\/#primaryimage"},"thumbnailUrl":"https:\/\/modelermaxpro.com\/wp-content\/uploads\/2025\/03\/20911.jpg","datePublished":"2025-03-28T13:14:41+00:00","breadcrumb":{"@id":"https:\/\/modelermaxpro.com\/index.php\/product\/atom-20911-colores-de-la-luftwaffe-de-finales-de-la-segunda-guerra-mundial\/#breadcrumb"},"inLanguage":"es-AR","potentialAction":[{"@type":"ReadAction","target":["https:\/\/modelermaxpro.com\/index.php\/product\/atom-20911-colores-de-la-luftwaffe-de-finales-de-la-segunda-guerra-mundial\/"]}]},{"@type":"ImageObject","inLanguage":"es-AR","@id":"https:\/\/modelermaxpro.com\/index.php\/product\/atom-20911-colores-de-la-luftwaffe-de-finales-de-la-segunda-guerra-mundial\/#primaryimage","url":"https:\/\/modelermaxpro.com\/wp-content\/uploads\/2025\/03\/20911.jpg","contentUrl":"https:\/\/modelermaxpro.com\/wp-content\/uploads\/2025\/03\/20911.jpg","width":800,"height":800},{"@type":"BreadcrumbList","@id":"https:\/\/modelermaxpro.com\/index.php\/product\/atom-20911-colores-de-la-luftwaffe-de-finales-de-la-segunda-guerra-mundial\/#breadcrumb","itemListElement":[{"@type":"ListItem","position":1,"name":"Inicio","item":"https:\/\/modelermaxpro.com\/"},{"@type":"ListItem","position":2,"name":"Shop","item":"https:\/\/modelermaxpro.com\/index.php\/shop\/"},{"@type":"ListItem","position":3,"name":"ATOM-20911 Colores de la Luftwaffe de Finales de la Segunda Guerra Mundial"}]},{"@type":"WebSite","@id":"https:\/\/modelermaxpro.com\/#website","url":"https:\/\/modelermaxpro.com\/","name":"Modeler Max Pro","description":"","publisher":{"@id":"https:\/\/modelermaxpro.com\/#organization"},"potentialAction":[{"@type":"SearchAction","target":{"@type":"EntryPoint","urlTemplate":"https:\/\/modelermaxpro.com\/?s={search_term_string}"},"query-input":{"@type":"PropertyValueSpecification","valueRequired":true,"valueName":"search_term_string"}}],"inLanguage":"es-AR"},{"@type":"Organization","@id":"https:\/\/modelermaxpro.com\/#organization","name":"Modeler Max Pro","url":"https:\/\/modelermaxpro.com\/","logo":{"@type":"ImageObject","inLanguage":"es-AR","@id":"https:\/\/modelermaxpro.com\/#\/schema\/logo\/image\/","url":"https:\/\/modelermaxpro.com\/wp-content\/uploads\/2019\/11\/logos_Modeler-web_Mesa-de-trabajo-1_Mesa-de-trabajo-1.png","contentUrl":"https:\/\/modelermaxpro.com\/wp-content\/uploads\/2019\/11\/logos_Modeler-web_Mesa-de-trabajo-1_Mesa-de-trabajo-1.png","width":322,"height":72,"caption":"Modeler Max Pro"},"image":{"@id":"https:\/\/modelermaxpro.com\/#\/schema\/logo\/image\/"}}]}},"_links":{"self":[{"href":"https:\/\/modelermaxpro.com\/index.php\/wp-json\/wp\/v2\/product\/10325","targetHints":{"allow":["GET"]}}],"collection":[{"href":"https:\/\/modelermaxpro.com\/index.php\/wp-json\/wp\/v2\/product"}],"about":[{"href":"https:\/\/modelermaxpro.com\/index.php\/wp-json\/wp\/v2\/types\/product"}],"wp:featuredmedia":[{"embeddable":true,"href":"https:\/\/modelermaxpro.com\/index.php\/wp-json\/wp\/v2\/media\/10310"}],"wp:attachment":[{"href":"https:\/\/modelermaxpro.com\/index.php\/wp-json\/wp\/v2\/media?parent=10325"}],"wp:term":[{"taxonomy":"product_brand","embeddable":true,"href":"https:\/\/modelermaxpro.com\/index.php\/wp-json\/wp\/v2\/product_brand?post=10325"},{"taxonomy":"product_cat","embeddable":true,"href":"https:\/\/modelermaxpro.com\/index.php\/wp-json\/wp\/v2\/product_cat?post=10325"},{"taxonomy":"product_tag","embeddable":true,"href":"https:\/\/modelermaxpro.com\/index.php\/wp-json\/wp\/v2\/product_tag?post=10325"}],"curies":[{"name":"wp","href":"https:\/\/api.w.org\/{rel}","templated":true}]}}