{"id":10326,"date":"2025-03-28T10:15:51","date_gmt":"2025-03-28T13:15:51","guid":{"rendered":"https:\/\/modelermaxpro.com\/?post_type=product&#038;p=10326"},"modified":"2025-03-28T10:15:52","modified_gmt":"2025-03-28T13:15:52","slug":"atom-20912-set-de-colores-del-desierto-de-la-luftwaffe","status":"publish","type":"product","link":"https:\/\/modelermaxpro.com\/index.php\/product\/atom-20912-set-de-colores-del-desierto-de-la-luftwaffe\/","title":{"rendered":"ATOM-20912 Set de Colores del Desierto de la Luftwaffe"},"content":{"rendered":"<p>Contiene 4 colores de pinturas acr\u00edlicas de alta calidad especialmente pensadas para representar los colores empleados por la Luftwaffe en las campa\u00f1as del desierto durante la Segunda Guerra Mundial. Con estos colores podremos pintar la mayor\u00eda de los aviones que actuaron en este teatro de operaciones, desde el conocido Bf 109F de Hans-Joachim Marseille a los menos habituales Hs 129, pasando por los Fw 190, He 111, etc. Este set resuelve los problemas a la hora de elegir los colores para nuestros modelos, ahorrando un tiempo valioso. Los tonos son exactos, aunque ligeramente aclarados para compensar el efecto de escala en cualquier maqueta.<\/p>\n<p>Las pinturas ATOM tienen una f\u00f3rmula con base al agua que se comporta con todas las ventajas de una laca y est\u00e1 optimizada para obtener el m\u00e1ximo rendimiento tanto a pincel como con aer\u00f3grafo.<\/p>\n<p>Entre sus caracter\u00edsticas, destacan su capacidad de auto nivelado, secado r\u00e1pido, y su poder de cubrici\u00f3n, haci\u00e9ndola \u00fanica en el mercado. Adem\u00e1s, es extremadamente resistente, permitiendo usar sobre ella acr\u00edlicos, lacas, esmaltes o productos m\u00e1s agresivos, como los l\u00edquidos para calcas.<\/p>\n<p>Se presentan en un nuevo envase transparente de 20 ml de capacidad con un c\u00f3modo tap\u00f3n de gotero vertical que puede abrirse y cerrarse con una sola mano. Esta pintura no es t\u00f3xica ni tiene olor.<\/p>\n<p>Puede aplicarse directamente del bote o diluida con el Diluyente ATOM-20500.<\/p>\n<p><strong>El set contiene:\u202f\u00a0<\/strong><\/p>\n<ul>\n<li>ATOM-20020 ATOM COLOR Gold Yellow<\/li>\n<li>ATOM-20024 ATOM COLOR Sandgelb RLM79<\/li>\n<li>ATOM-20126 ATOM COLOR Hellblau RLM78<\/li>\n<li>ATOM-20077 ATOM COLOR Dunkelgr\u00fcn RLM81<\/li>\n<\/ul>\n","protected":false},"excerpt":{"rendered":"<p>Contiene 4 colores de pinturas acr\u00edlicas de alta calidad especialmente pensadas para representar los colores empleados por la Luftwaffe en las campa\u00f1as del desierto durante la Segunda Guerra Mundial. Con estos colores podremos pintar la mayor\u00eda de los aviones que actuaron en este teatro de operaciones, desde el conocido Bf 109F de Hans-Joachim Marseille a [&hellip;]<\/p>\n","protected":false},"featured_media":10311,"template":"","meta":[],"product_brand":[],"product_cat":[46],"product_tag":[],"class_list":{"0":"post-10326","1":"product","2":"type-product","3":"status-publish","4":"has-post-thumbnail","6":"product_cat-sets","8":"first","9":"instock","10":"shipping-taxable","11":"product-type-simple"},"yoast_head":"<!-- This site is optimized with the Yoast SEO plugin v27.4 - https:\/\/yoast.com\/product\/yoast-seo-wordpress\/ -->\n<title>ATOM-20912 Set de Colores del Desierto de la Luftwaffe - Modeler Max Pro<\/title>\n<meta name=\"robots\" content=\"index, follow, max-snippet:-1, max-image-preview:large, max-video-preview:-1\" \/>\n<link rel=\"canonical\" href=\"https:\/\/modelermaxpro.com\/index.php\/product\/atom-20912-set-de-colores-del-desierto-de-la-luftwaffe\/\" \/>\n<meta property=\"og:locale\" content=\"es_ES\" \/>\n<meta property=\"og:type\" content=\"article\" \/>\n<meta property=\"og:title\" content=\"ATOM-20912 Set de Colores del Desierto de la Luftwaffe - Modeler Max Pro\" \/>\n<meta property=\"og:description\" content=\"Contiene 4 colores de pinturas acr\u00edlicas de alta calidad especialmente pensadas para representar los colores empleados por la Luftwaffe en las campa\u00f1as del desierto durante la Segunda Guerra Mundial. Con estos colores podremos pintar la mayor\u00eda de los aviones que actuaron en este teatro de operaciones, desde el conocido Bf 109F de Hans-Joachim Marseille a [&hellip;]\" \/>\n<meta property=\"og:url\" content=\"https:\/\/modelermaxpro.com\/index.php\/product\/atom-20912-set-de-colores-del-desierto-de-la-luftwaffe\/\" \/>\n<meta property=\"og:site_name\" content=\"Modeler Max Pro\" \/>\n<meta property=\"article:modified_time\" content=\"2025-03-28T13:15:52+00:00\" \/>\n<meta property=\"og:image\" content=\"https:\/\/modelermaxpro.com\/wp-content\/uploads\/2025\/03\/20912.jpg\" \/>\n\t<meta property=\"og:image:width\" content=\"800\" \/>\n\t<meta property=\"og:image:height\" content=\"800\" \/>\n\t<meta property=\"og:image:type\" content=\"image\/jpeg\" \/>\n<meta name=\"twitter:card\" content=\"summary_large_image\" \/>\n<meta name=\"twitter:label1\" content=\"Tiempo de lectura\" \/>\n\t<meta name=\"twitter:data1\" content=\"2 minutos\" \/>\n<script type=\"application\/ld+json\" class=\"yoast-schema-graph\">{\"@context\":\"https:\\\/\\\/schema.org\",\"@graph\":[{\"@type\":\"WebPage\",\"@id\":\"https:\\\/\\\/modelermaxpro.com\\\/index.php\\\/product\\\/atom-20912-set-de-colores-del-desierto-de-la-luftwaffe\\\/\",\"url\":\"https:\\\/\\\/modelermaxpro.com\\\/index.php\\\/product\\\/atom-20912-set-de-colores-del-desierto-de-la-luftwaffe\\\/\",\"name\":\"ATOM-20912 Set de Colores del Desierto de la Luftwaffe - Modeler Max Pro\",\"isPartOf\":{\"@id\":\"https:\\\/\\\/modelermaxpro.com\\\/#website\"},\"primaryImageOfPage\":{\"@id\":\"https:\\\/\\\/modelermaxpro.com\\\/index.php\\\/product\\\/atom-20912-set-de-colores-del-desierto-de-la-luftwaffe\\\/#primaryimage\"},\"image\":{\"@id\":\"https:\\\/\\\/modelermaxpro.com\\\/index.php\\\/product\\\/atom-20912-set-de-colores-del-desierto-de-la-luftwaffe\\\/#primaryimage\"},\"thumbnailUrl\":\"https:\\\/\\\/modelermaxpro.com\\\/wp-content\\\/uploads\\\/2025\\\/03\\\/20912.jpg\",\"datePublished\":\"2025-03-28T13:15:51+00:00\",\"dateModified\":\"2025-03-28T13:15:52+00:00\",\"breadcrumb\":{\"@id\":\"https:\\\/\\\/modelermaxpro.com\\\/index.php\\\/product\\\/atom-20912-set-de-colores-del-desierto-de-la-luftwaffe\\\/#breadcrumb\"},\"inLanguage\":\"es-AR\",\"potentialAction\":[{\"@type\":\"ReadAction\",\"target\":[\"https:\\\/\\\/modelermaxpro.com\\\/index.php\\\/product\\\/atom-20912-set-de-colores-del-desierto-de-la-luftwaffe\\\/\"]}]},{\"@type\":\"ImageObject\",\"inLanguage\":\"es-AR\",\"@id\":\"https:\\\/\\\/modelermaxpro.com\\\/index.php\\\/product\\\/atom-20912-set-de-colores-del-desierto-de-la-luftwaffe\\\/#primaryimage\",\"url\":\"https:\\\/\\\/modelermaxpro.com\\\/wp-content\\\/uploads\\\/2025\\\/03\\\/20912.jpg\",\"contentUrl\":\"https:\\\/\\\/modelermaxpro.com\\\/wp-content\\\/uploads\\\/2025\\\/03\\\/20912.jpg\",\"width\":800,\"height\":800},{\"@type\":\"BreadcrumbList\",\"@id\":\"https:\\\/\\\/modelermaxpro.com\\\/index.php\\\/product\\\/atom-20912-set-de-colores-del-desierto-de-la-luftwaffe\\\/#breadcrumb\",\"itemListElement\":[{\"@type\":\"ListItem\",\"position\":1,\"name\":\"Inicio\",\"item\":\"https:\\\/\\\/modelermaxpro.com\\\/\"},{\"@type\":\"ListItem\",\"position\":2,\"name\":\"Shop\",\"item\":\"https:\\\/\\\/modelermaxpro.com\\\/index.php\\\/shop\\\/\"},{\"@type\":\"ListItem\",\"position\":3,\"name\":\"ATOM-20912 Set de Colores del Desierto de la Luftwaffe\"}]},{\"@type\":\"WebSite\",\"@id\":\"https:\\\/\\\/modelermaxpro.com\\\/#website\",\"url\":\"https:\\\/\\\/modelermaxpro.com\\\/\",\"name\":\"Modeler Max Pro\",\"description\":\"\",\"publisher\":{\"@id\":\"https:\\\/\\\/modelermaxpro.com\\\/#organization\"},\"potentialAction\":[{\"@type\":\"SearchAction\",\"target\":{\"@type\":\"EntryPoint\",\"urlTemplate\":\"https:\\\/\\\/modelermaxpro.com\\\/?s={search_term_string}\"},\"query-input\":{\"@type\":\"PropertyValueSpecification\",\"valueRequired\":true,\"valueName\":\"search_term_string\"}}],\"inLanguage\":\"es-AR\"},{\"@type\":\"Organization\",\"@id\":\"https:\\\/\\\/modelermaxpro.com\\\/#organization\",\"name\":\"Modeler Max Pro\",\"url\":\"https:\\\/\\\/modelermaxpro.com\\\/\",\"logo\":{\"@type\":\"ImageObject\",\"inLanguage\":\"es-AR\",\"@id\":\"https:\\\/\\\/modelermaxpro.com\\\/#\\\/schema\\\/logo\\\/image\\\/\",\"url\":\"https:\\\/\\\/modelermaxpro.com\\\/wp-content\\\/uploads\\\/2019\\\/11\\\/logos_Modeler-web_Mesa-de-trabajo-1_Mesa-de-trabajo-1.png\",\"contentUrl\":\"https:\\\/\\\/modelermaxpro.com\\\/wp-content\\\/uploads\\\/2019\\\/11\\\/logos_Modeler-web_Mesa-de-trabajo-1_Mesa-de-trabajo-1.png\",\"width\":322,\"height\":72,\"caption\":\"Modeler Max Pro\"},\"image\":{\"@id\":\"https:\\\/\\\/modelermaxpro.com\\\/#\\\/schema\\\/logo\\\/image\\\/\"}}]}<\/script>\n<!-- \/ Yoast SEO plugin. -->","yoast_head_json":{"title":"ATOM-20912 Set de Colores del Desierto de la Luftwaffe - Modeler Max Pro","robots":{"index":"index","follow":"follow","max-snippet":"max-snippet:-1","max-image-preview":"max-image-preview:large","max-video-preview":"max-video-preview:-1"},"canonical":"https:\/\/modelermaxpro.com\/index.php\/product\/atom-20912-set-de-colores-del-desierto-de-la-luftwaffe\/","og_locale":"es_ES","og_type":"article","og_title":"ATOM-20912 Set de Colores del Desierto de la Luftwaffe - Modeler Max Pro","og_description":"Contiene 4 colores de pinturas acr\u00edlicas de alta calidad especialmente pensadas para representar los colores empleados por la Luftwaffe en las campa\u00f1as del desierto durante la Segunda Guerra Mundial. Con estos colores podremos pintar la mayor\u00eda de los aviones que actuaron en este teatro de operaciones, desde el conocido Bf 109F de Hans-Joachim Marseille a [&hellip;]","og_url":"https:\/\/modelermaxpro.com\/index.php\/product\/atom-20912-set-de-colores-del-desierto-de-la-luftwaffe\/","og_site_name":"Modeler Max Pro","article_modified_time":"2025-03-28T13:15:52+00:00","og_image":[{"width":800,"height":800,"url":"https:\/\/modelermaxpro.com\/wp-content\/uploads\/2025\/03\/20912.jpg","type":"image\/jpeg"}],"twitter_card":"summary_large_image","twitter_misc":{"Tiempo de lectura":"2 minutos"},"schema":{"@context":"https:\/\/schema.org","@graph":[{"@type":"WebPage","@id":"https:\/\/modelermaxpro.com\/index.php\/product\/atom-20912-set-de-colores-del-desierto-de-la-luftwaffe\/","url":"https:\/\/modelermaxpro.com\/index.php\/product\/atom-20912-set-de-colores-del-desierto-de-la-luftwaffe\/","name":"ATOM-20912 Set de Colores del Desierto de la Luftwaffe - Modeler Max Pro","isPartOf":{"@id":"https:\/\/modelermaxpro.com\/#website"},"primaryImageOfPage":{"@id":"https:\/\/modelermaxpro.com\/index.php\/product\/atom-20912-set-de-colores-del-desierto-de-la-luftwaffe\/#primaryimage"},"image":{"@id":"https:\/\/modelermaxpro.com\/index.php\/product\/atom-20912-set-de-colores-del-desierto-de-la-luftwaffe\/#primaryimage"},"thumbnailUrl":"https:\/\/modelermaxpro.com\/wp-content\/uploads\/2025\/03\/20912.jpg","datePublished":"2025-03-28T13:15:51+00:00","dateModified":"2025-03-28T13:15:52+00:00","breadcrumb":{"@id":"https:\/\/modelermaxpro.com\/index.php\/product\/atom-20912-set-de-colores-del-desierto-de-la-luftwaffe\/#breadcrumb"},"inLanguage":"es-AR","potentialAction":[{"@type":"ReadAction","target":["https:\/\/modelermaxpro.com\/index.php\/product\/atom-20912-set-de-colores-del-desierto-de-la-luftwaffe\/"]}]},{"@type":"ImageObject","inLanguage":"es-AR","@id":"https:\/\/modelermaxpro.com\/index.php\/product\/atom-20912-set-de-colores-del-desierto-de-la-luftwaffe\/#primaryimage","url":"https:\/\/modelermaxpro.com\/wp-content\/uploads\/2025\/03\/20912.jpg","contentUrl":"https:\/\/modelermaxpro.com\/wp-content\/uploads\/2025\/03\/20912.jpg","width":800,"height":800},{"@type":"BreadcrumbList","@id":"https:\/\/modelermaxpro.com\/index.php\/product\/atom-20912-set-de-colores-del-desierto-de-la-luftwaffe\/#breadcrumb","itemListElement":[{"@type":"ListItem","position":1,"name":"Inicio","item":"https:\/\/modelermaxpro.com\/"},{"@type":"ListItem","position":2,"name":"Shop","item":"https:\/\/modelermaxpro.com\/index.php\/shop\/"},{"@type":"ListItem","position":3,"name":"ATOM-20912 Set de Colores del Desierto de la Luftwaffe"}]},{"@type":"WebSite","@id":"https:\/\/modelermaxpro.com\/#website","url":"https:\/\/modelermaxpro.com\/","name":"Modeler Max Pro","description":"","publisher":{"@id":"https:\/\/modelermaxpro.com\/#organization"},"potentialAction":[{"@type":"SearchAction","target":{"@type":"EntryPoint","urlTemplate":"https:\/\/modelermaxpro.com\/?s={search_term_string}"},"query-input":{"@type":"PropertyValueSpecification","valueRequired":true,"valueName":"search_term_string"}}],"inLanguage":"es-AR"},{"@type":"Organization","@id":"https:\/\/modelermaxpro.com\/#organization","name":"Modeler Max Pro","url":"https:\/\/modelermaxpro.com\/","logo":{"@type":"ImageObject","inLanguage":"es-AR","@id":"https:\/\/modelermaxpro.com\/#\/schema\/logo\/image\/","url":"https:\/\/modelermaxpro.com\/wp-content\/uploads\/2019\/11\/logos_Modeler-web_Mesa-de-trabajo-1_Mesa-de-trabajo-1.png","contentUrl":"https:\/\/modelermaxpro.com\/wp-content\/uploads\/2019\/11\/logos_Modeler-web_Mesa-de-trabajo-1_Mesa-de-trabajo-1.png","width":322,"height":72,"caption":"Modeler Max Pro"},"image":{"@id":"https:\/\/modelermaxpro.com\/#\/schema\/logo\/image\/"}}]}},"_links":{"self":[{"href":"https:\/\/modelermaxpro.com\/index.php\/wp-json\/wp\/v2\/product\/10326","targetHints":{"allow":["GET"]}}],"collection":[{"href":"https:\/\/modelermaxpro.com\/index.php\/wp-json\/wp\/v2\/product"}],"about":[{"href":"https:\/\/modelermaxpro.com\/index.php\/wp-json\/wp\/v2\/types\/product"}],"wp:featuredmedia":[{"embeddable":true,"href":"https:\/\/modelermaxpro.com\/index.php\/wp-json\/wp\/v2\/media\/10311"}],"wp:attachment":[{"href":"https:\/\/modelermaxpro.com\/index.php\/wp-json\/wp\/v2\/media?parent=10326"}],"wp:term":[{"taxonomy":"product_brand","embeddable":true,"href":"https:\/\/modelermaxpro.com\/index.php\/wp-json\/wp\/v2\/product_brand?post=10326"},{"taxonomy":"product_cat","embeddable":true,"href":"https:\/\/modelermaxpro.com\/index.php\/wp-json\/wp\/v2\/product_cat?post=10326"},{"taxonomy":"product_tag","embeddable":true,"href":"https:\/\/modelermaxpro.com\/index.php\/wp-json\/wp\/v2\/product_tag?post=10326"}],"curies":[{"name":"wp","href":"https:\/\/api.w.org\/{rel}","templated":true}]}}