{"id":10618,"date":"2025-04-06T16:42:50","date_gmt":"2025-04-06T19:42:50","guid":{"rendered":"https:\/\/modelermaxpro.com\/?post_type=product&#038;p=10618"},"modified":"2026-03-17T08:59:01","modified_gmt":"2026-03-17T11:59:01","slug":"atom-20084-color-bright-green","status":"publish","type":"product","link":"https:\/\/modelermaxpro.com\/index.php\/product\/atom-20084-color-bright-green\/","title":{"rendered":"ATOM-20084 COLOR Bright Green"},"content":{"rendered":"<p>Su f\u00f3rmula con base de agua hace que, una vez aplicada, pueda retirarse simplemente humedeci\u00e9ndola con agua. No dejar transcurrir m\u00e1s de una hora antes de retirarla con un pincel. Ha sido optimizada para obtener el m\u00e1ximo rendimiento tanto si la usamos a pincel como con aer\u00f3grafo. Con ella, podremos simular el efecto de pintura levantada o da\u00f1ada por el uso, paso del tiempo o las condiciones meteorol\u00f3gicas. Transcurridas 24 horas, es extremadamente resistente, permitiendo utilizar sobre ella acr\u00edlicos, esmaltes, lacas o productos m\u00e1s agresivos, como los l\u00edquidos para calcas.<\/p>\n<p>Cuenta con un nuevo envase transparente que nos ofrece 20ml de capacidad y un nuevo tap\u00f3n que podemos abrir y cerrar usando una sola mano. Esta pintura no es t\u00f3xica ni tiene olor.<\/p>\n<p>&nbsp;<\/p>\n<p>Si quieres saber m\u00e1s sobre la gama ATOM de pinturas, pulsa\u00a0<a href=\"https:\/\/www.youtube.com\/playlist?list=PLVWDfKLIYU1cyYhKCs_ZksnCdj1OHGiNT\" target=\"_blank\" rel=\"noreferrer noopener\"><strong>AQUI<\/strong><\/a>.<\/p>\n","protected":false},"excerpt":{"rendered":"<p>Su f\u00f3rmula con base de agua hace que, una vez aplicada, pueda retirarse simplemente humedeci\u00e9ndola con agua. No dejar transcurrir m\u00e1s de una hora antes de retirarla con un pincel. Ha sido optimizada para obtener el m\u00e1ximo rendimiento tanto si la usamos a pincel como con aer\u00f3grafo. Con ella, podremos simular el efecto de pintura [&hellip;]<\/p>\n","protected":false},"featured_media":10516,"template":"","meta":[],"product_brand":[],"product_cat":[204],"product_tag":[],"class_list":{"0":"post-10618","1":"product","2":"type-product","3":"status-publish","4":"has-post-thumbnail","6":"product_cat-pinturas-atom","8":"first","9":"instock","10":"shipping-taxable","11":"purchasable","12":"product-type-simple"},"yoast_head":"<!-- This site is optimized with the Yoast SEO plugin v27.4 - https:\/\/yoast.com\/product\/yoast-seo-wordpress\/ -->\n<title>ATOM-20084 COLOR Bright Green - Modeler Max Pro<\/title>\n<meta name=\"robots\" content=\"index, follow, max-snippet:-1, max-image-preview:large, max-video-preview:-1\" \/>\n<link rel=\"canonical\" href=\"https:\/\/modelermaxpro.com\/index.php\/product\/atom-20084-color-bright-green\/\" \/>\n<meta property=\"og:locale\" content=\"es_ES\" \/>\n<meta property=\"og:type\" content=\"article\" \/>\n<meta property=\"og:title\" content=\"ATOM-20084 COLOR Bright Green - Modeler Max Pro\" \/>\n<meta property=\"og:description\" content=\"Su f\u00f3rmula con base de agua hace que, una vez aplicada, pueda retirarse simplemente humedeci\u00e9ndola con agua. No dejar transcurrir m\u00e1s de una hora antes de retirarla con un pincel. Ha sido optimizada para obtener el m\u00e1ximo rendimiento tanto si la usamos a pincel como con aer\u00f3grafo. Con ella, podremos simular el efecto de pintura [&hellip;]\" \/>\n<meta property=\"og:url\" content=\"https:\/\/modelermaxpro.com\/index.php\/product\/atom-20084-color-bright-green\/\" \/>\n<meta property=\"og:site_name\" content=\"Modeler Max Pro\" \/>\n<meta property=\"article:modified_time\" content=\"2026-03-17T11:59:01+00:00\" \/>\n<meta property=\"og:image\" content=\"https:\/\/modelermaxpro.com\/wp-content\/uploads\/2025\/04\/ATOM-20084_Bright-Green.jpg\" \/>\n\t<meta property=\"og:image:width\" content=\"800\" \/>\n\t<meta property=\"og:image:height\" content=\"800\" \/>\n\t<meta property=\"og:image:type\" content=\"image\/jpeg\" \/>\n<meta name=\"twitter:card\" content=\"summary_large_image\" \/>\n<meta name=\"twitter:label1\" content=\"Tiempo de lectura\" \/>\n\t<meta name=\"twitter:data1\" content=\"1 minuto\" \/>\n<script type=\"application\/ld+json\" class=\"yoast-schema-graph\">{\"@context\":\"https:\\\/\\\/schema.org\",\"@graph\":[{\"@type\":\"WebPage\",\"@id\":\"https:\\\/\\\/modelermaxpro.com\\\/index.php\\\/product\\\/atom-20084-color-bright-green\\\/\",\"url\":\"https:\\\/\\\/modelermaxpro.com\\\/index.php\\\/product\\\/atom-20084-color-bright-green\\\/\",\"name\":\"ATOM-20084 COLOR Bright Green - Modeler Max Pro\",\"isPartOf\":{\"@id\":\"https:\\\/\\\/modelermaxpro.com\\\/#website\"},\"primaryImageOfPage\":{\"@id\":\"https:\\\/\\\/modelermaxpro.com\\\/index.php\\\/product\\\/atom-20084-color-bright-green\\\/#primaryimage\"},\"image\":{\"@id\":\"https:\\\/\\\/modelermaxpro.com\\\/index.php\\\/product\\\/atom-20084-color-bright-green\\\/#primaryimage\"},\"thumbnailUrl\":\"https:\\\/\\\/modelermaxpro.com\\\/wp-content\\\/uploads\\\/2025\\\/04\\\/ATOM-20084_Bright-Green.jpg\",\"datePublished\":\"2025-04-06T19:42:50+00:00\",\"dateModified\":\"2026-03-17T11:59:01+00:00\",\"breadcrumb\":{\"@id\":\"https:\\\/\\\/modelermaxpro.com\\\/index.php\\\/product\\\/atom-20084-color-bright-green\\\/#breadcrumb\"},\"inLanguage\":\"es-AR\",\"potentialAction\":[{\"@type\":\"ReadAction\",\"target\":[\"https:\\\/\\\/modelermaxpro.com\\\/index.php\\\/product\\\/atom-20084-color-bright-green\\\/\"]}]},{\"@type\":\"ImageObject\",\"inLanguage\":\"es-AR\",\"@id\":\"https:\\\/\\\/modelermaxpro.com\\\/index.php\\\/product\\\/atom-20084-color-bright-green\\\/#primaryimage\",\"url\":\"https:\\\/\\\/modelermaxpro.com\\\/wp-content\\\/uploads\\\/2025\\\/04\\\/ATOM-20084_Bright-Green.jpg\",\"contentUrl\":\"https:\\\/\\\/modelermaxpro.com\\\/wp-content\\\/uploads\\\/2025\\\/04\\\/ATOM-20084_Bright-Green.jpg\",\"width\":800,\"height\":800},{\"@type\":\"BreadcrumbList\",\"@id\":\"https:\\\/\\\/modelermaxpro.com\\\/index.php\\\/product\\\/atom-20084-color-bright-green\\\/#breadcrumb\",\"itemListElement\":[{\"@type\":\"ListItem\",\"position\":1,\"name\":\"Inicio\",\"item\":\"https:\\\/\\\/modelermaxpro.com\\\/\"},{\"@type\":\"ListItem\",\"position\":2,\"name\":\"Shop\",\"item\":\"https:\\\/\\\/modelermaxpro.com\\\/index.php\\\/shop\\\/\"},{\"@type\":\"ListItem\",\"position\":3,\"name\":\"ATOM-20084 COLOR Bright Green\"}]},{\"@type\":\"WebSite\",\"@id\":\"https:\\\/\\\/modelermaxpro.com\\\/#website\",\"url\":\"https:\\\/\\\/modelermaxpro.com\\\/\",\"name\":\"Modeler Max Pro\",\"description\":\"\",\"publisher\":{\"@id\":\"https:\\\/\\\/modelermaxpro.com\\\/#organization\"},\"potentialAction\":[{\"@type\":\"SearchAction\",\"target\":{\"@type\":\"EntryPoint\",\"urlTemplate\":\"https:\\\/\\\/modelermaxpro.com\\\/?s={search_term_string}\"},\"query-input\":{\"@type\":\"PropertyValueSpecification\",\"valueRequired\":true,\"valueName\":\"search_term_string\"}}],\"inLanguage\":\"es-AR\"},{\"@type\":\"Organization\",\"@id\":\"https:\\\/\\\/modelermaxpro.com\\\/#organization\",\"name\":\"Modeler Max Pro\",\"url\":\"https:\\\/\\\/modelermaxpro.com\\\/\",\"logo\":{\"@type\":\"ImageObject\",\"inLanguage\":\"es-AR\",\"@id\":\"https:\\\/\\\/modelermaxpro.com\\\/#\\\/schema\\\/logo\\\/image\\\/\",\"url\":\"https:\\\/\\\/modelermaxpro.com\\\/wp-content\\\/uploads\\\/2019\\\/11\\\/logos_Modeler-web_Mesa-de-trabajo-1_Mesa-de-trabajo-1.png\",\"contentUrl\":\"https:\\\/\\\/modelermaxpro.com\\\/wp-content\\\/uploads\\\/2019\\\/11\\\/logos_Modeler-web_Mesa-de-trabajo-1_Mesa-de-trabajo-1.png\",\"width\":322,\"height\":72,\"caption\":\"Modeler Max Pro\"},\"image\":{\"@id\":\"https:\\\/\\\/modelermaxpro.com\\\/#\\\/schema\\\/logo\\\/image\\\/\"}}]}<\/script>\n<!-- \/ Yoast SEO plugin. -->","yoast_head_json":{"title":"ATOM-20084 COLOR Bright Green - Modeler Max Pro","robots":{"index":"index","follow":"follow","max-snippet":"max-snippet:-1","max-image-preview":"max-image-preview:large","max-video-preview":"max-video-preview:-1"},"canonical":"https:\/\/modelermaxpro.com\/index.php\/product\/atom-20084-color-bright-green\/","og_locale":"es_ES","og_type":"article","og_title":"ATOM-20084 COLOR Bright Green - Modeler Max Pro","og_description":"Su f\u00f3rmula con base de agua hace que, una vez aplicada, pueda retirarse simplemente humedeci\u00e9ndola con agua. No dejar transcurrir m\u00e1s de una hora antes de retirarla con un pincel. Ha sido optimizada para obtener el m\u00e1ximo rendimiento tanto si la usamos a pincel como con aer\u00f3grafo. Con ella, podremos simular el efecto de pintura [&hellip;]","og_url":"https:\/\/modelermaxpro.com\/index.php\/product\/atom-20084-color-bright-green\/","og_site_name":"Modeler Max Pro","article_modified_time":"2026-03-17T11:59:01+00:00","og_image":[{"width":800,"height":800,"url":"https:\/\/modelermaxpro.com\/wp-content\/uploads\/2025\/04\/ATOM-20084_Bright-Green.jpg","type":"image\/jpeg"}],"twitter_card":"summary_large_image","twitter_misc":{"Tiempo de lectura":"1 minuto"},"schema":{"@context":"https:\/\/schema.org","@graph":[{"@type":"WebPage","@id":"https:\/\/modelermaxpro.com\/index.php\/product\/atom-20084-color-bright-green\/","url":"https:\/\/modelermaxpro.com\/index.php\/product\/atom-20084-color-bright-green\/","name":"ATOM-20084 COLOR Bright Green - Modeler Max Pro","isPartOf":{"@id":"https:\/\/modelermaxpro.com\/#website"},"primaryImageOfPage":{"@id":"https:\/\/modelermaxpro.com\/index.php\/product\/atom-20084-color-bright-green\/#primaryimage"},"image":{"@id":"https:\/\/modelermaxpro.com\/index.php\/product\/atom-20084-color-bright-green\/#primaryimage"},"thumbnailUrl":"https:\/\/modelermaxpro.com\/wp-content\/uploads\/2025\/04\/ATOM-20084_Bright-Green.jpg","datePublished":"2025-04-06T19:42:50+00:00","dateModified":"2026-03-17T11:59:01+00:00","breadcrumb":{"@id":"https:\/\/modelermaxpro.com\/index.php\/product\/atom-20084-color-bright-green\/#breadcrumb"},"inLanguage":"es-AR","potentialAction":[{"@type":"ReadAction","target":["https:\/\/modelermaxpro.com\/index.php\/product\/atom-20084-color-bright-green\/"]}]},{"@type":"ImageObject","inLanguage":"es-AR","@id":"https:\/\/modelermaxpro.com\/index.php\/product\/atom-20084-color-bright-green\/#primaryimage","url":"https:\/\/modelermaxpro.com\/wp-content\/uploads\/2025\/04\/ATOM-20084_Bright-Green.jpg","contentUrl":"https:\/\/modelermaxpro.com\/wp-content\/uploads\/2025\/04\/ATOM-20084_Bright-Green.jpg","width":800,"height":800},{"@type":"BreadcrumbList","@id":"https:\/\/modelermaxpro.com\/index.php\/product\/atom-20084-color-bright-green\/#breadcrumb","itemListElement":[{"@type":"ListItem","position":1,"name":"Inicio","item":"https:\/\/modelermaxpro.com\/"},{"@type":"ListItem","position":2,"name":"Shop","item":"https:\/\/modelermaxpro.com\/index.php\/shop\/"},{"@type":"ListItem","position":3,"name":"ATOM-20084 COLOR Bright Green"}]},{"@type":"WebSite","@id":"https:\/\/modelermaxpro.com\/#website","url":"https:\/\/modelermaxpro.com\/","name":"Modeler Max Pro","description":"","publisher":{"@id":"https:\/\/modelermaxpro.com\/#organization"},"potentialAction":[{"@type":"SearchAction","target":{"@type":"EntryPoint","urlTemplate":"https:\/\/modelermaxpro.com\/?s={search_term_string}"},"query-input":{"@type":"PropertyValueSpecification","valueRequired":true,"valueName":"search_term_string"}}],"inLanguage":"es-AR"},{"@type":"Organization","@id":"https:\/\/modelermaxpro.com\/#organization","name":"Modeler Max Pro","url":"https:\/\/modelermaxpro.com\/","logo":{"@type":"ImageObject","inLanguage":"es-AR","@id":"https:\/\/modelermaxpro.com\/#\/schema\/logo\/image\/","url":"https:\/\/modelermaxpro.com\/wp-content\/uploads\/2019\/11\/logos_Modeler-web_Mesa-de-trabajo-1_Mesa-de-trabajo-1.png","contentUrl":"https:\/\/modelermaxpro.com\/wp-content\/uploads\/2019\/11\/logos_Modeler-web_Mesa-de-trabajo-1_Mesa-de-trabajo-1.png","width":322,"height":72,"caption":"Modeler Max Pro"},"image":{"@id":"https:\/\/modelermaxpro.com\/#\/schema\/logo\/image\/"}}]}},"_links":{"self":[{"href":"https:\/\/modelermaxpro.com\/index.php\/wp-json\/wp\/v2\/product\/10618","targetHints":{"allow":["GET"]}}],"collection":[{"href":"https:\/\/modelermaxpro.com\/index.php\/wp-json\/wp\/v2\/product"}],"about":[{"href":"https:\/\/modelermaxpro.com\/index.php\/wp-json\/wp\/v2\/types\/product"}],"wp:featuredmedia":[{"embeddable":true,"href":"https:\/\/modelermaxpro.com\/index.php\/wp-json\/wp\/v2\/media\/10516"}],"wp:attachment":[{"href":"https:\/\/modelermaxpro.com\/index.php\/wp-json\/wp\/v2\/media?parent=10618"}],"wp:term":[{"taxonomy":"product_brand","embeddable":true,"href":"https:\/\/modelermaxpro.com\/index.php\/wp-json\/wp\/v2\/product_brand?post=10618"},{"taxonomy":"product_cat","embeddable":true,"href":"https:\/\/modelermaxpro.com\/index.php\/wp-json\/wp\/v2\/product_cat?post=10618"},{"taxonomy":"product_tag","embeddable":true,"href":"https:\/\/modelermaxpro.com\/index.php\/wp-json\/wp\/v2\/product_tag?post=10618"}],"curies":[{"name":"wp","href":"https:\/\/api.w.org\/{rel}","templated":true}]}}