{"id":111,"date":"2018-10-30T08:50:36","date_gmt":"2018-10-30T11:50:36","guid":{"rendered":"https:\/\/modelermaxpro.com\/?post_type=product&#038;p=111"},"modified":"2025-06-09T15:24:10","modified_gmt":"2025-06-09T18:24:10","slug":"metal-quemado-para-tubos-de-escapes-187","status":"publish","type":"product","link":"https:\/\/modelermaxpro.com\/index.php\/product\/metal-quemado-para-tubos-de-escapes-187\/","title":{"rendered":"METAL QUEMADO PARA TUBOS DE ESCAPES &#8211; 0187"},"content":{"rendered":"<p><label for=\"product_reference\">Referencia:\u00a0<\/label><span class=\"editable\">AMIG0187<\/span><\/p>\n<p>&nbsp;<\/p>\n","protected":false},"excerpt":{"rendered":"<p>El calor en superficies met\u00e1licas, como tubos de escape, motores o toberas de aviones, crea un aspecto muy caracter\u00edstico. Este color met\u00e1lico recrea con precisi\u00f3n este efecto de manera realista, haci\u00e9ndolo esencial para veh\u00edculos militares, aviones, Mechas, \u00a0veh\u00edculos civiles y mucho m\u00e1s. Se recomienda usar en combinaci\u00f3n con otros colores AMMO acr\u00edlicos met\u00e1licos para crear una variedad de efectos de metal.\u00a0Color real con una f\u00f3rmula optimizada para obtener el m\u00e1ximo rendimiento con pincel y con aer\u00f3grafo para conseguir el color adecuado en nuestras maquetas. Cada bote incluye un agitador de acero inoxidable para facilitar una mezcla m\u00e1s r\u00e1pida y homog\u00e9nea. Presentaci\u00f3n en botes de 17mL. Soluble en agua, sin olor y no t\u00f3xico. Agite bien antes de cada uso. Recomendamos A.MIG-2000 Acrylic Thinner para una correcta disoluci\u00f3n. Secado completo en 24h.<\/p>\n<p><label for=\"product_reference\">\u00a0<\/label><\/p>\n","protected":false},"featured_media":112,"template":"","meta":[],"product_brand":[],"product_cat":[17,54,60],"product_tag":[21],"class_list":{"0":"post-111","1":"product","2":"type-product","3":"status-publish","4":"has-post-thumbnail","6":"product_cat-acrilico","7":"product_cat-metal-acrylics","8":"product_cat-acrylic-paints","9":"product_tag-metalicos","11":"first","12":"outofstock","13":"sale","14":"shipping-taxable","15":"purchasable","16":"product-type-simple"},"yoast_head":"<!-- This site is optimized with the Yoast SEO plugin v27.4 - https:\/\/yoast.com\/product\/yoast-seo-wordpress\/ -->\n<title>METAL QUEMADO PARA TUBOS DE ESCAPES - 0187 - Modeler Max Pro<\/title>\n<meta name=\"robots\" content=\"index, follow, max-snippet:-1, max-image-preview:large, max-video-preview:-1\" \/>\n<link rel=\"canonical\" href=\"https:\/\/modelermaxpro.com\/index.php\/product\/metal-quemado-para-tubos-de-escapes-187\/\" \/>\n<meta property=\"og:locale\" content=\"es_ES\" \/>\n<meta property=\"og:type\" content=\"article\" \/>\n<meta property=\"og:title\" content=\"METAL QUEMADO PARA TUBOS DE ESCAPES - 0187 - Modeler Max Pro\" \/>\n<meta property=\"og:description\" content=\"El calor en superficies met\u00e1licas, como tubos de escape, motores o toberas de aviones, crea un aspecto muy caracter\u00edstico. Este color met\u00e1lico recrea con precisi\u00f3n este efecto de manera realista, haci\u00e9ndolo esencial para veh\u00edculos militares, aviones, Mechas, \u00a0veh\u00edculos civiles y mucho m\u00e1s. Se recomienda usar en combinaci\u00f3n con otros colores AMMO acr\u00edlicos met\u00e1licos para crear una variedad de efectos de metal.\u00a0Color real con una f\u00f3rmula optimizada para obtener el m\u00e1ximo rendimiento con pincel y con aer\u00f3grafo para conseguir el color adecuado en nuestras maquetas. Cada bote incluye un agitador de acero inoxidable para facilitar una mezcla m\u00e1s r\u00e1pida y homog\u00e9nea. Presentaci\u00f3n en botes de 17mL. Soluble en agua, sin olor y no t\u00f3xico. Agite bien antes de cada uso. Recomendamos A.MIG-2000 Acrylic Thinner para una correcta disoluci\u00f3n. Secado completo en 24h.  \u00a0\" \/>\n<meta property=\"og:url\" content=\"https:\/\/modelermaxpro.com\/index.php\/product\/metal-quemado-para-tubos-de-escapes-187\/\" \/>\n<meta property=\"og:site_name\" content=\"Modeler Max Pro\" \/>\n<meta property=\"article:modified_time\" content=\"2025-06-09T18:24:10+00:00\" \/>\n<meta property=\"og:image\" content=\"https:\/\/modelermaxpro.com\/wp-content\/uploads\/2018\/10\/A.MIG-0187-1.jpg\" \/>\n\t<meta property=\"og:image:width\" content=\"800\" \/>\n\t<meta property=\"og:image:height\" content=\"800\" \/>\n\t<meta property=\"og:image:type\" content=\"image\/jpeg\" \/>\n<meta name=\"twitter:card\" content=\"summary_large_image\" \/>\n<script type=\"application\/ld+json\" class=\"yoast-schema-graph\">{\"@context\":\"https:\\\/\\\/schema.org\",\"@graph\":[{\"@type\":\"WebPage\",\"@id\":\"https:\\\/\\\/modelermaxpro.com\\\/index.php\\\/product\\\/metal-quemado-para-tubos-de-escapes-187\\\/\",\"url\":\"https:\\\/\\\/modelermaxpro.com\\\/index.php\\\/product\\\/metal-quemado-para-tubos-de-escapes-187\\\/\",\"name\":\"METAL QUEMADO PARA TUBOS DE ESCAPES - 0187 - Modeler Max Pro\",\"isPartOf\":{\"@id\":\"https:\\\/\\\/modelermaxpro.com\\\/#website\"},\"primaryImageOfPage\":{\"@id\":\"https:\\\/\\\/modelermaxpro.com\\\/index.php\\\/product\\\/metal-quemado-para-tubos-de-escapes-187\\\/#primaryimage\"},\"image\":{\"@id\":\"https:\\\/\\\/modelermaxpro.com\\\/index.php\\\/product\\\/metal-quemado-para-tubos-de-escapes-187\\\/#primaryimage\"},\"thumbnailUrl\":\"https:\\\/\\\/modelermaxpro.com\\\/wp-content\\\/uploads\\\/2018\\\/10\\\/A.MIG-0187-1.jpg\",\"datePublished\":\"2018-10-30T11:50:36+00:00\",\"dateModified\":\"2025-06-09T18:24:10+00:00\",\"breadcrumb\":{\"@id\":\"https:\\\/\\\/modelermaxpro.com\\\/index.php\\\/product\\\/metal-quemado-para-tubos-de-escapes-187\\\/#breadcrumb\"},\"inLanguage\":\"es-AR\",\"potentialAction\":[{\"@type\":\"ReadAction\",\"target\":[\"https:\\\/\\\/modelermaxpro.com\\\/index.php\\\/product\\\/metal-quemado-para-tubos-de-escapes-187\\\/\"]}]},{\"@type\":\"ImageObject\",\"inLanguage\":\"es-AR\",\"@id\":\"https:\\\/\\\/modelermaxpro.com\\\/index.php\\\/product\\\/metal-quemado-para-tubos-de-escapes-187\\\/#primaryimage\",\"url\":\"https:\\\/\\\/modelermaxpro.com\\\/wp-content\\\/uploads\\\/2018\\\/10\\\/A.MIG-0187-1.jpg\",\"contentUrl\":\"https:\\\/\\\/modelermaxpro.com\\\/wp-content\\\/uploads\\\/2018\\\/10\\\/A.MIG-0187-1.jpg\",\"width\":800,\"height\":800},{\"@type\":\"BreadcrumbList\",\"@id\":\"https:\\\/\\\/modelermaxpro.com\\\/index.php\\\/product\\\/metal-quemado-para-tubos-de-escapes-187\\\/#breadcrumb\",\"itemListElement\":[{\"@type\":\"ListItem\",\"position\":1,\"name\":\"Inicio\",\"item\":\"https:\\\/\\\/modelermaxpro.com\\\/\"},{\"@type\":\"ListItem\",\"position\":2,\"name\":\"Shop\",\"item\":\"https:\\\/\\\/modelermaxpro.com\\\/index.php\\\/shop\\\/\"},{\"@type\":\"ListItem\",\"position\":3,\"name\":\"METAL QUEMADO PARA TUBOS DE ESCAPES &#8211; 0187\"}]},{\"@type\":\"WebSite\",\"@id\":\"https:\\\/\\\/modelermaxpro.com\\\/#website\",\"url\":\"https:\\\/\\\/modelermaxpro.com\\\/\",\"name\":\"Modeler Max Pro\",\"description\":\"\",\"publisher\":{\"@id\":\"https:\\\/\\\/modelermaxpro.com\\\/#organization\"},\"potentialAction\":[{\"@type\":\"SearchAction\",\"target\":{\"@type\":\"EntryPoint\",\"urlTemplate\":\"https:\\\/\\\/modelermaxpro.com\\\/?s={search_term_string}\"},\"query-input\":{\"@type\":\"PropertyValueSpecification\",\"valueRequired\":true,\"valueName\":\"search_term_string\"}}],\"inLanguage\":\"es-AR\"},{\"@type\":\"Organization\",\"@id\":\"https:\\\/\\\/modelermaxpro.com\\\/#organization\",\"name\":\"Modeler Max Pro\",\"url\":\"https:\\\/\\\/modelermaxpro.com\\\/\",\"logo\":{\"@type\":\"ImageObject\",\"inLanguage\":\"es-AR\",\"@id\":\"https:\\\/\\\/modelermaxpro.com\\\/#\\\/schema\\\/logo\\\/image\\\/\",\"url\":\"https:\\\/\\\/modelermaxpro.com\\\/wp-content\\\/uploads\\\/2019\\\/11\\\/logos_Modeler-web_Mesa-de-trabajo-1_Mesa-de-trabajo-1.png\",\"contentUrl\":\"https:\\\/\\\/modelermaxpro.com\\\/wp-content\\\/uploads\\\/2019\\\/11\\\/logos_Modeler-web_Mesa-de-trabajo-1_Mesa-de-trabajo-1.png\",\"width\":322,\"height\":72,\"caption\":\"Modeler Max Pro\"},\"image\":{\"@id\":\"https:\\\/\\\/modelermaxpro.com\\\/#\\\/schema\\\/logo\\\/image\\\/\"}}]}<\/script>\n<!-- \/ Yoast SEO plugin. -->","yoast_head_json":{"title":"METAL QUEMADO PARA TUBOS DE ESCAPES - 0187 - Modeler Max Pro","robots":{"index":"index","follow":"follow","max-snippet":"max-snippet:-1","max-image-preview":"max-image-preview:large","max-video-preview":"max-video-preview:-1"},"canonical":"https:\/\/modelermaxpro.com\/index.php\/product\/metal-quemado-para-tubos-de-escapes-187\/","og_locale":"es_ES","og_type":"article","og_title":"METAL QUEMADO PARA TUBOS DE ESCAPES - 0187 - Modeler Max Pro","og_description":"El calor en superficies met\u00e1licas, como tubos de escape, motores o toberas de aviones, crea un aspecto muy caracter\u00edstico. Este color met\u00e1lico recrea con precisi\u00f3n este efecto de manera realista, haci\u00e9ndolo esencial para veh\u00edculos militares, aviones, Mechas, \u00a0veh\u00edculos civiles y mucho m\u00e1s. Se recomienda usar en combinaci\u00f3n con otros colores AMMO acr\u00edlicos met\u00e1licos para crear una variedad de efectos de metal.\u00a0Color real con una f\u00f3rmula optimizada para obtener el m\u00e1ximo rendimiento con pincel y con aer\u00f3grafo para conseguir el color adecuado en nuestras maquetas. Cada bote incluye un agitador de acero inoxidable para facilitar una mezcla m\u00e1s r\u00e1pida y homog\u00e9nea. Presentaci\u00f3n en botes de 17mL. Soluble en agua, sin olor y no t\u00f3xico. Agite bien antes de cada uso. Recomendamos A.MIG-2000 Acrylic Thinner para una correcta disoluci\u00f3n. Secado completo en 24h.  \u00a0","og_url":"https:\/\/modelermaxpro.com\/index.php\/product\/metal-quemado-para-tubos-de-escapes-187\/","og_site_name":"Modeler Max Pro","article_modified_time":"2025-06-09T18:24:10+00:00","og_image":[{"width":800,"height":800,"url":"https:\/\/modelermaxpro.com\/wp-content\/uploads\/2018\/10\/A.MIG-0187-1.jpg","type":"image\/jpeg"}],"twitter_card":"summary_large_image","schema":{"@context":"https:\/\/schema.org","@graph":[{"@type":"WebPage","@id":"https:\/\/modelermaxpro.com\/index.php\/product\/metal-quemado-para-tubos-de-escapes-187\/","url":"https:\/\/modelermaxpro.com\/index.php\/product\/metal-quemado-para-tubos-de-escapes-187\/","name":"METAL QUEMADO PARA TUBOS DE ESCAPES - 0187 - Modeler Max Pro","isPartOf":{"@id":"https:\/\/modelermaxpro.com\/#website"},"primaryImageOfPage":{"@id":"https:\/\/modelermaxpro.com\/index.php\/product\/metal-quemado-para-tubos-de-escapes-187\/#primaryimage"},"image":{"@id":"https:\/\/modelermaxpro.com\/index.php\/product\/metal-quemado-para-tubos-de-escapes-187\/#primaryimage"},"thumbnailUrl":"https:\/\/modelermaxpro.com\/wp-content\/uploads\/2018\/10\/A.MIG-0187-1.jpg","datePublished":"2018-10-30T11:50:36+00:00","dateModified":"2025-06-09T18:24:10+00:00","breadcrumb":{"@id":"https:\/\/modelermaxpro.com\/index.php\/product\/metal-quemado-para-tubos-de-escapes-187\/#breadcrumb"},"inLanguage":"es-AR","potentialAction":[{"@type":"ReadAction","target":["https:\/\/modelermaxpro.com\/index.php\/product\/metal-quemado-para-tubos-de-escapes-187\/"]}]},{"@type":"ImageObject","inLanguage":"es-AR","@id":"https:\/\/modelermaxpro.com\/index.php\/product\/metal-quemado-para-tubos-de-escapes-187\/#primaryimage","url":"https:\/\/modelermaxpro.com\/wp-content\/uploads\/2018\/10\/A.MIG-0187-1.jpg","contentUrl":"https:\/\/modelermaxpro.com\/wp-content\/uploads\/2018\/10\/A.MIG-0187-1.jpg","width":800,"height":800},{"@type":"BreadcrumbList","@id":"https:\/\/modelermaxpro.com\/index.php\/product\/metal-quemado-para-tubos-de-escapes-187\/#breadcrumb","itemListElement":[{"@type":"ListItem","position":1,"name":"Inicio","item":"https:\/\/modelermaxpro.com\/"},{"@type":"ListItem","position":2,"name":"Shop","item":"https:\/\/modelermaxpro.com\/index.php\/shop\/"},{"@type":"ListItem","position":3,"name":"METAL QUEMADO PARA TUBOS DE ESCAPES &#8211; 0187"}]},{"@type":"WebSite","@id":"https:\/\/modelermaxpro.com\/#website","url":"https:\/\/modelermaxpro.com\/","name":"Modeler Max Pro","description":"","publisher":{"@id":"https:\/\/modelermaxpro.com\/#organization"},"potentialAction":[{"@type":"SearchAction","target":{"@type":"EntryPoint","urlTemplate":"https:\/\/modelermaxpro.com\/?s={search_term_string}"},"query-input":{"@type":"PropertyValueSpecification","valueRequired":true,"valueName":"search_term_string"}}],"inLanguage":"es-AR"},{"@type":"Organization","@id":"https:\/\/modelermaxpro.com\/#organization","name":"Modeler Max Pro","url":"https:\/\/modelermaxpro.com\/","logo":{"@type":"ImageObject","inLanguage":"es-AR","@id":"https:\/\/modelermaxpro.com\/#\/schema\/logo\/image\/","url":"https:\/\/modelermaxpro.com\/wp-content\/uploads\/2019\/11\/logos_Modeler-web_Mesa-de-trabajo-1_Mesa-de-trabajo-1.png","contentUrl":"https:\/\/modelermaxpro.com\/wp-content\/uploads\/2019\/11\/logos_Modeler-web_Mesa-de-trabajo-1_Mesa-de-trabajo-1.png","width":322,"height":72,"caption":"Modeler Max Pro"},"image":{"@id":"https:\/\/modelermaxpro.com\/#\/schema\/logo\/image\/"}}]}},"_links":{"self":[{"href":"https:\/\/modelermaxpro.com\/index.php\/wp-json\/wp\/v2\/product\/111","targetHints":{"allow":["GET"]}}],"collection":[{"href":"https:\/\/modelermaxpro.com\/index.php\/wp-json\/wp\/v2\/product"}],"about":[{"href":"https:\/\/modelermaxpro.com\/index.php\/wp-json\/wp\/v2\/types\/product"}],"wp:featuredmedia":[{"embeddable":true,"href":"https:\/\/modelermaxpro.com\/index.php\/wp-json\/wp\/v2\/media\/112"}],"wp:attachment":[{"href":"https:\/\/modelermaxpro.com\/index.php\/wp-json\/wp\/v2\/media?parent=111"}],"wp:term":[{"taxonomy":"product_brand","embeddable":true,"href":"https:\/\/modelermaxpro.com\/index.php\/wp-json\/wp\/v2\/product_brand?post=111"},{"taxonomy":"product_cat","embeddable":true,"href":"https:\/\/modelermaxpro.com\/index.php\/wp-json\/wp\/v2\/product_cat?post=111"},{"taxonomy":"product_tag","embeddable":true,"href":"https:\/\/modelermaxpro.com\/index.php\/wp-json\/wp\/v2\/product_tag?post=111"}],"curies":[{"name":"wp","href":"https:\/\/api.w.org\/{rel}","templated":true}]}}