{"id":1200,"date":"2019-04-06T09:47:33","date_gmt":"2019-04-06T12:47:33","guid":{"rendered":"https:\/\/modelermaxpro.com\/?post_type=product&#038;p=1200"},"modified":"2025-05-03T11:21:43","modified_gmt":"2025-05-03T14:21:43","slug":"starship-grime-1259","status":"publish","type":"product","link":"https:\/\/modelermaxpro.com\/index.php\/product\/starship-grime-1259\/","title":{"rendered":"Starship grime &#8211; 1259"},"content":{"rendered":"<p>Uno de los mejores productos cl\u00e1sicos de AMMO pero ahora en un revolucionario envase que convertir\u00e1 el proceso de hacer escurridos en tus modelos en una experiencia m\u00e1s placentera. Los productos STREAKING (ECSURRIDOS) requieres ser aplicados con un pincel creando l\u00edneas verticales que despu\u00e9s se difuminan para crear efectos de suciedad escurrida. Para ayudarte a crear estos efectos de una forma m\u00e1s r\u00e1pida y limpia, AMMO ha recurrido a la idea revolucionaria de los OILBRUSHERS de presentar el producto en un envase con un pincel incluido para una r\u00e1pida y sencilla aplicaci\u00f3n.\u00a0 Pero como novedad, el nuevo pincel aplicador de los STREAKINGBRUSHERS tiene el pelo mucho m\u00e1s largo para ayudar a crear las l\u00edneas verticales de este particular efecto.\u00a0 Sin duda, la incorporaci\u00f3n de un pincel con estas caracter\u00edsticas te ayudara a ahorrar tiempo en aplicar el producto y limpiar pinceles y por supuesto ocupara mucho menos espacio en tu lugar de trabajo, ocupando hasta un 70% menos de espacio de la colecci\u00f3n original de productos Streaking.\u00a0 Ahorra tiempo, espacio y esfuerzo cuando realices tus efectos de pintura con el nuevo e innovador STREAKING BRUSH.<\/p>\n","protected":false},"excerpt":{"rendered":"<p>Uno de los mejores productos cl\u00e1sicos de AMMO pero ahora en un revolucionario envase que convertir\u00e1 el proceso de hacer escurridos en tus modelos en una experiencia m\u00e1s placentera. Los productos STREAKING (ECSURRIDOS) requieres ser aplicados con un pincel creando l\u00edneas verticales que despu\u00e9s se difuminan para crear efectos de suciedad escurrida. Para ayudarte a [&hellip;]<\/p>\n","protected":false},"featured_media":1201,"template":"","meta":[],"product_brand":[],"product_cat":[65,61],"product_tag":[],"class_list":{"0":"post-1200","1":"product","2":"type-product","3":"status-publish","4":"has-post-thumbnail","6":"product_cat-streakingbrushers","7":"product_cat-weathering","9":"first","10":"instock","11":"shipping-taxable","12":"purchasable","13":"product-type-simple"},"yoast_head":"<!-- This site is optimized with the Yoast SEO plugin v27.4 - https:\/\/yoast.com\/product\/yoast-seo-wordpress\/ -->\n<title>Starship grime - 1259 - Modeler Max Pro<\/title>\n<meta name=\"robots\" content=\"index, follow, max-snippet:-1, max-image-preview:large, max-video-preview:-1\" \/>\n<link rel=\"canonical\" href=\"https:\/\/modelermaxpro.com\/index.php\/product\/starship-grime-1259\/\" \/>\n<meta property=\"og:locale\" content=\"es_ES\" \/>\n<meta property=\"og:type\" content=\"article\" \/>\n<meta property=\"og:title\" content=\"Starship grime - 1259 - Modeler Max Pro\" \/>\n<meta property=\"og:description\" content=\"Uno de los mejores productos cl\u00e1sicos de AMMO pero ahora en un revolucionario envase que convertir\u00e1 el proceso de hacer escurridos en tus modelos en una experiencia m\u00e1s placentera. Los productos STREAKING (ECSURRIDOS) requieres ser aplicados con un pincel creando l\u00edneas verticales que despu\u00e9s se difuminan para crear efectos de suciedad escurrida. Para ayudarte a [&hellip;]\" \/>\n<meta property=\"og:url\" content=\"https:\/\/modelermaxpro.com\/index.php\/product\/starship-grime-1259\/\" \/>\n<meta property=\"og:site_name\" content=\"Modeler Max Pro\" \/>\n<meta property=\"article:modified_time\" content=\"2025-05-03T14:21:43+00:00\" \/>\n<meta property=\"og:image\" content=\"https:\/\/modelermaxpro.com\/wp-content\/uploads\/2018\/11\/A.IMG-1259.jpg\" \/>\n\t<meta property=\"og:image:width\" content=\"800\" \/>\n\t<meta property=\"og:image:height\" content=\"800\" \/>\n\t<meta property=\"og:image:type\" content=\"image\/jpeg\" \/>\n<meta name=\"twitter:card\" content=\"summary_large_image\" \/>\n<meta name=\"twitter:label1\" content=\"Tiempo de lectura\" \/>\n\t<meta name=\"twitter:data1\" content=\"1 minuto\" \/>\n<script type=\"application\/ld+json\" class=\"yoast-schema-graph\">{\"@context\":\"https:\\\/\\\/schema.org\",\"@graph\":[{\"@type\":\"WebPage\",\"@id\":\"https:\\\/\\\/modelermaxpro.com\\\/index.php\\\/product\\\/starship-grime-1259\\\/\",\"url\":\"https:\\\/\\\/modelermaxpro.com\\\/index.php\\\/product\\\/starship-grime-1259\\\/\",\"name\":\"Starship grime - 1259 - Modeler Max Pro\",\"isPartOf\":{\"@id\":\"https:\\\/\\\/modelermaxpro.com\\\/#website\"},\"primaryImageOfPage\":{\"@id\":\"https:\\\/\\\/modelermaxpro.com\\\/index.php\\\/product\\\/starship-grime-1259\\\/#primaryimage\"},\"image\":{\"@id\":\"https:\\\/\\\/modelermaxpro.com\\\/index.php\\\/product\\\/starship-grime-1259\\\/#primaryimage\"},\"thumbnailUrl\":\"https:\\\/\\\/modelermaxpro.com\\\/wp-content\\\/uploads\\\/2018\\\/11\\\/A.IMG-1259.jpg\",\"datePublished\":\"2019-04-06T12:47:33+00:00\",\"dateModified\":\"2025-05-03T14:21:43+00:00\",\"breadcrumb\":{\"@id\":\"https:\\\/\\\/modelermaxpro.com\\\/index.php\\\/product\\\/starship-grime-1259\\\/#breadcrumb\"},\"inLanguage\":\"es-AR\",\"potentialAction\":[{\"@type\":\"ReadAction\",\"target\":[\"https:\\\/\\\/modelermaxpro.com\\\/index.php\\\/product\\\/starship-grime-1259\\\/\"]}]},{\"@type\":\"ImageObject\",\"inLanguage\":\"es-AR\",\"@id\":\"https:\\\/\\\/modelermaxpro.com\\\/index.php\\\/product\\\/starship-grime-1259\\\/#primaryimage\",\"url\":\"https:\\\/\\\/modelermaxpro.com\\\/wp-content\\\/uploads\\\/2018\\\/11\\\/A.IMG-1259.jpg\",\"contentUrl\":\"https:\\\/\\\/modelermaxpro.com\\\/wp-content\\\/uploads\\\/2018\\\/11\\\/A.IMG-1259.jpg\",\"width\":800,\"height\":800},{\"@type\":\"BreadcrumbList\",\"@id\":\"https:\\\/\\\/modelermaxpro.com\\\/index.php\\\/product\\\/starship-grime-1259\\\/#breadcrumb\",\"itemListElement\":[{\"@type\":\"ListItem\",\"position\":1,\"name\":\"Inicio\",\"item\":\"https:\\\/\\\/modelermaxpro.com\\\/\"},{\"@type\":\"ListItem\",\"position\":2,\"name\":\"Shop\",\"item\":\"https:\\\/\\\/modelermaxpro.com\\\/index.php\\\/shop\\\/\"},{\"@type\":\"ListItem\",\"position\":3,\"name\":\"Starship grime &#8211; 1259\"}]},{\"@type\":\"WebSite\",\"@id\":\"https:\\\/\\\/modelermaxpro.com\\\/#website\",\"url\":\"https:\\\/\\\/modelermaxpro.com\\\/\",\"name\":\"Modeler Max Pro\",\"description\":\"\",\"publisher\":{\"@id\":\"https:\\\/\\\/modelermaxpro.com\\\/#organization\"},\"potentialAction\":[{\"@type\":\"SearchAction\",\"target\":{\"@type\":\"EntryPoint\",\"urlTemplate\":\"https:\\\/\\\/modelermaxpro.com\\\/?s={search_term_string}\"},\"query-input\":{\"@type\":\"PropertyValueSpecification\",\"valueRequired\":true,\"valueName\":\"search_term_string\"}}],\"inLanguage\":\"es-AR\"},{\"@type\":\"Organization\",\"@id\":\"https:\\\/\\\/modelermaxpro.com\\\/#organization\",\"name\":\"Modeler Max Pro\",\"url\":\"https:\\\/\\\/modelermaxpro.com\\\/\",\"logo\":{\"@type\":\"ImageObject\",\"inLanguage\":\"es-AR\",\"@id\":\"https:\\\/\\\/modelermaxpro.com\\\/#\\\/schema\\\/logo\\\/image\\\/\",\"url\":\"https:\\\/\\\/modelermaxpro.com\\\/wp-content\\\/uploads\\\/2019\\\/11\\\/logos_Modeler-web_Mesa-de-trabajo-1_Mesa-de-trabajo-1.png\",\"contentUrl\":\"https:\\\/\\\/modelermaxpro.com\\\/wp-content\\\/uploads\\\/2019\\\/11\\\/logos_Modeler-web_Mesa-de-trabajo-1_Mesa-de-trabajo-1.png\",\"width\":322,\"height\":72,\"caption\":\"Modeler Max Pro\"},\"image\":{\"@id\":\"https:\\\/\\\/modelermaxpro.com\\\/#\\\/schema\\\/logo\\\/image\\\/\"}}]}<\/script>\n<!-- \/ Yoast SEO plugin. -->","yoast_head_json":{"title":"Starship grime - 1259 - Modeler Max Pro","robots":{"index":"index","follow":"follow","max-snippet":"max-snippet:-1","max-image-preview":"max-image-preview:large","max-video-preview":"max-video-preview:-1"},"canonical":"https:\/\/modelermaxpro.com\/index.php\/product\/starship-grime-1259\/","og_locale":"es_ES","og_type":"article","og_title":"Starship grime - 1259 - Modeler Max Pro","og_description":"Uno de los mejores productos cl\u00e1sicos de AMMO pero ahora en un revolucionario envase que convertir\u00e1 el proceso de hacer escurridos en tus modelos en una experiencia m\u00e1s placentera. Los productos STREAKING (ECSURRIDOS) requieres ser aplicados con un pincel creando l\u00edneas verticales que despu\u00e9s se difuminan para crear efectos de suciedad escurrida. Para ayudarte a [&hellip;]","og_url":"https:\/\/modelermaxpro.com\/index.php\/product\/starship-grime-1259\/","og_site_name":"Modeler Max Pro","article_modified_time":"2025-05-03T14:21:43+00:00","og_image":[{"width":800,"height":800,"url":"https:\/\/modelermaxpro.com\/wp-content\/uploads\/2018\/11\/A.IMG-1259.jpg","type":"image\/jpeg"}],"twitter_card":"summary_large_image","twitter_misc":{"Tiempo de lectura":"1 minuto"},"schema":{"@context":"https:\/\/schema.org","@graph":[{"@type":"WebPage","@id":"https:\/\/modelermaxpro.com\/index.php\/product\/starship-grime-1259\/","url":"https:\/\/modelermaxpro.com\/index.php\/product\/starship-grime-1259\/","name":"Starship grime - 1259 - Modeler Max Pro","isPartOf":{"@id":"https:\/\/modelermaxpro.com\/#website"},"primaryImageOfPage":{"@id":"https:\/\/modelermaxpro.com\/index.php\/product\/starship-grime-1259\/#primaryimage"},"image":{"@id":"https:\/\/modelermaxpro.com\/index.php\/product\/starship-grime-1259\/#primaryimage"},"thumbnailUrl":"https:\/\/modelermaxpro.com\/wp-content\/uploads\/2018\/11\/A.IMG-1259.jpg","datePublished":"2019-04-06T12:47:33+00:00","dateModified":"2025-05-03T14:21:43+00:00","breadcrumb":{"@id":"https:\/\/modelermaxpro.com\/index.php\/product\/starship-grime-1259\/#breadcrumb"},"inLanguage":"es-AR","potentialAction":[{"@type":"ReadAction","target":["https:\/\/modelermaxpro.com\/index.php\/product\/starship-grime-1259\/"]}]},{"@type":"ImageObject","inLanguage":"es-AR","@id":"https:\/\/modelermaxpro.com\/index.php\/product\/starship-grime-1259\/#primaryimage","url":"https:\/\/modelermaxpro.com\/wp-content\/uploads\/2018\/11\/A.IMG-1259.jpg","contentUrl":"https:\/\/modelermaxpro.com\/wp-content\/uploads\/2018\/11\/A.IMG-1259.jpg","width":800,"height":800},{"@type":"BreadcrumbList","@id":"https:\/\/modelermaxpro.com\/index.php\/product\/starship-grime-1259\/#breadcrumb","itemListElement":[{"@type":"ListItem","position":1,"name":"Inicio","item":"https:\/\/modelermaxpro.com\/"},{"@type":"ListItem","position":2,"name":"Shop","item":"https:\/\/modelermaxpro.com\/index.php\/shop\/"},{"@type":"ListItem","position":3,"name":"Starship grime &#8211; 1259"}]},{"@type":"WebSite","@id":"https:\/\/modelermaxpro.com\/#website","url":"https:\/\/modelermaxpro.com\/","name":"Modeler Max Pro","description":"","publisher":{"@id":"https:\/\/modelermaxpro.com\/#organization"},"potentialAction":[{"@type":"SearchAction","target":{"@type":"EntryPoint","urlTemplate":"https:\/\/modelermaxpro.com\/?s={search_term_string}"},"query-input":{"@type":"PropertyValueSpecification","valueRequired":true,"valueName":"search_term_string"}}],"inLanguage":"es-AR"},{"@type":"Organization","@id":"https:\/\/modelermaxpro.com\/#organization","name":"Modeler Max Pro","url":"https:\/\/modelermaxpro.com\/","logo":{"@type":"ImageObject","inLanguage":"es-AR","@id":"https:\/\/modelermaxpro.com\/#\/schema\/logo\/image\/","url":"https:\/\/modelermaxpro.com\/wp-content\/uploads\/2019\/11\/logos_Modeler-web_Mesa-de-trabajo-1_Mesa-de-trabajo-1.png","contentUrl":"https:\/\/modelermaxpro.com\/wp-content\/uploads\/2019\/11\/logos_Modeler-web_Mesa-de-trabajo-1_Mesa-de-trabajo-1.png","width":322,"height":72,"caption":"Modeler Max Pro"},"image":{"@id":"https:\/\/modelermaxpro.com\/#\/schema\/logo\/image\/"}}]}},"_links":{"self":[{"href":"https:\/\/modelermaxpro.com\/index.php\/wp-json\/wp\/v2\/product\/1200","targetHints":{"allow":["GET"]}}],"collection":[{"href":"https:\/\/modelermaxpro.com\/index.php\/wp-json\/wp\/v2\/product"}],"about":[{"href":"https:\/\/modelermaxpro.com\/index.php\/wp-json\/wp\/v2\/types\/product"}],"wp:featuredmedia":[{"embeddable":true,"href":"https:\/\/modelermaxpro.com\/index.php\/wp-json\/wp\/v2\/media\/1201"}],"wp:attachment":[{"href":"https:\/\/modelermaxpro.com\/index.php\/wp-json\/wp\/v2\/media?parent=1200"}],"wp:term":[{"taxonomy":"product_brand","embeddable":true,"href":"https:\/\/modelermaxpro.com\/index.php\/wp-json\/wp\/v2\/product_brand?post=1200"},{"taxonomy":"product_cat","embeddable":true,"href":"https:\/\/modelermaxpro.com\/index.php\/wp-json\/wp\/v2\/product_cat?post=1200"},{"taxonomy":"product_tag","embeddable":true,"href":"https:\/\/modelermaxpro.com\/index.php\/wp-json\/wp\/v2\/product_tag?post=1200"}],"curies":[{"name":"wp","href":"https:\/\/api.w.org\/{rel}","templated":true}]}}