{"id":1590,"date":"2018-11-13T08:10:46","date_gmt":"2018-11-13T11:10:46","guid":{"rendered":"https:\/\/modelermaxpro.com\/?post_type=product&#038;p=1590"},"modified":"2026-02-26T15:12:37","modified_gmt":"2026-02-26T18:12:37","slug":"russian-earth-3014","status":"publish","type":"product","link":"https:\/\/modelermaxpro.com\/index.php\/product\/russian-earth-3014\/","title":{"rendered":"RUSSIAN EARTH &#8211; 3014"},"content":{"rendered":"<p>Pigmento de color tierra oscura perfecto para reproducir barro y polvo oscuro. Pigmento de alta calidad, superfino y elaborado con productos naturales para uso exclusivo en modelismo. Este color est\u00e1 especialmente dise\u00f1ado para hacer efectos en tus maquetas utilizando las t\u00e9cnicas que Mig Jimenez cre\u00f3 hace m\u00e1s de una d\u00e9cada. \u00dasalo solo o en combinaci\u00f3n con otros productos de AMMO.<\/p>\n","protected":false},"excerpt":{"rendered":"<p id=\"product_reference\"><label for=\"product_reference\">Referencia:\u00a0<\/label><span class=\"editable\">AMIG3014<\/span><\/p>\n<div id=\"short_description_block\">\n<div id=\"short_description_content\" class=\"rte align_justify\">\n<p>Pigmento superfino para modelismo.<br \/>\nBote de 35 ml<\/p>\n<\/div>\n<\/div>\n<p id=\"product_reference\"><label for=\"product_reference\">\u00a0<\/label><\/p>\n","protected":false},"featured_media":1591,"template":"","meta":[],"product_brand":[],"product_cat":[77,61],"product_tag":[],"class_list":{"0":"post-1590","1":"product","2":"type-product","3":"status-publish","4":"has-post-thumbnail","6":"product_cat-pigments","7":"product_cat-weathering","9":"first","10":"instock","11":"shipping-taxable","12":"purchasable","13":"product-type-simple"},"yoast_head":"<!-- This site is optimized with the Yoast SEO plugin v27.4 - https:\/\/yoast.com\/product\/yoast-seo-wordpress\/ -->\n<title>RUSSIAN EARTH - 3014 - Modeler Max Pro<\/title>\n<meta name=\"robots\" content=\"index, follow, max-snippet:-1, max-image-preview:large, max-video-preview:-1\" \/>\n<link rel=\"canonical\" href=\"https:\/\/modelermaxpro.com\/index.php\/product\/russian-earth-3014\/\" \/>\n<meta property=\"og:locale\" content=\"es_ES\" \/>\n<meta property=\"og:type\" content=\"article\" \/>\n<meta property=\"og:title\" content=\"RUSSIAN EARTH - 3014 - Modeler Max Pro\" \/>\n<meta property=\"og:description\" content=\"Referencia:\u00a0AMIG3014     Pigmento superfino para modelismo. Bote de 35 ml    \u00a0\" \/>\n<meta property=\"og:url\" content=\"https:\/\/modelermaxpro.com\/index.php\/product\/russian-earth-3014\/\" \/>\n<meta property=\"og:site_name\" content=\"Modeler Max Pro\" \/>\n<meta property=\"article:modified_time\" content=\"2026-02-26T18:12:37+00:00\" \/>\n<meta property=\"og:image\" content=\"https:\/\/modelermaxpro.com\/wp-content\/uploads\/2018\/11\/A.MIG-3014.jpg\" \/>\n\t<meta property=\"og:image:width\" content=\"800\" \/>\n\t<meta property=\"og:image:height\" content=\"800\" \/>\n\t<meta property=\"og:image:type\" content=\"image\/jpeg\" \/>\n<meta name=\"twitter:card\" content=\"summary_large_image\" \/>\n<script type=\"application\/ld+json\" class=\"yoast-schema-graph\">{\"@context\":\"https:\\\/\\\/schema.org\",\"@graph\":[{\"@type\":\"WebPage\",\"@id\":\"https:\\\/\\\/modelermaxpro.com\\\/index.php\\\/product\\\/russian-earth-3014\\\/\",\"url\":\"https:\\\/\\\/modelermaxpro.com\\\/index.php\\\/product\\\/russian-earth-3014\\\/\",\"name\":\"RUSSIAN EARTH - 3014 - Modeler Max Pro\",\"isPartOf\":{\"@id\":\"https:\\\/\\\/modelermaxpro.com\\\/#website\"},\"primaryImageOfPage\":{\"@id\":\"https:\\\/\\\/modelermaxpro.com\\\/index.php\\\/product\\\/russian-earth-3014\\\/#primaryimage\"},\"image\":{\"@id\":\"https:\\\/\\\/modelermaxpro.com\\\/index.php\\\/product\\\/russian-earth-3014\\\/#primaryimage\"},\"thumbnailUrl\":\"https:\\\/\\\/modelermaxpro.com\\\/wp-content\\\/uploads\\\/2018\\\/11\\\/A.MIG-3014.jpg\",\"datePublished\":\"2018-11-13T11:10:46+00:00\",\"dateModified\":\"2026-02-26T18:12:37+00:00\",\"breadcrumb\":{\"@id\":\"https:\\\/\\\/modelermaxpro.com\\\/index.php\\\/product\\\/russian-earth-3014\\\/#breadcrumb\"},\"inLanguage\":\"es-AR\",\"potentialAction\":[{\"@type\":\"ReadAction\",\"target\":[\"https:\\\/\\\/modelermaxpro.com\\\/index.php\\\/product\\\/russian-earth-3014\\\/\"]}]},{\"@type\":\"ImageObject\",\"inLanguage\":\"es-AR\",\"@id\":\"https:\\\/\\\/modelermaxpro.com\\\/index.php\\\/product\\\/russian-earth-3014\\\/#primaryimage\",\"url\":\"https:\\\/\\\/modelermaxpro.com\\\/wp-content\\\/uploads\\\/2018\\\/11\\\/A.MIG-3014.jpg\",\"contentUrl\":\"https:\\\/\\\/modelermaxpro.com\\\/wp-content\\\/uploads\\\/2018\\\/11\\\/A.MIG-3014.jpg\",\"width\":800,\"height\":800},{\"@type\":\"BreadcrumbList\",\"@id\":\"https:\\\/\\\/modelermaxpro.com\\\/index.php\\\/product\\\/russian-earth-3014\\\/#breadcrumb\",\"itemListElement\":[{\"@type\":\"ListItem\",\"position\":1,\"name\":\"Inicio\",\"item\":\"https:\\\/\\\/modelermaxpro.com\\\/\"},{\"@type\":\"ListItem\",\"position\":2,\"name\":\"Shop\",\"item\":\"https:\\\/\\\/modelermaxpro.com\\\/index.php\\\/shop\\\/\"},{\"@type\":\"ListItem\",\"position\":3,\"name\":\"RUSSIAN EARTH &#8211; 3014\"}]},{\"@type\":\"WebSite\",\"@id\":\"https:\\\/\\\/modelermaxpro.com\\\/#website\",\"url\":\"https:\\\/\\\/modelermaxpro.com\\\/\",\"name\":\"Modeler Max Pro\",\"description\":\"\",\"publisher\":{\"@id\":\"https:\\\/\\\/modelermaxpro.com\\\/#organization\"},\"potentialAction\":[{\"@type\":\"SearchAction\",\"target\":{\"@type\":\"EntryPoint\",\"urlTemplate\":\"https:\\\/\\\/modelermaxpro.com\\\/?s={search_term_string}\"},\"query-input\":{\"@type\":\"PropertyValueSpecification\",\"valueRequired\":true,\"valueName\":\"search_term_string\"}}],\"inLanguage\":\"es-AR\"},{\"@type\":\"Organization\",\"@id\":\"https:\\\/\\\/modelermaxpro.com\\\/#organization\",\"name\":\"Modeler Max Pro\",\"url\":\"https:\\\/\\\/modelermaxpro.com\\\/\",\"logo\":{\"@type\":\"ImageObject\",\"inLanguage\":\"es-AR\",\"@id\":\"https:\\\/\\\/modelermaxpro.com\\\/#\\\/schema\\\/logo\\\/image\\\/\",\"url\":\"https:\\\/\\\/modelermaxpro.com\\\/wp-content\\\/uploads\\\/2019\\\/11\\\/logos_Modeler-web_Mesa-de-trabajo-1_Mesa-de-trabajo-1.png\",\"contentUrl\":\"https:\\\/\\\/modelermaxpro.com\\\/wp-content\\\/uploads\\\/2019\\\/11\\\/logos_Modeler-web_Mesa-de-trabajo-1_Mesa-de-trabajo-1.png\",\"width\":322,\"height\":72,\"caption\":\"Modeler Max Pro\"},\"image\":{\"@id\":\"https:\\\/\\\/modelermaxpro.com\\\/#\\\/schema\\\/logo\\\/image\\\/\"}}]}<\/script>\n<!-- \/ Yoast SEO plugin. -->","yoast_head_json":{"title":"RUSSIAN EARTH - 3014 - Modeler Max Pro","robots":{"index":"index","follow":"follow","max-snippet":"max-snippet:-1","max-image-preview":"max-image-preview:large","max-video-preview":"max-video-preview:-1"},"canonical":"https:\/\/modelermaxpro.com\/index.php\/product\/russian-earth-3014\/","og_locale":"es_ES","og_type":"article","og_title":"RUSSIAN EARTH - 3014 - Modeler Max Pro","og_description":"Referencia:\u00a0AMIG3014     Pigmento superfino para modelismo. Bote de 35 ml    \u00a0","og_url":"https:\/\/modelermaxpro.com\/index.php\/product\/russian-earth-3014\/","og_site_name":"Modeler Max Pro","article_modified_time":"2026-02-26T18:12:37+00:00","og_image":[{"width":800,"height":800,"url":"https:\/\/modelermaxpro.com\/wp-content\/uploads\/2018\/11\/A.MIG-3014.jpg","type":"image\/jpeg"}],"twitter_card":"summary_large_image","schema":{"@context":"https:\/\/schema.org","@graph":[{"@type":"WebPage","@id":"https:\/\/modelermaxpro.com\/index.php\/product\/russian-earth-3014\/","url":"https:\/\/modelermaxpro.com\/index.php\/product\/russian-earth-3014\/","name":"RUSSIAN EARTH - 3014 - Modeler Max Pro","isPartOf":{"@id":"https:\/\/modelermaxpro.com\/#website"},"primaryImageOfPage":{"@id":"https:\/\/modelermaxpro.com\/index.php\/product\/russian-earth-3014\/#primaryimage"},"image":{"@id":"https:\/\/modelermaxpro.com\/index.php\/product\/russian-earth-3014\/#primaryimage"},"thumbnailUrl":"https:\/\/modelermaxpro.com\/wp-content\/uploads\/2018\/11\/A.MIG-3014.jpg","datePublished":"2018-11-13T11:10:46+00:00","dateModified":"2026-02-26T18:12:37+00:00","breadcrumb":{"@id":"https:\/\/modelermaxpro.com\/index.php\/product\/russian-earth-3014\/#breadcrumb"},"inLanguage":"es-AR","potentialAction":[{"@type":"ReadAction","target":["https:\/\/modelermaxpro.com\/index.php\/product\/russian-earth-3014\/"]}]},{"@type":"ImageObject","inLanguage":"es-AR","@id":"https:\/\/modelermaxpro.com\/index.php\/product\/russian-earth-3014\/#primaryimage","url":"https:\/\/modelermaxpro.com\/wp-content\/uploads\/2018\/11\/A.MIG-3014.jpg","contentUrl":"https:\/\/modelermaxpro.com\/wp-content\/uploads\/2018\/11\/A.MIG-3014.jpg","width":800,"height":800},{"@type":"BreadcrumbList","@id":"https:\/\/modelermaxpro.com\/index.php\/product\/russian-earth-3014\/#breadcrumb","itemListElement":[{"@type":"ListItem","position":1,"name":"Inicio","item":"https:\/\/modelermaxpro.com\/"},{"@type":"ListItem","position":2,"name":"Shop","item":"https:\/\/modelermaxpro.com\/index.php\/shop\/"},{"@type":"ListItem","position":3,"name":"RUSSIAN EARTH &#8211; 3014"}]},{"@type":"WebSite","@id":"https:\/\/modelermaxpro.com\/#website","url":"https:\/\/modelermaxpro.com\/","name":"Modeler Max Pro","description":"","publisher":{"@id":"https:\/\/modelermaxpro.com\/#organization"},"potentialAction":[{"@type":"SearchAction","target":{"@type":"EntryPoint","urlTemplate":"https:\/\/modelermaxpro.com\/?s={search_term_string}"},"query-input":{"@type":"PropertyValueSpecification","valueRequired":true,"valueName":"search_term_string"}}],"inLanguage":"es-AR"},{"@type":"Organization","@id":"https:\/\/modelermaxpro.com\/#organization","name":"Modeler Max Pro","url":"https:\/\/modelermaxpro.com\/","logo":{"@type":"ImageObject","inLanguage":"es-AR","@id":"https:\/\/modelermaxpro.com\/#\/schema\/logo\/image\/","url":"https:\/\/modelermaxpro.com\/wp-content\/uploads\/2019\/11\/logos_Modeler-web_Mesa-de-trabajo-1_Mesa-de-trabajo-1.png","contentUrl":"https:\/\/modelermaxpro.com\/wp-content\/uploads\/2019\/11\/logos_Modeler-web_Mesa-de-trabajo-1_Mesa-de-trabajo-1.png","width":322,"height":72,"caption":"Modeler Max Pro"},"image":{"@id":"https:\/\/modelermaxpro.com\/#\/schema\/logo\/image\/"}}]}},"_links":{"self":[{"href":"https:\/\/modelermaxpro.com\/index.php\/wp-json\/wp\/v2\/product\/1590","targetHints":{"allow":["GET"]}}],"collection":[{"href":"https:\/\/modelermaxpro.com\/index.php\/wp-json\/wp\/v2\/product"}],"about":[{"href":"https:\/\/modelermaxpro.com\/index.php\/wp-json\/wp\/v2\/types\/product"}],"wp:featuredmedia":[{"embeddable":true,"href":"https:\/\/modelermaxpro.com\/index.php\/wp-json\/wp\/v2\/media\/1591"}],"wp:attachment":[{"href":"https:\/\/modelermaxpro.com\/index.php\/wp-json\/wp\/v2\/media?parent=1590"}],"wp:term":[{"taxonomy":"product_brand","embeddable":true,"href":"https:\/\/modelermaxpro.com\/index.php\/wp-json\/wp\/v2\/product_brand?post=1590"},{"taxonomy":"product_cat","embeddable":true,"href":"https:\/\/modelermaxpro.com\/index.php\/wp-json\/wp\/v2\/product_cat?post=1590"},{"taxonomy":"product_tag","embeddable":true,"href":"https:\/\/modelermaxpro.com\/index.php\/wp-json\/wp\/v2\/product_tag?post=1590"}],"curies":[{"name":"wp","href":"https:\/\/api.w.org\/{rel}","templated":true}]}}