{"id":1608,"date":"2019-04-06T08:06:37","date_gmt":"2019-04-06T11:06:37","guid":{"rendered":"https:\/\/modelermaxpro.com\/?post_type=product&#038;p=1608"},"modified":"2023-05-04T19:00:41","modified_gmt":"2023-05-04T22:00:41","slug":"modulacion-y-tecnicas-de-iluminacion-6006","status":"publish","type":"product","link":"https:\/\/modelermaxpro.com\/index.php\/product\/modulacion-y-tecnicas-de-iluminacion-6006\/","title":{"rendered":"MODULACI\u00d3N Y T\u00c9CNICAS DE ILUMINACI\u00d3N &#8211; 6006"},"content":{"rendered":"<p>Este libro explica en profundidad de un modo did\u00e1ctico, f\u00e1cil y muy visual como aplicar diferentes efectos de iluminaci\u00f3n en tus maquetas, incluida la famosa t\u00e9cnica de la Modulaci\u00f3n. Descubre a trav\u00e9s de sus 106 p\u00e1ginas, cientos de fotos y numerosos diagramas como sacar m\u00e1s partido de tus maquetas y dotarlas de m\u00e1s vida y \u00a0personalidad. Para ello los autores Javier Soler y Mig Jimenez explican 4 formas diferentes de pintar efectos de iluminaci\u00f3n en nuestras maquetas: modulaci\u00f3n, focal, cenital y por planos.<\/p>\n","protected":false},"excerpt":{"rendered":"<p id=\"product_reference\"><label for=\"product_reference\">Reference:\u00a0<\/label><span class=\"editable\">AMIG6006<\/span><\/p>\n<div id=\"short_description_block\">\n<div id=\"short_description_content\" class=\"rte align_justify\">\n<p>Gu\u00eda de 106 p\u00e1ginas, cientos de fotos y diagramas. 2\u00aa Edidi\u00f3n<\/p>\n<\/div>\n<\/div>\n","protected":false},"featured_media":1609,"template":"","meta":[],"product_brand":[],"product_cat":[84],"product_tag":[],"class_list":{"0":"post-1608","1":"product","2":"type-product","3":"status-publish","4":"has-post-thumbnail","6":"product_cat-books","8":"first","9":"outofstock","10":"shipping-taxable","11":"purchasable","12":"product-type-simple"},"yoast_head":"<!-- This site is optimized with the Yoast SEO plugin v27.2 - https:\/\/yoast.com\/product\/yoast-seo-wordpress\/ -->\n<title>MODULACI\u00d3N Y T\u00c9CNICAS DE ILUMINACI\u00d3N - 6006 - Modeler Max Pro<\/title>\n<meta name=\"robots\" content=\"index, follow, max-snippet:-1, max-image-preview:large, max-video-preview:-1\" \/>\n<link rel=\"canonical\" href=\"https:\/\/modelermaxpro.com\/index.php\/product\/modulacion-y-tecnicas-de-iluminacion-6006\/\" \/>\n<meta property=\"og:locale\" content=\"es_ES\" \/>\n<meta property=\"og:type\" content=\"article\" \/>\n<meta property=\"og:title\" content=\"MODULACI\u00d3N Y T\u00c9CNICAS DE ILUMINACI\u00d3N - 6006 - Modeler Max Pro\" \/>\n<meta property=\"og:description\" content=\"Reference:\u00a0AMIG6006     Gu\u00eda de 106 p\u00e1ginas, cientos de fotos y diagramas. 2\u00aa Edidi\u00f3n\" \/>\n<meta property=\"og:url\" content=\"https:\/\/modelermaxpro.com\/index.php\/product\/modulacion-y-tecnicas-de-iluminacion-6006\/\" \/>\n<meta property=\"og:site_name\" content=\"Modeler Max Pro\" \/>\n<meta property=\"article:modified_time\" content=\"2023-05-04T22:00:41+00:00\" \/>\n<meta property=\"og:image\" content=\"https:\/\/modelermaxpro.com\/wp-content\/uploads\/2018\/11\/A.MIG-6006.jpg\" \/>\n\t<meta property=\"og:image:width\" content=\"800\" \/>\n\t<meta property=\"og:image:height\" content=\"800\" \/>\n\t<meta property=\"og:image:type\" content=\"image\/jpeg\" \/>\n<meta name=\"twitter:card\" content=\"summary_large_image\" \/>\n<script type=\"application\/ld+json\" class=\"yoast-schema-graph\">{\"@context\":\"https:\/\/schema.org\",\"@graph\":[{\"@type\":\"WebPage\",\"@id\":\"https:\/\/modelermaxpro.com\/index.php\/product\/modulacion-y-tecnicas-de-iluminacion-6006\/\",\"url\":\"https:\/\/modelermaxpro.com\/index.php\/product\/modulacion-y-tecnicas-de-iluminacion-6006\/\",\"name\":\"MODULACI\u00d3N Y T\u00c9CNICAS DE ILUMINACI\u00d3N - 6006 - Modeler Max Pro\",\"isPartOf\":{\"@id\":\"https:\/\/modelermaxpro.com\/#website\"},\"primaryImageOfPage\":{\"@id\":\"https:\/\/modelermaxpro.com\/index.php\/product\/modulacion-y-tecnicas-de-iluminacion-6006\/#primaryimage\"},\"image\":{\"@id\":\"https:\/\/modelermaxpro.com\/index.php\/product\/modulacion-y-tecnicas-de-iluminacion-6006\/#primaryimage\"},\"thumbnailUrl\":\"https:\/\/modelermaxpro.com\/wp-content\/uploads\/2018\/11\/A.MIG-6006.jpg\",\"datePublished\":\"2019-04-06T11:06:37+00:00\",\"dateModified\":\"2023-05-04T22:00:41+00:00\",\"breadcrumb\":{\"@id\":\"https:\/\/modelermaxpro.com\/index.php\/product\/modulacion-y-tecnicas-de-iluminacion-6006\/#breadcrumb\"},\"inLanguage\":\"es-AR\",\"potentialAction\":[{\"@type\":\"ReadAction\",\"target\":[\"https:\/\/modelermaxpro.com\/index.php\/product\/modulacion-y-tecnicas-de-iluminacion-6006\/\"]}]},{\"@type\":\"ImageObject\",\"inLanguage\":\"es-AR\",\"@id\":\"https:\/\/modelermaxpro.com\/index.php\/product\/modulacion-y-tecnicas-de-iluminacion-6006\/#primaryimage\",\"url\":\"https:\/\/modelermaxpro.com\/wp-content\/uploads\/2018\/11\/A.MIG-6006.jpg\",\"contentUrl\":\"https:\/\/modelermaxpro.com\/wp-content\/uploads\/2018\/11\/A.MIG-6006.jpg\",\"width\":800,\"height\":800},{\"@type\":\"BreadcrumbList\",\"@id\":\"https:\/\/modelermaxpro.com\/index.php\/product\/modulacion-y-tecnicas-de-iluminacion-6006\/#breadcrumb\",\"itemListElement\":[{\"@type\":\"ListItem\",\"position\":1,\"name\":\"Inicio\",\"item\":\"https:\/\/modelermaxpro.com\/\"},{\"@type\":\"ListItem\",\"position\":2,\"name\":\"Shop\",\"item\":\"https:\/\/modelermaxpro.com\/index.php\/shop\/\"},{\"@type\":\"ListItem\",\"position\":3,\"name\":\"MODULACI\u00d3N Y T\u00c9CNICAS DE ILUMINACI\u00d3N &#8211; 6006\"}]},{\"@type\":\"WebSite\",\"@id\":\"https:\/\/modelermaxpro.com\/#website\",\"url\":\"https:\/\/modelermaxpro.com\/\",\"name\":\"Modeler Max Pro\",\"description\":\"\",\"publisher\":{\"@id\":\"https:\/\/modelermaxpro.com\/#organization\"},\"potentialAction\":[{\"@type\":\"SearchAction\",\"target\":{\"@type\":\"EntryPoint\",\"urlTemplate\":\"https:\/\/modelermaxpro.com\/?s={search_term_string}\"},\"query-input\":{\"@type\":\"PropertyValueSpecification\",\"valueRequired\":true,\"valueName\":\"search_term_string\"}}],\"inLanguage\":\"es-AR\"},{\"@type\":\"Organization\",\"@id\":\"https:\/\/modelermaxpro.com\/#organization\",\"name\":\"Modeler Max Pro\",\"url\":\"https:\/\/modelermaxpro.com\/\",\"logo\":{\"@type\":\"ImageObject\",\"inLanguage\":\"es-AR\",\"@id\":\"https:\/\/modelermaxpro.com\/#\/schema\/logo\/image\/\",\"url\":\"https:\/\/modelermaxpro.com\/wp-content\/uploads\/2019\/11\/logos_Modeler-web_Mesa-de-trabajo-1_Mesa-de-trabajo-1.png\",\"contentUrl\":\"https:\/\/modelermaxpro.com\/wp-content\/uploads\/2019\/11\/logos_Modeler-web_Mesa-de-trabajo-1_Mesa-de-trabajo-1.png\",\"width\":322,\"height\":72,\"caption\":\"Modeler Max Pro\"},\"image\":{\"@id\":\"https:\/\/modelermaxpro.com\/#\/schema\/logo\/image\/\"}}]}<\/script>\n<!-- \/ Yoast SEO plugin. -->","yoast_head_json":{"title":"MODULACI\u00d3N Y T\u00c9CNICAS DE ILUMINACI\u00d3N - 6006 - Modeler Max Pro","robots":{"index":"index","follow":"follow","max-snippet":"max-snippet:-1","max-image-preview":"max-image-preview:large","max-video-preview":"max-video-preview:-1"},"canonical":"https:\/\/modelermaxpro.com\/index.php\/product\/modulacion-y-tecnicas-de-iluminacion-6006\/","og_locale":"es_ES","og_type":"article","og_title":"MODULACI\u00d3N Y T\u00c9CNICAS DE ILUMINACI\u00d3N - 6006 - Modeler Max Pro","og_description":"Reference:\u00a0AMIG6006     Gu\u00eda de 106 p\u00e1ginas, cientos de fotos y diagramas. 2\u00aa Edidi\u00f3n","og_url":"https:\/\/modelermaxpro.com\/index.php\/product\/modulacion-y-tecnicas-de-iluminacion-6006\/","og_site_name":"Modeler Max Pro","article_modified_time":"2023-05-04T22:00:41+00:00","og_image":[{"width":800,"height":800,"url":"https:\/\/modelermaxpro.com\/wp-content\/uploads\/2018\/11\/A.MIG-6006.jpg","type":"image\/jpeg"}],"twitter_card":"summary_large_image","schema":{"@context":"https:\/\/schema.org","@graph":[{"@type":"WebPage","@id":"https:\/\/modelermaxpro.com\/index.php\/product\/modulacion-y-tecnicas-de-iluminacion-6006\/","url":"https:\/\/modelermaxpro.com\/index.php\/product\/modulacion-y-tecnicas-de-iluminacion-6006\/","name":"MODULACI\u00d3N Y T\u00c9CNICAS DE ILUMINACI\u00d3N - 6006 - Modeler Max Pro","isPartOf":{"@id":"https:\/\/modelermaxpro.com\/#website"},"primaryImageOfPage":{"@id":"https:\/\/modelermaxpro.com\/index.php\/product\/modulacion-y-tecnicas-de-iluminacion-6006\/#primaryimage"},"image":{"@id":"https:\/\/modelermaxpro.com\/index.php\/product\/modulacion-y-tecnicas-de-iluminacion-6006\/#primaryimage"},"thumbnailUrl":"https:\/\/modelermaxpro.com\/wp-content\/uploads\/2018\/11\/A.MIG-6006.jpg","datePublished":"2019-04-06T11:06:37+00:00","dateModified":"2023-05-04T22:00:41+00:00","breadcrumb":{"@id":"https:\/\/modelermaxpro.com\/index.php\/product\/modulacion-y-tecnicas-de-iluminacion-6006\/#breadcrumb"},"inLanguage":"es-AR","potentialAction":[{"@type":"ReadAction","target":["https:\/\/modelermaxpro.com\/index.php\/product\/modulacion-y-tecnicas-de-iluminacion-6006\/"]}]},{"@type":"ImageObject","inLanguage":"es-AR","@id":"https:\/\/modelermaxpro.com\/index.php\/product\/modulacion-y-tecnicas-de-iluminacion-6006\/#primaryimage","url":"https:\/\/modelermaxpro.com\/wp-content\/uploads\/2018\/11\/A.MIG-6006.jpg","contentUrl":"https:\/\/modelermaxpro.com\/wp-content\/uploads\/2018\/11\/A.MIG-6006.jpg","width":800,"height":800},{"@type":"BreadcrumbList","@id":"https:\/\/modelermaxpro.com\/index.php\/product\/modulacion-y-tecnicas-de-iluminacion-6006\/#breadcrumb","itemListElement":[{"@type":"ListItem","position":1,"name":"Inicio","item":"https:\/\/modelermaxpro.com\/"},{"@type":"ListItem","position":2,"name":"Shop","item":"https:\/\/modelermaxpro.com\/index.php\/shop\/"},{"@type":"ListItem","position":3,"name":"MODULACI\u00d3N Y T\u00c9CNICAS DE ILUMINACI\u00d3N &#8211; 6006"}]},{"@type":"WebSite","@id":"https:\/\/modelermaxpro.com\/#website","url":"https:\/\/modelermaxpro.com\/","name":"Modeler Max Pro","description":"","publisher":{"@id":"https:\/\/modelermaxpro.com\/#organization"},"potentialAction":[{"@type":"SearchAction","target":{"@type":"EntryPoint","urlTemplate":"https:\/\/modelermaxpro.com\/?s={search_term_string}"},"query-input":{"@type":"PropertyValueSpecification","valueRequired":true,"valueName":"search_term_string"}}],"inLanguage":"es-AR"},{"@type":"Organization","@id":"https:\/\/modelermaxpro.com\/#organization","name":"Modeler Max Pro","url":"https:\/\/modelermaxpro.com\/","logo":{"@type":"ImageObject","inLanguage":"es-AR","@id":"https:\/\/modelermaxpro.com\/#\/schema\/logo\/image\/","url":"https:\/\/modelermaxpro.com\/wp-content\/uploads\/2019\/11\/logos_Modeler-web_Mesa-de-trabajo-1_Mesa-de-trabajo-1.png","contentUrl":"https:\/\/modelermaxpro.com\/wp-content\/uploads\/2019\/11\/logos_Modeler-web_Mesa-de-trabajo-1_Mesa-de-trabajo-1.png","width":322,"height":72,"caption":"Modeler Max Pro"},"image":{"@id":"https:\/\/modelermaxpro.com\/#\/schema\/logo\/image\/"}}]}},"_links":{"self":[{"href":"https:\/\/modelermaxpro.com\/index.php\/wp-json\/wp\/v2\/product\/1608","targetHints":{"allow":["GET"]}}],"collection":[{"href":"https:\/\/modelermaxpro.com\/index.php\/wp-json\/wp\/v2\/product"}],"about":[{"href":"https:\/\/modelermaxpro.com\/index.php\/wp-json\/wp\/v2\/types\/product"}],"wp:featuredmedia":[{"embeddable":true,"href":"https:\/\/modelermaxpro.com\/index.php\/wp-json\/wp\/v2\/media\/1609"}],"wp:attachment":[{"href":"https:\/\/modelermaxpro.com\/index.php\/wp-json\/wp\/v2\/media?parent=1608"}],"wp:term":[{"taxonomy":"product_brand","embeddable":true,"href":"https:\/\/modelermaxpro.com\/index.php\/wp-json\/wp\/v2\/product_brand?post=1608"},{"taxonomy":"product_cat","embeddable":true,"href":"https:\/\/modelermaxpro.com\/index.php\/wp-json\/wp\/v2\/product_cat?post=1608"},{"taxonomy":"product_tag","embeddable":true,"href":"https:\/\/modelermaxpro.com\/index.php\/wp-json\/wp\/v2\/product_tag?post=1608"}],"curies":[{"name":"wp","href":"https:\/\/api.w.org\/{rel}","templated":true}]}}