{"id":1610,"date":"2019-04-06T08:07:59","date_gmt":"2019-04-06T11:07:59","guid":{"rendered":"https:\/\/modelermaxpro.com\/?post_type=product&#038;p=1610"},"modified":"2022-08-13T11:09:36","modified_gmt":"2022-08-13T14:09:36","slug":"frente-del-este-vehiculos-rusos-1935-1945-guia-de-camuflajes-6008","status":"publish","type":"product","link":"https:\/\/modelermaxpro.com\/index.php\/product\/frente-del-este-vehiculos-rusos-1935-1945-guia-de-camuflajes-6008\/","title":{"rendered":"FRENTE DEL ESTE. VEH\u00cdCULOS RUSOS 1935-1945. GUIA DE CAMUFLAJES &#8211; 6008"},"content":{"rendered":"<p>En este libro encontrar\u00e1s toda la inspiraci\u00f3n necesaria para realizar originales veh\u00edculos Sovi\u00e9ticos con una gran variedad de colores, camuflajes y efectos. A trav\u00e9s de 80 p\u00e1ginas este libro descubre que los veh\u00edculos Sovi\u00e9ticos de la Segunda Guerra Mundial no solo iban pintados en verde. Sus m\u00e1s de 180 perfiles est\u00e1n estrictamente basados en fotos reales de \u00e9poca, muchas de ellas in\u00e9ditas, en las que se han estudiado los colores en profundidad. El libro incluye numerosa informaci\u00f3n de cada uno de los veh\u00edculos mostrados, as\u00ed como una introducci\u00f3n t\u00e9cnica sobre las pinturas sovi\u00e9ticas, su qu\u00edmica y su aplicaci\u00f3n, obtenidas de fuentes de antiguos pa\u00edses de la URSS. La gu\u00eda definitiva de los colores sovi\u00e9ticos en el periodo 1935-1945.<\/p>\n","protected":false},"excerpt":{"rendered":"<p id=\"product_reference\"><label for=\"product_reference\">Reference:\u00a0<\/label><span class=\"editable\">AMIG6008<\/span><\/p>\n<div id=\"short_description_block\">\n<div id=\"short_description_content\" class=\"rte align_justify\">\n<p>Perfiles a color e informaci\u00f3n de veh\u00edculos sovi\u00e9ticos entre 1935-45.<\/p>\n<\/div>\n<\/div>\n<form id=\"buy_block\" class=\"AVAST_PAM_nonloginform\" action=\"https:\/\/www.migjimenez.com\/en\/carro-de-la-compra\" method=\"post\">\n<div class=\"product_attributes\">\n<div id=\"attributes\"><\/div>\n<\/div>\n<div class=\"content_prices clearfix\"><\/div>\n<\/form>\n","protected":false},"featured_media":1611,"template":"","meta":[],"product_brand":[],"product_cat":[84],"product_tag":[],"class_list":{"0":"post-1610","1":"product","2":"type-product","3":"status-publish","4":"has-post-thumbnail","6":"product_cat-books","8":"first","9":"instock","10":"shipping-taxable","11":"purchasable","12":"product-type-simple"},"yoast_head":"<!-- This site is optimized with the Yoast SEO plugin v27.4 - https:\/\/yoast.com\/product\/yoast-seo-wordpress\/ -->\n<title>FRENTE DEL ESTE. VEH\u00cdCULOS RUSOS 1935-1945. GUIA DE CAMUFLAJES - 6008 - Modeler Max Pro<\/title>\n<meta name=\"robots\" content=\"index, follow, max-snippet:-1, max-image-preview:large, max-video-preview:-1\" \/>\n<link rel=\"canonical\" href=\"https:\/\/modelermaxpro.com\/index.php\/product\/frente-del-este-vehiculos-rusos-1935-1945-guia-de-camuflajes-6008\/\" \/>\n<meta property=\"og:locale\" content=\"es_ES\" \/>\n<meta property=\"og:type\" content=\"article\" \/>\n<meta property=\"og:title\" content=\"FRENTE DEL ESTE. VEH\u00cdCULOS RUSOS 1935-1945. GUIA DE CAMUFLAJES - 6008 - Modeler Max Pro\" \/>\n<meta property=\"og:description\" content=\"Reference:\u00a0AMIG6008     Perfiles a color e informaci\u00f3n de veh\u00edculos sovi\u00e9ticos entre 1935-45.\" \/>\n<meta property=\"og:url\" content=\"https:\/\/modelermaxpro.com\/index.php\/product\/frente-del-este-vehiculos-rusos-1935-1945-guia-de-camuflajes-6008\/\" \/>\n<meta property=\"og:site_name\" content=\"Modeler Max Pro\" \/>\n<meta property=\"article:modified_time\" content=\"2022-08-13T14:09:36+00:00\" \/>\n<meta property=\"og:image\" content=\"https:\/\/modelermaxpro.com\/wp-content\/uploads\/2018\/11\/A.MIG-6008.jpg\" \/>\n\t<meta property=\"og:image:width\" content=\"800\" \/>\n\t<meta property=\"og:image:height\" content=\"800\" \/>\n\t<meta property=\"og:image:type\" content=\"image\/jpeg\" \/>\n<meta name=\"twitter:card\" content=\"summary_large_image\" \/>\n<meta name=\"twitter:label1\" content=\"Tiempo de lectura\" \/>\n\t<meta name=\"twitter:data1\" content=\"1 minuto\" \/>\n<script type=\"application\/ld+json\" class=\"yoast-schema-graph\">{\"@context\":\"https:\\\/\\\/schema.org\",\"@graph\":[{\"@type\":\"WebPage\",\"@id\":\"https:\\\/\\\/modelermaxpro.com\\\/index.php\\\/product\\\/frente-del-este-vehiculos-rusos-1935-1945-guia-de-camuflajes-6008\\\/\",\"url\":\"https:\\\/\\\/modelermaxpro.com\\\/index.php\\\/product\\\/frente-del-este-vehiculos-rusos-1935-1945-guia-de-camuflajes-6008\\\/\",\"name\":\"FRENTE DEL ESTE. VEH\u00cdCULOS RUSOS 1935-1945. GUIA DE CAMUFLAJES - 6008 - Modeler Max Pro\",\"isPartOf\":{\"@id\":\"https:\\\/\\\/modelermaxpro.com\\\/#website\"},\"primaryImageOfPage\":{\"@id\":\"https:\\\/\\\/modelermaxpro.com\\\/index.php\\\/product\\\/frente-del-este-vehiculos-rusos-1935-1945-guia-de-camuflajes-6008\\\/#primaryimage\"},\"image\":{\"@id\":\"https:\\\/\\\/modelermaxpro.com\\\/index.php\\\/product\\\/frente-del-este-vehiculos-rusos-1935-1945-guia-de-camuflajes-6008\\\/#primaryimage\"},\"thumbnailUrl\":\"https:\\\/\\\/modelermaxpro.com\\\/wp-content\\\/uploads\\\/2018\\\/11\\\/A.MIG-6008.jpg\",\"datePublished\":\"2019-04-06T11:07:59+00:00\",\"dateModified\":\"2022-08-13T14:09:36+00:00\",\"breadcrumb\":{\"@id\":\"https:\\\/\\\/modelermaxpro.com\\\/index.php\\\/product\\\/frente-del-este-vehiculos-rusos-1935-1945-guia-de-camuflajes-6008\\\/#breadcrumb\"},\"inLanguage\":\"es-AR\",\"potentialAction\":[{\"@type\":\"ReadAction\",\"target\":[\"https:\\\/\\\/modelermaxpro.com\\\/index.php\\\/product\\\/frente-del-este-vehiculos-rusos-1935-1945-guia-de-camuflajes-6008\\\/\"]}]},{\"@type\":\"ImageObject\",\"inLanguage\":\"es-AR\",\"@id\":\"https:\\\/\\\/modelermaxpro.com\\\/index.php\\\/product\\\/frente-del-este-vehiculos-rusos-1935-1945-guia-de-camuflajes-6008\\\/#primaryimage\",\"url\":\"https:\\\/\\\/modelermaxpro.com\\\/wp-content\\\/uploads\\\/2018\\\/11\\\/A.MIG-6008.jpg\",\"contentUrl\":\"https:\\\/\\\/modelermaxpro.com\\\/wp-content\\\/uploads\\\/2018\\\/11\\\/A.MIG-6008.jpg\",\"width\":800,\"height\":800},{\"@type\":\"BreadcrumbList\",\"@id\":\"https:\\\/\\\/modelermaxpro.com\\\/index.php\\\/product\\\/frente-del-este-vehiculos-rusos-1935-1945-guia-de-camuflajes-6008\\\/#breadcrumb\",\"itemListElement\":[{\"@type\":\"ListItem\",\"position\":1,\"name\":\"Inicio\",\"item\":\"https:\\\/\\\/modelermaxpro.com\\\/\"},{\"@type\":\"ListItem\",\"position\":2,\"name\":\"Shop\",\"item\":\"https:\\\/\\\/modelermaxpro.com\\\/index.php\\\/shop\\\/\"},{\"@type\":\"ListItem\",\"position\":3,\"name\":\"FRENTE DEL ESTE. VEH\u00cdCULOS RUSOS 1935-1945. GUIA DE CAMUFLAJES &#8211; 6008\"}]},{\"@type\":\"WebSite\",\"@id\":\"https:\\\/\\\/modelermaxpro.com\\\/#website\",\"url\":\"https:\\\/\\\/modelermaxpro.com\\\/\",\"name\":\"Modeler Max Pro\",\"description\":\"\",\"publisher\":{\"@id\":\"https:\\\/\\\/modelermaxpro.com\\\/#organization\"},\"potentialAction\":[{\"@type\":\"SearchAction\",\"target\":{\"@type\":\"EntryPoint\",\"urlTemplate\":\"https:\\\/\\\/modelermaxpro.com\\\/?s={search_term_string}\"},\"query-input\":{\"@type\":\"PropertyValueSpecification\",\"valueRequired\":true,\"valueName\":\"search_term_string\"}}],\"inLanguage\":\"es-AR\"},{\"@type\":\"Organization\",\"@id\":\"https:\\\/\\\/modelermaxpro.com\\\/#organization\",\"name\":\"Modeler Max Pro\",\"url\":\"https:\\\/\\\/modelermaxpro.com\\\/\",\"logo\":{\"@type\":\"ImageObject\",\"inLanguage\":\"es-AR\",\"@id\":\"https:\\\/\\\/modelermaxpro.com\\\/#\\\/schema\\\/logo\\\/image\\\/\",\"url\":\"https:\\\/\\\/modelermaxpro.com\\\/wp-content\\\/uploads\\\/2019\\\/11\\\/logos_Modeler-web_Mesa-de-trabajo-1_Mesa-de-trabajo-1.png\",\"contentUrl\":\"https:\\\/\\\/modelermaxpro.com\\\/wp-content\\\/uploads\\\/2019\\\/11\\\/logos_Modeler-web_Mesa-de-trabajo-1_Mesa-de-trabajo-1.png\",\"width\":322,\"height\":72,\"caption\":\"Modeler Max Pro\"},\"image\":{\"@id\":\"https:\\\/\\\/modelermaxpro.com\\\/#\\\/schema\\\/logo\\\/image\\\/\"}}]}<\/script>\n<!-- \/ Yoast SEO plugin. -->","yoast_head_json":{"title":"FRENTE DEL ESTE. VEH\u00cdCULOS RUSOS 1935-1945. GUIA DE CAMUFLAJES - 6008 - Modeler Max Pro","robots":{"index":"index","follow":"follow","max-snippet":"max-snippet:-1","max-image-preview":"max-image-preview:large","max-video-preview":"max-video-preview:-1"},"canonical":"https:\/\/modelermaxpro.com\/index.php\/product\/frente-del-este-vehiculos-rusos-1935-1945-guia-de-camuflajes-6008\/","og_locale":"es_ES","og_type":"article","og_title":"FRENTE DEL ESTE. VEH\u00cdCULOS RUSOS 1935-1945. GUIA DE CAMUFLAJES - 6008 - Modeler Max Pro","og_description":"Reference:\u00a0AMIG6008     Perfiles a color e informaci\u00f3n de veh\u00edculos sovi\u00e9ticos entre 1935-45.","og_url":"https:\/\/modelermaxpro.com\/index.php\/product\/frente-del-este-vehiculos-rusos-1935-1945-guia-de-camuflajes-6008\/","og_site_name":"Modeler Max Pro","article_modified_time":"2022-08-13T14:09:36+00:00","og_image":[{"width":800,"height":800,"url":"https:\/\/modelermaxpro.com\/wp-content\/uploads\/2018\/11\/A.MIG-6008.jpg","type":"image\/jpeg"}],"twitter_card":"summary_large_image","twitter_misc":{"Tiempo de lectura":"1 minuto"},"schema":{"@context":"https:\/\/schema.org","@graph":[{"@type":"WebPage","@id":"https:\/\/modelermaxpro.com\/index.php\/product\/frente-del-este-vehiculos-rusos-1935-1945-guia-de-camuflajes-6008\/","url":"https:\/\/modelermaxpro.com\/index.php\/product\/frente-del-este-vehiculos-rusos-1935-1945-guia-de-camuflajes-6008\/","name":"FRENTE DEL ESTE. VEH\u00cdCULOS RUSOS 1935-1945. GUIA DE CAMUFLAJES - 6008 - Modeler Max Pro","isPartOf":{"@id":"https:\/\/modelermaxpro.com\/#website"},"primaryImageOfPage":{"@id":"https:\/\/modelermaxpro.com\/index.php\/product\/frente-del-este-vehiculos-rusos-1935-1945-guia-de-camuflajes-6008\/#primaryimage"},"image":{"@id":"https:\/\/modelermaxpro.com\/index.php\/product\/frente-del-este-vehiculos-rusos-1935-1945-guia-de-camuflajes-6008\/#primaryimage"},"thumbnailUrl":"https:\/\/modelermaxpro.com\/wp-content\/uploads\/2018\/11\/A.MIG-6008.jpg","datePublished":"2019-04-06T11:07:59+00:00","dateModified":"2022-08-13T14:09:36+00:00","breadcrumb":{"@id":"https:\/\/modelermaxpro.com\/index.php\/product\/frente-del-este-vehiculos-rusos-1935-1945-guia-de-camuflajes-6008\/#breadcrumb"},"inLanguage":"es-AR","potentialAction":[{"@type":"ReadAction","target":["https:\/\/modelermaxpro.com\/index.php\/product\/frente-del-este-vehiculos-rusos-1935-1945-guia-de-camuflajes-6008\/"]}]},{"@type":"ImageObject","inLanguage":"es-AR","@id":"https:\/\/modelermaxpro.com\/index.php\/product\/frente-del-este-vehiculos-rusos-1935-1945-guia-de-camuflajes-6008\/#primaryimage","url":"https:\/\/modelermaxpro.com\/wp-content\/uploads\/2018\/11\/A.MIG-6008.jpg","contentUrl":"https:\/\/modelermaxpro.com\/wp-content\/uploads\/2018\/11\/A.MIG-6008.jpg","width":800,"height":800},{"@type":"BreadcrumbList","@id":"https:\/\/modelermaxpro.com\/index.php\/product\/frente-del-este-vehiculos-rusos-1935-1945-guia-de-camuflajes-6008\/#breadcrumb","itemListElement":[{"@type":"ListItem","position":1,"name":"Inicio","item":"https:\/\/modelermaxpro.com\/"},{"@type":"ListItem","position":2,"name":"Shop","item":"https:\/\/modelermaxpro.com\/index.php\/shop\/"},{"@type":"ListItem","position":3,"name":"FRENTE DEL ESTE. VEH\u00cdCULOS RUSOS 1935-1945. GUIA DE CAMUFLAJES &#8211; 6008"}]},{"@type":"WebSite","@id":"https:\/\/modelermaxpro.com\/#website","url":"https:\/\/modelermaxpro.com\/","name":"Modeler Max Pro","description":"","publisher":{"@id":"https:\/\/modelermaxpro.com\/#organization"},"potentialAction":[{"@type":"SearchAction","target":{"@type":"EntryPoint","urlTemplate":"https:\/\/modelermaxpro.com\/?s={search_term_string}"},"query-input":{"@type":"PropertyValueSpecification","valueRequired":true,"valueName":"search_term_string"}}],"inLanguage":"es-AR"},{"@type":"Organization","@id":"https:\/\/modelermaxpro.com\/#organization","name":"Modeler Max Pro","url":"https:\/\/modelermaxpro.com\/","logo":{"@type":"ImageObject","inLanguage":"es-AR","@id":"https:\/\/modelermaxpro.com\/#\/schema\/logo\/image\/","url":"https:\/\/modelermaxpro.com\/wp-content\/uploads\/2019\/11\/logos_Modeler-web_Mesa-de-trabajo-1_Mesa-de-trabajo-1.png","contentUrl":"https:\/\/modelermaxpro.com\/wp-content\/uploads\/2019\/11\/logos_Modeler-web_Mesa-de-trabajo-1_Mesa-de-trabajo-1.png","width":322,"height":72,"caption":"Modeler Max Pro"},"image":{"@id":"https:\/\/modelermaxpro.com\/#\/schema\/logo\/image\/"}}]}},"_links":{"self":[{"href":"https:\/\/modelermaxpro.com\/index.php\/wp-json\/wp\/v2\/product\/1610","targetHints":{"allow":["GET"]}}],"collection":[{"href":"https:\/\/modelermaxpro.com\/index.php\/wp-json\/wp\/v2\/product"}],"about":[{"href":"https:\/\/modelermaxpro.com\/index.php\/wp-json\/wp\/v2\/types\/product"}],"wp:featuredmedia":[{"embeddable":true,"href":"https:\/\/modelermaxpro.com\/index.php\/wp-json\/wp\/v2\/media\/1611"}],"wp:attachment":[{"href":"https:\/\/modelermaxpro.com\/index.php\/wp-json\/wp\/v2\/media?parent=1610"}],"wp:term":[{"taxonomy":"product_brand","embeddable":true,"href":"https:\/\/modelermaxpro.com\/index.php\/wp-json\/wp\/v2\/product_brand?post=1610"},{"taxonomy":"product_cat","embeddable":true,"href":"https:\/\/modelermaxpro.com\/index.php\/wp-json\/wp\/v2\/product_cat?post=1610"},{"taxonomy":"product_tag","embeddable":true,"href":"https:\/\/modelermaxpro.com\/index.php\/wp-json\/wp\/v2\/product_tag?post=1610"}],"curies":[{"name":"wp","href":"https:\/\/api.w.org\/{rel}","templated":true}]}}