{"id":1650,"date":"2019-04-06T09:00:36","date_gmt":"2019-04-06T12:00:36","guid":{"rendered":"https:\/\/modelermaxpro.com\/?post_type=product&#038;p=1650"},"modified":"2022-08-13T11:22:29","modified_gmt":"2022-08-13T14:22:29","slug":"third-world-war-el-mundo-en-crisis-6117","status":"publish","type":"product","link":"https:\/\/modelermaxpro.com\/index.php\/product\/third-world-war-el-mundo-en-crisis-6117\/","title":{"rendered":"THIRD WORLD WAR. EL MUNDO EN CRISIS &#8211; 6117"},"content":{"rendered":"<p>Bienvenidos al futuro. En un momento en que la diplomacia acerca a dos formas antag\u00f3nicas de entender el mundo y la pol\u00edtica internacional, THIRD WORLD WAR. THE WORLD IN CRISIS se plantea c\u00f3mo y d\u00f3nde tendr\u00eda lugar una confrontaci\u00f3n b\u00e9lica a gran escala por el control de Asia\u2026 y del mundo.<\/p>\n<ul>\n<li>Un nuevo concepto en los libros dedicados al modelismo.<\/li>\n<li>Una realidad paralela ambientada en un conflicto que tiene lugar en nuestro tiempo.<\/li>\n<li>Camuflajes nunca vistos y nuevos dise\u00f1os que participaron en una ficci\u00f3n ideada por modelistas, historiadores y polit\u00f3logos.<\/li>\n<li>Nuevas armas desarrolladas espec\u00edficamente para esta contienda.<\/li>\n<li>Testimonios en primera persona de aquellos que lucharon defendiendo sus banderas y vivieron este hipot\u00e9tico conflicto.<\/li>\n<\/ul>\n<p>&nbsp;<\/p>\n<p>AMMO by MIG Jim\u00e9nez te trae un nuevo concepto de libro de modelismo en el que no s\u00f3lo veremos c\u00f3mo construir, pintar y ensuciar nuestras maquetas, sino que novela y conjetura con distintos escenarios en los que ver en acci\u00f3n a nuestros protagonistas: Los aviones.<\/p>\n<ul>\n<li>Con distintos protagonistas y puntos de vista, y sin ninguna afiliaci\u00f3n pol\u00edtica, conoceremos desde las primeras advertencias al estallido<\/li>\n<li>Sobrevolaremos los cielos del Oc\u00e9ano Pac\u00edfico y Europa<\/li>\n<li>Acompa\u00f1aremos a las ONG y a los desplazados por el conflicto<\/li>\n<li>Hasta llegar a conocer la operaci\u00f3n que puede suponer el principio del fin<\/li>\n<\/ul>\n","protected":false},"excerpt":{"rendered":"<p id=\"product_reference\"><label for=\"product_reference\">Reference:\u00a0<\/label><span class=\"editable\">AMIG6117<\/span><\/p>\n<div id=\"short_description_block\">\n<div id=\"short_description_content\" class=\"rte align_justify\">\n<p>\u00a0Este ejemplar est\u00e1 disponible s\u00f3lo en CASTELLANO.<\/p>\n<p>Tapa blanda. 200 p\u00e1ginas, 12 ilustraciones a doble p\u00e1gina.<\/p>\n<\/div>\n<\/div>\n","protected":false},"featured_media":1651,"template":"","meta":[],"product_brand":[],"product_cat":[84],"product_tag":[],"class_list":{"0":"post-1650","1":"product","2":"type-product","3":"status-publish","4":"has-post-thumbnail","6":"product_cat-books","8":"first","9":"instock","10":"shipping-taxable","11":"purchasable","12":"product-type-simple"},"yoast_head":"<!-- This site is optimized with the Yoast SEO plugin v27.2 - https:\/\/yoast.com\/product\/yoast-seo-wordpress\/ -->\n<title>THIRD WORLD WAR. EL MUNDO EN CRISIS - 6117 - Modeler Max Pro<\/title>\n<meta name=\"robots\" content=\"index, follow, max-snippet:-1, max-image-preview:large, max-video-preview:-1\" \/>\n<link rel=\"canonical\" href=\"https:\/\/modelermaxpro.com\/index.php\/product\/third-world-war-el-mundo-en-crisis-6117\/\" \/>\n<meta property=\"og:locale\" content=\"es_ES\" \/>\n<meta property=\"og:type\" content=\"article\" \/>\n<meta property=\"og:title\" content=\"THIRD WORLD WAR. EL MUNDO EN CRISIS - 6117 - Modeler Max Pro\" \/>\n<meta property=\"og:description\" content=\"Reference:\u00a0AMIG6117     \u00a0Este ejemplar est\u00e1 disponible s\u00f3lo en CASTELLANO.  Tapa blanda. 200 p\u00e1ginas, 12 ilustraciones a doble p\u00e1gina.\" \/>\n<meta property=\"og:url\" content=\"https:\/\/modelermaxpro.com\/index.php\/product\/third-world-war-el-mundo-en-crisis-6117\/\" \/>\n<meta property=\"og:site_name\" content=\"Modeler Max Pro\" \/>\n<meta property=\"article:modified_time\" content=\"2022-08-13T14:22:29+00:00\" \/>\n<meta property=\"og:image\" content=\"https:\/\/modelermaxpro.com\/wp-content\/uploads\/2018\/11\/A.MIG-6117.jpg\" \/>\n\t<meta property=\"og:image:width\" content=\"800\" \/>\n\t<meta property=\"og:image:height\" content=\"800\" \/>\n\t<meta property=\"og:image:type\" content=\"image\/jpeg\" \/>\n<meta name=\"twitter:card\" content=\"summary_large_image\" \/>\n<meta name=\"twitter:label1\" content=\"Tiempo de lectura\" \/>\n\t<meta name=\"twitter:data1\" content=\"1 minuto\" \/>\n<script type=\"application\/ld+json\" class=\"yoast-schema-graph\">{\"@context\":\"https:\/\/schema.org\",\"@graph\":[{\"@type\":\"WebPage\",\"@id\":\"https:\/\/modelermaxpro.com\/index.php\/product\/third-world-war-el-mundo-en-crisis-6117\/\",\"url\":\"https:\/\/modelermaxpro.com\/index.php\/product\/third-world-war-el-mundo-en-crisis-6117\/\",\"name\":\"THIRD WORLD WAR. EL MUNDO EN CRISIS - 6117 - Modeler Max Pro\",\"isPartOf\":{\"@id\":\"https:\/\/modelermaxpro.com\/#website\"},\"primaryImageOfPage\":{\"@id\":\"https:\/\/modelermaxpro.com\/index.php\/product\/third-world-war-el-mundo-en-crisis-6117\/#primaryimage\"},\"image\":{\"@id\":\"https:\/\/modelermaxpro.com\/index.php\/product\/third-world-war-el-mundo-en-crisis-6117\/#primaryimage\"},\"thumbnailUrl\":\"https:\/\/modelermaxpro.com\/wp-content\/uploads\/2018\/11\/A.MIG-6117.jpg\",\"datePublished\":\"2019-04-06T12:00:36+00:00\",\"dateModified\":\"2022-08-13T14:22:29+00:00\",\"breadcrumb\":{\"@id\":\"https:\/\/modelermaxpro.com\/index.php\/product\/third-world-war-el-mundo-en-crisis-6117\/#breadcrumb\"},\"inLanguage\":\"es-AR\",\"potentialAction\":[{\"@type\":\"ReadAction\",\"target\":[\"https:\/\/modelermaxpro.com\/index.php\/product\/third-world-war-el-mundo-en-crisis-6117\/\"]}]},{\"@type\":\"ImageObject\",\"inLanguage\":\"es-AR\",\"@id\":\"https:\/\/modelermaxpro.com\/index.php\/product\/third-world-war-el-mundo-en-crisis-6117\/#primaryimage\",\"url\":\"https:\/\/modelermaxpro.com\/wp-content\/uploads\/2018\/11\/A.MIG-6117.jpg\",\"contentUrl\":\"https:\/\/modelermaxpro.com\/wp-content\/uploads\/2018\/11\/A.MIG-6117.jpg\",\"width\":800,\"height\":800},{\"@type\":\"BreadcrumbList\",\"@id\":\"https:\/\/modelermaxpro.com\/index.php\/product\/third-world-war-el-mundo-en-crisis-6117\/#breadcrumb\",\"itemListElement\":[{\"@type\":\"ListItem\",\"position\":1,\"name\":\"Inicio\",\"item\":\"https:\/\/modelermaxpro.com\/\"},{\"@type\":\"ListItem\",\"position\":2,\"name\":\"Shop\",\"item\":\"https:\/\/modelermaxpro.com\/index.php\/shop\/\"},{\"@type\":\"ListItem\",\"position\":3,\"name\":\"THIRD WORLD WAR. EL MUNDO EN CRISIS &#8211; 6117\"}]},{\"@type\":\"WebSite\",\"@id\":\"https:\/\/modelermaxpro.com\/#website\",\"url\":\"https:\/\/modelermaxpro.com\/\",\"name\":\"Modeler Max Pro\",\"description\":\"\",\"publisher\":{\"@id\":\"https:\/\/modelermaxpro.com\/#organization\"},\"potentialAction\":[{\"@type\":\"SearchAction\",\"target\":{\"@type\":\"EntryPoint\",\"urlTemplate\":\"https:\/\/modelermaxpro.com\/?s={search_term_string}\"},\"query-input\":{\"@type\":\"PropertyValueSpecification\",\"valueRequired\":true,\"valueName\":\"search_term_string\"}}],\"inLanguage\":\"es-AR\"},{\"@type\":\"Organization\",\"@id\":\"https:\/\/modelermaxpro.com\/#organization\",\"name\":\"Modeler Max Pro\",\"url\":\"https:\/\/modelermaxpro.com\/\",\"logo\":{\"@type\":\"ImageObject\",\"inLanguage\":\"es-AR\",\"@id\":\"https:\/\/modelermaxpro.com\/#\/schema\/logo\/image\/\",\"url\":\"https:\/\/modelermaxpro.com\/wp-content\/uploads\/2019\/11\/logos_Modeler-web_Mesa-de-trabajo-1_Mesa-de-trabajo-1.png\",\"contentUrl\":\"https:\/\/modelermaxpro.com\/wp-content\/uploads\/2019\/11\/logos_Modeler-web_Mesa-de-trabajo-1_Mesa-de-trabajo-1.png\",\"width\":322,\"height\":72,\"caption\":\"Modeler Max Pro\"},\"image\":{\"@id\":\"https:\/\/modelermaxpro.com\/#\/schema\/logo\/image\/\"}}]}<\/script>\n<!-- \/ Yoast SEO plugin. -->","yoast_head_json":{"title":"THIRD WORLD WAR. EL MUNDO EN CRISIS - 6117 - Modeler Max Pro","robots":{"index":"index","follow":"follow","max-snippet":"max-snippet:-1","max-image-preview":"max-image-preview:large","max-video-preview":"max-video-preview:-1"},"canonical":"https:\/\/modelermaxpro.com\/index.php\/product\/third-world-war-el-mundo-en-crisis-6117\/","og_locale":"es_ES","og_type":"article","og_title":"THIRD WORLD WAR. EL MUNDO EN CRISIS - 6117 - Modeler Max Pro","og_description":"Reference:\u00a0AMIG6117     \u00a0Este ejemplar est\u00e1 disponible s\u00f3lo en CASTELLANO.  Tapa blanda. 200 p\u00e1ginas, 12 ilustraciones a doble p\u00e1gina.","og_url":"https:\/\/modelermaxpro.com\/index.php\/product\/third-world-war-el-mundo-en-crisis-6117\/","og_site_name":"Modeler Max Pro","article_modified_time":"2022-08-13T14:22:29+00:00","og_image":[{"width":800,"height":800,"url":"https:\/\/modelermaxpro.com\/wp-content\/uploads\/2018\/11\/A.MIG-6117.jpg","type":"image\/jpeg"}],"twitter_card":"summary_large_image","twitter_misc":{"Tiempo de lectura":"1 minuto"},"schema":{"@context":"https:\/\/schema.org","@graph":[{"@type":"WebPage","@id":"https:\/\/modelermaxpro.com\/index.php\/product\/third-world-war-el-mundo-en-crisis-6117\/","url":"https:\/\/modelermaxpro.com\/index.php\/product\/third-world-war-el-mundo-en-crisis-6117\/","name":"THIRD WORLD WAR. EL MUNDO EN CRISIS - 6117 - Modeler Max Pro","isPartOf":{"@id":"https:\/\/modelermaxpro.com\/#website"},"primaryImageOfPage":{"@id":"https:\/\/modelermaxpro.com\/index.php\/product\/third-world-war-el-mundo-en-crisis-6117\/#primaryimage"},"image":{"@id":"https:\/\/modelermaxpro.com\/index.php\/product\/third-world-war-el-mundo-en-crisis-6117\/#primaryimage"},"thumbnailUrl":"https:\/\/modelermaxpro.com\/wp-content\/uploads\/2018\/11\/A.MIG-6117.jpg","datePublished":"2019-04-06T12:00:36+00:00","dateModified":"2022-08-13T14:22:29+00:00","breadcrumb":{"@id":"https:\/\/modelermaxpro.com\/index.php\/product\/third-world-war-el-mundo-en-crisis-6117\/#breadcrumb"},"inLanguage":"es-AR","potentialAction":[{"@type":"ReadAction","target":["https:\/\/modelermaxpro.com\/index.php\/product\/third-world-war-el-mundo-en-crisis-6117\/"]}]},{"@type":"ImageObject","inLanguage":"es-AR","@id":"https:\/\/modelermaxpro.com\/index.php\/product\/third-world-war-el-mundo-en-crisis-6117\/#primaryimage","url":"https:\/\/modelermaxpro.com\/wp-content\/uploads\/2018\/11\/A.MIG-6117.jpg","contentUrl":"https:\/\/modelermaxpro.com\/wp-content\/uploads\/2018\/11\/A.MIG-6117.jpg","width":800,"height":800},{"@type":"BreadcrumbList","@id":"https:\/\/modelermaxpro.com\/index.php\/product\/third-world-war-el-mundo-en-crisis-6117\/#breadcrumb","itemListElement":[{"@type":"ListItem","position":1,"name":"Inicio","item":"https:\/\/modelermaxpro.com\/"},{"@type":"ListItem","position":2,"name":"Shop","item":"https:\/\/modelermaxpro.com\/index.php\/shop\/"},{"@type":"ListItem","position":3,"name":"THIRD WORLD WAR. EL MUNDO EN CRISIS &#8211; 6117"}]},{"@type":"WebSite","@id":"https:\/\/modelermaxpro.com\/#website","url":"https:\/\/modelermaxpro.com\/","name":"Modeler Max Pro","description":"","publisher":{"@id":"https:\/\/modelermaxpro.com\/#organization"},"potentialAction":[{"@type":"SearchAction","target":{"@type":"EntryPoint","urlTemplate":"https:\/\/modelermaxpro.com\/?s={search_term_string}"},"query-input":{"@type":"PropertyValueSpecification","valueRequired":true,"valueName":"search_term_string"}}],"inLanguage":"es-AR"},{"@type":"Organization","@id":"https:\/\/modelermaxpro.com\/#organization","name":"Modeler Max Pro","url":"https:\/\/modelermaxpro.com\/","logo":{"@type":"ImageObject","inLanguage":"es-AR","@id":"https:\/\/modelermaxpro.com\/#\/schema\/logo\/image\/","url":"https:\/\/modelermaxpro.com\/wp-content\/uploads\/2019\/11\/logos_Modeler-web_Mesa-de-trabajo-1_Mesa-de-trabajo-1.png","contentUrl":"https:\/\/modelermaxpro.com\/wp-content\/uploads\/2019\/11\/logos_Modeler-web_Mesa-de-trabajo-1_Mesa-de-trabajo-1.png","width":322,"height":72,"caption":"Modeler Max Pro"},"image":{"@id":"https:\/\/modelermaxpro.com\/#\/schema\/logo\/image\/"}}]}},"_links":{"self":[{"href":"https:\/\/modelermaxpro.com\/index.php\/wp-json\/wp\/v2\/product\/1650","targetHints":{"allow":["GET"]}}],"collection":[{"href":"https:\/\/modelermaxpro.com\/index.php\/wp-json\/wp\/v2\/product"}],"about":[{"href":"https:\/\/modelermaxpro.com\/index.php\/wp-json\/wp\/v2\/types\/product"}],"wp:featuredmedia":[{"embeddable":true,"href":"https:\/\/modelermaxpro.com\/index.php\/wp-json\/wp\/v2\/media\/1651"}],"wp:attachment":[{"href":"https:\/\/modelermaxpro.com\/index.php\/wp-json\/wp\/v2\/media?parent=1650"}],"wp:term":[{"taxonomy":"product_brand","embeddable":true,"href":"https:\/\/modelermaxpro.com\/index.php\/wp-json\/wp\/v2\/product_brand?post=1650"},{"taxonomy":"product_cat","embeddable":true,"href":"https:\/\/modelermaxpro.com\/index.php\/wp-json\/wp\/v2\/product_cat?post=1650"},{"taxonomy":"product_tag","embeddable":true,"href":"https:\/\/modelermaxpro.com\/index.php\/wp-json\/wp\/v2\/product_tag?post=1650"}],"curies":[{"name":"wp","href":"https:\/\/api.w.org\/{rel}","templated":true}]}}