{"id":1654,"date":"2018-11-14T09:03:26","date_gmt":"2018-11-14T12:03:26","guid":{"rendered":"https:\/\/modelermaxpro.com\/?post_type=product&#038;p=1654"},"modified":"2022-08-13T11:26:20","modified_gmt":"2022-08-13T14:26:20","slug":"enciclopedia-de-tecnicas-de-modelismo-de-blindados-vol-2-interiores-y-color-base-6162","status":"publish","type":"product","link":"https:\/\/modelermaxpro.com\/index.php\/product\/enciclopedia-de-tecnicas-de-modelismo-de-blindados-vol-2-interiores-y-color-base-6162\/","title":{"rendered":"ENCICLOPEDIA DE T\u00c9CNICAS DE MODELISMO DE BLINDADOS VOL. 2 &#8211; INTERIORES Y COLOR BASE &#8211; 6162"},"content":{"rendered":"<p>La enciclopedia definitiva del modelismo de blindados realizada por Mig Jimenez, el creador del FAQ 1 y 2, las obras m\u00e1s vendidas en la historia del modelismo, y una selecci\u00f3n de los mejores modelistas de tanques de todo el mundo, bajo su direcci\u00f3n.<\/p>\n<p>A trav\u00e9s de 152 p\u00e1ginas y m\u00e1s de 800 fotos de alta calidad y gran tama\u00f1o a todo color de este primer volumen, los modelistas podr\u00e1n aprender todo lo necesario sobre el pintado de color base e interiores en veh\u00edculos militares, desde los procesos m\u00e1s sencillos para el principiante hasta las t\u00e9cnicas m\u00e1s avanzadas para el modelista m\u00e1s experimentado.<\/p>\n<p>Este Volumen n\u00ba2 explica en profundidad todo acerca de las herramientas y productos para pintar el color\u00a0 base, incluida la documentaci\u00f3n para el proceso de pintura y la preparaci\u00f3n de superficies antes de pintar. El modelista tambi\u00e9n encontrar\u00e1 explicaciones detalladas de como pintar el interior de toda clase de veh\u00edculos incluyendo camiones, veh\u00edculos abiertos, motores y tanques. Finalmente este Volumen 2 nos ense\u00f1ar\u00e1 todo lo relacionado con el color base y pintura de exteriores como, por ejemplo, t\u00e9cnicas de aerograf\u00eda, imprimaci\u00f3n, pre-sombreados, capas base, efectos con aer\u00f3grafo, como usar calcas y mucho m\u00e1s.<\/p>\n<p>Los procesos explicados en esta enciclopedia est\u00e1n compuestos de textos altamente informativos y numerosas fotos explicando con gran detalle cada paso. Esta enciclopedia es, por tanto, la herramienta definitiva que no puede faltar en la mesa de todo aficionado al modelismo veh\u00edculos blindados. Este segundo volumen se complementa con otros 4 vol\u00famenes.<\/p>\n","protected":false},"excerpt":{"rendered":"<p id=\"product_reference\"><label for=\"product_reference\">Reference:\u00a0<\/label><span class=\"editable\">AMIG6161<\/span><\/p>\n<div id=\"short_description_block\">\n<div id=\"short_description_content\" class=\"rte align_justify\">\n<p>152 paginas y mas de 800 fotos. Idioma Castellano<\/p>\n<\/div>\n<\/div>\n","protected":false},"featured_media":1655,"template":"","meta":[],"product_brand":[],"product_cat":[84],"product_tag":[],"class_list":{"0":"post-1654","1":"product","2":"type-product","3":"status-publish","4":"has-post-thumbnail","6":"product_cat-books","8":"first","9":"instock","10":"shipping-taxable","11":"purchasable","12":"product-type-simple"},"yoast_head":"<!-- This site is optimized with the Yoast SEO plugin v27.4 - https:\/\/yoast.com\/product\/yoast-seo-wordpress\/ -->\n<title>ENCICLOPEDIA DE T\u00c9CNICAS DE MODELISMO DE BLINDADOS VOL. 2 - INTERIORES Y COLOR BASE - 6162 - Modeler Max Pro<\/title>\n<meta name=\"robots\" content=\"index, follow, max-snippet:-1, max-image-preview:large, max-video-preview:-1\" \/>\n<link rel=\"canonical\" href=\"https:\/\/modelermaxpro.com\/index.php\/product\/enciclopedia-de-tecnicas-de-modelismo-de-blindados-vol-2-interiores-y-color-base-6162\/\" \/>\n<meta property=\"og:locale\" content=\"es_ES\" \/>\n<meta property=\"og:type\" content=\"article\" \/>\n<meta property=\"og:title\" content=\"ENCICLOPEDIA DE T\u00c9CNICAS DE MODELISMO DE BLINDADOS VOL. 2 - INTERIORES Y COLOR BASE - 6162 - Modeler Max Pro\" \/>\n<meta property=\"og:description\" content=\"Reference:\u00a0AMIG6161     152 paginas y mas de 800 fotos. Idioma Castellano\" \/>\n<meta property=\"og:url\" content=\"https:\/\/modelermaxpro.com\/index.php\/product\/enciclopedia-de-tecnicas-de-modelismo-de-blindados-vol-2-interiores-y-color-base-6162\/\" \/>\n<meta property=\"og:site_name\" content=\"Modeler Max Pro\" \/>\n<meta property=\"article:modified_time\" content=\"2022-08-13T14:26:20+00:00\" \/>\n<meta property=\"og:image\" content=\"https:\/\/modelermaxpro.com\/wp-content\/uploads\/2018\/11\/A.MIG6162.jpg\" \/>\n\t<meta property=\"og:image:width\" content=\"800\" \/>\n\t<meta property=\"og:image:height\" content=\"800\" \/>\n\t<meta property=\"og:image:type\" content=\"image\/jpeg\" \/>\n<meta name=\"twitter:card\" content=\"summary_large_image\" \/>\n<meta name=\"twitter:label1\" content=\"Tiempo de lectura\" \/>\n\t<meta name=\"twitter:data1\" content=\"1 minuto\" \/>\n<script type=\"application\/ld+json\" class=\"yoast-schema-graph\">{\"@context\":\"https:\\\/\\\/schema.org\",\"@graph\":[{\"@type\":\"WebPage\",\"@id\":\"https:\\\/\\\/modelermaxpro.com\\\/index.php\\\/product\\\/enciclopedia-de-tecnicas-de-modelismo-de-blindados-vol-2-interiores-y-color-base-6162\\\/\",\"url\":\"https:\\\/\\\/modelermaxpro.com\\\/index.php\\\/product\\\/enciclopedia-de-tecnicas-de-modelismo-de-blindados-vol-2-interiores-y-color-base-6162\\\/\",\"name\":\"ENCICLOPEDIA DE T\u00c9CNICAS DE MODELISMO DE BLINDADOS VOL. 2 - INTERIORES Y COLOR BASE - 6162 - Modeler Max Pro\",\"isPartOf\":{\"@id\":\"https:\\\/\\\/modelermaxpro.com\\\/#website\"},\"primaryImageOfPage\":{\"@id\":\"https:\\\/\\\/modelermaxpro.com\\\/index.php\\\/product\\\/enciclopedia-de-tecnicas-de-modelismo-de-blindados-vol-2-interiores-y-color-base-6162\\\/#primaryimage\"},\"image\":{\"@id\":\"https:\\\/\\\/modelermaxpro.com\\\/index.php\\\/product\\\/enciclopedia-de-tecnicas-de-modelismo-de-blindados-vol-2-interiores-y-color-base-6162\\\/#primaryimage\"},\"thumbnailUrl\":\"https:\\\/\\\/modelermaxpro.com\\\/wp-content\\\/uploads\\\/2018\\\/11\\\/A.MIG6162.jpg\",\"datePublished\":\"2018-11-14T12:03:26+00:00\",\"dateModified\":\"2022-08-13T14:26:20+00:00\",\"breadcrumb\":{\"@id\":\"https:\\\/\\\/modelermaxpro.com\\\/index.php\\\/product\\\/enciclopedia-de-tecnicas-de-modelismo-de-blindados-vol-2-interiores-y-color-base-6162\\\/#breadcrumb\"},\"inLanguage\":\"es-AR\",\"potentialAction\":[{\"@type\":\"ReadAction\",\"target\":[\"https:\\\/\\\/modelermaxpro.com\\\/index.php\\\/product\\\/enciclopedia-de-tecnicas-de-modelismo-de-blindados-vol-2-interiores-y-color-base-6162\\\/\"]}]},{\"@type\":\"ImageObject\",\"inLanguage\":\"es-AR\",\"@id\":\"https:\\\/\\\/modelermaxpro.com\\\/index.php\\\/product\\\/enciclopedia-de-tecnicas-de-modelismo-de-blindados-vol-2-interiores-y-color-base-6162\\\/#primaryimage\",\"url\":\"https:\\\/\\\/modelermaxpro.com\\\/wp-content\\\/uploads\\\/2018\\\/11\\\/A.MIG6162.jpg\",\"contentUrl\":\"https:\\\/\\\/modelermaxpro.com\\\/wp-content\\\/uploads\\\/2018\\\/11\\\/A.MIG6162.jpg\",\"width\":800,\"height\":800},{\"@type\":\"BreadcrumbList\",\"@id\":\"https:\\\/\\\/modelermaxpro.com\\\/index.php\\\/product\\\/enciclopedia-de-tecnicas-de-modelismo-de-blindados-vol-2-interiores-y-color-base-6162\\\/#breadcrumb\",\"itemListElement\":[{\"@type\":\"ListItem\",\"position\":1,\"name\":\"Inicio\",\"item\":\"https:\\\/\\\/modelermaxpro.com\\\/\"},{\"@type\":\"ListItem\",\"position\":2,\"name\":\"Shop\",\"item\":\"https:\\\/\\\/modelermaxpro.com\\\/index.php\\\/shop\\\/\"},{\"@type\":\"ListItem\",\"position\":3,\"name\":\"ENCICLOPEDIA DE T\u00c9CNICAS DE MODELISMO DE BLINDADOS VOL. 2 &#8211; INTERIORES Y COLOR BASE &#8211; 6162\"}]},{\"@type\":\"WebSite\",\"@id\":\"https:\\\/\\\/modelermaxpro.com\\\/#website\",\"url\":\"https:\\\/\\\/modelermaxpro.com\\\/\",\"name\":\"Modeler Max Pro\",\"description\":\"\",\"publisher\":{\"@id\":\"https:\\\/\\\/modelermaxpro.com\\\/#organization\"},\"potentialAction\":[{\"@type\":\"SearchAction\",\"target\":{\"@type\":\"EntryPoint\",\"urlTemplate\":\"https:\\\/\\\/modelermaxpro.com\\\/?s={search_term_string}\"},\"query-input\":{\"@type\":\"PropertyValueSpecification\",\"valueRequired\":true,\"valueName\":\"search_term_string\"}}],\"inLanguage\":\"es-AR\"},{\"@type\":\"Organization\",\"@id\":\"https:\\\/\\\/modelermaxpro.com\\\/#organization\",\"name\":\"Modeler Max Pro\",\"url\":\"https:\\\/\\\/modelermaxpro.com\\\/\",\"logo\":{\"@type\":\"ImageObject\",\"inLanguage\":\"es-AR\",\"@id\":\"https:\\\/\\\/modelermaxpro.com\\\/#\\\/schema\\\/logo\\\/image\\\/\",\"url\":\"https:\\\/\\\/modelermaxpro.com\\\/wp-content\\\/uploads\\\/2019\\\/11\\\/logos_Modeler-web_Mesa-de-trabajo-1_Mesa-de-trabajo-1.png\",\"contentUrl\":\"https:\\\/\\\/modelermaxpro.com\\\/wp-content\\\/uploads\\\/2019\\\/11\\\/logos_Modeler-web_Mesa-de-trabajo-1_Mesa-de-trabajo-1.png\",\"width\":322,\"height\":72,\"caption\":\"Modeler Max Pro\"},\"image\":{\"@id\":\"https:\\\/\\\/modelermaxpro.com\\\/#\\\/schema\\\/logo\\\/image\\\/\"}}]}<\/script>\n<!-- \/ Yoast SEO plugin. -->","yoast_head_json":{"title":"ENCICLOPEDIA DE T\u00c9CNICAS DE MODELISMO DE BLINDADOS VOL. 2 - INTERIORES Y COLOR BASE - 6162 - Modeler Max Pro","robots":{"index":"index","follow":"follow","max-snippet":"max-snippet:-1","max-image-preview":"max-image-preview:large","max-video-preview":"max-video-preview:-1"},"canonical":"https:\/\/modelermaxpro.com\/index.php\/product\/enciclopedia-de-tecnicas-de-modelismo-de-blindados-vol-2-interiores-y-color-base-6162\/","og_locale":"es_ES","og_type":"article","og_title":"ENCICLOPEDIA DE T\u00c9CNICAS DE MODELISMO DE BLINDADOS VOL. 2 - INTERIORES Y COLOR BASE - 6162 - Modeler Max Pro","og_description":"Reference:\u00a0AMIG6161     152 paginas y mas de 800 fotos. Idioma Castellano","og_url":"https:\/\/modelermaxpro.com\/index.php\/product\/enciclopedia-de-tecnicas-de-modelismo-de-blindados-vol-2-interiores-y-color-base-6162\/","og_site_name":"Modeler Max Pro","article_modified_time":"2022-08-13T14:26:20+00:00","og_image":[{"width":800,"height":800,"url":"https:\/\/modelermaxpro.com\/wp-content\/uploads\/2018\/11\/A.MIG6162.jpg","type":"image\/jpeg"}],"twitter_card":"summary_large_image","twitter_misc":{"Tiempo de lectura":"1 minuto"},"schema":{"@context":"https:\/\/schema.org","@graph":[{"@type":"WebPage","@id":"https:\/\/modelermaxpro.com\/index.php\/product\/enciclopedia-de-tecnicas-de-modelismo-de-blindados-vol-2-interiores-y-color-base-6162\/","url":"https:\/\/modelermaxpro.com\/index.php\/product\/enciclopedia-de-tecnicas-de-modelismo-de-blindados-vol-2-interiores-y-color-base-6162\/","name":"ENCICLOPEDIA DE T\u00c9CNICAS DE MODELISMO DE BLINDADOS VOL. 2 - INTERIORES Y COLOR BASE - 6162 - Modeler Max Pro","isPartOf":{"@id":"https:\/\/modelermaxpro.com\/#website"},"primaryImageOfPage":{"@id":"https:\/\/modelermaxpro.com\/index.php\/product\/enciclopedia-de-tecnicas-de-modelismo-de-blindados-vol-2-interiores-y-color-base-6162\/#primaryimage"},"image":{"@id":"https:\/\/modelermaxpro.com\/index.php\/product\/enciclopedia-de-tecnicas-de-modelismo-de-blindados-vol-2-interiores-y-color-base-6162\/#primaryimage"},"thumbnailUrl":"https:\/\/modelermaxpro.com\/wp-content\/uploads\/2018\/11\/A.MIG6162.jpg","datePublished":"2018-11-14T12:03:26+00:00","dateModified":"2022-08-13T14:26:20+00:00","breadcrumb":{"@id":"https:\/\/modelermaxpro.com\/index.php\/product\/enciclopedia-de-tecnicas-de-modelismo-de-blindados-vol-2-interiores-y-color-base-6162\/#breadcrumb"},"inLanguage":"es-AR","potentialAction":[{"@type":"ReadAction","target":["https:\/\/modelermaxpro.com\/index.php\/product\/enciclopedia-de-tecnicas-de-modelismo-de-blindados-vol-2-interiores-y-color-base-6162\/"]}]},{"@type":"ImageObject","inLanguage":"es-AR","@id":"https:\/\/modelermaxpro.com\/index.php\/product\/enciclopedia-de-tecnicas-de-modelismo-de-blindados-vol-2-interiores-y-color-base-6162\/#primaryimage","url":"https:\/\/modelermaxpro.com\/wp-content\/uploads\/2018\/11\/A.MIG6162.jpg","contentUrl":"https:\/\/modelermaxpro.com\/wp-content\/uploads\/2018\/11\/A.MIG6162.jpg","width":800,"height":800},{"@type":"BreadcrumbList","@id":"https:\/\/modelermaxpro.com\/index.php\/product\/enciclopedia-de-tecnicas-de-modelismo-de-blindados-vol-2-interiores-y-color-base-6162\/#breadcrumb","itemListElement":[{"@type":"ListItem","position":1,"name":"Inicio","item":"https:\/\/modelermaxpro.com\/"},{"@type":"ListItem","position":2,"name":"Shop","item":"https:\/\/modelermaxpro.com\/index.php\/shop\/"},{"@type":"ListItem","position":3,"name":"ENCICLOPEDIA DE T\u00c9CNICAS DE MODELISMO DE BLINDADOS VOL. 2 &#8211; INTERIORES Y COLOR BASE &#8211; 6162"}]},{"@type":"WebSite","@id":"https:\/\/modelermaxpro.com\/#website","url":"https:\/\/modelermaxpro.com\/","name":"Modeler Max Pro","description":"","publisher":{"@id":"https:\/\/modelermaxpro.com\/#organization"},"potentialAction":[{"@type":"SearchAction","target":{"@type":"EntryPoint","urlTemplate":"https:\/\/modelermaxpro.com\/?s={search_term_string}"},"query-input":{"@type":"PropertyValueSpecification","valueRequired":true,"valueName":"search_term_string"}}],"inLanguage":"es-AR"},{"@type":"Organization","@id":"https:\/\/modelermaxpro.com\/#organization","name":"Modeler Max Pro","url":"https:\/\/modelermaxpro.com\/","logo":{"@type":"ImageObject","inLanguage":"es-AR","@id":"https:\/\/modelermaxpro.com\/#\/schema\/logo\/image\/","url":"https:\/\/modelermaxpro.com\/wp-content\/uploads\/2019\/11\/logos_Modeler-web_Mesa-de-trabajo-1_Mesa-de-trabajo-1.png","contentUrl":"https:\/\/modelermaxpro.com\/wp-content\/uploads\/2019\/11\/logos_Modeler-web_Mesa-de-trabajo-1_Mesa-de-trabajo-1.png","width":322,"height":72,"caption":"Modeler Max Pro"},"image":{"@id":"https:\/\/modelermaxpro.com\/#\/schema\/logo\/image\/"}}]}},"_links":{"self":[{"href":"https:\/\/modelermaxpro.com\/index.php\/wp-json\/wp\/v2\/product\/1654","targetHints":{"allow":["GET"]}}],"collection":[{"href":"https:\/\/modelermaxpro.com\/index.php\/wp-json\/wp\/v2\/product"}],"about":[{"href":"https:\/\/modelermaxpro.com\/index.php\/wp-json\/wp\/v2\/types\/product"}],"wp:featuredmedia":[{"embeddable":true,"href":"https:\/\/modelermaxpro.com\/index.php\/wp-json\/wp\/v2\/media\/1655"}],"wp:attachment":[{"href":"https:\/\/modelermaxpro.com\/index.php\/wp-json\/wp\/v2\/media?parent=1654"}],"wp:term":[{"taxonomy":"product_brand","embeddable":true,"href":"https:\/\/modelermaxpro.com\/index.php\/wp-json\/wp\/v2\/product_brand?post=1654"},{"taxonomy":"product_cat","embeddable":true,"href":"https:\/\/modelermaxpro.com\/index.php\/wp-json\/wp\/v2\/product_cat?post=1654"},{"taxonomy":"product_tag","embeddable":true,"href":"https:\/\/modelermaxpro.com\/index.php\/wp-json\/wp\/v2\/product_tag?post=1654"}],"curies":[{"name":"wp","href":"https:\/\/api.w.org\/{rel}","templated":true}]}}