{"id":1685,"date":"2018-11-14T10:23:13","date_gmt":"2018-11-14T13:23:13","guid":{"rendered":"https:\/\/modelermaxpro.com\/?post_type=product&#038;p=1685"},"modified":"2025-05-03T19:16:31","modified_gmt":"2025-05-03T22:16:31","slug":"clear-water-2205","status":"publish","type":"product","link":"https:\/\/modelermaxpro.com\/index.php\/product\/clear-water-2205\/","title":{"rendered":"CLEAR WATER &#8211; 2205"},"content":{"rendered":"<p>Este producto est\u00e1 especialmente dise\u00f1ado para realizar cualquier tipo de aguas con el mayor realismo, ya sean oc\u00e9anos, r\u00edos, lagos, cascadas e incluso superficies de agua congelada. Este producto en concreto tiene el color transparente de las aguas mas cristalinas.<\/p>\n<p>&nbsp;<\/p>\n<p>-El acabado semitransparente resulta perfecto para obtener tanto sensaci\u00f3n de profundidad como de color del agua.<\/p>\n<p>-Su viscosidad hace que pueda ser aplicado en cualquier superficie aunque sea inclinada.<\/p>\n<p>-Su tiempo de secado hace que pueda trabajarse con calma para representar aguas en movimiento, tales como mares encrespados, cataratas, ondas en el agua, olas, etc.<\/p>\n<p>-Se puede mezclar con otros productos de la gama de agua o con un poco de pintura acr\u00edlica para alterar su color sin afectar a la transparencia.<\/p>\n<p>-Se puede diluir con agua o diluyente acr\u00edlico para modificar su fluidez.<\/p>\n<p>&nbsp;<\/p>\n<p>Comienza por pintar la superficie donde se vaya a aplicar del color deseado. A continuaci\u00f3n apl\u00edcalo con una esp\u00e1tula o utensilio similar. Mientras seca puedes modelar la textura necesaria con un pincel viejo o cualquier otra herramienta. Se recomienda aplicar en varias capas finas para mejorar el efecto y acabado finales.<\/p>\n<p>&nbsp;<\/p>\n<p>Las herramientas se limpian f\u00e1cilmente con agua. No huele. Tiempo de secado 24 horas.<\/p>\n<p>Esta serie de productos ha sido creada exclusivamente para dioramas y escenas de modelismo, no son productos de bellas artes con colores extra\u00f1os e irreales. El color, una vez seco, se corresponde a los encontrados en la naturaleza y conferir\u00e1 a tus dioramas un aspecto realista y profesional. Adem\u00e1s, hemos creado una selecci\u00f3n con los colores m\u00e1s habituales, omitiendo tonos que nadie usa para as\u00ed hacer m\u00e1s f\u00e1cil la elecci\u00f3n por parte del modelista.<\/p>\n<p>&nbsp;<\/p>\n<p style=\"text-align: center;\">Paso a Paso &#8220;Agua Acr\u00edlica para Dioramas&#8221; por Diego Quijano<\/p>\n<p><a href=\"http:\/\/www.migjimenez.com\/img\/cms\/PDF\/StepbyStep_Acrylic-Water.pdf\" target=\"_blank\" rel=\"noopener noreferrer\"><img decoding=\"async\" class=\"aligncenter lazyload\" title=\"Step By Step: Acrylic Water For Dioramas by Diego Quijano\" data-src=\"http:\/\/www.migjimenez.com\/img\/cms\/stepbystep_600x50.jpg\" alt=\"Paso a Paso \" width=\"600\" height=\"50\" src=\"data:image\/svg+xml;base64,PHN2ZyB3aWR0aD0iMSIgaGVpZ2h0PSIxIiB4bWxucz0iaHR0cDovL3d3dy53My5vcmcvMjAwMC9zdmciPjwvc3ZnPg==\" style=\"--smush-placeholder-width: 600px; --smush-placeholder-aspect-ratio: 600\/50;\" \/><\/a><\/p>\n","protected":false},"excerpt":{"rendered":"<p id=\"product_reference\"><label for=\"product_reference\">Referencia:\u00a0<\/label><span class=\"editable\">AMIG2205<\/span><\/p>\n<div id=\"short_description_block\">\n<div id=\"short_description_content\" class=\"rte align_justify\">\n<p>Gel acr\u00edlico para representar agua. 250 ml<\/p>\n<\/div>\n<\/div>\n","protected":false},"featured_media":1686,"template":"","meta":[],"product_brand":[],"product_cat":[79,78],"product_tag":[],"class_list":{"0":"post-1685","1":"product","2":"type-product","3":"status-publish","4":"has-post-thumbnail","6":"product_cat-acrylic-water-250-ml-jars","7":"product_cat-dioramas","9":"first","10":"instock","11":"shipping-taxable","12":"purchasable","13":"product-type-simple"},"yoast_head":"<!-- This site is optimized with the Yoast SEO plugin v27.2 - https:\/\/yoast.com\/product\/yoast-seo-wordpress\/ -->\n<title>CLEAR WATER - 2205 - Modeler Max Pro<\/title>\n<meta name=\"robots\" content=\"index, follow, max-snippet:-1, max-image-preview:large, max-video-preview:-1\" \/>\n<link rel=\"canonical\" href=\"https:\/\/modelermaxpro.com\/index.php\/product\/clear-water-2205\/\" \/>\n<meta property=\"og:locale\" content=\"es_ES\" \/>\n<meta property=\"og:type\" content=\"article\" \/>\n<meta property=\"og:title\" content=\"CLEAR WATER - 2205 - Modeler Max Pro\" \/>\n<meta property=\"og:description\" content=\"Referencia:\u00a0AMIG2205     Gel acr\u00edlico para representar agua. 250 ml\" \/>\n<meta property=\"og:url\" content=\"https:\/\/modelermaxpro.com\/index.php\/product\/clear-water-2205\/\" \/>\n<meta property=\"og:site_name\" content=\"Modeler Max Pro\" \/>\n<meta property=\"article:modified_time\" content=\"2025-05-03T22:16:31+00:00\" \/>\n<meta property=\"og:image\" content=\"https:\/\/modelermaxpro.com\/wp-content\/uploads\/2018\/11\/A.MIG-2205.jpg\" \/>\n\t<meta property=\"og:image:width\" content=\"800\" \/>\n\t<meta property=\"og:image:height\" content=\"800\" \/>\n\t<meta property=\"og:image:type\" content=\"image\/jpeg\" \/>\n<meta name=\"twitter:card\" content=\"summary_large_image\" \/>\n<meta name=\"twitter:label1\" content=\"Tiempo de lectura\" \/>\n\t<meta name=\"twitter:data1\" content=\"2 minutos\" \/>\n<script type=\"application\/ld+json\" class=\"yoast-schema-graph\">{\"@context\":\"https:\/\/schema.org\",\"@graph\":[{\"@type\":\"WebPage\",\"@id\":\"https:\/\/modelermaxpro.com\/index.php\/product\/clear-water-2205\/\",\"url\":\"https:\/\/modelermaxpro.com\/index.php\/product\/clear-water-2205\/\",\"name\":\"CLEAR WATER - 2205 - Modeler Max Pro\",\"isPartOf\":{\"@id\":\"https:\/\/modelermaxpro.com\/#website\"},\"primaryImageOfPage\":{\"@id\":\"https:\/\/modelermaxpro.com\/index.php\/product\/clear-water-2205\/#primaryimage\"},\"image\":{\"@id\":\"https:\/\/modelermaxpro.com\/index.php\/product\/clear-water-2205\/#primaryimage\"},\"thumbnailUrl\":\"https:\/\/modelermaxpro.com\/wp-content\/uploads\/2018\/11\/A.MIG-2205.jpg\",\"datePublished\":\"2018-11-14T13:23:13+00:00\",\"dateModified\":\"2025-05-03T22:16:31+00:00\",\"breadcrumb\":{\"@id\":\"https:\/\/modelermaxpro.com\/index.php\/product\/clear-water-2205\/#breadcrumb\"},\"inLanguage\":\"es-AR\",\"potentialAction\":[{\"@type\":\"ReadAction\",\"target\":[\"https:\/\/modelermaxpro.com\/index.php\/product\/clear-water-2205\/\"]}]},{\"@type\":\"ImageObject\",\"inLanguage\":\"es-AR\",\"@id\":\"https:\/\/modelermaxpro.com\/index.php\/product\/clear-water-2205\/#primaryimage\",\"url\":\"https:\/\/modelermaxpro.com\/wp-content\/uploads\/2018\/11\/A.MIG-2205.jpg\",\"contentUrl\":\"https:\/\/modelermaxpro.com\/wp-content\/uploads\/2018\/11\/A.MIG-2205.jpg\",\"width\":800,\"height\":800},{\"@type\":\"BreadcrumbList\",\"@id\":\"https:\/\/modelermaxpro.com\/index.php\/product\/clear-water-2205\/#breadcrumb\",\"itemListElement\":[{\"@type\":\"ListItem\",\"position\":1,\"name\":\"Inicio\",\"item\":\"https:\/\/modelermaxpro.com\/\"},{\"@type\":\"ListItem\",\"position\":2,\"name\":\"Shop\",\"item\":\"https:\/\/modelermaxpro.com\/index.php\/shop\/\"},{\"@type\":\"ListItem\",\"position\":3,\"name\":\"CLEAR WATER &#8211; 2205\"}]},{\"@type\":\"WebSite\",\"@id\":\"https:\/\/modelermaxpro.com\/#website\",\"url\":\"https:\/\/modelermaxpro.com\/\",\"name\":\"Modeler Max Pro\",\"description\":\"\",\"publisher\":{\"@id\":\"https:\/\/modelermaxpro.com\/#organization\"},\"potentialAction\":[{\"@type\":\"SearchAction\",\"target\":{\"@type\":\"EntryPoint\",\"urlTemplate\":\"https:\/\/modelermaxpro.com\/?s={search_term_string}\"},\"query-input\":{\"@type\":\"PropertyValueSpecification\",\"valueRequired\":true,\"valueName\":\"search_term_string\"}}],\"inLanguage\":\"es-AR\"},{\"@type\":\"Organization\",\"@id\":\"https:\/\/modelermaxpro.com\/#organization\",\"name\":\"Modeler Max Pro\",\"url\":\"https:\/\/modelermaxpro.com\/\",\"logo\":{\"@type\":\"ImageObject\",\"inLanguage\":\"es-AR\",\"@id\":\"https:\/\/modelermaxpro.com\/#\/schema\/logo\/image\/\",\"url\":\"https:\/\/modelermaxpro.com\/wp-content\/uploads\/2019\/11\/logos_Modeler-web_Mesa-de-trabajo-1_Mesa-de-trabajo-1.png\",\"contentUrl\":\"https:\/\/modelermaxpro.com\/wp-content\/uploads\/2019\/11\/logos_Modeler-web_Mesa-de-trabajo-1_Mesa-de-trabajo-1.png\",\"width\":322,\"height\":72,\"caption\":\"Modeler Max Pro\"},\"image\":{\"@id\":\"https:\/\/modelermaxpro.com\/#\/schema\/logo\/image\/\"}}]}<\/script>\n<!-- \/ Yoast SEO plugin. -->","yoast_head_json":{"title":"CLEAR WATER - 2205 - Modeler Max Pro","robots":{"index":"index","follow":"follow","max-snippet":"max-snippet:-1","max-image-preview":"max-image-preview:large","max-video-preview":"max-video-preview:-1"},"canonical":"https:\/\/modelermaxpro.com\/index.php\/product\/clear-water-2205\/","og_locale":"es_ES","og_type":"article","og_title":"CLEAR WATER - 2205 - Modeler Max Pro","og_description":"Referencia:\u00a0AMIG2205     Gel acr\u00edlico para representar agua. 250 ml","og_url":"https:\/\/modelermaxpro.com\/index.php\/product\/clear-water-2205\/","og_site_name":"Modeler Max Pro","article_modified_time":"2025-05-03T22:16:31+00:00","og_image":[{"width":800,"height":800,"url":"https:\/\/modelermaxpro.com\/wp-content\/uploads\/2018\/11\/A.MIG-2205.jpg","type":"image\/jpeg"}],"twitter_card":"summary_large_image","twitter_misc":{"Tiempo de lectura":"2 minutos"},"schema":{"@context":"https:\/\/schema.org","@graph":[{"@type":"WebPage","@id":"https:\/\/modelermaxpro.com\/index.php\/product\/clear-water-2205\/","url":"https:\/\/modelermaxpro.com\/index.php\/product\/clear-water-2205\/","name":"CLEAR WATER - 2205 - Modeler Max Pro","isPartOf":{"@id":"https:\/\/modelermaxpro.com\/#website"},"primaryImageOfPage":{"@id":"https:\/\/modelermaxpro.com\/index.php\/product\/clear-water-2205\/#primaryimage"},"image":{"@id":"https:\/\/modelermaxpro.com\/index.php\/product\/clear-water-2205\/#primaryimage"},"thumbnailUrl":"https:\/\/modelermaxpro.com\/wp-content\/uploads\/2018\/11\/A.MIG-2205.jpg","datePublished":"2018-11-14T13:23:13+00:00","dateModified":"2025-05-03T22:16:31+00:00","breadcrumb":{"@id":"https:\/\/modelermaxpro.com\/index.php\/product\/clear-water-2205\/#breadcrumb"},"inLanguage":"es-AR","potentialAction":[{"@type":"ReadAction","target":["https:\/\/modelermaxpro.com\/index.php\/product\/clear-water-2205\/"]}]},{"@type":"ImageObject","inLanguage":"es-AR","@id":"https:\/\/modelermaxpro.com\/index.php\/product\/clear-water-2205\/#primaryimage","url":"https:\/\/modelermaxpro.com\/wp-content\/uploads\/2018\/11\/A.MIG-2205.jpg","contentUrl":"https:\/\/modelermaxpro.com\/wp-content\/uploads\/2018\/11\/A.MIG-2205.jpg","width":800,"height":800},{"@type":"BreadcrumbList","@id":"https:\/\/modelermaxpro.com\/index.php\/product\/clear-water-2205\/#breadcrumb","itemListElement":[{"@type":"ListItem","position":1,"name":"Inicio","item":"https:\/\/modelermaxpro.com\/"},{"@type":"ListItem","position":2,"name":"Shop","item":"https:\/\/modelermaxpro.com\/index.php\/shop\/"},{"@type":"ListItem","position":3,"name":"CLEAR WATER &#8211; 2205"}]},{"@type":"WebSite","@id":"https:\/\/modelermaxpro.com\/#website","url":"https:\/\/modelermaxpro.com\/","name":"Modeler Max Pro","description":"","publisher":{"@id":"https:\/\/modelermaxpro.com\/#organization"},"potentialAction":[{"@type":"SearchAction","target":{"@type":"EntryPoint","urlTemplate":"https:\/\/modelermaxpro.com\/?s={search_term_string}"},"query-input":{"@type":"PropertyValueSpecification","valueRequired":true,"valueName":"search_term_string"}}],"inLanguage":"es-AR"},{"@type":"Organization","@id":"https:\/\/modelermaxpro.com\/#organization","name":"Modeler Max Pro","url":"https:\/\/modelermaxpro.com\/","logo":{"@type":"ImageObject","inLanguage":"es-AR","@id":"https:\/\/modelermaxpro.com\/#\/schema\/logo\/image\/","url":"https:\/\/modelermaxpro.com\/wp-content\/uploads\/2019\/11\/logos_Modeler-web_Mesa-de-trabajo-1_Mesa-de-trabajo-1.png","contentUrl":"https:\/\/modelermaxpro.com\/wp-content\/uploads\/2019\/11\/logos_Modeler-web_Mesa-de-trabajo-1_Mesa-de-trabajo-1.png","width":322,"height":72,"caption":"Modeler Max Pro"},"image":{"@id":"https:\/\/modelermaxpro.com\/#\/schema\/logo\/image\/"}}]}},"_links":{"self":[{"href":"https:\/\/modelermaxpro.com\/index.php\/wp-json\/wp\/v2\/product\/1685","targetHints":{"allow":["GET"]}}],"collection":[{"href":"https:\/\/modelermaxpro.com\/index.php\/wp-json\/wp\/v2\/product"}],"about":[{"href":"https:\/\/modelermaxpro.com\/index.php\/wp-json\/wp\/v2\/types\/product"}],"wp:featuredmedia":[{"embeddable":true,"href":"https:\/\/modelermaxpro.com\/index.php\/wp-json\/wp\/v2\/media\/1686"}],"wp:attachment":[{"href":"https:\/\/modelermaxpro.com\/index.php\/wp-json\/wp\/v2\/media?parent=1685"}],"wp:term":[{"taxonomy":"product_brand","embeddable":true,"href":"https:\/\/modelermaxpro.com\/index.php\/wp-json\/wp\/v2\/product_brand?post=1685"},{"taxonomy":"product_cat","embeddable":true,"href":"https:\/\/modelermaxpro.com\/index.php\/wp-json\/wp\/v2\/product_cat?post=1685"},{"taxonomy":"product_tag","embeddable":true,"href":"https:\/\/modelermaxpro.com\/index.php\/wp-json\/wp\/v2\/product_tag?post=1685"}],"curies":[{"name":"wp","href":"https:\/\/api.w.org\/{rel}","templated":true}]}}