{"id":1689,"date":"2019-04-06T11:44:47","date_gmt":"2019-04-06T14:44:47","guid":{"rendered":"https:\/\/modelermaxpro.com\/?post_type=product&#038;p=1689"},"modified":"2025-05-03T19:10:10","modified_gmt":"2025-05-03T22:10:10","slug":"dry-earth-ground-2101","status":"publish","type":"product","link":"https:\/\/modelermaxpro.com\/index.php\/product\/dry-earth-ground-2101\/","title":{"rendered":"DRY EARTH GROUND &#8211; 2101"},"content":{"rendered":"<p>Hasta ahora, otras marcas han creado productos para imitar barro, a partir de una resina acr\u00edlica y una textura uniforme y poco real, basados en productos de Bellas Artes re-empaquetados y con unos precios exagerados.<\/p>\n<p>AMMO ha creado el barro para modelismo definitivo, con una f\u00f3rmula \u00fanica y diferente que proporciona una textura verdaderamente real muy similar a la de verdad. Adem\u00e1s, este nuevo producto de barro puede ser mezclado con otros materiales naturales, como ramas, tierra o piedras, creando efectos sorprendentes.<\/p>\n<p>Este producto de barro ofrece colores ultra realistas con diferentes aspectos de brillo y color. Y por si fuera poco, el precio tambi\u00e9n es real y no sobre dimensionado, ya que ofrece m\u00e1s producto por menos precio. \u00a1Comp\u00e1ralo y te sorprender\u00e1s!<\/p>\n","protected":false},"excerpt":{"rendered":"<p id=\"product_reference\"><label for=\"product_reference\">Referencia:\u00a0<\/label><span class=\"editable\">AMIG2101<\/span><\/p>\n<div id=\"short_description_block\">\n<div id=\"short_description_content\" class=\"rte align_justify\">\n<p>El mejor producto para crear terrenos. Bote de 250mL<\/p>\n<\/div>\n<\/div>\n<form id=\"buy_block\" class=\"AVAST_PAM_nonloginform\" action=\"https:\/\/www.migjimenez.com\/es\/carro-de-la-compra\" method=\"post\">\n<div class=\"product_attributes\">\n<div id=\"attributes\"><\/div>\n<\/div>\n<div class=\"content_prices clearfix\"><\/div>\n<\/form>\n","protected":false},"featured_media":1690,"template":"","meta":[],"product_brand":[],"product_cat":[80,78],"product_tag":[],"class_list":{"0":"post-1689","1":"product","2":"type-product","3":"status-publish","4":"has-post-thumbnail","6":"product_cat-acrylic-mud-250-ml-jars","7":"product_cat-dioramas","9":"first","10":"instock","11":"shipping-taxable","12":"purchasable","13":"product-type-simple"},"yoast_head":"<!-- This site is optimized with the Yoast SEO plugin v27.4 - https:\/\/yoast.com\/product\/yoast-seo-wordpress\/ -->\n<title>DRY EARTH GROUND - 2101 - Modeler Max Pro<\/title>\n<meta name=\"robots\" content=\"index, follow, max-snippet:-1, max-image-preview:large, max-video-preview:-1\" \/>\n<link rel=\"canonical\" href=\"https:\/\/modelermaxpro.com\/index.php\/product\/dry-earth-ground-2101\/\" \/>\n<meta property=\"og:locale\" content=\"es_ES\" \/>\n<meta property=\"og:type\" content=\"article\" \/>\n<meta property=\"og:title\" content=\"DRY EARTH GROUND - 2101 - Modeler Max Pro\" \/>\n<meta property=\"og:description\" content=\"Referencia:\u00a0AMIG2101     El mejor producto para crear terrenos. Bote de 250mL\" \/>\n<meta property=\"og:url\" content=\"https:\/\/modelermaxpro.com\/index.php\/product\/dry-earth-ground-2101\/\" \/>\n<meta property=\"og:site_name\" content=\"Modeler Max Pro\" \/>\n<meta property=\"article:modified_time\" content=\"2025-05-03T22:10:10+00:00\" \/>\n<meta property=\"og:image\" content=\"https:\/\/modelermaxpro.com\/wp-content\/uploads\/2018\/11\/A.MIG-2101.jpg\" \/>\n\t<meta property=\"og:image:width\" content=\"800\" \/>\n\t<meta property=\"og:image:height\" content=\"800\" \/>\n\t<meta property=\"og:image:type\" content=\"image\/jpeg\" \/>\n<meta name=\"twitter:card\" content=\"summary_large_image\" \/>\n<meta name=\"twitter:label1\" content=\"Tiempo de lectura\" \/>\n\t<meta name=\"twitter:data1\" content=\"1 minuto\" \/>\n<script type=\"application\/ld+json\" class=\"yoast-schema-graph\">{\"@context\":\"https:\\\/\\\/schema.org\",\"@graph\":[{\"@type\":\"WebPage\",\"@id\":\"https:\\\/\\\/modelermaxpro.com\\\/index.php\\\/product\\\/dry-earth-ground-2101\\\/\",\"url\":\"https:\\\/\\\/modelermaxpro.com\\\/index.php\\\/product\\\/dry-earth-ground-2101\\\/\",\"name\":\"DRY EARTH GROUND - 2101 - Modeler Max Pro\",\"isPartOf\":{\"@id\":\"https:\\\/\\\/modelermaxpro.com\\\/#website\"},\"primaryImageOfPage\":{\"@id\":\"https:\\\/\\\/modelermaxpro.com\\\/index.php\\\/product\\\/dry-earth-ground-2101\\\/#primaryimage\"},\"image\":{\"@id\":\"https:\\\/\\\/modelermaxpro.com\\\/index.php\\\/product\\\/dry-earth-ground-2101\\\/#primaryimage\"},\"thumbnailUrl\":\"https:\\\/\\\/modelermaxpro.com\\\/wp-content\\\/uploads\\\/2018\\\/11\\\/A.MIG-2101.jpg\",\"datePublished\":\"2019-04-06T14:44:47+00:00\",\"dateModified\":\"2025-05-03T22:10:10+00:00\",\"breadcrumb\":{\"@id\":\"https:\\\/\\\/modelermaxpro.com\\\/index.php\\\/product\\\/dry-earth-ground-2101\\\/#breadcrumb\"},\"inLanguage\":\"es-AR\",\"potentialAction\":[{\"@type\":\"ReadAction\",\"target\":[\"https:\\\/\\\/modelermaxpro.com\\\/index.php\\\/product\\\/dry-earth-ground-2101\\\/\"]}]},{\"@type\":\"ImageObject\",\"inLanguage\":\"es-AR\",\"@id\":\"https:\\\/\\\/modelermaxpro.com\\\/index.php\\\/product\\\/dry-earth-ground-2101\\\/#primaryimage\",\"url\":\"https:\\\/\\\/modelermaxpro.com\\\/wp-content\\\/uploads\\\/2018\\\/11\\\/A.MIG-2101.jpg\",\"contentUrl\":\"https:\\\/\\\/modelermaxpro.com\\\/wp-content\\\/uploads\\\/2018\\\/11\\\/A.MIG-2101.jpg\",\"width\":800,\"height\":800},{\"@type\":\"BreadcrumbList\",\"@id\":\"https:\\\/\\\/modelermaxpro.com\\\/index.php\\\/product\\\/dry-earth-ground-2101\\\/#breadcrumb\",\"itemListElement\":[{\"@type\":\"ListItem\",\"position\":1,\"name\":\"Inicio\",\"item\":\"https:\\\/\\\/modelermaxpro.com\\\/\"},{\"@type\":\"ListItem\",\"position\":2,\"name\":\"Shop\",\"item\":\"https:\\\/\\\/modelermaxpro.com\\\/index.php\\\/shop\\\/\"},{\"@type\":\"ListItem\",\"position\":3,\"name\":\"DRY EARTH GROUND &#8211; 2101\"}]},{\"@type\":\"WebSite\",\"@id\":\"https:\\\/\\\/modelermaxpro.com\\\/#website\",\"url\":\"https:\\\/\\\/modelermaxpro.com\\\/\",\"name\":\"Modeler Max Pro\",\"description\":\"\",\"publisher\":{\"@id\":\"https:\\\/\\\/modelermaxpro.com\\\/#organization\"},\"potentialAction\":[{\"@type\":\"SearchAction\",\"target\":{\"@type\":\"EntryPoint\",\"urlTemplate\":\"https:\\\/\\\/modelermaxpro.com\\\/?s={search_term_string}\"},\"query-input\":{\"@type\":\"PropertyValueSpecification\",\"valueRequired\":true,\"valueName\":\"search_term_string\"}}],\"inLanguage\":\"es-AR\"},{\"@type\":\"Organization\",\"@id\":\"https:\\\/\\\/modelermaxpro.com\\\/#organization\",\"name\":\"Modeler Max Pro\",\"url\":\"https:\\\/\\\/modelermaxpro.com\\\/\",\"logo\":{\"@type\":\"ImageObject\",\"inLanguage\":\"es-AR\",\"@id\":\"https:\\\/\\\/modelermaxpro.com\\\/#\\\/schema\\\/logo\\\/image\\\/\",\"url\":\"https:\\\/\\\/modelermaxpro.com\\\/wp-content\\\/uploads\\\/2019\\\/11\\\/logos_Modeler-web_Mesa-de-trabajo-1_Mesa-de-trabajo-1.png\",\"contentUrl\":\"https:\\\/\\\/modelermaxpro.com\\\/wp-content\\\/uploads\\\/2019\\\/11\\\/logos_Modeler-web_Mesa-de-trabajo-1_Mesa-de-trabajo-1.png\",\"width\":322,\"height\":72,\"caption\":\"Modeler Max Pro\"},\"image\":{\"@id\":\"https:\\\/\\\/modelermaxpro.com\\\/#\\\/schema\\\/logo\\\/image\\\/\"}}]}<\/script>\n<!-- \/ Yoast SEO plugin. -->","yoast_head_json":{"title":"DRY EARTH GROUND - 2101 - Modeler Max Pro","robots":{"index":"index","follow":"follow","max-snippet":"max-snippet:-1","max-image-preview":"max-image-preview:large","max-video-preview":"max-video-preview:-1"},"canonical":"https:\/\/modelermaxpro.com\/index.php\/product\/dry-earth-ground-2101\/","og_locale":"es_ES","og_type":"article","og_title":"DRY EARTH GROUND - 2101 - Modeler Max Pro","og_description":"Referencia:\u00a0AMIG2101     El mejor producto para crear terrenos. Bote de 250mL","og_url":"https:\/\/modelermaxpro.com\/index.php\/product\/dry-earth-ground-2101\/","og_site_name":"Modeler Max Pro","article_modified_time":"2025-05-03T22:10:10+00:00","og_image":[{"width":800,"height":800,"url":"https:\/\/modelermaxpro.com\/wp-content\/uploads\/2018\/11\/A.MIG-2101.jpg","type":"image\/jpeg"}],"twitter_card":"summary_large_image","twitter_misc":{"Tiempo de lectura":"1 minuto"},"schema":{"@context":"https:\/\/schema.org","@graph":[{"@type":"WebPage","@id":"https:\/\/modelermaxpro.com\/index.php\/product\/dry-earth-ground-2101\/","url":"https:\/\/modelermaxpro.com\/index.php\/product\/dry-earth-ground-2101\/","name":"DRY EARTH GROUND - 2101 - Modeler Max Pro","isPartOf":{"@id":"https:\/\/modelermaxpro.com\/#website"},"primaryImageOfPage":{"@id":"https:\/\/modelermaxpro.com\/index.php\/product\/dry-earth-ground-2101\/#primaryimage"},"image":{"@id":"https:\/\/modelermaxpro.com\/index.php\/product\/dry-earth-ground-2101\/#primaryimage"},"thumbnailUrl":"https:\/\/modelermaxpro.com\/wp-content\/uploads\/2018\/11\/A.MIG-2101.jpg","datePublished":"2019-04-06T14:44:47+00:00","dateModified":"2025-05-03T22:10:10+00:00","breadcrumb":{"@id":"https:\/\/modelermaxpro.com\/index.php\/product\/dry-earth-ground-2101\/#breadcrumb"},"inLanguage":"es-AR","potentialAction":[{"@type":"ReadAction","target":["https:\/\/modelermaxpro.com\/index.php\/product\/dry-earth-ground-2101\/"]}]},{"@type":"ImageObject","inLanguage":"es-AR","@id":"https:\/\/modelermaxpro.com\/index.php\/product\/dry-earth-ground-2101\/#primaryimage","url":"https:\/\/modelermaxpro.com\/wp-content\/uploads\/2018\/11\/A.MIG-2101.jpg","contentUrl":"https:\/\/modelermaxpro.com\/wp-content\/uploads\/2018\/11\/A.MIG-2101.jpg","width":800,"height":800},{"@type":"BreadcrumbList","@id":"https:\/\/modelermaxpro.com\/index.php\/product\/dry-earth-ground-2101\/#breadcrumb","itemListElement":[{"@type":"ListItem","position":1,"name":"Inicio","item":"https:\/\/modelermaxpro.com\/"},{"@type":"ListItem","position":2,"name":"Shop","item":"https:\/\/modelermaxpro.com\/index.php\/shop\/"},{"@type":"ListItem","position":3,"name":"DRY EARTH GROUND &#8211; 2101"}]},{"@type":"WebSite","@id":"https:\/\/modelermaxpro.com\/#website","url":"https:\/\/modelermaxpro.com\/","name":"Modeler Max Pro","description":"","publisher":{"@id":"https:\/\/modelermaxpro.com\/#organization"},"potentialAction":[{"@type":"SearchAction","target":{"@type":"EntryPoint","urlTemplate":"https:\/\/modelermaxpro.com\/?s={search_term_string}"},"query-input":{"@type":"PropertyValueSpecification","valueRequired":true,"valueName":"search_term_string"}}],"inLanguage":"es-AR"},{"@type":"Organization","@id":"https:\/\/modelermaxpro.com\/#organization","name":"Modeler Max Pro","url":"https:\/\/modelermaxpro.com\/","logo":{"@type":"ImageObject","inLanguage":"es-AR","@id":"https:\/\/modelermaxpro.com\/#\/schema\/logo\/image\/","url":"https:\/\/modelermaxpro.com\/wp-content\/uploads\/2019\/11\/logos_Modeler-web_Mesa-de-trabajo-1_Mesa-de-trabajo-1.png","contentUrl":"https:\/\/modelermaxpro.com\/wp-content\/uploads\/2019\/11\/logos_Modeler-web_Mesa-de-trabajo-1_Mesa-de-trabajo-1.png","width":322,"height":72,"caption":"Modeler Max Pro"},"image":{"@id":"https:\/\/modelermaxpro.com\/#\/schema\/logo\/image\/"}}]}},"_links":{"self":[{"href":"https:\/\/modelermaxpro.com\/index.php\/wp-json\/wp\/v2\/product\/1689","targetHints":{"allow":["GET"]}}],"collection":[{"href":"https:\/\/modelermaxpro.com\/index.php\/wp-json\/wp\/v2\/product"}],"about":[{"href":"https:\/\/modelermaxpro.com\/index.php\/wp-json\/wp\/v2\/types\/product"}],"wp:featuredmedia":[{"embeddable":true,"href":"https:\/\/modelermaxpro.com\/index.php\/wp-json\/wp\/v2\/media\/1690"}],"wp:attachment":[{"href":"https:\/\/modelermaxpro.com\/index.php\/wp-json\/wp\/v2\/media?parent=1689"}],"wp:term":[{"taxonomy":"product_brand","embeddable":true,"href":"https:\/\/modelermaxpro.com\/index.php\/wp-json\/wp\/v2\/product_brand?post=1689"},{"taxonomy":"product_cat","embeddable":true,"href":"https:\/\/modelermaxpro.com\/index.php\/wp-json\/wp\/v2\/product_cat?post=1689"},{"taxonomy":"product_tag","embeddable":true,"href":"https:\/\/modelermaxpro.com\/index.php\/wp-json\/wp\/v2\/product_tag?post=1689"}],"curies":[{"name":"wp","href":"https:\/\/api.w.org\/{rel}","templated":true}]}}