{"id":18921,"date":"2025-04-17T15:26:46","date_gmt":"2025-04-17T18:26:46","guid":{"rendered":"https:\/\/modelermaxpro.com\/?post_type=product&#038;p=18921"},"modified":"2025-05-03T10:29:31","modified_gmt":"2025-05-03T13:29:31","slug":"figures-paints-a-mig-f512-verde-campo-fs-34159","status":"publish","type":"product","link":"https:\/\/modelermaxpro.com\/index.php\/product\/figures-paints-a-mig-f512-verde-campo-fs-34159\/","title":{"rendered":"FIGURES PAINTS A.MIG-F512 Verde Campo FS-34159"},"content":{"rendered":"<p>Color real con una f\u00f3rmula optimizada para obtener el m\u00e1ximo rendimiento con pincel y con aer\u00f3grafo para conseguir el color adecuado en nuestras maquetas. Cada bote incluye un agitador de acero inoxidable para facilitar una mezcla m\u00e1s r\u00e1pida y homog\u00e9nea. Presentaci\u00f3n en botes de 17mL. Soluble en agua, sin olor y no t\u00f3xico. Agite bien antes de cada uso. Recomendamos\u00a0<a href=\"https:\/\/www.migjimenez.com\/en\/buscar?orderby=position&amp;orderway=desc&amp;search_query=amig2000&amp;submit_search=Buscar\" target=\"_blank\" rel=\"noreferrer noopener\"><em><strong>A.MIG-2000 Acrylic Thinner<\/strong><\/em><\/a>\u00a0para una correcta disoluci\u00f3n. Secado completo en 24h.<\/p>\n<p>Tambi\u00e9n puede utilizarlo en combinaci\u00f3n con el\u00a0<a href=\"https:\/\/www.migjimenez.com\/en\/auxiliary-products-glues\/1692-retarder.html\" target=\"_blank\" rel=\"noreferrer noopener\"><em><strong>AMMOF500 &#8220;RETARDER<\/strong><\/em><\/a>&#8221; para mezclar los colores m\u00e1s f\u00e1cilmente y sin aplicar presi\u00f3n. Esto tambi\u00e9n ayuda a difuminar los colores, evitando las marcas de las mareas con los lavados de acr\u00edlico, y a conseguir colores y gradaciones tonales m\u00e1s suaves.<\/p>\n","protected":false},"excerpt":{"rendered":"<p>Color real con una f\u00f3rmula optimizada para obtener el m\u00e1ximo rendimiento con pincel y con aer\u00f3grafo para conseguir el color adecuado en nuestras maquetas. Cada bote incluye un agitador de acero inoxidable para facilitar una mezcla m\u00e1s r\u00e1pida y homog\u00e9nea. Presentaci\u00f3n en botes de 17mL. Soluble en agua, sin olor y no t\u00f3xico. Agite bien [&hellip;]<\/p>\n","protected":false},"featured_media":10939,"template":"","meta":[],"product_brand":[],"product_cat":[222],"product_tag":[],"class_list":{"0":"post-18921","1":"product","2":"type-product","3":"status-publish","4":"has-post-thumbnail","6":"product_cat-colores-para-figuras","8":"first","9":"instock","10":"shipping-taxable","11":"purchasable","12":"product-type-simple"},"yoast_head":"<!-- This site is optimized with the Yoast SEO plugin v27.4 - https:\/\/yoast.com\/product\/yoast-seo-wordpress\/ -->\n<title>FIGURES PAINTS A.MIG-F512 Verde Campo FS-34159 - Modeler Max Pro<\/title>\n<meta name=\"robots\" content=\"index, follow, max-snippet:-1, max-image-preview:large, max-video-preview:-1\" \/>\n<link rel=\"canonical\" href=\"https:\/\/modelermaxpro.com\/index.php\/product\/figures-paints-a-mig-f512-verde-campo-fs-34159\/\" \/>\n<meta property=\"og:locale\" content=\"es_ES\" \/>\n<meta property=\"og:type\" content=\"article\" \/>\n<meta property=\"og:title\" content=\"FIGURES PAINTS A.MIG-F512 Verde Campo FS-34159 - Modeler Max Pro\" \/>\n<meta property=\"og:description\" content=\"Color real con una f\u00f3rmula optimizada para obtener el m\u00e1ximo rendimiento con pincel y con aer\u00f3grafo para conseguir el color adecuado en nuestras maquetas. Cada bote incluye un agitador de acero inoxidable para facilitar una mezcla m\u00e1s r\u00e1pida y homog\u00e9nea. Presentaci\u00f3n en botes de 17mL. Soluble en agua, sin olor y no t\u00f3xico. Agite bien [&hellip;]\" \/>\n<meta property=\"og:url\" content=\"https:\/\/modelermaxpro.com\/index.php\/product\/figures-paints-a-mig-f512-verde-campo-fs-34159\/\" \/>\n<meta property=\"og:site_name\" content=\"Modeler Max Pro\" \/>\n<meta property=\"article:modified_time\" content=\"2025-05-03T13:29:31+00:00\" \/>\n<meta property=\"og:image\" content=\"https:\/\/modelermaxpro.com\/wp-content\/uploads\/2025\/04\/AMMO.F-512.jpg\" \/>\n\t<meta property=\"og:image:width\" content=\"800\" \/>\n\t<meta property=\"og:image:height\" content=\"800\" \/>\n\t<meta property=\"og:image:type\" content=\"image\/jpeg\" \/>\n<meta name=\"twitter:card\" content=\"summary_large_image\" \/>\n<meta name=\"twitter:label1\" content=\"Tiempo de lectura\" \/>\n\t<meta name=\"twitter:data1\" content=\"1 minuto\" \/>\n<script type=\"application\/ld+json\" class=\"yoast-schema-graph\">{\"@context\":\"https:\\\/\\\/schema.org\",\"@graph\":[{\"@type\":\"WebPage\",\"@id\":\"https:\\\/\\\/modelermaxpro.com\\\/index.php\\\/product\\\/figures-paints-a-mig-f512-verde-campo-fs-34159\\\/\",\"url\":\"https:\\\/\\\/modelermaxpro.com\\\/index.php\\\/product\\\/figures-paints-a-mig-f512-verde-campo-fs-34159\\\/\",\"name\":\"FIGURES PAINTS A.MIG-F512 Verde Campo FS-34159 - Modeler Max Pro\",\"isPartOf\":{\"@id\":\"https:\\\/\\\/modelermaxpro.com\\\/#website\"},\"primaryImageOfPage\":{\"@id\":\"https:\\\/\\\/modelermaxpro.com\\\/index.php\\\/product\\\/figures-paints-a-mig-f512-verde-campo-fs-34159\\\/#primaryimage\"},\"image\":{\"@id\":\"https:\\\/\\\/modelermaxpro.com\\\/index.php\\\/product\\\/figures-paints-a-mig-f512-verde-campo-fs-34159\\\/#primaryimage\"},\"thumbnailUrl\":\"https:\\\/\\\/modelermaxpro.com\\\/wp-content\\\/uploads\\\/2025\\\/04\\\/AMMO.F-512.jpg\",\"datePublished\":\"2025-04-17T18:26:46+00:00\",\"dateModified\":\"2025-05-03T13:29:31+00:00\",\"breadcrumb\":{\"@id\":\"https:\\\/\\\/modelermaxpro.com\\\/index.php\\\/product\\\/figures-paints-a-mig-f512-verde-campo-fs-34159\\\/#breadcrumb\"},\"inLanguage\":\"es-AR\",\"potentialAction\":[{\"@type\":\"ReadAction\",\"target\":[\"https:\\\/\\\/modelermaxpro.com\\\/index.php\\\/product\\\/figures-paints-a-mig-f512-verde-campo-fs-34159\\\/\"]}]},{\"@type\":\"ImageObject\",\"inLanguage\":\"es-AR\",\"@id\":\"https:\\\/\\\/modelermaxpro.com\\\/index.php\\\/product\\\/figures-paints-a-mig-f512-verde-campo-fs-34159\\\/#primaryimage\",\"url\":\"https:\\\/\\\/modelermaxpro.com\\\/wp-content\\\/uploads\\\/2025\\\/04\\\/AMMO.F-512.jpg\",\"contentUrl\":\"https:\\\/\\\/modelermaxpro.com\\\/wp-content\\\/uploads\\\/2025\\\/04\\\/AMMO.F-512.jpg\",\"width\":800,\"height\":800},{\"@type\":\"BreadcrumbList\",\"@id\":\"https:\\\/\\\/modelermaxpro.com\\\/index.php\\\/product\\\/figures-paints-a-mig-f512-verde-campo-fs-34159\\\/#breadcrumb\",\"itemListElement\":[{\"@type\":\"ListItem\",\"position\":1,\"name\":\"Inicio\",\"item\":\"https:\\\/\\\/modelermaxpro.com\\\/\"},{\"@type\":\"ListItem\",\"position\":2,\"name\":\"Shop\",\"item\":\"https:\\\/\\\/modelermaxpro.com\\\/index.php\\\/shop\\\/\"},{\"@type\":\"ListItem\",\"position\":3,\"name\":\"FIGURES PAINTS A.MIG-F512 Verde Campo FS-34159\"}]},{\"@type\":\"WebSite\",\"@id\":\"https:\\\/\\\/modelermaxpro.com\\\/#website\",\"url\":\"https:\\\/\\\/modelermaxpro.com\\\/\",\"name\":\"Modeler Max Pro\",\"description\":\"\",\"publisher\":{\"@id\":\"https:\\\/\\\/modelermaxpro.com\\\/#organization\"},\"potentialAction\":[{\"@type\":\"SearchAction\",\"target\":{\"@type\":\"EntryPoint\",\"urlTemplate\":\"https:\\\/\\\/modelermaxpro.com\\\/?s={search_term_string}\"},\"query-input\":{\"@type\":\"PropertyValueSpecification\",\"valueRequired\":true,\"valueName\":\"search_term_string\"}}],\"inLanguage\":\"es-AR\"},{\"@type\":\"Organization\",\"@id\":\"https:\\\/\\\/modelermaxpro.com\\\/#organization\",\"name\":\"Modeler Max Pro\",\"url\":\"https:\\\/\\\/modelermaxpro.com\\\/\",\"logo\":{\"@type\":\"ImageObject\",\"inLanguage\":\"es-AR\",\"@id\":\"https:\\\/\\\/modelermaxpro.com\\\/#\\\/schema\\\/logo\\\/image\\\/\",\"url\":\"https:\\\/\\\/modelermaxpro.com\\\/wp-content\\\/uploads\\\/2019\\\/11\\\/logos_Modeler-web_Mesa-de-trabajo-1_Mesa-de-trabajo-1.png\",\"contentUrl\":\"https:\\\/\\\/modelermaxpro.com\\\/wp-content\\\/uploads\\\/2019\\\/11\\\/logos_Modeler-web_Mesa-de-trabajo-1_Mesa-de-trabajo-1.png\",\"width\":322,\"height\":72,\"caption\":\"Modeler Max Pro\"},\"image\":{\"@id\":\"https:\\\/\\\/modelermaxpro.com\\\/#\\\/schema\\\/logo\\\/image\\\/\"}}]}<\/script>\n<!-- \/ Yoast SEO plugin. -->","yoast_head_json":{"title":"FIGURES PAINTS A.MIG-F512 Verde Campo FS-34159 - Modeler Max Pro","robots":{"index":"index","follow":"follow","max-snippet":"max-snippet:-1","max-image-preview":"max-image-preview:large","max-video-preview":"max-video-preview:-1"},"canonical":"https:\/\/modelermaxpro.com\/index.php\/product\/figures-paints-a-mig-f512-verde-campo-fs-34159\/","og_locale":"es_ES","og_type":"article","og_title":"FIGURES PAINTS A.MIG-F512 Verde Campo FS-34159 - Modeler Max Pro","og_description":"Color real con una f\u00f3rmula optimizada para obtener el m\u00e1ximo rendimiento con pincel y con aer\u00f3grafo para conseguir el color adecuado en nuestras maquetas. Cada bote incluye un agitador de acero inoxidable para facilitar una mezcla m\u00e1s r\u00e1pida y homog\u00e9nea. Presentaci\u00f3n en botes de 17mL. Soluble en agua, sin olor y no t\u00f3xico. Agite bien [&hellip;]","og_url":"https:\/\/modelermaxpro.com\/index.php\/product\/figures-paints-a-mig-f512-verde-campo-fs-34159\/","og_site_name":"Modeler Max Pro","article_modified_time":"2025-05-03T13:29:31+00:00","og_image":[{"width":800,"height":800,"url":"https:\/\/modelermaxpro.com\/wp-content\/uploads\/2025\/04\/AMMO.F-512.jpg","type":"image\/jpeg"}],"twitter_card":"summary_large_image","twitter_misc":{"Tiempo de lectura":"1 minuto"},"schema":{"@context":"https:\/\/schema.org","@graph":[{"@type":"WebPage","@id":"https:\/\/modelermaxpro.com\/index.php\/product\/figures-paints-a-mig-f512-verde-campo-fs-34159\/","url":"https:\/\/modelermaxpro.com\/index.php\/product\/figures-paints-a-mig-f512-verde-campo-fs-34159\/","name":"FIGURES PAINTS A.MIG-F512 Verde Campo FS-34159 - Modeler Max Pro","isPartOf":{"@id":"https:\/\/modelermaxpro.com\/#website"},"primaryImageOfPage":{"@id":"https:\/\/modelermaxpro.com\/index.php\/product\/figures-paints-a-mig-f512-verde-campo-fs-34159\/#primaryimage"},"image":{"@id":"https:\/\/modelermaxpro.com\/index.php\/product\/figures-paints-a-mig-f512-verde-campo-fs-34159\/#primaryimage"},"thumbnailUrl":"https:\/\/modelermaxpro.com\/wp-content\/uploads\/2025\/04\/AMMO.F-512.jpg","datePublished":"2025-04-17T18:26:46+00:00","dateModified":"2025-05-03T13:29:31+00:00","breadcrumb":{"@id":"https:\/\/modelermaxpro.com\/index.php\/product\/figures-paints-a-mig-f512-verde-campo-fs-34159\/#breadcrumb"},"inLanguage":"es-AR","potentialAction":[{"@type":"ReadAction","target":["https:\/\/modelermaxpro.com\/index.php\/product\/figures-paints-a-mig-f512-verde-campo-fs-34159\/"]}]},{"@type":"ImageObject","inLanguage":"es-AR","@id":"https:\/\/modelermaxpro.com\/index.php\/product\/figures-paints-a-mig-f512-verde-campo-fs-34159\/#primaryimage","url":"https:\/\/modelermaxpro.com\/wp-content\/uploads\/2025\/04\/AMMO.F-512.jpg","contentUrl":"https:\/\/modelermaxpro.com\/wp-content\/uploads\/2025\/04\/AMMO.F-512.jpg","width":800,"height":800},{"@type":"BreadcrumbList","@id":"https:\/\/modelermaxpro.com\/index.php\/product\/figures-paints-a-mig-f512-verde-campo-fs-34159\/#breadcrumb","itemListElement":[{"@type":"ListItem","position":1,"name":"Inicio","item":"https:\/\/modelermaxpro.com\/"},{"@type":"ListItem","position":2,"name":"Shop","item":"https:\/\/modelermaxpro.com\/index.php\/shop\/"},{"@type":"ListItem","position":3,"name":"FIGURES PAINTS A.MIG-F512 Verde Campo FS-34159"}]},{"@type":"WebSite","@id":"https:\/\/modelermaxpro.com\/#website","url":"https:\/\/modelermaxpro.com\/","name":"Modeler Max Pro","description":"","publisher":{"@id":"https:\/\/modelermaxpro.com\/#organization"},"potentialAction":[{"@type":"SearchAction","target":{"@type":"EntryPoint","urlTemplate":"https:\/\/modelermaxpro.com\/?s={search_term_string}"},"query-input":{"@type":"PropertyValueSpecification","valueRequired":true,"valueName":"search_term_string"}}],"inLanguage":"es-AR"},{"@type":"Organization","@id":"https:\/\/modelermaxpro.com\/#organization","name":"Modeler Max Pro","url":"https:\/\/modelermaxpro.com\/","logo":{"@type":"ImageObject","inLanguage":"es-AR","@id":"https:\/\/modelermaxpro.com\/#\/schema\/logo\/image\/","url":"https:\/\/modelermaxpro.com\/wp-content\/uploads\/2019\/11\/logos_Modeler-web_Mesa-de-trabajo-1_Mesa-de-trabajo-1.png","contentUrl":"https:\/\/modelermaxpro.com\/wp-content\/uploads\/2019\/11\/logos_Modeler-web_Mesa-de-trabajo-1_Mesa-de-trabajo-1.png","width":322,"height":72,"caption":"Modeler Max Pro"},"image":{"@id":"https:\/\/modelermaxpro.com\/#\/schema\/logo\/image\/"}}]}},"_links":{"self":[{"href":"https:\/\/modelermaxpro.com\/index.php\/wp-json\/wp\/v2\/product\/18921","targetHints":{"allow":["GET"]}}],"collection":[{"href":"https:\/\/modelermaxpro.com\/index.php\/wp-json\/wp\/v2\/product"}],"about":[{"href":"https:\/\/modelermaxpro.com\/index.php\/wp-json\/wp\/v2\/types\/product"}],"wp:featuredmedia":[{"embeddable":true,"href":"https:\/\/modelermaxpro.com\/index.php\/wp-json\/wp\/v2\/media\/10939"}],"wp:attachment":[{"href":"https:\/\/modelermaxpro.com\/index.php\/wp-json\/wp\/v2\/media?parent=18921"}],"wp:term":[{"taxonomy":"product_brand","embeddable":true,"href":"https:\/\/modelermaxpro.com\/index.php\/wp-json\/wp\/v2\/product_brand?post=18921"},{"taxonomy":"product_cat","embeddable":true,"href":"https:\/\/modelermaxpro.com\/index.php\/wp-json\/wp\/v2\/product_cat?post=18921"},{"taxonomy":"product_tag","embeddable":true,"href":"https:\/\/modelermaxpro.com\/index.php\/wp-json\/wp\/v2\/product_tag?post=18921"}],"curies":[{"name":"wp","href":"https:\/\/api.w.org\/{rel}","templated":true}]}}