{"id":19166,"date":"2025-06-03T10:18:26","date_gmt":"2025-06-03T13:18:26","guid":{"rendered":"https:\/\/modelermaxpro.com\/?post_type=product&#038;p=19166"},"modified":"2026-03-06T09:58:09","modified_gmt":"2026-03-06T12:58:09","slug":"a-mig-8242-cinta-de-enmascarar-ammo-velvet-softouch-3-10mm-x-25m","status":"publish","type":"product","link":"https:\/\/modelermaxpro.com\/index.php\/product\/a-mig-8242-cinta-de-enmascarar-ammo-velvet-softouch-3-10mm-x-25m\/","title":{"rendered":"A.MIG: 8242 Cinta de Enmascarar AMMO Velvet Softouch 3 (10mm x 25M)"},"content":{"rendered":"<p><strong>Cinta adhesiva para enmascarar, de baja adhesi\u00f3n y de alta calidad para trabajos de precisi\u00f3n (10mm x 25M).<\/strong><\/p>\n<p>Cinta adhesiva para enmascarar, de baja adhesi\u00f3n y de alta calidad para trabajos de precisi\u00f3n (10mm x 25M). Perfecta para aerograf\u00eda, ya que impide que la pintura se filtre permitiendo dibujar las formas que necesitemos. No deja huella en ninguna superficie, incluyendo las pinturas m\u00e1s delicadas como las metalizadas. Tambi\u00e9n se puede utilizar sobre calcas, ya que es extremadamente cuidadosa con las superficies donde se emplea. Se corta f\u00e1cilmente con unas tijeras o directamente con una cuchilla sobre el modelo.<\/p>\n","protected":false},"excerpt":{"rendered":"<p>Cinta adhesiva para enmascarar, de baja adhesi\u00f3n y de alta calidad para trabajos de precisi\u00f3n (10mm x 25M). Cinta adhesiva para enmascarar, de baja adhesi\u00f3n y de alta calidad para trabajos de precisi\u00f3n (10mm x 25M). Perfecta para aerograf\u00eda, ya que impide que la pintura se filtre permitiendo dibujar las formas que necesitemos. No deja [&hellip;]<\/p>\n","protected":false},"featured_media":19142,"template":"","meta":[],"product_brand":[],"product_cat":[164],"product_tag":[],"class_list":{"0":"post-19166","1":"product","2":"type-product","3":"status-publish","4":"has-post-thumbnail","6":"product_cat-productos-para-enmascarar","8":"first","9":"outofstock","10":"shipping-taxable","11":"purchasable","12":"product-type-simple"},"yoast_head":"<!-- This site is optimized with the Yoast SEO plugin v27.4 - https:\/\/yoast.com\/product\/yoast-seo-wordpress\/ -->\n<title>A.MIG: 8242 Cinta de Enmascarar AMMO Velvet Softouch 3 (10mm x 25M) - Modeler Max Pro<\/title>\n<meta name=\"robots\" content=\"index, follow, max-snippet:-1, max-image-preview:large, max-video-preview:-1\" \/>\n<link rel=\"canonical\" href=\"https:\/\/modelermaxpro.com\/index.php\/product\/a-mig-8242-cinta-de-enmascarar-ammo-velvet-softouch-3-10mm-x-25m\/\" \/>\n<meta property=\"og:locale\" content=\"es_ES\" \/>\n<meta property=\"og:type\" content=\"article\" \/>\n<meta property=\"og:title\" content=\"A.MIG: 8242 Cinta de Enmascarar AMMO Velvet Softouch 3 (10mm x 25M) - Modeler Max Pro\" \/>\n<meta property=\"og:description\" content=\"Cinta adhesiva para enmascarar, de baja adhesi\u00f3n y de alta calidad para trabajos de precisi\u00f3n (10mm x 25M). Cinta adhesiva para enmascarar, de baja adhesi\u00f3n y de alta calidad para trabajos de precisi\u00f3n (10mm x 25M). Perfecta para aerograf\u00eda, ya que impide que la pintura se filtre permitiendo dibujar las formas que necesitemos. No deja [&hellip;]\" \/>\n<meta property=\"og:url\" content=\"https:\/\/modelermaxpro.com\/index.php\/product\/a-mig-8242-cinta-de-enmascarar-ammo-velvet-softouch-3-10mm-x-25m\/\" \/>\n<meta property=\"og:site_name\" content=\"Modeler Max Pro\" \/>\n<meta property=\"article:modified_time\" content=\"2026-03-06T12:58:09+00:00\" \/>\n<meta property=\"og:image\" content=\"https:\/\/modelermaxpro.com\/wp-content\/uploads\/2025\/06\/8242-.jpg\" \/>\n\t<meta property=\"og:image:width\" content=\"800\" \/>\n\t<meta property=\"og:image:height\" content=\"800\" \/>\n\t<meta property=\"og:image:type\" content=\"image\/jpeg\" \/>\n<meta name=\"twitter:card\" content=\"summary_large_image\" \/>\n<meta name=\"twitter:label1\" content=\"Tiempo de lectura\" \/>\n\t<meta name=\"twitter:data1\" content=\"1 minuto\" \/>\n<script type=\"application\/ld+json\" class=\"yoast-schema-graph\">{\"@context\":\"https:\\\/\\\/schema.org\",\"@graph\":[{\"@type\":\"WebPage\",\"@id\":\"https:\\\/\\\/modelermaxpro.com\\\/index.php\\\/product\\\/a-mig-8242-cinta-de-enmascarar-ammo-velvet-softouch-3-10mm-x-25m\\\/\",\"url\":\"https:\\\/\\\/modelermaxpro.com\\\/index.php\\\/product\\\/a-mig-8242-cinta-de-enmascarar-ammo-velvet-softouch-3-10mm-x-25m\\\/\",\"name\":\"A.MIG: 8242 Cinta de Enmascarar AMMO Velvet Softouch 3 (10mm x 25M) - Modeler Max Pro\",\"isPartOf\":{\"@id\":\"https:\\\/\\\/modelermaxpro.com\\\/#website\"},\"primaryImageOfPage\":{\"@id\":\"https:\\\/\\\/modelermaxpro.com\\\/index.php\\\/product\\\/a-mig-8242-cinta-de-enmascarar-ammo-velvet-softouch-3-10mm-x-25m\\\/#primaryimage\"},\"image\":{\"@id\":\"https:\\\/\\\/modelermaxpro.com\\\/index.php\\\/product\\\/a-mig-8242-cinta-de-enmascarar-ammo-velvet-softouch-3-10mm-x-25m\\\/#primaryimage\"},\"thumbnailUrl\":\"https:\\\/\\\/modelermaxpro.com\\\/wp-content\\\/uploads\\\/2025\\\/06\\\/8242-.jpg\",\"datePublished\":\"2025-06-03T13:18:26+00:00\",\"dateModified\":\"2026-03-06T12:58:09+00:00\",\"breadcrumb\":{\"@id\":\"https:\\\/\\\/modelermaxpro.com\\\/index.php\\\/product\\\/a-mig-8242-cinta-de-enmascarar-ammo-velvet-softouch-3-10mm-x-25m\\\/#breadcrumb\"},\"inLanguage\":\"es-AR\",\"potentialAction\":[{\"@type\":\"ReadAction\",\"target\":[\"https:\\\/\\\/modelermaxpro.com\\\/index.php\\\/product\\\/a-mig-8242-cinta-de-enmascarar-ammo-velvet-softouch-3-10mm-x-25m\\\/\"]}]},{\"@type\":\"ImageObject\",\"inLanguage\":\"es-AR\",\"@id\":\"https:\\\/\\\/modelermaxpro.com\\\/index.php\\\/product\\\/a-mig-8242-cinta-de-enmascarar-ammo-velvet-softouch-3-10mm-x-25m\\\/#primaryimage\",\"url\":\"https:\\\/\\\/modelermaxpro.com\\\/wp-content\\\/uploads\\\/2025\\\/06\\\/8242-.jpg\",\"contentUrl\":\"https:\\\/\\\/modelermaxpro.com\\\/wp-content\\\/uploads\\\/2025\\\/06\\\/8242-.jpg\",\"width\":800,\"height\":800},{\"@type\":\"BreadcrumbList\",\"@id\":\"https:\\\/\\\/modelermaxpro.com\\\/index.php\\\/product\\\/a-mig-8242-cinta-de-enmascarar-ammo-velvet-softouch-3-10mm-x-25m\\\/#breadcrumb\",\"itemListElement\":[{\"@type\":\"ListItem\",\"position\":1,\"name\":\"Inicio\",\"item\":\"https:\\\/\\\/modelermaxpro.com\\\/\"},{\"@type\":\"ListItem\",\"position\":2,\"name\":\"Shop\",\"item\":\"https:\\\/\\\/modelermaxpro.com\\\/index.php\\\/shop\\\/\"},{\"@type\":\"ListItem\",\"position\":3,\"name\":\"A.MIG: 8242 Cinta de Enmascarar AMMO Velvet Softouch 3 (10mm x 25M)\"}]},{\"@type\":\"WebSite\",\"@id\":\"https:\\\/\\\/modelermaxpro.com\\\/#website\",\"url\":\"https:\\\/\\\/modelermaxpro.com\\\/\",\"name\":\"Modeler Max Pro\",\"description\":\"\",\"publisher\":{\"@id\":\"https:\\\/\\\/modelermaxpro.com\\\/#organization\"},\"potentialAction\":[{\"@type\":\"SearchAction\",\"target\":{\"@type\":\"EntryPoint\",\"urlTemplate\":\"https:\\\/\\\/modelermaxpro.com\\\/?s={search_term_string}\"},\"query-input\":{\"@type\":\"PropertyValueSpecification\",\"valueRequired\":true,\"valueName\":\"search_term_string\"}}],\"inLanguage\":\"es-AR\"},{\"@type\":\"Organization\",\"@id\":\"https:\\\/\\\/modelermaxpro.com\\\/#organization\",\"name\":\"Modeler Max Pro\",\"url\":\"https:\\\/\\\/modelermaxpro.com\\\/\",\"logo\":{\"@type\":\"ImageObject\",\"inLanguage\":\"es-AR\",\"@id\":\"https:\\\/\\\/modelermaxpro.com\\\/#\\\/schema\\\/logo\\\/image\\\/\",\"url\":\"https:\\\/\\\/modelermaxpro.com\\\/wp-content\\\/uploads\\\/2019\\\/11\\\/logos_Modeler-web_Mesa-de-trabajo-1_Mesa-de-trabajo-1.png\",\"contentUrl\":\"https:\\\/\\\/modelermaxpro.com\\\/wp-content\\\/uploads\\\/2019\\\/11\\\/logos_Modeler-web_Mesa-de-trabajo-1_Mesa-de-trabajo-1.png\",\"width\":322,\"height\":72,\"caption\":\"Modeler Max Pro\"},\"image\":{\"@id\":\"https:\\\/\\\/modelermaxpro.com\\\/#\\\/schema\\\/logo\\\/image\\\/\"}}]}<\/script>\n<!-- \/ Yoast SEO plugin. -->","yoast_head_json":{"title":"A.MIG: 8242 Cinta de Enmascarar AMMO Velvet Softouch 3 (10mm x 25M) - Modeler Max Pro","robots":{"index":"index","follow":"follow","max-snippet":"max-snippet:-1","max-image-preview":"max-image-preview:large","max-video-preview":"max-video-preview:-1"},"canonical":"https:\/\/modelermaxpro.com\/index.php\/product\/a-mig-8242-cinta-de-enmascarar-ammo-velvet-softouch-3-10mm-x-25m\/","og_locale":"es_ES","og_type":"article","og_title":"A.MIG: 8242 Cinta de Enmascarar AMMO Velvet Softouch 3 (10mm x 25M) - Modeler Max Pro","og_description":"Cinta adhesiva para enmascarar, de baja adhesi\u00f3n y de alta calidad para trabajos de precisi\u00f3n (10mm x 25M). Cinta adhesiva para enmascarar, de baja adhesi\u00f3n y de alta calidad para trabajos de precisi\u00f3n (10mm x 25M). Perfecta para aerograf\u00eda, ya que impide que la pintura se filtre permitiendo dibujar las formas que necesitemos. No deja [&hellip;]","og_url":"https:\/\/modelermaxpro.com\/index.php\/product\/a-mig-8242-cinta-de-enmascarar-ammo-velvet-softouch-3-10mm-x-25m\/","og_site_name":"Modeler Max Pro","article_modified_time":"2026-03-06T12:58:09+00:00","og_image":[{"width":800,"height":800,"url":"https:\/\/modelermaxpro.com\/wp-content\/uploads\/2025\/06\/8242-.jpg","type":"image\/jpeg"}],"twitter_card":"summary_large_image","twitter_misc":{"Tiempo de lectura":"1 minuto"},"schema":{"@context":"https:\/\/schema.org","@graph":[{"@type":"WebPage","@id":"https:\/\/modelermaxpro.com\/index.php\/product\/a-mig-8242-cinta-de-enmascarar-ammo-velvet-softouch-3-10mm-x-25m\/","url":"https:\/\/modelermaxpro.com\/index.php\/product\/a-mig-8242-cinta-de-enmascarar-ammo-velvet-softouch-3-10mm-x-25m\/","name":"A.MIG: 8242 Cinta de Enmascarar AMMO Velvet Softouch 3 (10mm x 25M) - Modeler Max Pro","isPartOf":{"@id":"https:\/\/modelermaxpro.com\/#website"},"primaryImageOfPage":{"@id":"https:\/\/modelermaxpro.com\/index.php\/product\/a-mig-8242-cinta-de-enmascarar-ammo-velvet-softouch-3-10mm-x-25m\/#primaryimage"},"image":{"@id":"https:\/\/modelermaxpro.com\/index.php\/product\/a-mig-8242-cinta-de-enmascarar-ammo-velvet-softouch-3-10mm-x-25m\/#primaryimage"},"thumbnailUrl":"https:\/\/modelermaxpro.com\/wp-content\/uploads\/2025\/06\/8242-.jpg","datePublished":"2025-06-03T13:18:26+00:00","dateModified":"2026-03-06T12:58:09+00:00","breadcrumb":{"@id":"https:\/\/modelermaxpro.com\/index.php\/product\/a-mig-8242-cinta-de-enmascarar-ammo-velvet-softouch-3-10mm-x-25m\/#breadcrumb"},"inLanguage":"es-AR","potentialAction":[{"@type":"ReadAction","target":["https:\/\/modelermaxpro.com\/index.php\/product\/a-mig-8242-cinta-de-enmascarar-ammo-velvet-softouch-3-10mm-x-25m\/"]}]},{"@type":"ImageObject","inLanguage":"es-AR","@id":"https:\/\/modelermaxpro.com\/index.php\/product\/a-mig-8242-cinta-de-enmascarar-ammo-velvet-softouch-3-10mm-x-25m\/#primaryimage","url":"https:\/\/modelermaxpro.com\/wp-content\/uploads\/2025\/06\/8242-.jpg","contentUrl":"https:\/\/modelermaxpro.com\/wp-content\/uploads\/2025\/06\/8242-.jpg","width":800,"height":800},{"@type":"BreadcrumbList","@id":"https:\/\/modelermaxpro.com\/index.php\/product\/a-mig-8242-cinta-de-enmascarar-ammo-velvet-softouch-3-10mm-x-25m\/#breadcrumb","itemListElement":[{"@type":"ListItem","position":1,"name":"Inicio","item":"https:\/\/modelermaxpro.com\/"},{"@type":"ListItem","position":2,"name":"Shop","item":"https:\/\/modelermaxpro.com\/index.php\/shop\/"},{"@type":"ListItem","position":3,"name":"A.MIG: 8242 Cinta de Enmascarar AMMO Velvet Softouch 3 (10mm x 25M)"}]},{"@type":"WebSite","@id":"https:\/\/modelermaxpro.com\/#website","url":"https:\/\/modelermaxpro.com\/","name":"Modeler Max Pro","description":"","publisher":{"@id":"https:\/\/modelermaxpro.com\/#organization"},"potentialAction":[{"@type":"SearchAction","target":{"@type":"EntryPoint","urlTemplate":"https:\/\/modelermaxpro.com\/?s={search_term_string}"},"query-input":{"@type":"PropertyValueSpecification","valueRequired":true,"valueName":"search_term_string"}}],"inLanguage":"es-AR"},{"@type":"Organization","@id":"https:\/\/modelermaxpro.com\/#organization","name":"Modeler Max Pro","url":"https:\/\/modelermaxpro.com\/","logo":{"@type":"ImageObject","inLanguage":"es-AR","@id":"https:\/\/modelermaxpro.com\/#\/schema\/logo\/image\/","url":"https:\/\/modelermaxpro.com\/wp-content\/uploads\/2019\/11\/logos_Modeler-web_Mesa-de-trabajo-1_Mesa-de-trabajo-1.png","contentUrl":"https:\/\/modelermaxpro.com\/wp-content\/uploads\/2019\/11\/logos_Modeler-web_Mesa-de-trabajo-1_Mesa-de-trabajo-1.png","width":322,"height":72,"caption":"Modeler Max Pro"},"image":{"@id":"https:\/\/modelermaxpro.com\/#\/schema\/logo\/image\/"}}]}},"_links":{"self":[{"href":"https:\/\/modelermaxpro.com\/index.php\/wp-json\/wp\/v2\/product\/19166","targetHints":{"allow":["GET"]}}],"collection":[{"href":"https:\/\/modelermaxpro.com\/index.php\/wp-json\/wp\/v2\/product"}],"about":[{"href":"https:\/\/modelermaxpro.com\/index.php\/wp-json\/wp\/v2\/types\/product"}],"wp:featuredmedia":[{"embeddable":true,"href":"https:\/\/modelermaxpro.com\/index.php\/wp-json\/wp\/v2\/media\/19142"}],"wp:attachment":[{"href":"https:\/\/modelermaxpro.com\/index.php\/wp-json\/wp\/v2\/media?parent=19166"}],"wp:term":[{"taxonomy":"product_brand","embeddable":true,"href":"https:\/\/modelermaxpro.com\/index.php\/wp-json\/wp\/v2\/product_brand?post=19166"},{"taxonomy":"product_cat","embeddable":true,"href":"https:\/\/modelermaxpro.com\/index.php\/wp-json\/wp\/v2\/product_cat?post=19166"},{"taxonomy":"product_tag","embeddable":true,"href":"https:\/\/modelermaxpro.com\/index.php\/wp-json\/wp\/v2\/product_tag?post=19166"}],"curies":[{"name":"wp","href":"https:\/\/api.w.org\/{rel}","templated":true}]}}