{"id":19208,"date":"2025-06-03T14:48:55","date_gmt":"2025-06-03T17:48:55","guid":{"rendered":"https:\/\/modelermaxpro.com\/?post_type=product&#038;p=19208"},"modified":"2026-03-06T10:04:46","modified_gmt":"2026-03-06T13:04:46","slug":"a-mig8572-almohadilla-de-doble-cara-para-envejecido-y-mezclado-2-uds","status":"publish","type":"product","link":"https:\/\/modelermaxpro.com\/index.php\/product\/a-mig8572-almohadilla-de-doble-cara-para-envejecido-y-mezclado-2-uds\/","title":{"rendered":"A.MIG:8572 Almohadilla de Doble Cara para Envejecido y Mezclado &#8211; 2 uds."},"content":{"rendered":"<p>Es recomendable emplearlas sobre una superficie satinada o brillante. Esta referencia tiene una forma cil\u00edndrica cortada en diagonal, por lo que disponemos de unas aristas muy marcadas que permiten acceder a piezas con \u00e1ngulos muy pronunciados. Tambi\u00e9n pueden ser recortadas de manera sencilla con unas tijeras o cuchilla y adecuarlas a la forma o tama\u00f1o que queramos.<\/p>\n<p>En el caso del empleo con lavados, dejar transcurrir 15-20 minutos desde su aplicaci\u00f3n y frotar suavemente con la esponja para retirarlo. Es posible acortar el proceso aplicando aire caliente. Se puede insistir varias veces hasta conseguir el efecto deseado, ya sea difumin\u00e1ndolo o retir\u00e1ndolo por completo.<\/p>\n<p>Cuando las empleemos con pigmentos y diluyente, dejar secar durante 15 minutos o acelerar el secado con aire caliente y frotar. Si se utilizan en seco no es necesaria la espera. Podemos eliminar totalmente el producto o conseguir suaves transiciones en funci\u00f3n de nuestras necesidades.<\/p>\n","protected":false},"excerpt":{"rendered":"<p>Es recomendable emplearlas sobre una superficie satinada o brillante. Esta referencia tiene una forma cil\u00edndrica cortada en diagonal, por lo que disponemos de unas aristas muy marcadas que permiten acceder a piezas con \u00e1ngulos muy pronunciados. Tambi\u00e9n pueden ser recortadas de manera sencilla con unas tijeras o cuchilla y adecuarlas a la forma o tama\u00f1o [&hellip;]<\/p>\n","protected":false},"featured_media":19187,"template":"","meta":[],"product_brand":[],"product_cat":[163],"product_tag":[],"class_list":{"0":"post-19208","1":"product","2":"type-product","3":"status-publish","4":"has-post-thumbnail","6":"product_cat-lijas-y-prod-para-pulido","8":"first","9":"instock","10":"shipping-taxable","11":"purchasable","12":"product-type-simple"},"yoast_head":"<!-- This site is optimized with the Yoast SEO plugin v27.2 - https:\/\/yoast.com\/product\/yoast-seo-wordpress\/ -->\n<title>A.MIG:8572 Almohadilla de Doble Cara para Envejecido y Mezclado - 2 uds. - Modeler Max Pro<\/title>\n<meta name=\"robots\" content=\"index, follow, max-snippet:-1, max-image-preview:large, max-video-preview:-1\" \/>\n<link rel=\"canonical\" href=\"https:\/\/modelermaxpro.com\/index.php\/product\/a-mig8572-almohadilla-de-doble-cara-para-envejecido-y-mezclado-2-uds\/\" \/>\n<meta property=\"og:locale\" content=\"es_ES\" \/>\n<meta property=\"og:type\" content=\"article\" \/>\n<meta property=\"og:title\" content=\"A.MIG:8572 Almohadilla de Doble Cara para Envejecido y Mezclado - 2 uds. - Modeler Max Pro\" \/>\n<meta property=\"og:description\" content=\"Es recomendable emplearlas sobre una superficie satinada o brillante. Esta referencia tiene una forma cil\u00edndrica cortada en diagonal, por lo que disponemos de unas aristas muy marcadas que permiten acceder a piezas con \u00e1ngulos muy pronunciados. Tambi\u00e9n pueden ser recortadas de manera sencilla con unas tijeras o cuchilla y adecuarlas a la forma o tama\u00f1o [&hellip;]\" \/>\n<meta property=\"og:url\" content=\"https:\/\/modelermaxpro.com\/index.php\/product\/a-mig8572-almohadilla-de-doble-cara-para-envejecido-y-mezclado-2-uds\/\" \/>\n<meta property=\"og:site_name\" content=\"Modeler Max Pro\" \/>\n<meta property=\"article:modified_time\" content=\"2026-03-06T13:04:46+00:00\" \/>\n<meta property=\"og:image\" content=\"https:\/\/modelermaxpro.com\/wp-content\/uploads\/2025\/06\/8572-2-uds.jpg\" \/>\n\t<meta property=\"og:image:width\" content=\"800\" \/>\n\t<meta property=\"og:image:height\" content=\"800\" \/>\n\t<meta property=\"og:image:type\" content=\"image\/jpeg\" \/>\n<meta name=\"twitter:card\" content=\"summary_large_image\" \/>\n<meta name=\"twitter:label1\" content=\"Tiempo de lectura\" \/>\n\t<meta name=\"twitter:data1\" content=\"1 minuto\" \/>\n<script type=\"application\/ld+json\" class=\"yoast-schema-graph\">{\"@context\":\"https:\/\/schema.org\",\"@graph\":[{\"@type\":\"WebPage\",\"@id\":\"https:\/\/modelermaxpro.com\/index.php\/product\/a-mig8572-almohadilla-de-doble-cara-para-envejecido-y-mezclado-2-uds\/\",\"url\":\"https:\/\/modelermaxpro.com\/index.php\/product\/a-mig8572-almohadilla-de-doble-cara-para-envejecido-y-mezclado-2-uds\/\",\"name\":\"A.MIG:8572 Almohadilla de Doble Cara para Envejecido y Mezclado - 2 uds. - Modeler Max Pro\",\"isPartOf\":{\"@id\":\"https:\/\/modelermaxpro.com\/#website\"},\"primaryImageOfPage\":{\"@id\":\"https:\/\/modelermaxpro.com\/index.php\/product\/a-mig8572-almohadilla-de-doble-cara-para-envejecido-y-mezclado-2-uds\/#primaryimage\"},\"image\":{\"@id\":\"https:\/\/modelermaxpro.com\/index.php\/product\/a-mig8572-almohadilla-de-doble-cara-para-envejecido-y-mezclado-2-uds\/#primaryimage\"},\"thumbnailUrl\":\"https:\/\/modelermaxpro.com\/wp-content\/uploads\/2025\/06\/8572-2-uds.jpg\",\"datePublished\":\"2025-06-03T17:48:55+00:00\",\"dateModified\":\"2026-03-06T13:04:46+00:00\",\"breadcrumb\":{\"@id\":\"https:\/\/modelermaxpro.com\/index.php\/product\/a-mig8572-almohadilla-de-doble-cara-para-envejecido-y-mezclado-2-uds\/#breadcrumb\"},\"inLanguage\":\"es-AR\",\"potentialAction\":[{\"@type\":\"ReadAction\",\"target\":[\"https:\/\/modelermaxpro.com\/index.php\/product\/a-mig8572-almohadilla-de-doble-cara-para-envejecido-y-mezclado-2-uds\/\"]}]},{\"@type\":\"ImageObject\",\"inLanguage\":\"es-AR\",\"@id\":\"https:\/\/modelermaxpro.com\/index.php\/product\/a-mig8572-almohadilla-de-doble-cara-para-envejecido-y-mezclado-2-uds\/#primaryimage\",\"url\":\"https:\/\/modelermaxpro.com\/wp-content\/uploads\/2025\/06\/8572-2-uds.jpg\",\"contentUrl\":\"https:\/\/modelermaxpro.com\/wp-content\/uploads\/2025\/06\/8572-2-uds.jpg\",\"width\":800,\"height\":800},{\"@type\":\"BreadcrumbList\",\"@id\":\"https:\/\/modelermaxpro.com\/index.php\/product\/a-mig8572-almohadilla-de-doble-cara-para-envejecido-y-mezclado-2-uds\/#breadcrumb\",\"itemListElement\":[{\"@type\":\"ListItem\",\"position\":1,\"name\":\"Inicio\",\"item\":\"https:\/\/modelermaxpro.com\/\"},{\"@type\":\"ListItem\",\"position\":2,\"name\":\"Shop\",\"item\":\"https:\/\/modelermaxpro.com\/index.php\/shop\/\"},{\"@type\":\"ListItem\",\"position\":3,\"name\":\"A.MIG:8572 Almohadilla de Doble Cara para Envejecido y Mezclado &#8211; 2 uds.\"}]},{\"@type\":\"WebSite\",\"@id\":\"https:\/\/modelermaxpro.com\/#website\",\"url\":\"https:\/\/modelermaxpro.com\/\",\"name\":\"Modeler Max Pro\",\"description\":\"\",\"publisher\":{\"@id\":\"https:\/\/modelermaxpro.com\/#organization\"},\"potentialAction\":[{\"@type\":\"SearchAction\",\"target\":{\"@type\":\"EntryPoint\",\"urlTemplate\":\"https:\/\/modelermaxpro.com\/?s={search_term_string}\"},\"query-input\":{\"@type\":\"PropertyValueSpecification\",\"valueRequired\":true,\"valueName\":\"search_term_string\"}}],\"inLanguage\":\"es-AR\"},{\"@type\":\"Organization\",\"@id\":\"https:\/\/modelermaxpro.com\/#organization\",\"name\":\"Modeler Max Pro\",\"url\":\"https:\/\/modelermaxpro.com\/\",\"logo\":{\"@type\":\"ImageObject\",\"inLanguage\":\"es-AR\",\"@id\":\"https:\/\/modelermaxpro.com\/#\/schema\/logo\/image\/\",\"url\":\"https:\/\/modelermaxpro.com\/wp-content\/uploads\/2019\/11\/logos_Modeler-web_Mesa-de-trabajo-1_Mesa-de-trabajo-1.png\",\"contentUrl\":\"https:\/\/modelermaxpro.com\/wp-content\/uploads\/2019\/11\/logos_Modeler-web_Mesa-de-trabajo-1_Mesa-de-trabajo-1.png\",\"width\":322,\"height\":72,\"caption\":\"Modeler Max Pro\"},\"image\":{\"@id\":\"https:\/\/modelermaxpro.com\/#\/schema\/logo\/image\/\"}}]}<\/script>\n<!-- \/ Yoast SEO plugin. -->","yoast_head_json":{"title":"A.MIG:8572 Almohadilla de Doble Cara para Envejecido y Mezclado - 2 uds. - Modeler Max Pro","robots":{"index":"index","follow":"follow","max-snippet":"max-snippet:-1","max-image-preview":"max-image-preview:large","max-video-preview":"max-video-preview:-1"},"canonical":"https:\/\/modelermaxpro.com\/index.php\/product\/a-mig8572-almohadilla-de-doble-cara-para-envejecido-y-mezclado-2-uds\/","og_locale":"es_ES","og_type":"article","og_title":"A.MIG:8572 Almohadilla de Doble Cara para Envejecido y Mezclado - 2 uds. - Modeler Max Pro","og_description":"Es recomendable emplearlas sobre una superficie satinada o brillante. Esta referencia tiene una forma cil\u00edndrica cortada en diagonal, por lo que disponemos de unas aristas muy marcadas que permiten acceder a piezas con \u00e1ngulos muy pronunciados. Tambi\u00e9n pueden ser recortadas de manera sencilla con unas tijeras o cuchilla y adecuarlas a la forma o tama\u00f1o [&hellip;]","og_url":"https:\/\/modelermaxpro.com\/index.php\/product\/a-mig8572-almohadilla-de-doble-cara-para-envejecido-y-mezclado-2-uds\/","og_site_name":"Modeler Max Pro","article_modified_time":"2026-03-06T13:04:46+00:00","og_image":[{"width":800,"height":800,"url":"https:\/\/modelermaxpro.com\/wp-content\/uploads\/2025\/06\/8572-2-uds.jpg","type":"image\/jpeg"}],"twitter_card":"summary_large_image","twitter_misc":{"Tiempo de lectura":"1 minuto"},"schema":{"@context":"https:\/\/schema.org","@graph":[{"@type":"WebPage","@id":"https:\/\/modelermaxpro.com\/index.php\/product\/a-mig8572-almohadilla-de-doble-cara-para-envejecido-y-mezclado-2-uds\/","url":"https:\/\/modelermaxpro.com\/index.php\/product\/a-mig8572-almohadilla-de-doble-cara-para-envejecido-y-mezclado-2-uds\/","name":"A.MIG:8572 Almohadilla de Doble Cara para Envejecido y Mezclado - 2 uds. - Modeler Max Pro","isPartOf":{"@id":"https:\/\/modelermaxpro.com\/#website"},"primaryImageOfPage":{"@id":"https:\/\/modelermaxpro.com\/index.php\/product\/a-mig8572-almohadilla-de-doble-cara-para-envejecido-y-mezclado-2-uds\/#primaryimage"},"image":{"@id":"https:\/\/modelermaxpro.com\/index.php\/product\/a-mig8572-almohadilla-de-doble-cara-para-envejecido-y-mezclado-2-uds\/#primaryimage"},"thumbnailUrl":"https:\/\/modelermaxpro.com\/wp-content\/uploads\/2025\/06\/8572-2-uds.jpg","datePublished":"2025-06-03T17:48:55+00:00","dateModified":"2026-03-06T13:04:46+00:00","breadcrumb":{"@id":"https:\/\/modelermaxpro.com\/index.php\/product\/a-mig8572-almohadilla-de-doble-cara-para-envejecido-y-mezclado-2-uds\/#breadcrumb"},"inLanguage":"es-AR","potentialAction":[{"@type":"ReadAction","target":["https:\/\/modelermaxpro.com\/index.php\/product\/a-mig8572-almohadilla-de-doble-cara-para-envejecido-y-mezclado-2-uds\/"]}]},{"@type":"ImageObject","inLanguage":"es-AR","@id":"https:\/\/modelermaxpro.com\/index.php\/product\/a-mig8572-almohadilla-de-doble-cara-para-envejecido-y-mezclado-2-uds\/#primaryimage","url":"https:\/\/modelermaxpro.com\/wp-content\/uploads\/2025\/06\/8572-2-uds.jpg","contentUrl":"https:\/\/modelermaxpro.com\/wp-content\/uploads\/2025\/06\/8572-2-uds.jpg","width":800,"height":800},{"@type":"BreadcrumbList","@id":"https:\/\/modelermaxpro.com\/index.php\/product\/a-mig8572-almohadilla-de-doble-cara-para-envejecido-y-mezclado-2-uds\/#breadcrumb","itemListElement":[{"@type":"ListItem","position":1,"name":"Inicio","item":"https:\/\/modelermaxpro.com\/"},{"@type":"ListItem","position":2,"name":"Shop","item":"https:\/\/modelermaxpro.com\/index.php\/shop\/"},{"@type":"ListItem","position":3,"name":"A.MIG:8572 Almohadilla de Doble Cara para Envejecido y Mezclado &#8211; 2 uds."}]},{"@type":"WebSite","@id":"https:\/\/modelermaxpro.com\/#website","url":"https:\/\/modelermaxpro.com\/","name":"Modeler Max Pro","description":"","publisher":{"@id":"https:\/\/modelermaxpro.com\/#organization"},"potentialAction":[{"@type":"SearchAction","target":{"@type":"EntryPoint","urlTemplate":"https:\/\/modelermaxpro.com\/?s={search_term_string}"},"query-input":{"@type":"PropertyValueSpecification","valueRequired":true,"valueName":"search_term_string"}}],"inLanguage":"es-AR"},{"@type":"Organization","@id":"https:\/\/modelermaxpro.com\/#organization","name":"Modeler Max Pro","url":"https:\/\/modelermaxpro.com\/","logo":{"@type":"ImageObject","inLanguage":"es-AR","@id":"https:\/\/modelermaxpro.com\/#\/schema\/logo\/image\/","url":"https:\/\/modelermaxpro.com\/wp-content\/uploads\/2019\/11\/logos_Modeler-web_Mesa-de-trabajo-1_Mesa-de-trabajo-1.png","contentUrl":"https:\/\/modelermaxpro.com\/wp-content\/uploads\/2019\/11\/logos_Modeler-web_Mesa-de-trabajo-1_Mesa-de-trabajo-1.png","width":322,"height":72,"caption":"Modeler Max Pro"},"image":{"@id":"https:\/\/modelermaxpro.com\/#\/schema\/logo\/image\/"}}]}},"_links":{"self":[{"href":"https:\/\/modelermaxpro.com\/index.php\/wp-json\/wp\/v2\/product\/19208","targetHints":{"allow":["GET"]}}],"collection":[{"href":"https:\/\/modelermaxpro.com\/index.php\/wp-json\/wp\/v2\/product"}],"about":[{"href":"https:\/\/modelermaxpro.com\/index.php\/wp-json\/wp\/v2\/types\/product"}],"wp:featuredmedia":[{"embeddable":true,"href":"https:\/\/modelermaxpro.com\/index.php\/wp-json\/wp\/v2\/media\/19187"}],"wp:attachment":[{"href":"https:\/\/modelermaxpro.com\/index.php\/wp-json\/wp\/v2\/media?parent=19208"}],"wp:term":[{"taxonomy":"product_brand","embeddable":true,"href":"https:\/\/modelermaxpro.com\/index.php\/wp-json\/wp\/v2\/product_brand?post=19208"},{"taxonomy":"product_cat","embeddable":true,"href":"https:\/\/modelermaxpro.com\/index.php\/wp-json\/wp\/v2\/product_cat?post=19208"},{"taxonomy":"product_tag","embeddable":true,"href":"https:\/\/modelermaxpro.com\/index.php\/wp-json\/wp\/v2\/product_tag?post=19208"}],"curies":[{"name":"wp","href":"https:\/\/api.w.org\/{rel}","templated":true}]}}