{"id":2156,"date":"2019-08-28T08:31:30","date_gmt":"2019-08-28T11:31:30","guid":{"rendered":"https:\/\/modelermaxpro.com\/?post_type=product&#038;p=2156"},"modified":"2019-08-30T17:10:22","modified_gmt":"2019-08-30T20:10:22","slug":"cianoacrilato-de-secado-lento-8013","status":"publish","type":"product","link":"https:\/\/modelermaxpro.com\/index.php\/product\/cianoacrilato-de-secado-lento-8013\/","title":{"rendered":"CIANOACRILATO DE SECADO LENTO &#8211; 8013"},"content":{"rendered":"<p>Cianoacrilato de alta calidad y larga duraci\u00f3n sin perder propiedades ni caducar. Este adhesivo concede unos segundos adicionales para aplicar y pegar m\u00e1s c\u00f3modamente las piezas, sin perder fuerza de adhesi\u00f3n. Unas gotas aplicadas en una paleta tardan m\u00e1s de una hora en secar, lo que permite trabajar c\u00f3modamente sin desperdiciar producto. Es muy fluido y permite pegar por capilaridad dejando que discurra por las juntas a unir. Aplica un poco en una de las piezas, unir y mantener durante 3 a 10 segundos.<\/p>\n","protected":false},"excerpt":{"rendered":"<p id=\"product_reference\"><label for=\"product_reference\">Referencia:\u00a0<\/label><span class=\"editable\">AMIG8013<\/span><\/p>\n<div id=\"short_description_block\">\n<div id=\"short_description_content\" class=\"rte align_justify\">\n<p>Cianoacrilato muy fluido de larga duraci\u00f3n<\/p>\n<\/div>\n<\/div>\n","protected":false},"featured_media":0,"template":"","meta":[],"product_brand":[],"product_cat":[94],"product_tag":[],"class_list":{"0":"post-2156","1":"product","2":"type-product","3":"status-publish","5":"product_cat-pegamentos","7":"first","8":"outofstock","9":"shipping-taxable","10":"product-type-simple"},"yoast_head":"<!-- This site is optimized with the Yoast SEO plugin v27.2 - https:\/\/yoast.com\/product\/yoast-seo-wordpress\/ -->\n<title>CIANOACRILATO DE SECADO LENTO - 8013 - Modeler Max Pro<\/title>\n<meta name=\"robots\" content=\"index, follow, max-snippet:-1, max-image-preview:large, max-video-preview:-1\" \/>\n<link rel=\"canonical\" href=\"https:\/\/modelermaxpro.com\/index.php\/product\/cianoacrilato-de-secado-lento-8013\/\" \/>\n<meta property=\"og:locale\" content=\"es_ES\" \/>\n<meta property=\"og:type\" content=\"article\" \/>\n<meta property=\"og:title\" content=\"CIANOACRILATO DE SECADO LENTO - 8013 - Modeler Max Pro\" \/>\n<meta property=\"og:description\" content=\"Referencia:\u00a0AMIG8013     Cianoacrilato muy fluido de larga duraci\u00f3n\" \/>\n<meta property=\"og:url\" content=\"https:\/\/modelermaxpro.com\/index.php\/product\/cianoacrilato-de-secado-lento-8013\/\" \/>\n<meta property=\"og:site_name\" content=\"Modeler Max Pro\" \/>\n<meta property=\"article:modified_time\" content=\"2019-08-30T20:10:22+00:00\" \/>\n<meta name=\"twitter:card\" content=\"summary_large_image\" \/>\n<script type=\"application\/ld+json\" class=\"yoast-schema-graph\">{\"@context\":\"https:\/\/schema.org\",\"@graph\":[{\"@type\":\"WebPage\",\"@id\":\"https:\/\/modelermaxpro.com\/index.php\/product\/cianoacrilato-de-secado-lento-8013\/\",\"url\":\"https:\/\/modelermaxpro.com\/index.php\/product\/cianoacrilato-de-secado-lento-8013\/\",\"name\":\"CIANOACRILATO DE SECADO LENTO - 8013 - Modeler Max Pro\",\"isPartOf\":{\"@id\":\"https:\/\/modelermaxpro.com\/#website\"},\"datePublished\":\"2019-08-28T11:31:30+00:00\",\"dateModified\":\"2019-08-30T20:10:22+00:00\",\"breadcrumb\":{\"@id\":\"https:\/\/modelermaxpro.com\/index.php\/product\/cianoacrilato-de-secado-lento-8013\/#breadcrumb\"},\"inLanguage\":\"es-AR\",\"potentialAction\":[{\"@type\":\"ReadAction\",\"target\":[\"https:\/\/modelermaxpro.com\/index.php\/product\/cianoacrilato-de-secado-lento-8013\/\"]}]},{\"@type\":\"BreadcrumbList\",\"@id\":\"https:\/\/modelermaxpro.com\/index.php\/product\/cianoacrilato-de-secado-lento-8013\/#breadcrumb\",\"itemListElement\":[{\"@type\":\"ListItem\",\"position\":1,\"name\":\"Inicio\",\"item\":\"https:\/\/modelermaxpro.com\/\"},{\"@type\":\"ListItem\",\"position\":2,\"name\":\"Shop\",\"item\":\"https:\/\/modelermaxpro.com\/index.php\/shop\/\"},{\"@type\":\"ListItem\",\"position\":3,\"name\":\"CIANOACRILATO DE SECADO LENTO &#8211; 8013\"}]},{\"@type\":\"WebSite\",\"@id\":\"https:\/\/modelermaxpro.com\/#website\",\"url\":\"https:\/\/modelermaxpro.com\/\",\"name\":\"Modeler Max Pro\",\"description\":\"\",\"publisher\":{\"@id\":\"https:\/\/modelermaxpro.com\/#organization\"},\"potentialAction\":[{\"@type\":\"SearchAction\",\"target\":{\"@type\":\"EntryPoint\",\"urlTemplate\":\"https:\/\/modelermaxpro.com\/?s={search_term_string}\"},\"query-input\":{\"@type\":\"PropertyValueSpecification\",\"valueRequired\":true,\"valueName\":\"search_term_string\"}}],\"inLanguage\":\"es-AR\"},{\"@type\":\"Organization\",\"@id\":\"https:\/\/modelermaxpro.com\/#organization\",\"name\":\"Modeler Max Pro\",\"url\":\"https:\/\/modelermaxpro.com\/\",\"logo\":{\"@type\":\"ImageObject\",\"inLanguage\":\"es-AR\",\"@id\":\"https:\/\/modelermaxpro.com\/#\/schema\/logo\/image\/\",\"url\":\"https:\/\/modelermaxpro.com\/wp-content\/uploads\/2019\/11\/logos_Modeler-web_Mesa-de-trabajo-1_Mesa-de-trabajo-1.png\",\"contentUrl\":\"https:\/\/modelermaxpro.com\/wp-content\/uploads\/2019\/11\/logos_Modeler-web_Mesa-de-trabajo-1_Mesa-de-trabajo-1.png\",\"width\":322,\"height\":72,\"caption\":\"Modeler Max Pro\"},\"image\":{\"@id\":\"https:\/\/modelermaxpro.com\/#\/schema\/logo\/image\/\"}}]}<\/script>\n<!-- \/ Yoast SEO plugin. -->","yoast_head_json":{"title":"CIANOACRILATO DE SECADO LENTO - 8013 - Modeler Max Pro","robots":{"index":"index","follow":"follow","max-snippet":"max-snippet:-1","max-image-preview":"max-image-preview:large","max-video-preview":"max-video-preview:-1"},"canonical":"https:\/\/modelermaxpro.com\/index.php\/product\/cianoacrilato-de-secado-lento-8013\/","og_locale":"es_ES","og_type":"article","og_title":"CIANOACRILATO DE SECADO LENTO - 8013 - Modeler Max Pro","og_description":"Referencia:\u00a0AMIG8013     Cianoacrilato muy fluido de larga duraci\u00f3n","og_url":"https:\/\/modelermaxpro.com\/index.php\/product\/cianoacrilato-de-secado-lento-8013\/","og_site_name":"Modeler Max Pro","article_modified_time":"2019-08-30T20:10:22+00:00","twitter_card":"summary_large_image","schema":{"@context":"https:\/\/schema.org","@graph":[{"@type":"WebPage","@id":"https:\/\/modelermaxpro.com\/index.php\/product\/cianoacrilato-de-secado-lento-8013\/","url":"https:\/\/modelermaxpro.com\/index.php\/product\/cianoacrilato-de-secado-lento-8013\/","name":"CIANOACRILATO DE SECADO LENTO - 8013 - Modeler Max Pro","isPartOf":{"@id":"https:\/\/modelermaxpro.com\/#website"},"datePublished":"2019-08-28T11:31:30+00:00","dateModified":"2019-08-30T20:10:22+00:00","breadcrumb":{"@id":"https:\/\/modelermaxpro.com\/index.php\/product\/cianoacrilato-de-secado-lento-8013\/#breadcrumb"},"inLanguage":"es-AR","potentialAction":[{"@type":"ReadAction","target":["https:\/\/modelermaxpro.com\/index.php\/product\/cianoacrilato-de-secado-lento-8013\/"]}]},{"@type":"BreadcrumbList","@id":"https:\/\/modelermaxpro.com\/index.php\/product\/cianoacrilato-de-secado-lento-8013\/#breadcrumb","itemListElement":[{"@type":"ListItem","position":1,"name":"Inicio","item":"https:\/\/modelermaxpro.com\/"},{"@type":"ListItem","position":2,"name":"Shop","item":"https:\/\/modelermaxpro.com\/index.php\/shop\/"},{"@type":"ListItem","position":3,"name":"CIANOACRILATO DE SECADO LENTO &#8211; 8013"}]},{"@type":"WebSite","@id":"https:\/\/modelermaxpro.com\/#website","url":"https:\/\/modelermaxpro.com\/","name":"Modeler Max Pro","description":"","publisher":{"@id":"https:\/\/modelermaxpro.com\/#organization"},"potentialAction":[{"@type":"SearchAction","target":{"@type":"EntryPoint","urlTemplate":"https:\/\/modelermaxpro.com\/?s={search_term_string}"},"query-input":{"@type":"PropertyValueSpecification","valueRequired":true,"valueName":"search_term_string"}}],"inLanguage":"es-AR"},{"@type":"Organization","@id":"https:\/\/modelermaxpro.com\/#organization","name":"Modeler Max Pro","url":"https:\/\/modelermaxpro.com\/","logo":{"@type":"ImageObject","inLanguage":"es-AR","@id":"https:\/\/modelermaxpro.com\/#\/schema\/logo\/image\/","url":"https:\/\/modelermaxpro.com\/wp-content\/uploads\/2019\/11\/logos_Modeler-web_Mesa-de-trabajo-1_Mesa-de-trabajo-1.png","contentUrl":"https:\/\/modelermaxpro.com\/wp-content\/uploads\/2019\/11\/logos_Modeler-web_Mesa-de-trabajo-1_Mesa-de-trabajo-1.png","width":322,"height":72,"caption":"Modeler Max Pro"},"image":{"@id":"https:\/\/modelermaxpro.com\/#\/schema\/logo\/image\/"}}]}},"_links":{"self":[{"href":"https:\/\/modelermaxpro.com\/index.php\/wp-json\/wp\/v2\/product\/2156","targetHints":{"allow":["GET"]}}],"collection":[{"href":"https:\/\/modelermaxpro.com\/index.php\/wp-json\/wp\/v2\/product"}],"about":[{"href":"https:\/\/modelermaxpro.com\/index.php\/wp-json\/wp\/v2\/types\/product"}],"wp:attachment":[{"href":"https:\/\/modelermaxpro.com\/index.php\/wp-json\/wp\/v2\/media?parent=2156"}],"wp:term":[{"taxonomy":"product_brand","embeddable":true,"href":"https:\/\/modelermaxpro.com\/index.php\/wp-json\/wp\/v2\/product_brand?post=2156"},{"taxonomy":"product_cat","embeddable":true,"href":"https:\/\/modelermaxpro.com\/index.php\/wp-json\/wp\/v2\/product_cat?post=2156"},{"taxonomy":"product_tag","embeddable":true,"href":"https:\/\/modelermaxpro.com\/index.php\/wp-json\/wp\/v2\/product_tag?post=2156"}],"curies":[{"name":"wp","href":"https:\/\/api.w.org\/{rel}","templated":true}]}}