{"id":2159,"date":"2019-08-28T08:36:08","date_gmt":"2019-08-28T11:36:08","guid":{"rendered":"https:\/\/modelermaxpro.com\/?post_type=product&#038;p=2159"},"modified":"2022-08-12T17:15:58","modified_gmt":"2022-08-12T20:15:58","slug":"anti-slip-paste-antideslizante-arena-1-35-2033","status":"publish","type":"product","link":"https:\/\/modelermaxpro.com\/index.php\/product\/anti-slip-paste-antideslizante-arena-1-35-2033\/","title":{"rendered":"ANTI SLIP PASTE &#8211; Antideslizante Arena 1\/35 &#8211; 2033"},"content":{"rendered":"<p>Producto acr\u00edlico de alta calidad para representar superficies antideslizantes a escala 1\/35 y superiores, as\u00ed como otro tipo de texturas rugosas en cualquier superficie. En este caso, el tono arena, ser\u00e1 muy \u00fatil para trabajar sobre pl\u00e1sticos de colores oscuros. Aplica el producto directamente del bote y extiende la pasta con un pincel. Se recomienda aplicar dos capas, la segunda en perpendicular a la anterior para obtener una textura perfectamente uniforme. Podemos adaptarlo f\u00e1cilmente a nuestras necesidades y crear diferentes texturas punteando la zona elegida con un pincel, con una esponja, a\u00f1adiendo agua o superponiendo varias capas. Transcurridas 24h de secado queda firmemente adherido a cualquier superficie.<\/p>\n<p><a title=\"QUICK TIP C\u00f3mo usar Antideslizante ARENA\" href=\"https:\/\/www.migjimenez.com\/black-hole\/lv426\/QT_AntiSlip-AMIG2033.pdf\" target=\"_blank\" rel=\"noopener noreferrer\"><img decoding=\"async\" title=\"QUICK TIP C\u00f3mo usar Antideslizante ARENA\" data-src=\"https:\/\/www.migjimenez.com\/img\/cms\/PDF\/QT%20ANTISLIPT%20WEB.png\" alt=\"QUICK TIP C\u00f3mo usar Antideslizante ARENA\" width=\"800\" height=\"271\" src=\"data:image\/svg+xml;base64,PHN2ZyB3aWR0aD0iMSIgaGVpZ2h0PSIxIiB4bWxucz0iaHR0cDovL3d3dy53My5vcmcvMjAwMC9zdmciPjwvc3ZnPg==\" class=\"lazyload\" style=\"--smush-placeholder-width: 800px; --smush-placeholder-aspect-ratio: 800\/271;\" \/><\/a><\/p>\n","protected":false},"excerpt":{"rendered":"<p id=\"product_reference\"><label for=\"product_reference\">Referencia:\u00a0<\/label><span class=\"editable\">AMIG2033<\/span><\/p>\n<div id=\"short_description_block\">\n<div id=\"short_description_content\" class=\"rte align_justify\">\n<p>Producto acr\u00edlico de alta calidad para representar superficies antideslizantes a escala 1\/35 y superiores, as\u00ed como otro tipo de texturas rugosas en cualquier superficie.<\/p>\n<p>Tubo 20mL.<\/p>\n<\/div>\n<\/div>\n","protected":false},"featured_media":2160,"template":"","meta":[],"product_brand":[],"product_cat":[95],"product_tag":[],"class_list":{"0":"post-2159","1":"product","2":"type-product","3":"status-publish","4":"has-post-thumbnail","6":"product_cat-pastas-antideslizantes","8":"first","9":"instock","10":"shipping-taxable","11":"purchasable","12":"product-type-simple"},"yoast_head":"<!-- This site is optimized with the Yoast SEO plugin v27.4 - https:\/\/yoast.com\/product\/yoast-seo-wordpress\/ -->\n<title>ANTI SLIP PASTE - Antideslizante Arena 1\/35 - 2033 - Modeler Max Pro<\/title>\n<meta name=\"robots\" content=\"index, follow, max-snippet:-1, max-image-preview:large, max-video-preview:-1\" \/>\n<link rel=\"canonical\" href=\"https:\/\/modelermaxpro.com\/index.php\/product\/anti-slip-paste-antideslizante-arena-1-35-2033\/\" \/>\n<meta property=\"og:locale\" content=\"es_ES\" \/>\n<meta property=\"og:type\" content=\"article\" \/>\n<meta property=\"og:title\" content=\"ANTI SLIP PASTE - Antideslizante Arena 1\/35 - 2033 - Modeler Max Pro\" \/>\n<meta property=\"og:description\" content=\"Referencia:\u00a0AMIG2033     Producto acr\u00edlico de alta calidad para representar superficies antideslizantes a escala 1\/35 y superiores, as\u00ed como otro tipo de texturas rugosas en cualquier superficie.  Tubo 20mL.\" \/>\n<meta property=\"og:url\" content=\"https:\/\/modelermaxpro.com\/index.php\/product\/anti-slip-paste-antideslizante-arena-1-35-2033\/\" \/>\n<meta property=\"og:site_name\" content=\"Modeler Max Pro\" \/>\n<meta property=\"article:modified_time\" content=\"2022-08-12T20:15:58+00:00\" \/>\n<meta property=\"og:image\" content=\"https:\/\/modelermaxpro.com\/wp-content\/uploads\/2019\/08\/AMIG2033-antideslizante-arena-135.jpg\" \/>\n\t<meta property=\"og:image:width\" content=\"264\" \/>\n\t<meta property=\"og:image:height\" content=\"264\" \/>\n\t<meta property=\"og:image:type\" content=\"image\/jpeg\" \/>\n<meta name=\"twitter:card\" content=\"summary_large_image\" \/>\n<meta name=\"twitter:label1\" content=\"Tiempo de lectura\" \/>\n\t<meta name=\"twitter:data1\" content=\"1 minuto\" \/>\n<script type=\"application\/ld+json\" class=\"yoast-schema-graph\">{\"@context\":\"https:\\\/\\\/schema.org\",\"@graph\":[{\"@type\":\"WebPage\",\"@id\":\"https:\\\/\\\/modelermaxpro.com\\\/index.php\\\/product\\\/anti-slip-paste-antideslizante-arena-1-35-2033\\\/\",\"url\":\"https:\\\/\\\/modelermaxpro.com\\\/index.php\\\/product\\\/anti-slip-paste-antideslizante-arena-1-35-2033\\\/\",\"name\":\"ANTI SLIP PASTE - Antideslizante Arena 1\\\/35 - 2033 - Modeler Max Pro\",\"isPartOf\":{\"@id\":\"https:\\\/\\\/modelermaxpro.com\\\/#website\"},\"primaryImageOfPage\":{\"@id\":\"https:\\\/\\\/modelermaxpro.com\\\/index.php\\\/product\\\/anti-slip-paste-antideslizante-arena-1-35-2033\\\/#primaryimage\"},\"image\":{\"@id\":\"https:\\\/\\\/modelermaxpro.com\\\/index.php\\\/product\\\/anti-slip-paste-antideslizante-arena-1-35-2033\\\/#primaryimage\"},\"thumbnailUrl\":\"https:\\\/\\\/modelermaxpro.com\\\/wp-content\\\/uploads\\\/2019\\\/08\\\/AMIG2033-antideslizante-arena-135.jpg\",\"datePublished\":\"2019-08-28T11:36:08+00:00\",\"dateModified\":\"2022-08-12T20:15:58+00:00\",\"breadcrumb\":{\"@id\":\"https:\\\/\\\/modelermaxpro.com\\\/index.php\\\/product\\\/anti-slip-paste-antideslizante-arena-1-35-2033\\\/#breadcrumb\"},\"inLanguage\":\"es-AR\",\"potentialAction\":[{\"@type\":\"ReadAction\",\"target\":[\"https:\\\/\\\/modelermaxpro.com\\\/index.php\\\/product\\\/anti-slip-paste-antideslizante-arena-1-35-2033\\\/\"]}]},{\"@type\":\"ImageObject\",\"inLanguage\":\"es-AR\",\"@id\":\"https:\\\/\\\/modelermaxpro.com\\\/index.php\\\/product\\\/anti-slip-paste-antideslizante-arena-1-35-2033\\\/#primaryimage\",\"url\":\"https:\\\/\\\/modelermaxpro.com\\\/wp-content\\\/uploads\\\/2019\\\/08\\\/AMIG2033-antideslizante-arena-135.jpg\",\"contentUrl\":\"https:\\\/\\\/modelermaxpro.com\\\/wp-content\\\/uploads\\\/2019\\\/08\\\/AMIG2033-antideslizante-arena-135.jpg\",\"width\":264,\"height\":264},{\"@type\":\"BreadcrumbList\",\"@id\":\"https:\\\/\\\/modelermaxpro.com\\\/index.php\\\/product\\\/anti-slip-paste-antideslizante-arena-1-35-2033\\\/#breadcrumb\",\"itemListElement\":[{\"@type\":\"ListItem\",\"position\":1,\"name\":\"Inicio\",\"item\":\"https:\\\/\\\/modelermaxpro.com\\\/\"},{\"@type\":\"ListItem\",\"position\":2,\"name\":\"Shop\",\"item\":\"https:\\\/\\\/modelermaxpro.com\\\/index.php\\\/shop\\\/\"},{\"@type\":\"ListItem\",\"position\":3,\"name\":\"ANTI SLIP PASTE &#8211; Antideslizante Arena 1\\\/35 &#8211; 2033\"}]},{\"@type\":\"WebSite\",\"@id\":\"https:\\\/\\\/modelermaxpro.com\\\/#website\",\"url\":\"https:\\\/\\\/modelermaxpro.com\\\/\",\"name\":\"Modeler Max Pro\",\"description\":\"\",\"publisher\":{\"@id\":\"https:\\\/\\\/modelermaxpro.com\\\/#organization\"},\"potentialAction\":[{\"@type\":\"SearchAction\",\"target\":{\"@type\":\"EntryPoint\",\"urlTemplate\":\"https:\\\/\\\/modelermaxpro.com\\\/?s={search_term_string}\"},\"query-input\":{\"@type\":\"PropertyValueSpecification\",\"valueRequired\":true,\"valueName\":\"search_term_string\"}}],\"inLanguage\":\"es-AR\"},{\"@type\":\"Organization\",\"@id\":\"https:\\\/\\\/modelermaxpro.com\\\/#organization\",\"name\":\"Modeler Max Pro\",\"url\":\"https:\\\/\\\/modelermaxpro.com\\\/\",\"logo\":{\"@type\":\"ImageObject\",\"inLanguage\":\"es-AR\",\"@id\":\"https:\\\/\\\/modelermaxpro.com\\\/#\\\/schema\\\/logo\\\/image\\\/\",\"url\":\"https:\\\/\\\/modelermaxpro.com\\\/wp-content\\\/uploads\\\/2019\\\/11\\\/logos_Modeler-web_Mesa-de-trabajo-1_Mesa-de-trabajo-1.png\",\"contentUrl\":\"https:\\\/\\\/modelermaxpro.com\\\/wp-content\\\/uploads\\\/2019\\\/11\\\/logos_Modeler-web_Mesa-de-trabajo-1_Mesa-de-trabajo-1.png\",\"width\":322,\"height\":72,\"caption\":\"Modeler Max Pro\"},\"image\":{\"@id\":\"https:\\\/\\\/modelermaxpro.com\\\/#\\\/schema\\\/logo\\\/image\\\/\"}}]}<\/script>\n<!-- \/ Yoast SEO plugin. -->","yoast_head_json":{"title":"ANTI SLIP PASTE - Antideslizante Arena 1\/35 - 2033 - Modeler Max Pro","robots":{"index":"index","follow":"follow","max-snippet":"max-snippet:-1","max-image-preview":"max-image-preview:large","max-video-preview":"max-video-preview:-1"},"canonical":"https:\/\/modelermaxpro.com\/index.php\/product\/anti-slip-paste-antideslizante-arena-1-35-2033\/","og_locale":"es_ES","og_type":"article","og_title":"ANTI SLIP PASTE - Antideslizante Arena 1\/35 - 2033 - Modeler Max Pro","og_description":"Referencia:\u00a0AMIG2033     Producto acr\u00edlico de alta calidad para representar superficies antideslizantes a escala 1\/35 y superiores, as\u00ed como otro tipo de texturas rugosas en cualquier superficie.  Tubo 20mL.","og_url":"https:\/\/modelermaxpro.com\/index.php\/product\/anti-slip-paste-antideslizante-arena-1-35-2033\/","og_site_name":"Modeler Max Pro","article_modified_time":"2022-08-12T20:15:58+00:00","og_image":[{"width":264,"height":264,"url":"https:\/\/modelermaxpro.com\/wp-content\/uploads\/2019\/08\/AMIG2033-antideslizante-arena-135.jpg","type":"image\/jpeg"}],"twitter_card":"summary_large_image","twitter_misc":{"Tiempo de lectura":"1 minuto"},"schema":{"@context":"https:\/\/schema.org","@graph":[{"@type":"WebPage","@id":"https:\/\/modelermaxpro.com\/index.php\/product\/anti-slip-paste-antideslizante-arena-1-35-2033\/","url":"https:\/\/modelermaxpro.com\/index.php\/product\/anti-slip-paste-antideslizante-arena-1-35-2033\/","name":"ANTI SLIP PASTE - Antideslizante Arena 1\/35 - 2033 - Modeler Max Pro","isPartOf":{"@id":"https:\/\/modelermaxpro.com\/#website"},"primaryImageOfPage":{"@id":"https:\/\/modelermaxpro.com\/index.php\/product\/anti-slip-paste-antideslizante-arena-1-35-2033\/#primaryimage"},"image":{"@id":"https:\/\/modelermaxpro.com\/index.php\/product\/anti-slip-paste-antideslizante-arena-1-35-2033\/#primaryimage"},"thumbnailUrl":"https:\/\/modelermaxpro.com\/wp-content\/uploads\/2019\/08\/AMIG2033-antideslizante-arena-135.jpg","datePublished":"2019-08-28T11:36:08+00:00","dateModified":"2022-08-12T20:15:58+00:00","breadcrumb":{"@id":"https:\/\/modelermaxpro.com\/index.php\/product\/anti-slip-paste-antideslizante-arena-1-35-2033\/#breadcrumb"},"inLanguage":"es-AR","potentialAction":[{"@type":"ReadAction","target":["https:\/\/modelermaxpro.com\/index.php\/product\/anti-slip-paste-antideslizante-arena-1-35-2033\/"]}]},{"@type":"ImageObject","inLanguage":"es-AR","@id":"https:\/\/modelermaxpro.com\/index.php\/product\/anti-slip-paste-antideslizante-arena-1-35-2033\/#primaryimage","url":"https:\/\/modelermaxpro.com\/wp-content\/uploads\/2019\/08\/AMIG2033-antideslizante-arena-135.jpg","contentUrl":"https:\/\/modelermaxpro.com\/wp-content\/uploads\/2019\/08\/AMIG2033-antideslizante-arena-135.jpg","width":264,"height":264},{"@type":"BreadcrumbList","@id":"https:\/\/modelermaxpro.com\/index.php\/product\/anti-slip-paste-antideslizante-arena-1-35-2033\/#breadcrumb","itemListElement":[{"@type":"ListItem","position":1,"name":"Inicio","item":"https:\/\/modelermaxpro.com\/"},{"@type":"ListItem","position":2,"name":"Shop","item":"https:\/\/modelermaxpro.com\/index.php\/shop\/"},{"@type":"ListItem","position":3,"name":"ANTI SLIP PASTE &#8211; Antideslizante Arena 1\/35 &#8211; 2033"}]},{"@type":"WebSite","@id":"https:\/\/modelermaxpro.com\/#website","url":"https:\/\/modelermaxpro.com\/","name":"Modeler Max Pro","description":"","publisher":{"@id":"https:\/\/modelermaxpro.com\/#organization"},"potentialAction":[{"@type":"SearchAction","target":{"@type":"EntryPoint","urlTemplate":"https:\/\/modelermaxpro.com\/?s={search_term_string}"},"query-input":{"@type":"PropertyValueSpecification","valueRequired":true,"valueName":"search_term_string"}}],"inLanguage":"es-AR"},{"@type":"Organization","@id":"https:\/\/modelermaxpro.com\/#organization","name":"Modeler Max Pro","url":"https:\/\/modelermaxpro.com\/","logo":{"@type":"ImageObject","inLanguage":"es-AR","@id":"https:\/\/modelermaxpro.com\/#\/schema\/logo\/image\/","url":"https:\/\/modelermaxpro.com\/wp-content\/uploads\/2019\/11\/logos_Modeler-web_Mesa-de-trabajo-1_Mesa-de-trabajo-1.png","contentUrl":"https:\/\/modelermaxpro.com\/wp-content\/uploads\/2019\/11\/logos_Modeler-web_Mesa-de-trabajo-1_Mesa-de-trabajo-1.png","width":322,"height":72,"caption":"Modeler Max Pro"},"image":{"@id":"https:\/\/modelermaxpro.com\/#\/schema\/logo\/image\/"}}]}},"_links":{"self":[{"href":"https:\/\/modelermaxpro.com\/index.php\/wp-json\/wp\/v2\/product\/2159","targetHints":{"allow":["GET"]}}],"collection":[{"href":"https:\/\/modelermaxpro.com\/index.php\/wp-json\/wp\/v2\/product"}],"about":[{"href":"https:\/\/modelermaxpro.com\/index.php\/wp-json\/wp\/v2\/types\/product"}],"wp:featuredmedia":[{"embeddable":true,"href":"https:\/\/modelermaxpro.com\/index.php\/wp-json\/wp\/v2\/media\/2160"}],"wp:attachment":[{"href":"https:\/\/modelermaxpro.com\/index.php\/wp-json\/wp\/v2\/media?parent=2159"}],"wp:term":[{"taxonomy":"product_brand","embeddable":true,"href":"https:\/\/modelermaxpro.com\/index.php\/wp-json\/wp\/v2\/product_brand?post=2159"},{"taxonomy":"product_cat","embeddable":true,"href":"https:\/\/modelermaxpro.com\/index.php\/wp-json\/wp\/v2\/product_cat?post=2159"},{"taxonomy":"product_tag","embeddable":true,"href":"https:\/\/modelermaxpro.com\/index.php\/wp-json\/wp\/v2\/product_tag?post=2159"}],"curies":[{"name":"wp","href":"https:\/\/api.w.org\/{rel}","templated":true}]}}