{"id":2175,"date":"2019-08-28T09:02:23","date_gmt":"2019-08-28T12:02:23","guid":{"rendered":"https:\/\/modelermaxpro.com\/?post_type=product&#038;p=2175"},"modified":"2022-08-13T11:58:21","modified_gmt":"2022-08-13T14:58:21","slug":"the-weathering-aircraft-numero-13-k-o-castellano-5113","status":"publish","type":"product","link":"https:\/\/modelermaxpro.com\/index.php\/product\/the-weathering-aircraft-numero-13-k-o-castellano-5113\/","title":{"rendered":"The Weathering Aircraft N\u00famero 13 &#8211; K.O. (Castellano) &#8211; 5113"},"content":{"rendered":"<p>The Weathering Aircraft, tu publicaci\u00f3n favorita centrada en las t\u00e9cnicas de pintura y envejecido en aviones, os presenta su decimotercer n\u00famero.<\/p>\n<p>&nbsp;<\/p>\n<p>En esta ocasi\u00f3n nos centramos tambi\u00e9n en algunos procesos de montaje imprescindibles a la hora de representar un avi\u00f3n estrellado o abandonado. Trabajamos con multitud de t\u00e9cnicas y materiales, desde los m\u00e1s habituales hasta otros m\u00e1s caseros. Aprenderemos a modificar la maqueta para representar da\u00f1os producidos tanto en el fuselaje como en piezas que normalmente trabajamos por separado.<\/p>\n<p>&nbsp;<\/p>\n<p>Por supuesto, a lo largo de los procesos de pintura veremos como imitar los efectos de desgaste producidos durante el accidente o por el paso del tiempo. Hemos querido mostrar diferentes \u00e9pocas y escenarios. Esto supone que los materiales con los que se constru\u00edan los aparatos y los efectos que se producen sobre ellos son distintos, incluso algunos llegados de una galaxia muy, muy lejana. Hemos contado con los mejores colaboradores, cada uno de ellos aportando un estilo personal que os ayudar\u00e1 a disfrutar de este tipo de proyectos.<\/p>\n<p>&nbsp;<\/p>\n<p>VERSION DIGITAL DISPONIBLE<\/p>\n<p><a href=\"https:\/\/pocketmags.com\/the-weathering-magazine-spanish-version\/the-weatherig-aircraft-numero-13-ko\" target=\"_blank\" rel=\"noopener noreferrer\"><img decoding=\"async\" title=\"The Weathering Aircraft 13 : K.O. (Castellano) VERSION DIGITAL\" data-src=\"http:\/\/www.migjimenez.com\/img\/cms\/TWM\/enlace_suscripciones_digitales_1.png\" alt=\"The Weathering Aircraft 13 : K.O. (Castellano) VERSION DIGITAL \" width=\"600\" height=\"50\" src=\"data:image\/svg+xml;base64,PHN2ZyB3aWR0aD0iMSIgaGVpZ2h0PSIxIiB4bWxucz0iaHR0cDovL3d3dy53My5vcmcvMjAwMC9zdmciPjwvc3ZnPg==\" class=\"lazyload\" style=\"--smush-placeholder-width: 600px; --smush-placeholder-aspect-ratio: 600\/50;\" \/><\/a><\/p>\n","protected":false},"excerpt":{"rendered":"<p id=\"product_reference\"><label for=\"product_reference\">Referencia:\u00a0<\/label><span class=\"editable\">AMIG5113<\/span><\/p>\n<div id=\"short_description_block\">\n<div id=\"short_description_content\" class=\"rte align_justify\">\n<p>Revista Tapa blanda, 64 p\u00e1ginas a todo color.<\/p>\n<p>\u00a1Atenci\u00f3n! Este ejemplar est\u00e1 disponible s\u00f3lo en castellano<\/p>\n<p>Attention! This magazine is available only in Spanish Language.<\/p>\n<\/div>\n<\/div>\n<form id=\"buy_block\" action=\"https:\/\/www.migjimenez.com\/es\/carro-de-la-compra\" method=\"post\">\n<div class=\"product_attributes\">\n<div id=\"attributes\"><\/div>\n<\/div>\n<div class=\"content_prices clearfix\"><\/div>\n<\/form>\n","protected":false},"featured_media":2244,"template":"","meta":[],"product_brand":[],"product_cat":[96],"product_tag":[],"class_list":{"0":"post-2175","1":"product","2":"type-product","3":"status-publish","4":"has-post-thumbnail","6":"product_cat-revistas","8":"first","9":"instock","10":"shipping-taxable","11":"purchasable","12":"product-type-simple"},"yoast_head":"<!-- This site is optimized with the Yoast SEO plugin v27.4 - https:\/\/yoast.com\/product\/yoast-seo-wordpress\/ -->\n<title>The Weathering Aircraft N\u00famero 13 - K.O. (Castellano) - 5113 - Modeler Max Pro<\/title>\n<meta name=\"robots\" content=\"index, follow, max-snippet:-1, max-image-preview:large, max-video-preview:-1\" \/>\n<link rel=\"canonical\" href=\"https:\/\/modelermaxpro.com\/index.php\/product\/the-weathering-aircraft-numero-13-k-o-castellano-5113\/\" \/>\n<meta property=\"og:locale\" content=\"es_ES\" \/>\n<meta property=\"og:type\" content=\"article\" \/>\n<meta property=\"og:title\" content=\"The Weathering Aircraft N\u00famero 13 - K.O. (Castellano) - 5113 - Modeler Max Pro\" \/>\n<meta property=\"og:description\" content=\"Referencia:\u00a0AMIG5113     Revista Tapa blanda, 64 p\u00e1ginas a todo color.  \u00a1Atenci\u00f3n! Este ejemplar est\u00e1 disponible s\u00f3lo en castellano  Attention! This magazine is available only in Spanish Language.\" \/>\n<meta property=\"og:url\" content=\"https:\/\/modelermaxpro.com\/index.php\/product\/the-weathering-aircraft-numero-13-k-o-castellano-5113\/\" \/>\n<meta property=\"og:site_name\" content=\"Modeler Max Pro\" \/>\n<meta property=\"article:modified_time\" content=\"2022-08-13T14:58:21+00:00\" \/>\n<meta property=\"og:image\" content=\"https:\/\/modelermaxpro.com\/wp-content\/uploads\/2019\/08\/AMIG5113-the-weathering-aircraft-numero-13-ko-castellano-0-3.jpg\" \/>\n\t<meta property=\"og:image:width\" content=\"800\" \/>\n\t<meta property=\"og:image:height\" content=\"800\" \/>\n\t<meta property=\"og:image:type\" content=\"image\/jpeg\" \/>\n<meta name=\"twitter:card\" content=\"summary_large_image\" \/>\n<meta name=\"twitter:label1\" content=\"Tiempo de lectura\" \/>\n\t<meta name=\"twitter:data1\" content=\"1 minuto\" \/>\n<script type=\"application\/ld+json\" class=\"yoast-schema-graph\">{\"@context\":\"https:\\\/\\\/schema.org\",\"@graph\":[{\"@type\":\"WebPage\",\"@id\":\"https:\\\/\\\/modelermaxpro.com\\\/index.php\\\/product\\\/the-weathering-aircraft-numero-13-k-o-castellano-5113\\\/\",\"url\":\"https:\\\/\\\/modelermaxpro.com\\\/index.php\\\/product\\\/the-weathering-aircraft-numero-13-k-o-castellano-5113\\\/\",\"name\":\"The Weathering Aircraft N\u00famero 13 - K.O. (Castellano) - 5113 - Modeler Max Pro\",\"isPartOf\":{\"@id\":\"https:\\\/\\\/modelermaxpro.com\\\/#website\"},\"primaryImageOfPage\":{\"@id\":\"https:\\\/\\\/modelermaxpro.com\\\/index.php\\\/product\\\/the-weathering-aircraft-numero-13-k-o-castellano-5113\\\/#primaryimage\"},\"image\":{\"@id\":\"https:\\\/\\\/modelermaxpro.com\\\/index.php\\\/product\\\/the-weathering-aircraft-numero-13-k-o-castellano-5113\\\/#primaryimage\"},\"thumbnailUrl\":\"https:\\\/\\\/modelermaxpro.com\\\/wp-content\\\/uploads\\\/2019\\\/08\\\/AMIG5113-the-weathering-aircraft-numero-13-ko-castellano-0-3.jpg\",\"datePublished\":\"2019-08-28T12:02:23+00:00\",\"dateModified\":\"2022-08-13T14:58:21+00:00\",\"breadcrumb\":{\"@id\":\"https:\\\/\\\/modelermaxpro.com\\\/index.php\\\/product\\\/the-weathering-aircraft-numero-13-k-o-castellano-5113\\\/#breadcrumb\"},\"inLanguage\":\"es-AR\",\"potentialAction\":[{\"@type\":\"ReadAction\",\"target\":[\"https:\\\/\\\/modelermaxpro.com\\\/index.php\\\/product\\\/the-weathering-aircraft-numero-13-k-o-castellano-5113\\\/\"]}]},{\"@type\":\"ImageObject\",\"inLanguage\":\"es-AR\",\"@id\":\"https:\\\/\\\/modelermaxpro.com\\\/index.php\\\/product\\\/the-weathering-aircraft-numero-13-k-o-castellano-5113\\\/#primaryimage\",\"url\":\"https:\\\/\\\/modelermaxpro.com\\\/wp-content\\\/uploads\\\/2019\\\/08\\\/AMIG5113-the-weathering-aircraft-numero-13-ko-castellano-0-3.jpg\",\"contentUrl\":\"https:\\\/\\\/modelermaxpro.com\\\/wp-content\\\/uploads\\\/2019\\\/08\\\/AMIG5113-the-weathering-aircraft-numero-13-ko-castellano-0-3.jpg\",\"width\":800,\"height\":800},{\"@type\":\"BreadcrumbList\",\"@id\":\"https:\\\/\\\/modelermaxpro.com\\\/index.php\\\/product\\\/the-weathering-aircraft-numero-13-k-o-castellano-5113\\\/#breadcrumb\",\"itemListElement\":[{\"@type\":\"ListItem\",\"position\":1,\"name\":\"Inicio\",\"item\":\"https:\\\/\\\/modelermaxpro.com\\\/\"},{\"@type\":\"ListItem\",\"position\":2,\"name\":\"Shop\",\"item\":\"https:\\\/\\\/modelermaxpro.com\\\/index.php\\\/shop\\\/\"},{\"@type\":\"ListItem\",\"position\":3,\"name\":\"The Weathering Aircraft N\u00famero 13 &#8211; K.O. (Castellano) &#8211; 5113\"}]},{\"@type\":\"WebSite\",\"@id\":\"https:\\\/\\\/modelermaxpro.com\\\/#website\",\"url\":\"https:\\\/\\\/modelermaxpro.com\\\/\",\"name\":\"Modeler Max Pro\",\"description\":\"\",\"publisher\":{\"@id\":\"https:\\\/\\\/modelermaxpro.com\\\/#organization\"},\"potentialAction\":[{\"@type\":\"SearchAction\",\"target\":{\"@type\":\"EntryPoint\",\"urlTemplate\":\"https:\\\/\\\/modelermaxpro.com\\\/?s={search_term_string}\"},\"query-input\":{\"@type\":\"PropertyValueSpecification\",\"valueRequired\":true,\"valueName\":\"search_term_string\"}}],\"inLanguage\":\"es-AR\"},{\"@type\":\"Organization\",\"@id\":\"https:\\\/\\\/modelermaxpro.com\\\/#organization\",\"name\":\"Modeler Max Pro\",\"url\":\"https:\\\/\\\/modelermaxpro.com\\\/\",\"logo\":{\"@type\":\"ImageObject\",\"inLanguage\":\"es-AR\",\"@id\":\"https:\\\/\\\/modelermaxpro.com\\\/#\\\/schema\\\/logo\\\/image\\\/\",\"url\":\"https:\\\/\\\/modelermaxpro.com\\\/wp-content\\\/uploads\\\/2019\\\/11\\\/logos_Modeler-web_Mesa-de-trabajo-1_Mesa-de-trabajo-1.png\",\"contentUrl\":\"https:\\\/\\\/modelermaxpro.com\\\/wp-content\\\/uploads\\\/2019\\\/11\\\/logos_Modeler-web_Mesa-de-trabajo-1_Mesa-de-trabajo-1.png\",\"width\":322,\"height\":72,\"caption\":\"Modeler Max Pro\"},\"image\":{\"@id\":\"https:\\\/\\\/modelermaxpro.com\\\/#\\\/schema\\\/logo\\\/image\\\/\"}}]}<\/script>\n<!-- \/ Yoast SEO plugin. -->","yoast_head_json":{"title":"The Weathering Aircraft N\u00famero 13 - K.O. (Castellano) - 5113 - Modeler Max Pro","robots":{"index":"index","follow":"follow","max-snippet":"max-snippet:-1","max-image-preview":"max-image-preview:large","max-video-preview":"max-video-preview:-1"},"canonical":"https:\/\/modelermaxpro.com\/index.php\/product\/the-weathering-aircraft-numero-13-k-o-castellano-5113\/","og_locale":"es_ES","og_type":"article","og_title":"The Weathering Aircraft N\u00famero 13 - K.O. (Castellano) - 5113 - Modeler Max Pro","og_description":"Referencia:\u00a0AMIG5113     Revista Tapa blanda, 64 p\u00e1ginas a todo color.  \u00a1Atenci\u00f3n! Este ejemplar est\u00e1 disponible s\u00f3lo en castellano  Attention! This magazine is available only in Spanish Language.","og_url":"https:\/\/modelermaxpro.com\/index.php\/product\/the-weathering-aircraft-numero-13-k-o-castellano-5113\/","og_site_name":"Modeler Max Pro","article_modified_time":"2022-08-13T14:58:21+00:00","og_image":[{"width":800,"height":800,"url":"https:\/\/modelermaxpro.com\/wp-content\/uploads\/2019\/08\/AMIG5113-the-weathering-aircraft-numero-13-ko-castellano-0-3.jpg","type":"image\/jpeg"}],"twitter_card":"summary_large_image","twitter_misc":{"Tiempo de lectura":"1 minuto"},"schema":{"@context":"https:\/\/schema.org","@graph":[{"@type":"WebPage","@id":"https:\/\/modelermaxpro.com\/index.php\/product\/the-weathering-aircraft-numero-13-k-o-castellano-5113\/","url":"https:\/\/modelermaxpro.com\/index.php\/product\/the-weathering-aircraft-numero-13-k-o-castellano-5113\/","name":"The Weathering Aircraft N\u00famero 13 - K.O. (Castellano) - 5113 - Modeler Max Pro","isPartOf":{"@id":"https:\/\/modelermaxpro.com\/#website"},"primaryImageOfPage":{"@id":"https:\/\/modelermaxpro.com\/index.php\/product\/the-weathering-aircraft-numero-13-k-o-castellano-5113\/#primaryimage"},"image":{"@id":"https:\/\/modelermaxpro.com\/index.php\/product\/the-weathering-aircraft-numero-13-k-o-castellano-5113\/#primaryimage"},"thumbnailUrl":"https:\/\/modelermaxpro.com\/wp-content\/uploads\/2019\/08\/AMIG5113-the-weathering-aircraft-numero-13-ko-castellano-0-3.jpg","datePublished":"2019-08-28T12:02:23+00:00","dateModified":"2022-08-13T14:58:21+00:00","breadcrumb":{"@id":"https:\/\/modelermaxpro.com\/index.php\/product\/the-weathering-aircraft-numero-13-k-o-castellano-5113\/#breadcrumb"},"inLanguage":"es-AR","potentialAction":[{"@type":"ReadAction","target":["https:\/\/modelermaxpro.com\/index.php\/product\/the-weathering-aircraft-numero-13-k-o-castellano-5113\/"]}]},{"@type":"ImageObject","inLanguage":"es-AR","@id":"https:\/\/modelermaxpro.com\/index.php\/product\/the-weathering-aircraft-numero-13-k-o-castellano-5113\/#primaryimage","url":"https:\/\/modelermaxpro.com\/wp-content\/uploads\/2019\/08\/AMIG5113-the-weathering-aircraft-numero-13-ko-castellano-0-3.jpg","contentUrl":"https:\/\/modelermaxpro.com\/wp-content\/uploads\/2019\/08\/AMIG5113-the-weathering-aircraft-numero-13-ko-castellano-0-3.jpg","width":800,"height":800},{"@type":"BreadcrumbList","@id":"https:\/\/modelermaxpro.com\/index.php\/product\/the-weathering-aircraft-numero-13-k-o-castellano-5113\/#breadcrumb","itemListElement":[{"@type":"ListItem","position":1,"name":"Inicio","item":"https:\/\/modelermaxpro.com\/"},{"@type":"ListItem","position":2,"name":"Shop","item":"https:\/\/modelermaxpro.com\/index.php\/shop\/"},{"@type":"ListItem","position":3,"name":"The Weathering Aircraft N\u00famero 13 &#8211; K.O. (Castellano) &#8211; 5113"}]},{"@type":"WebSite","@id":"https:\/\/modelermaxpro.com\/#website","url":"https:\/\/modelermaxpro.com\/","name":"Modeler Max Pro","description":"","publisher":{"@id":"https:\/\/modelermaxpro.com\/#organization"},"potentialAction":[{"@type":"SearchAction","target":{"@type":"EntryPoint","urlTemplate":"https:\/\/modelermaxpro.com\/?s={search_term_string}"},"query-input":{"@type":"PropertyValueSpecification","valueRequired":true,"valueName":"search_term_string"}}],"inLanguage":"es-AR"},{"@type":"Organization","@id":"https:\/\/modelermaxpro.com\/#organization","name":"Modeler Max Pro","url":"https:\/\/modelermaxpro.com\/","logo":{"@type":"ImageObject","inLanguage":"es-AR","@id":"https:\/\/modelermaxpro.com\/#\/schema\/logo\/image\/","url":"https:\/\/modelermaxpro.com\/wp-content\/uploads\/2019\/11\/logos_Modeler-web_Mesa-de-trabajo-1_Mesa-de-trabajo-1.png","contentUrl":"https:\/\/modelermaxpro.com\/wp-content\/uploads\/2019\/11\/logos_Modeler-web_Mesa-de-trabajo-1_Mesa-de-trabajo-1.png","width":322,"height":72,"caption":"Modeler Max Pro"},"image":{"@id":"https:\/\/modelermaxpro.com\/#\/schema\/logo\/image\/"}}]}},"_links":{"self":[{"href":"https:\/\/modelermaxpro.com\/index.php\/wp-json\/wp\/v2\/product\/2175","targetHints":{"allow":["GET"]}}],"collection":[{"href":"https:\/\/modelermaxpro.com\/index.php\/wp-json\/wp\/v2\/product"}],"about":[{"href":"https:\/\/modelermaxpro.com\/index.php\/wp-json\/wp\/v2\/types\/product"}],"wp:featuredmedia":[{"embeddable":true,"href":"https:\/\/modelermaxpro.com\/index.php\/wp-json\/wp\/v2\/media\/2244"}],"wp:attachment":[{"href":"https:\/\/modelermaxpro.com\/index.php\/wp-json\/wp\/v2\/media?parent=2175"}],"wp:term":[{"taxonomy":"product_brand","embeddable":true,"href":"https:\/\/modelermaxpro.com\/index.php\/wp-json\/wp\/v2\/product_brand?post=2175"},{"taxonomy":"product_cat","embeddable":true,"href":"https:\/\/modelermaxpro.com\/index.php\/wp-json\/wp\/v2\/product_cat?post=2175"},{"taxonomy":"product_tag","embeddable":true,"href":"https:\/\/modelermaxpro.com\/index.php\/wp-json\/wp\/v2\/product_tag?post=2175"}],"curies":[{"name":"wp","href":"https:\/\/api.w.org\/{rel}","templated":true}]}}