{"id":2198,"date":"2019-08-28T09:43:19","date_gmt":"2019-08-28T12:43:19","guid":{"rendered":"https:\/\/modelermaxpro.com\/?post_type=product&#038;p=2198"},"modified":"2022-08-13T11:28:00","modified_gmt":"2022-08-13T14:28:00","slug":"gravity-1-0-guia-definitiva-de-modelismo-de-sci-fi-6111","status":"publish","type":"product","link":"https:\/\/modelermaxpro.com\/index.php\/product\/gravity-1-0-guia-definitiva-de-modelismo-de-sci-fi-6111\/","title":{"rendered":"GRAVITY 1.0 &#8211; GUIA DEFINITIVA DE MODELISMO DE SCI FI &#8211; 6111"},"content":{"rendered":"<p>&#8220;En el a\u00f1o 2019 se cumplir\u00e1n 50 a\u00f1os del peque\u00f1o paso para un hombre pero gran paso para la humanidad. Pero son muchos m\u00e1s los a\u00f1os en los que el hombre busca en las estrellas su largamente ansiado sitio.<br \/>\nDesde AMMO nos sumamos al tributo al futuro con un recopilatorio model\u00edstico de los \u00faltimos 70 a\u00f1os de la Ciencia Ficci\u00f3n y fantas\u00eda en una colecci\u00f3n que empieza con este primer volumen de la colecci\u00f3n de Gravity.<br \/>\nEste volumen incluye maquetas con sus detallados paso a paso de montaje y pintura de naves y veh\u00edculos representantes de la Ciencia Ficci\u00f3n y fantas\u00eda de los \u00faltimos 20 a\u00f1os, pero tambi\u00e9n una atm\u00f3sfera muy especial que hemos creado para ti: historia, an\u00e9cdotas, datos<br \/>\ncuriosos de las pel\u00edculas y mucho m\u00e1s para que esta aventura no sea solo un libro m\u00e1s de modelismo con una nueva tem\u00e1tica, sino una referencia y compendio de informaci\u00f3n y resumen de las emociones de toda una generaci\u00f3n de so\u00f1adores. Y esto, solo es el<br \/>\ncomienzo\u2026 \u00a1nos quedan m\u00e1s de 50 a\u00f1os a\u00fan por recorrer!&#8221;<\/p>\n","protected":false},"excerpt":{"rendered":"<p id=\"product_reference\"><label for=\"product_reference\">Referencia:\u00a0<\/label><span class=\"editable\">AMIG6111<\/span><\/p>\n<div id=\"short_description_block\">\n<div id=\"short_description_content\" class=\"rte align_justify\">\n<p>Primer libro de una nueva serie.<\/p>\n<p>Tapa blanda, m\u00e1s de 180 p\u00e1ginas, a todo color,<\/p>\n<p>10 de las mejores modelos SciFi y entrevista exclusiva con Ian Hunter (Ganador del Oscar)<\/p>\n<p>Este ejemplar est\u00e1 disponible s\u00f3lo en CASTELLANO<\/p>\n<\/div>\n<\/div>\n","protected":false},"featured_media":2199,"template":"","meta":[],"product_brand":[],"product_cat":[84],"product_tag":[],"class_list":{"0":"post-2198","1":"product","2":"type-product","3":"status-publish","4":"has-post-thumbnail","6":"product_cat-books","8":"first","9":"outofstock","10":"shipping-taxable","11":"purchasable","12":"product-type-simple"},"yoast_head":"<!-- This site is optimized with the Yoast SEO plugin v27.2 - https:\/\/yoast.com\/product\/yoast-seo-wordpress\/ -->\n<title>GRAVITY 1.0 - GUIA DEFINITIVA DE MODELISMO DE SCI FI - 6111 - Modeler Max Pro<\/title>\n<meta name=\"robots\" content=\"index, follow, max-snippet:-1, max-image-preview:large, max-video-preview:-1\" \/>\n<link rel=\"canonical\" href=\"https:\/\/modelermaxpro.com\/index.php\/product\/gravity-1-0-guia-definitiva-de-modelismo-de-sci-fi-6111\/\" \/>\n<meta property=\"og:locale\" content=\"es_ES\" \/>\n<meta property=\"og:type\" content=\"article\" \/>\n<meta property=\"og:title\" content=\"GRAVITY 1.0 - GUIA DEFINITIVA DE MODELISMO DE SCI FI - 6111 - Modeler Max Pro\" \/>\n<meta property=\"og:description\" content=\"Referencia:\u00a0AMIG6111     Primer libro de una nueva serie.  Tapa blanda, m\u00e1s de 180 p\u00e1ginas, a todo color,  10 de las mejores modelos SciFi y entrevista exclusiva con Ian Hunter (Ganador del Oscar)  Este ejemplar est\u00e1 disponible s\u00f3lo en CASTELLANO\" \/>\n<meta property=\"og:url\" content=\"https:\/\/modelermaxpro.com\/index.php\/product\/gravity-1-0-guia-definitiva-de-modelismo-de-sci-fi-6111\/\" \/>\n<meta property=\"og:site_name\" content=\"Modeler Max Pro\" \/>\n<meta property=\"article:modified_time\" content=\"2022-08-13T14:28:00+00:00\" \/>\n<meta property=\"og:image\" content=\"https:\/\/modelermaxpro.com\/wp-content\/uploads\/2019\/08\/amig6111-gravity-10-guia-definitiva-de-modelismo-de-sci-fi-0.jpg\" \/>\n\t<meta property=\"og:image:width\" content=\"800\" \/>\n\t<meta property=\"og:image:height\" content=\"800\" \/>\n\t<meta property=\"og:image:type\" content=\"image\/jpeg\" \/>\n<meta name=\"twitter:card\" content=\"summary_large_image\" \/>\n<meta name=\"twitter:label1\" content=\"Tiempo de lectura\" \/>\n\t<meta name=\"twitter:data1\" content=\"1 minuto\" \/>\n<script type=\"application\/ld+json\" class=\"yoast-schema-graph\">{\"@context\":\"https:\/\/schema.org\",\"@graph\":[{\"@type\":\"WebPage\",\"@id\":\"https:\/\/modelermaxpro.com\/index.php\/product\/gravity-1-0-guia-definitiva-de-modelismo-de-sci-fi-6111\/\",\"url\":\"https:\/\/modelermaxpro.com\/index.php\/product\/gravity-1-0-guia-definitiva-de-modelismo-de-sci-fi-6111\/\",\"name\":\"GRAVITY 1.0 - GUIA DEFINITIVA DE MODELISMO DE SCI FI - 6111 - Modeler Max Pro\",\"isPartOf\":{\"@id\":\"https:\/\/modelermaxpro.com\/#website\"},\"primaryImageOfPage\":{\"@id\":\"https:\/\/modelermaxpro.com\/index.php\/product\/gravity-1-0-guia-definitiva-de-modelismo-de-sci-fi-6111\/#primaryimage\"},\"image\":{\"@id\":\"https:\/\/modelermaxpro.com\/index.php\/product\/gravity-1-0-guia-definitiva-de-modelismo-de-sci-fi-6111\/#primaryimage\"},\"thumbnailUrl\":\"https:\/\/modelermaxpro.com\/wp-content\/uploads\/2019\/08\/amig6111-gravity-10-guia-definitiva-de-modelismo-de-sci-fi-0.jpg\",\"datePublished\":\"2019-08-28T12:43:19+00:00\",\"dateModified\":\"2022-08-13T14:28:00+00:00\",\"breadcrumb\":{\"@id\":\"https:\/\/modelermaxpro.com\/index.php\/product\/gravity-1-0-guia-definitiva-de-modelismo-de-sci-fi-6111\/#breadcrumb\"},\"inLanguage\":\"es-AR\",\"potentialAction\":[{\"@type\":\"ReadAction\",\"target\":[\"https:\/\/modelermaxpro.com\/index.php\/product\/gravity-1-0-guia-definitiva-de-modelismo-de-sci-fi-6111\/\"]}]},{\"@type\":\"ImageObject\",\"inLanguage\":\"es-AR\",\"@id\":\"https:\/\/modelermaxpro.com\/index.php\/product\/gravity-1-0-guia-definitiva-de-modelismo-de-sci-fi-6111\/#primaryimage\",\"url\":\"https:\/\/modelermaxpro.com\/wp-content\/uploads\/2019\/08\/amig6111-gravity-10-guia-definitiva-de-modelismo-de-sci-fi-0.jpg\",\"contentUrl\":\"https:\/\/modelermaxpro.com\/wp-content\/uploads\/2019\/08\/amig6111-gravity-10-guia-definitiva-de-modelismo-de-sci-fi-0.jpg\",\"width\":800,\"height\":800},{\"@type\":\"BreadcrumbList\",\"@id\":\"https:\/\/modelermaxpro.com\/index.php\/product\/gravity-1-0-guia-definitiva-de-modelismo-de-sci-fi-6111\/#breadcrumb\",\"itemListElement\":[{\"@type\":\"ListItem\",\"position\":1,\"name\":\"Inicio\",\"item\":\"https:\/\/modelermaxpro.com\/\"},{\"@type\":\"ListItem\",\"position\":2,\"name\":\"Shop\",\"item\":\"https:\/\/modelermaxpro.com\/index.php\/shop\/\"},{\"@type\":\"ListItem\",\"position\":3,\"name\":\"GRAVITY 1.0 &#8211; GUIA DEFINITIVA DE MODELISMO DE SCI FI &#8211; 6111\"}]},{\"@type\":\"WebSite\",\"@id\":\"https:\/\/modelermaxpro.com\/#website\",\"url\":\"https:\/\/modelermaxpro.com\/\",\"name\":\"Modeler Max Pro\",\"description\":\"\",\"publisher\":{\"@id\":\"https:\/\/modelermaxpro.com\/#organization\"},\"potentialAction\":[{\"@type\":\"SearchAction\",\"target\":{\"@type\":\"EntryPoint\",\"urlTemplate\":\"https:\/\/modelermaxpro.com\/?s={search_term_string}\"},\"query-input\":{\"@type\":\"PropertyValueSpecification\",\"valueRequired\":true,\"valueName\":\"search_term_string\"}}],\"inLanguage\":\"es-AR\"},{\"@type\":\"Organization\",\"@id\":\"https:\/\/modelermaxpro.com\/#organization\",\"name\":\"Modeler Max Pro\",\"url\":\"https:\/\/modelermaxpro.com\/\",\"logo\":{\"@type\":\"ImageObject\",\"inLanguage\":\"es-AR\",\"@id\":\"https:\/\/modelermaxpro.com\/#\/schema\/logo\/image\/\",\"url\":\"https:\/\/modelermaxpro.com\/wp-content\/uploads\/2019\/11\/logos_Modeler-web_Mesa-de-trabajo-1_Mesa-de-trabajo-1.png\",\"contentUrl\":\"https:\/\/modelermaxpro.com\/wp-content\/uploads\/2019\/11\/logos_Modeler-web_Mesa-de-trabajo-1_Mesa-de-trabajo-1.png\",\"width\":322,\"height\":72,\"caption\":\"Modeler Max Pro\"},\"image\":{\"@id\":\"https:\/\/modelermaxpro.com\/#\/schema\/logo\/image\/\"}}]}<\/script>\n<!-- \/ Yoast SEO plugin. -->","yoast_head_json":{"title":"GRAVITY 1.0 - GUIA DEFINITIVA DE MODELISMO DE SCI FI - 6111 - Modeler Max Pro","robots":{"index":"index","follow":"follow","max-snippet":"max-snippet:-1","max-image-preview":"max-image-preview:large","max-video-preview":"max-video-preview:-1"},"canonical":"https:\/\/modelermaxpro.com\/index.php\/product\/gravity-1-0-guia-definitiva-de-modelismo-de-sci-fi-6111\/","og_locale":"es_ES","og_type":"article","og_title":"GRAVITY 1.0 - GUIA DEFINITIVA DE MODELISMO DE SCI FI - 6111 - Modeler Max Pro","og_description":"Referencia:\u00a0AMIG6111     Primer libro de una nueva serie.  Tapa blanda, m\u00e1s de 180 p\u00e1ginas, a todo color,  10 de las mejores modelos SciFi y entrevista exclusiva con Ian Hunter (Ganador del Oscar)  Este ejemplar est\u00e1 disponible s\u00f3lo en CASTELLANO","og_url":"https:\/\/modelermaxpro.com\/index.php\/product\/gravity-1-0-guia-definitiva-de-modelismo-de-sci-fi-6111\/","og_site_name":"Modeler Max Pro","article_modified_time":"2022-08-13T14:28:00+00:00","og_image":[{"width":800,"height":800,"url":"https:\/\/modelermaxpro.com\/wp-content\/uploads\/2019\/08\/amig6111-gravity-10-guia-definitiva-de-modelismo-de-sci-fi-0.jpg","type":"image\/jpeg"}],"twitter_card":"summary_large_image","twitter_misc":{"Tiempo de lectura":"1 minuto"},"schema":{"@context":"https:\/\/schema.org","@graph":[{"@type":"WebPage","@id":"https:\/\/modelermaxpro.com\/index.php\/product\/gravity-1-0-guia-definitiva-de-modelismo-de-sci-fi-6111\/","url":"https:\/\/modelermaxpro.com\/index.php\/product\/gravity-1-0-guia-definitiva-de-modelismo-de-sci-fi-6111\/","name":"GRAVITY 1.0 - GUIA DEFINITIVA DE MODELISMO DE SCI FI - 6111 - Modeler Max Pro","isPartOf":{"@id":"https:\/\/modelermaxpro.com\/#website"},"primaryImageOfPage":{"@id":"https:\/\/modelermaxpro.com\/index.php\/product\/gravity-1-0-guia-definitiva-de-modelismo-de-sci-fi-6111\/#primaryimage"},"image":{"@id":"https:\/\/modelermaxpro.com\/index.php\/product\/gravity-1-0-guia-definitiva-de-modelismo-de-sci-fi-6111\/#primaryimage"},"thumbnailUrl":"https:\/\/modelermaxpro.com\/wp-content\/uploads\/2019\/08\/amig6111-gravity-10-guia-definitiva-de-modelismo-de-sci-fi-0.jpg","datePublished":"2019-08-28T12:43:19+00:00","dateModified":"2022-08-13T14:28:00+00:00","breadcrumb":{"@id":"https:\/\/modelermaxpro.com\/index.php\/product\/gravity-1-0-guia-definitiva-de-modelismo-de-sci-fi-6111\/#breadcrumb"},"inLanguage":"es-AR","potentialAction":[{"@type":"ReadAction","target":["https:\/\/modelermaxpro.com\/index.php\/product\/gravity-1-0-guia-definitiva-de-modelismo-de-sci-fi-6111\/"]}]},{"@type":"ImageObject","inLanguage":"es-AR","@id":"https:\/\/modelermaxpro.com\/index.php\/product\/gravity-1-0-guia-definitiva-de-modelismo-de-sci-fi-6111\/#primaryimage","url":"https:\/\/modelermaxpro.com\/wp-content\/uploads\/2019\/08\/amig6111-gravity-10-guia-definitiva-de-modelismo-de-sci-fi-0.jpg","contentUrl":"https:\/\/modelermaxpro.com\/wp-content\/uploads\/2019\/08\/amig6111-gravity-10-guia-definitiva-de-modelismo-de-sci-fi-0.jpg","width":800,"height":800},{"@type":"BreadcrumbList","@id":"https:\/\/modelermaxpro.com\/index.php\/product\/gravity-1-0-guia-definitiva-de-modelismo-de-sci-fi-6111\/#breadcrumb","itemListElement":[{"@type":"ListItem","position":1,"name":"Inicio","item":"https:\/\/modelermaxpro.com\/"},{"@type":"ListItem","position":2,"name":"Shop","item":"https:\/\/modelermaxpro.com\/index.php\/shop\/"},{"@type":"ListItem","position":3,"name":"GRAVITY 1.0 &#8211; GUIA DEFINITIVA DE MODELISMO DE SCI FI &#8211; 6111"}]},{"@type":"WebSite","@id":"https:\/\/modelermaxpro.com\/#website","url":"https:\/\/modelermaxpro.com\/","name":"Modeler Max Pro","description":"","publisher":{"@id":"https:\/\/modelermaxpro.com\/#organization"},"potentialAction":[{"@type":"SearchAction","target":{"@type":"EntryPoint","urlTemplate":"https:\/\/modelermaxpro.com\/?s={search_term_string}"},"query-input":{"@type":"PropertyValueSpecification","valueRequired":true,"valueName":"search_term_string"}}],"inLanguage":"es-AR"},{"@type":"Organization","@id":"https:\/\/modelermaxpro.com\/#organization","name":"Modeler Max Pro","url":"https:\/\/modelermaxpro.com\/","logo":{"@type":"ImageObject","inLanguage":"es-AR","@id":"https:\/\/modelermaxpro.com\/#\/schema\/logo\/image\/","url":"https:\/\/modelermaxpro.com\/wp-content\/uploads\/2019\/11\/logos_Modeler-web_Mesa-de-trabajo-1_Mesa-de-trabajo-1.png","contentUrl":"https:\/\/modelermaxpro.com\/wp-content\/uploads\/2019\/11\/logos_Modeler-web_Mesa-de-trabajo-1_Mesa-de-trabajo-1.png","width":322,"height":72,"caption":"Modeler Max Pro"},"image":{"@id":"https:\/\/modelermaxpro.com\/#\/schema\/logo\/image\/"}}]}},"_links":{"self":[{"href":"https:\/\/modelermaxpro.com\/index.php\/wp-json\/wp\/v2\/product\/2198","targetHints":{"allow":["GET"]}}],"collection":[{"href":"https:\/\/modelermaxpro.com\/index.php\/wp-json\/wp\/v2\/product"}],"about":[{"href":"https:\/\/modelermaxpro.com\/index.php\/wp-json\/wp\/v2\/types\/product"}],"wp:featuredmedia":[{"embeddable":true,"href":"https:\/\/modelermaxpro.com\/index.php\/wp-json\/wp\/v2\/media\/2199"}],"wp:attachment":[{"href":"https:\/\/modelermaxpro.com\/index.php\/wp-json\/wp\/v2\/media?parent=2198"}],"wp:term":[{"taxonomy":"product_brand","embeddable":true,"href":"https:\/\/modelermaxpro.com\/index.php\/wp-json\/wp\/v2\/product_brand?post=2198"},{"taxonomy":"product_cat","embeddable":true,"href":"https:\/\/modelermaxpro.com\/index.php\/wp-json\/wp\/v2\/product_cat?post=2198"},{"taxonomy":"product_tag","embeddable":true,"href":"https:\/\/modelermaxpro.com\/index.php\/wp-json\/wp\/v2\/product_tag?post=2198"}],"curies":[{"name":"wp","href":"https:\/\/api.w.org\/{rel}","templated":true}]}}