{"id":2226,"date":"2019-08-28T16:09:59","date_gmt":"2019-08-28T19:09:59","guid":{"rendered":"https:\/\/modelermaxpro.com\/?post_type=product&#038;p=2226"},"modified":"2022-08-13T11:27:28","modified_gmt":"2022-08-13T14:27:28","slug":"the-weathering-special-iron-factory-castellano-6105","status":"publish","type":"product","link":"https:\/\/modelermaxpro.com\/index.php\/product\/the-weathering-special-iron-factory-castellano-6105\/","title":{"rendered":"The Weathering Special: IRON FACTORY (Castellano) &#8211; 6105"},"content":{"rendered":"<p>\u00bfEst\u00e1s fascinado por las poderosas m\u00e1quinas de metal producidas en la URSS y Rusia? \u00bfTe gustan las maquetas que representan veh\u00edculos de Conflictos Modernos? Enfocado en algo m\u00e1s que s\u00f3lamente el pintado de modelos \u2013 \u00a1nuestro nuevo n\u00famero especial esta hecho especialmente para modelistas como t\u00fa!<\/p>\n<p>En esta ocasi\u00f3n hemos unido en un solo volume a los modelistas m\u00e1s prol\u00edficos de Europa del Este, que comparten la pasi\u00f3n por la construcci\u00f3n, el pintado y envejecido de veh\u00edculos modernos. Este libro es \u00fanico por ese motivo, ya que cada modelo est\u00e1 basado estrictamente en material de referencia, lo que significa que no hay modelos de fantas\u00eda o ciencia ficci\u00f3n. Construcciones precisas y efectos de pintura ilustrados en fotograf\u00edas paso-a-paso acompa\u00f1adas de descripciones muy detalladas. Una selecci\u00f3n variada de temas que incluye tanques, SPGs, APCs\u2026<br \/>\nEste n\u00famero especial no es \u00fanicamente modelismo \u2013 es un trabajo motivacional de veh\u00edculos rusos que contiene una introducci\u00f3n hist\u00f3rica con fotograf\u00edas de referencia. \u00a1Definitivamente un n\u00famero obligado que a\u00f1adir a tu colecci\u00f3n!<\/p>\n","protected":false},"excerpt":{"rendered":"<p id=\"product_reference\"><label for=\"product_reference\">Referencia:\u00a0<\/label><span class=\"editable\">AMIG6105<\/span><\/p>\n<div id=\"short_description_block\">\n<div id=\"short_description_content\" class=\"rte align_justify\">\n<p>\u00a0Este ejemplar est\u00e1 disponible s\u00f3lo en CASTELLANO.<\/p>\n<\/div>\n<\/div>\n","protected":false},"featured_media":2227,"template":"","meta":[],"product_brand":[],"product_cat":[84],"product_tag":[],"class_list":{"0":"post-2226","1":"product","2":"type-product","3":"status-publish","4":"has-post-thumbnail","6":"product_cat-books","8":"first","9":"outofstock","10":"shipping-taxable","11":"purchasable","12":"product-type-simple"},"yoast_head":"<!-- This site is optimized with the Yoast SEO plugin v27.2 - https:\/\/yoast.com\/product\/yoast-seo-wordpress\/ -->\n<title>The Weathering Special: IRON FACTORY (Castellano) - 6105 - Modeler Max Pro<\/title>\n<meta name=\"robots\" content=\"index, follow, max-snippet:-1, max-image-preview:large, max-video-preview:-1\" \/>\n<link rel=\"canonical\" href=\"https:\/\/modelermaxpro.com\/index.php\/product\/the-weathering-special-iron-factory-castellano-6105\/\" \/>\n<meta property=\"og:locale\" content=\"es_ES\" \/>\n<meta property=\"og:type\" content=\"article\" \/>\n<meta property=\"og:title\" content=\"The Weathering Special: IRON FACTORY (Castellano) - 6105 - Modeler Max Pro\" \/>\n<meta property=\"og:description\" content=\"Referencia:\u00a0AMIG6105     \u00a0Este ejemplar est\u00e1 disponible s\u00f3lo en CASTELLANO.\" \/>\n<meta property=\"og:url\" content=\"https:\/\/modelermaxpro.com\/index.php\/product\/the-weathering-special-iron-factory-castellano-6105\/\" \/>\n<meta property=\"og:site_name\" content=\"Modeler Max Pro\" \/>\n<meta property=\"article:modified_time\" content=\"2022-08-13T14:27:28+00:00\" \/>\n<meta property=\"og:image\" content=\"https:\/\/modelermaxpro.com\/wp-content\/uploads\/2019\/08\/AMIG6105the-weathering-special-iron-factory-castellano.jpg\" \/>\n\t<meta property=\"og:image:width\" content=\"800\" \/>\n\t<meta property=\"og:image:height\" content=\"800\" \/>\n\t<meta property=\"og:image:type\" content=\"image\/jpeg\" \/>\n<meta name=\"twitter:card\" content=\"summary_large_image\" \/>\n<meta name=\"twitter:label1\" content=\"Tiempo de lectura\" \/>\n\t<meta name=\"twitter:data1\" content=\"1 minuto\" \/>\n<script type=\"application\/ld+json\" class=\"yoast-schema-graph\">{\"@context\":\"https:\/\/schema.org\",\"@graph\":[{\"@type\":\"WebPage\",\"@id\":\"https:\/\/modelermaxpro.com\/index.php\/product\/the-weathering-special-iron-factory-castellano-6105\/\",\"url\":\"https:\/\/modelermaxpro.com\/index.php\/product\/the-weathering-special-iron-factory-castellano-6105\/\",\"name\":\"The Weathering Special: IRON FACTORY (Castellano) - 6105 - Modeler Max Pro\",\"isPartOf\":{\"@id\":\"https:\/\/modelermaxpro.com\/#website\"},\"primaryImageOfPage\":{\"@id\":\"https:\/\/modelermaxpro.com\/index.php\/product\/the-weathering-special-iron-factory-castellano-6105\/#primaryimage\"},\"image\":{\"@id\":\"https:\/\/modelermaxpro.com\/index.php\/product\/the-weathering-special-iron-factory-castellano-6105\/#primaryimage\"},\"thumbnailUrl\":\"https:\/\/modelermaxpro.com\/wp-content\/uploads\/2019\/08\/AMIG6105the-weathering-special-iron-factory-castellano.jpg\",\"datePublished\":\"2019-08-28T19:09:59+00:00\",\"dateModified\":\"2022-08-13T14:27:28+00:00\",\"breadcrumb\":{\"@id\":\"https:\/\/modelermaxpro.com\/index.php\/product\/the-weathering-special-iron-factory-castellano-6105\/#breadcrumb\"},\"inLanguage\":\"es-AR\",\"potentialAction\":[{\"@type\":\"ReadAction\",\"target\":[\"https:\/\/modelermaxpro.com\/index.php\/product\/the-weathering-special-iron-factory-castellano-6105\/\"]}]},{\"@type\":\"ImageObject\",\"inLanguage\":\"es-AR\",\"@id\":\"https:\/\/modelermaxpro.com\/index.php\/product\/the-weathering-special-iron-factory-castellano-6105\/#primaryimage\",\"url\":\"https:\/\/modelermaxpro.com\/wp-content\/uploads\/2019\/08\/AMIG6105the-weathering-special-iron-factory-castellano.jpg\",\"contentUrl\":\"https:\/\/modelermaxpro.com\/wp-content\/uploads\/2019\/08\/AMIG6105the-weathering-special-iron-factory-castellano.jpg\",\"width\":800,\"height\":800},{\"@type\":\"BreadcrumbList\",\"@id\":\"https:\/\/modelermaxpro.com\/index.php\/product\/the-weathering-special-iron-factory-castellano-6105\/#breadcrumb\",\"itemListElement\":[{\"@type\":\"ListItem\",\"position\":1,\"name\":\"Inicio\",\"item\":\"https:\/\/modelermaxpro.com\/\"},{\"@type\":\"ListItem\",\"position\":2,\"name\":\"Shop\",\"item\":\"https:\/\/modelermaxpro.com\/index.php\/shop\/\"},{\"@type\":\"ListItem\",\"position\":3,\"name\":\"The Weathering Special: IRON FACTORY (Castellano) &#8211; 6105\"}]},{\"@type\":\"WebSite\",\"@id\":\"https:\/\/modelermaxpro.com\/#website\",\"url\":\"https:\/\/modelermaxpro.com\/\",\"name\":\"Modeler Max Pro\",\"description\":\"\",\"publisher\":{\"@id\":\"https:\/\/modelermaxpro.com\/#organization\"},\"potentialAction\":[{\"@type\":\"SearchAction\",\"target\":{\"@type\":\"EntryPoint\",\"urlTemplate\":\"https:\/\/modelermaxpro.com\/?s={search_term_string}\"},\"query-input\":{\"@type\":\"PropertyValueSpecification\",\"valueRequired\":true,\"valueName\":\"search_term_string\"}}],\"inLanguage\":\"es-AR\"},{\"@type\":\"Organization\",\"@id\":\"https:\/\/modelermaxpro.com\/#organization\",\"name\":\"Modeler Max Pro\",\"url\":\"https:\/\/modelermaxpro.com\/\",\"logo\":{\"@type\":\"ImageObject\",\"inLanguage\":\"es-AR\",\"@id\":\"https:\/\/modelermaxpro.com\/#\/schema\/logo\/image\/\",\"url\":\"https:\/\/modelermaxpro.com\/wp-content\/uploads\/2019\/11\/logos_Modeler-web_Mesa-de-trabajo-1_Mesa-de-trabajo-1.png\",\"contentUrl\":\"https:\/\/modelermaxpro.com\/wp-content\/uploads\/2019\/11\/logos_Modeler-web_Mesa-de-trabajo-1_Mesa-de-trabajo-1.png\",\"width\":322,\"height\":72,\"caption\":\"Modeler Max Pro\"},\"image\":{\"@id\":\"https:\/\/modelermaxpro.com\/#\/schema\/logo\/image\/\"}}]}<\/script>\n<!-- \/ Yoast SEO plugin. -->","yoast_head_json":{"title":"The Weathering Special: IRON FACTORY (Castellano) - 6105 - Modeler Max Pro","robots":{"index":"index","follow":"follow","max-snippet":"max-snippet:-1","max-image-preview":"max-image-preview:large","max-video-preview":"max-video-preview:-1"},"canonical":"https:\/\/modelermaxpro.com\/index.php\/product\/the-weathering-special-iron-factory-castellano-6105\/","og_locale":"es_ES","og_type":"article","og_title":"The Weathering Special: IRON FACTORY (Castellano) - 6105 - Modeler Max Pro","og_description":"Referencia:\u00a0AMIG6105     \u00a0Este ejemplar est\u00e1 disponible s\u00f3lo en CASTELLANO.","og_url":"https:\/\/modelermaxpro.com\/index.php\/product\/the-weathering-special-iron-factory-castellano-6105\/","og_site_name":"Modeler Max Pro","article_modified_time":"2022-08-13T14:27:28+00:00","og_image":[{"width":800,"height":800,"url":"https:\/\/modelermaxpro.com\/wp-content\/uploads\/2019\/08\/AMIG6105the-weathering-special-iron-factory-castellano.jpg","type":"image\/jpeg"}],"twitter_card":"summary_large_image","twitter_misc":{"Tiempo de lectura":"1 minuto"},"schema":{"@context":"https:\/\/schema.org","@graph":[{"@type":"WebPage","@id":"https:\/\/modelermaxpro.com\/index.php\/product\/the-weathering-special-iron-factory-castellano-6105\/","url":"https:\/\/modelermaxpro.com\/index.php\/product\/the-weathering-special-iron-factory-castellano-6105\/","name":"The Weathering Special: IRON FACTORY (Castellano) - 6105 - Modeler Max Pro","isPartOf":{"@id":"https:\/\/modelermaxpro.com\/#website"},"primaryImageOfPage":{"@id":"https:\/\/modelermaxpro.com\/index.php\/product\/the-weathering-special-iron-factory-castellano-6105\/#primaryimage"},"image":{"@id":"https:\/\/modelermaxpro.com\/index.php\/product\/the-weathering-special-iron-factory-castellano-6105\/#primaryimage"},"thumbnailUrl":"https:\/\/modelermaxpro.com\/wp-content\/uploads\/2019\/08\/AMIG6105the-weathering-special-iron-factory-castellano.jpg","datePublished":"2019-08-28T19:09:59+00:00","dateModified":"2022-08-13T14:27:28+00:00","breadcrumb":{"@id":"https:\/\/modelermaxpro.com\/index.php\/product\/the-weathering-special-iron-factory-castellano-6105\/#breadcrumb"},"inLanguage":"es-AR","potentialAction":[{"@type":"ReadAction","target":["https:\/\/modelermaxpro.com\/index.php\/product\/the-weathering-special-iron-factory-castellano-6105\/"]}]},{"@type":"ImageObject","inLanguage":"es-AR","@id":"https:\/\/modelermaxpro.com\/index.php\/product\/the-weathering-special-iron-factory-castellano-6105\/#primaryimage","url":"https:\/\/modelermaxpro.com\/wp-content\/uploads\/2019\/08\/AMIG6105the-weathering-special-iron-factory-castellano.jpg","contentUrl":"https:\/\/modelermaxpro.com\/wp-content\/uploads\/2019\/08\/AMIG6105the-weathering-special-iron-factory-castellano.jpg","width":800,"height":800},{"@type":"BreadcrumbList","@id":"https:\/\/modelermaxpro.com\/index.php\/product\/the-weathering-special-iron-factory-castellano-6105\/#breadcrumb","itemListElement":[{"@type":"ListItem","position":1,"name":"Inicio","item":"https:\/\/modelermaxpro.com\/"},{"@type":"ListItem","position":2,"name":"Shop","item":"https:\/\/modelermaxpro.com\/index.php\/shop\/"},{"@type":"ListItem","position":3,"name":"The Weathering Special: IRON FACTORY (Castellano) &#8211; 6105"}]},{"@type":"WebSite","@id":"https:\/\/modelermaxpro.com\/#website","url":"https:\/\/modelermaxpro.com\/","name":"Modeler Max Pro","description":"","publisher":{"@id":"https:\/\/modelermaxpro.com\/#organization"},"potentialAction":[{"@type":"SearchAction","target":{"@type":"EntryPoint","urlTemplate":"https:\/\/modelermaxpro.com\/?s={search_term_string}"},"query-input":{"@type":"PropertyValueSpecification","valueRequired":true,"valueName":"search_term_string"}}],"inLanguage":"es-AR"},{"@type":"Organization","@id":"https:\/\/modelermaxpro.com\/#organization","name":"Modeler Max Pro","url":"https:\/\/modelermaxpro.com\/","logo":{"@type":"ImageObject","inLanguage":"es-AR","@id":"https:\/\/modelermaxpro.com\/#\/schema\/logo\/image\/","url":"https:\/\/modelermaxpro.com\/wp-content\/uploads\/2019\/11\/logos_Modeler-web_Mesa-de-trabajo-1_Mesa-de-trabajo-1.png","contentUrl":"https:\/\/modelermaxpro.com\/wp-content\/uploads\/2019\/11\/logos_Modeler-web_Mesa-de-trabajo-1_Mesa-de-trabajo-1.png","width":322,"height":72,"caption":"Modeler Max Pro"},"image":{"@id":"https:\/\/modelermaxpro.com\/#\/schema\/logo\/image\/"}}]}},"_links":{"self":[{"href":"https:\/\/modelermaxpro.com\/index.php\/wp-json\/wp\/v2\/product\/2226","targetHints":{"allow":["GET"]}}],"collection":[{"href":"https:\/\/modelermaxpro.com\/index.php\/wp-json\/wp\/v2\/product"}],"about":[{"href":"https:\/\/modelermaxpro.com\/index.php\/wp-json\/wp\/v2\/types\/product"}],"wp:featuredmedia":[{"embeddable":true,"href":"https:\/\/modelermaxpro.com\/index.php\/wp-json\/wp\/v2\/media\/2227"}],"wp:attachment":[{"href":"https:\/\/modelermaxpro.com\/index.php\/wp-json\/wp\/v2\/media?parent=2226"}],"wp:term":[{"taxonomy":"product_brand","embeddable":true,"href":"https:\/\/modelermaxpro.com\/index.php\/wp-json\/wp\/v2\/product_brand?post=2226"},{"taxonomy":"product_cat","embeddable":true,"href":"https:\/\/modelermaxpro.com\/index.php\/wp-json\/wp\/v2\/product_cat?post=2226"},{"taxonomy":"product_tag","embeddable":true,"href":"https:\/\/modelermaxpro.com\/index.php\/wp-json\/wp\/v2\/product_tag?post=2226"}],"curies":[{"name":"wp","href":"https:\/\/api.w.org\/{rel}","templated":true}]}}