{"id":400,"date":"2018-11-02T13:40:56","date_gmt":"2018-11-02T16:40:56","guid":{"rendered":"https:\/\/modelermaxpro.com\/?post_type=product&#038;p=400"},"modified":"2022-08-13T10:49:14","modified_gmt":"2022-08-13T13:49:14","slug":"pincel-sintetico-round-6-8616","status":"publish","type":"product","link":"https:\/\/modelermaxpro.com\/index.php\/product\/pincel-sintetico-round-6-8616\/","title":{"rendered":"PINCEL SINT\u00c9TICO ROUND 6 &#8211; 8616"},"content":{"rendered":"<p>La gama Synthetic Brush, fabricado con fibras de alta calidad, ofrece una gran elasticidad y capacidad de carga por lo que son id\u00f3neos para cubrir superficies medias y amplias en nuestras maquetas, ya sean veh\u00edculos, aviones, terrenos, etc. Los pinceles m\u00e1s finos son tambi\u00e9n id\u00f3neos para pintar detalles con una punta afilada.<\/p>\n<p>Su resistencia a todos los disolventes\u00a0 hace que sean \u00fatiles para cualquier tipo de pintura como por ejemplo acr\u00edlicos, esmaltes y \u00f3leos. Su gran durabilidad a un precio muy econ\u00f3mico hacen que estos pinceles sean perfectos para todas las t\u00e9cnicas en tareas muy diversas. Tanto en su forma redonda como en su forma plana, son muy \u00fatiles en la aplicaci\u00f3n de lavados, filtros pigmentos, salpicaduras, barro, etc.<\/p>\n","protected":false},"excerpt":{"rendered":"<p id=\"product_reference\"><label for=\"product_reference\">Referencia:\u00a0<\/label><span class=\"editable\">AMIG8616<\/span><\/p>\n<div id=\"short_description_block\">\n<div id=\"short_description_content\" class=\"rte align_justify\">\n<p>PINCEL\u00a0SINT\u00c9TICO\u00a0 &#8211;\u00a0REDONDO 6<\/p>\n<\/div>\n<\/div>\n","protected":false},"featured_media":401,"template":"","meta":[],"product_brand":[],"product_cat":[83,86],"product_tag":[],"class_list":{"0":"post-400","1":"product","2":"type-product","3":"status-publish","4":"has-post-thumbnail","6":"product_cat-brushes","7":"product_cat-sintetic-brushes","9":"first","10":"instock","11":"shipping-taxable","12":"purchasable","13":"product-type-simple"},"yoast_head":"<!-- This site is optimized with the Yoast SEO plugin v27.4 - https:\/\/yoast.com\/product\/yoast-seo-wordpress\/ -->\n<title>PINCEL SINT\u00c9TICO ROUND 6 - 8616 - Modeler Max Pro<\/title>\n<meta name=\"robots\" content=\"index, follow, max-snippet:-1, max-image-preview:large, max-video-preview:-1\" \/>\n<link rel=\"canonical\" href=\"https:\/\/modelermaxpro.com\/index.php\/product\/pincel-sintetico-round-6-8616\/\" \/>\n<meta property=\"og:locale\" content=\"es_ES\" \/>\n<meta property=\"og:type\" content=\"article\" \/>\n<meta property=\"og:title\" content=\"PINCEL SINT\u00c9TICO ROUND 6 - 8616 - Modeler Max Pro\" \/>\n<meta property=\"og:description\" content=\"Referencia:\u00a0AMIG8616     PINCEL\u00a0SINT\u00c9TICO\u00a0 -\u00a0REDONDO 6\" \/>\n<meta property=\"og:url\" content=\"https:\/\/modelermaxpro.com\/index.php\/product\/pincel-sintetico-round-6-8616\/\" \/>\n<meta property=\"og:site_name\" content=\"Modeler Max Pro\" \/>\n<meta property=\"article:modified_time\" content=\"2022-08-13T13:49:14+00:00\" \/>\n<meta property=\"og:image\" content=\"https:\/\/modelermaxpro.com\/wp-content\/uploads\/2018\/11\/A.MIG-8616.jpg\" \/>\n\t<meta property=\"og:image:width\" content=\"800\" \/>\n\t<meta property=\"og:image:height\" content=\"800\" \/>\n\t<meta property=\"og:image:type\" content=\"image\/jpeg\" \/>\n<meta name=\"twitter:card\" content=\"summary_large_image\" \/>\n<meta name=\"twitter:label1\" content=\"Tiempo de lectura\" \/>\n\t<meta name=\"twitter:data1\" content=\"1 minuto\" \/>\n<script type=\"application\/ld+json\" class=\"yoast-schema-graph\">{\"@context\":\"https:\\\/\\\/schema.org\",\"@graph\":[{\"@type\":\"WebPage\",\"@id\":\"https:\\\/\\\/modelermaxpro.com\\\/index.php\\\/product\\\/pincel-sintetico-round-6-8616\\\/\",\"url\":\"https:\\\/\\\/modelermaxpro.com\\\/index.php\\\/product\\\/pincel-sintetico-round-6-8616\\\/\",\"name\":\"PINCEL SINT\u00c9TICO ROUND 6 - 8616 - Modeler Max Pro\",\"isPartOf\":{\"@id\":\"https:\\\/\\\/modelermaxpro.com\\\/#website\"},\"primaryImageOfPage\":{\"@id\":\"https:\\\/\\\/modelermaxpro.com\\\/index.php\\\/product\\\/pincel-sintetico-round-6-8616\\\/#primaryimage\"},\"image\":{\"@id\":\"https:\\\/\\\/modelermaxpro.com\\\/index.php\\\/product\\\/pincel-sintetico-round-6-8616\\\/#primaryimage\"},\"thumbnailUrl\":\"https:\\\/\\\/modelermaxpro.com\\\/wp-content\\\/uploads\\\/2018\\\/11\\\/A.MIG-8616.jpg\",\"datePublished\":\"2018-11-02T16:40:56+00:00\",\"dateModified\":\"2022-08-13T13:49:14+00:00\",\"breadcrumb\":{\"@id\":\"https:\\\/\\\/modelermaxpro.com\\\/index.php\\\/product\\\/pincel-sintetico-round-6-8616\\\/#breadcrumb\"},\"inLanguage\":\"es-AR\",\"potentialAction\":[{\"@type\":\"ReadAction\",\"target\":[\"https:\\\/\\\/modelermaxpro.com\\\/index.php\\\/product\\\/pincel-sintetico-round-6-8616\\\/\"]}]},{\"@type\":\"ImageObject\",\"inLanguage\":\"es-AR\",\"@id\":\"https:\\\/\\\/modelermaxpro.com\\\/index.php\\\/product\\\/pincel-sintetico-round-6-8616\\\/#primaryimage\",\"url\":\"https:\\\/\\\/modelermaxpro.com\\\/wp-content\\\/uploads\\\/2018\\\/11\\\/A.MIG-8616.jpg\",\"contentUrl\":\"https:\\\/\\\/modelermaxpro.com\\\/wp-content\\\/uploads\\\/2018\\\/11\\\/A.MIG-8616.jpg\",\"width\":800,\"height\":800},{\"@type\":\"BreadcrumbList\",\"@id\":\"https:\\\/\\\/modelermaxpro.com\\\/index.php\\\/product\\\/pincel-sintetico-round-6-8616\\\/#breadcrumb\",\"itemListElement\":[{\"@type\":\"ListItem\",\"position\":1,\"name\":\"Inicio\",\"item\":\"https:\\\/\\\/modelermaxpro.com\\\/\"},{\"@type\":\"ListItem\",\"position\":2,\"name\":\"Shop\",\"item\":\"https:\\\/\\\/modelermaxpro.com\\\/index.php\\\/shop\\\/\"},{\"@type\":\"ListItem\",\"position\":3,\"name\":\"PINCEL SINT\u00c9TICO ROUND 6 &#8211; 8616\"}]},{\"@type\":\"WebSite\",\"@id\":\"https:\\\/\\\/modelermaxpro.com\\\/#website\",\"url\":\"https:\\\/\\\/modelermaxpro.com\\\/\",\"name\":\"Modeler Max Pro\",\"description\":\"\",\"publisher\":{\"@id\":\"https:\\\/\\\/modelermaxpro.com\\\/#organization\"},\"potentialAction\":[{\"@type\":\"SearchAction\",\"target\":{\"@type\":\"EntryPoint\",\"urlTemplate\":\"https:\\\/\\\/modelermaxpro.com\\\/?s={search_term_string}\"},\"query-input\":{\"@type\":\"PropertyValueSpecification\",\"valueRequired\":true,\"valueName\":\"search_term_string\"}}],\"inLanguage\":\"es-AR\"},{\"@type\":\"Organization\",\"@id\":\"https:\\\/\\\/modelermaxpro.com\\\/#organization\",\"name\":\"Modeler Max Pro\",\"url\":\"https:\\\/\\\/modelermaxpro.com\\\/\",\"logo\":{\"@type\":\"ImageObject\",\"inLanguage\":\"es-AR\",\"@id\":\"https:\\\/\\\/modelermaxpro.com\\\/#\\\/schema\\\/logo\\\/image\\\/\",\"url\":\"https:\\\/\\\/modelermaxpro.com\\\/wp-content\\\/uploads\\\/2019\\\/11\\\/logos_Modeler-web_Mesa-de-trabajo-1_Mesa-de-trabajo-1.png\",\"contentUrl\":\"https:\\\/\\\/modelermaxpro.com\\\/wp-content\\\/uploads\\\/2019\\\/11\\\/logos_Modeler-web_Mesa-de-trabajo-1_Mesa-de-trabajo-1.png\",\"width\":322,\"height\":72,\"caption\":\"Modeler Max Pro\"},\"image\":{\"@id\":\"https:\\\/\\\/modelermaxpro.com\\\/#\\\/schema\\\/logo\\\/image\\\/\"}}]}<\/script>\n<!-- \/ Yoast SEO plugin. -->","yoast_head_json":{"title":"PINCEL SINT\u00c9TICO ROUND 6 - 8616 - Modeler Max Pro","robots":{"index":"index","follow":"follow","max-snippet":"max-snippet:-1","max-image-preview":"max-image-preview:large","max-video-preview":"max-video-preview:-1"},"canonical":"https:\/\/modelermaxpro.com\/index.php\/product\/pincel-sintetico-round-6-8616\/","og_locale":"es_ES","og_type":"article","og_title":"PINCEL SINT\u00c9TICO ROUND 6 - 8616 - Modeler Max Pro","og_description":"Referencia:\u00a0AMIG8616     PINCEL\u00a0SINT\u00c9TICO\u00a0 -\u00a0REDONDO 6","og_url":"https:\/\/modelermaxpro.com\/index.php\/product\/pincel-sintetico-round-6-8616\/","og_site_name":"Modeler Max Pro","article_modified_time":"2022-08-13T13:49:14+00:00","og_image":[{"width":800,"height":800,"url":"https:\/\/modelermaxpro.com\/wp-content\/uploads\/2018\/11\/A.MIG-8616.jpg","type":"image\/jpeg"}],"twitter_card":"summary_large_image","twitter_misc":{"Tiempo de lectura":"1 minuto"},"schema":{"@context":"https:\/\/schema.org","@graph":[{"@type":"WebPage","@id":"https:\/\/modelermaxpro.com\/index.php\/product\/pincel-sintetico-round-6-8616\/","url":"https:\/\/modelermaxpro.com\/index.php\/product\/pincel-sintetico-round-6-8616\/","name":"PINCEL SINT\u00c9TICO ROUND 6 - 8616 - Modeler Max Pro","isPartOf":{"@id":"https:\/\/modelermaxpro.com\/#website"},"primaryImageOfPage":{"@id":"https:\/\/modelermaxpro.com\/index.php\/product\/pincel-sintetico-round-6-8616\/#primaryimage"},"image":{"@id":"https:\/\/modelermaxpro.com\/index.php\/product\/pincel-sintetico-round-6-8616\/#primaryimage"},"thumbnailUrl":"https:\/\/modelermaxpro.com\/wp-content\/uploads\/2018\/11\/A.MIG-8616.jpg","datePublished":"2018-11-02T16:40:56+00:00","dateModified":"2022-08-13T13:49:14+00:00","breadcrumb":{"@id":"https:\/\/modelermaxpro.com\/index.php\/product\/pincel-sintetico-round-6-8616\/#breadcrumb"},"inLanguage":"es-AR","potentialAction":[{"@type":"ReadAction","target":["https:\/\/modelermaxpro.com\/index.php\/product\/pincel-sintetico-round-6-8616\/"]}]},{"@type":"ImageObject","inLanguage":"es-AR","@id":"https:\/\/modelermaxpro.com\/index.php\/product\/pincel-sintetico-round-6-8616\/#primaryimage","url":"https:\/\/modelermaxpro.com\/wp-content\/uploads\/2018\/11\/A.MIG-8616.jpg","contentUrl":"https:\/\/modelermaxpro.com\/wp-content\/uploads\/2018\/11\/A.MIG-8616.jpg","width":800,"height":800},{"@type":"BreadcrumbList","@id":"https:\/\/modelermaxpro.com\/index.php\/product\/pincel-sintetico-round-6-8616\/#breadcrumb","itemListElement":[{"@type":"ListItem","position":1,"name":"Inicio","item":"https:\/\/modelermaxpro.com\/"},{"@type":"ListItem","position":2,"name":"Shop","item":"https:\/\/modelermaxpro.com\/index.php\/shop\/"},{"@type":"ListItem","position":3,"name":"PINCEL SINT\u00c9TICO ROUND 6 &#8211; 8616"}]},{"@type":"WebSite","@id":"https:\/\/modelermaxpro.com\/#website","url":"https:\/\/modelermaxpro.com\/","name":"Modeler Max Pro","description":"","publisher":{"@id":"https:\/\/modelermaxpro.com\/#organization"},"potentialAction":[{"@type":"SearchAction","target":{"@type":"EntryPoint","urlTemplate":"https:\/\/modelermaxpro.com\/?s={search_term_string}"},"query-input":{"@type":"PropertyValueSpecification","valueRequired":true,"valueName":"search_term_string"}}],"inLanguage":"es-AR"},{"@type":"Organization","@id":"https:\/\/modelermaxpro.com\/#organization","name":"Modeler Max Pro","url":"https:\/\/modelermaxpro.com\/","logo":{"@type":"ImageObject","inLanguage":"es-AR","@id":"https:\/\/modelermaxpro.com\/#\/schema\/logo\/image\/","url":"https:\/\/modelermaxpro.com\/wp-content\/uploads\/2019\/11\/logos_Modeler-web_Mesa-de-trabajo-1_Mesa-de-trabajo-1.png","contentUrl":"https:\/\/modelermaxpro.com\/wp-content\/uploads\/2019\/11\/logos_Modeler-web_Mesa-de-trabajo-1_Mesa-de-trabajo-1.png","width":322,"height":72,"caption":"Modeler Max Pro"},"image":{"@id":"https:\/\/modelermaxpro.com\/#\/schema\/logo\/image\/"}}]}},"_links":{"self":[{"href":"https:\/\/modelermaxpro.com\/index.php\/wp-json\/wp\/v2\/product\/400","targetHints":{"allow":["GET"]}}],"collection":[{"href":"https:\/\/modelermaxpro.com\/index.php\/wp-json\/wp\/v2\/product"}],"about":[{"href":"https:\/\/modelermaxpro.com\/index.php\/wp-json\/wp\/v2\/types\/product"}],"wp:featuredmedia":[{"embeddable":true,"href":"https:\/\/modelermaxpro.com\/index.php\/wp-json\/wp\/v2\/media\/401"}],"wp:attachment":[{"href":"https:\/\/modelermaxpro.com\/index.php\/wp-json\/wp\/v2\/media?parent=400"}],"wp:term":[{"taxonomy":"product_brand","embeddable":true,"href":"https:\/\/modelermaxpro.com\/index.php\/wp-json\/wp\/v2\/product_brand?post=400"},{"taxonomy":"product_cat","embeddable":true,"href":"https:\/\/modelermaxpro.com\/index.php\/wp-json\/wp\/v2\/product_cat?post=400"},{"taxonomy":"product_tag","embeddable":true,"href":"https:\/\/modelermaxpro.com\/index.php\/wp-json\/wp\/v2\/product_tag?post=400"}],"curies":[{"name":"wp","href":"https:\/\/api.w.org\/{rel}","templated":true}]}}