{"id":644,"date":"2018-11-03T23:22:07","date_gmt":"2018-11-04T02:22:07","guid":{"rendered":"https:\/\/modelermaxpro.com\/?post_type=product&#038;p=644"},"modified":"2026-03-12T16:58:43","modified_gmt":"2026-03-12T19:58:43","slug":"glossy-lucky-varnish-17-ml-size-2057","status":"publish","type":"product","link":"https:\/\/modelermaxpro.com\/index.php\/product\/glossy-lucky-varnish-17-ml-size-2057\/","title":{"rendered":"GLOSSY LUCKY VARNISH  (17 ML SIZE) &#8211; 2057"},"content":{"rendered":"<p>La aplicaci\u00f3n de los barnices siempre ha sido el gran reto de todos los modelistas. Muchos han encontrado un final desastroso por usar barnices incorrectos, o de mala calidad. Y es que el proceso de barnizado es muy importante cuando hacemos maquetas. Por primera vez, AMMO ofrece una gama completa que har\u00e1 al modelista ganador con cada reto.<\/p>\n<p>Este Barniz Acr\u00edlico nos permitir\u00e1 conseguir el m\u00e1ximo rendimiento tanto a aer\u00f3grafo como a pincel de una manera sencilla, emple\u00e1ndolo en capas finas. Se puede aplicar directamente del bote sin necesidad de disolverlo, obteniendo un acabado perfecto. Aplicado a aer\u00f3grafo se recomienda pulverizar desde una distancia de 15 cm. Este producto no es t\u00f3xico y carece de olor. Soluble en agua. Agitar bien antes de cada uso. Secado completo en 24 horas.<br \/>\n\u00c9sta nueva gama de barnices, ha sido desarrollada durante varios a\u00f1os hasta estar\u00a0 seguros de que el modelista siempre ganar\u00e1 el juego del barniz. No juegues con la suerte, conf\u00eda en la combinaci\u00f3n ganadora de los nuevos LUCKY VARNISH. S\u00f3lo as\u00ed, podremos estar seguros que el resultado de nuestras maquetas no depender\u00e1 del azar de un barniz cualquiera. Puedes completar tu colecci\u00f3n para poder cubrir todas la \u00e1reas\u00a0del modelismo, desde acabados completamente brillantes hasta ultramates.<\/p>\n","protected":false},"excerpt":{"rendered":"<p id=\"product_reference\"><label for=\"product_reference\">Referencia:\u00a0<\/label><span class=\"editable\">AMIG2057<\/span><\/p>\n<div id=\"short_description_block\">\n<div id=\"short_description_content\" class=\"rte align_justify\">\n<p>Barniz\u00a0acr\u00edlico profesional.\u00a0Bote de 17mL<\/p>\n<\/div>\n<\/div>\n","protected":false},"featured_media":645,"template":"","meta":[],"product_brand":[],"product_cat":[58],"product_tag":[],"class_list":{"0":"post-644","1":"product","2":"type-product","3":"status-publish","4":"has-post-thumbnail","6":"product_cat-varnish","8":"first","9":"outofstock","10":"shipping-taxable","11":"purchasable","12":"product-type-simple"},"yoast_head":"<!-- This site is optimized with the Yoast SEO plugin v27.2 - https:\/\/yoast.com\/product\/yoast-seo-wordpress\/ -->\n<title>GLOSSY LUCKY VARNISH (17 ML SIZE) - 2057 - Modeler Max Pro<\/title>\n<meta name=\"robots\" content=\"index, follow, max-snippet:-1, max-image-preview:large, max-video-preview:-1\" \/>\n<link rel=\"canonical\" href=\"https:\/\/modelermaxpro.com\/index.php\/product\/glossy-lucky-varnish-17-ml-size-2057\/\" \/>\n<meta property=\"og:locale\" content=\"es_ES\" \/>\n<meta property=\"og:type\" content=\"article\" \/>\n<meta property=\"og:title\" content=\"GLOSSY LUCKY VARNISH (17 ML SIZE) - 2057 - Modeler Max Pro\" \/>\n<meta property=\"og:description\" content=\"Referencia:\u00a0AMIG2057     Barniz\u00a0acr\u00edlico profesional.\u00a0Bote de 17mL\" \/>\n<meta property=\"og:url\" content=\"https:\/\/modelermaxpro.com\/index.php\/product\/glossy-lucky-varnish-17-ml-size-2057\/\" \/>\n<meta property=\"og:site_name\" content=\"Modeler Max Pro\" \/>\n<meta property=\"article:modified_time\" content=\"2026-03-12T19:58:43+00:00\" \/>\n<meta property=\"og:image\" content=\"https:\/\/modelermaxpro.com\/wp-content\/uploads\/2018\/11\/A.MIG-2057.jpg\" \/>\n\t<meta property=\"og:image:width\" content=\"264\" \/>\n\t<meta property=\"og:image:height\" content=\"264\" \/>\n\t<meta property=\"og:image:type\" content=\"image\/jpeg\" \/>\n<meta name=\"twitter:card\" content=\"summary_large_image\" \/>\n<meta name=\"twitter:label1\" content=\"Tiempo de lectura\" \/>\n\t<meta name=\"twitter:data1\" content=\"1 minuto\" \/>\n<script type=\"application\/ld+json\" class=\"yoast-schema-graph\">{\"@context\":\"https:\/\/schema.org\",\"@graph\":[{\"@type\":\"WebPage\",\"@id\":\"https:\/\/modelermaxpro.com\/index.php\/product\/glossy-lucky-varnish-17-ml-size-2057\/\",\"url\":\"https:\/\/modelermaxpro.com\/index.php\/product\/glossy-lucky-varnish-17-ml-size-2057\/\",\"name\":\"GLOSSY LUCKY VARNISH (17 ML SIZE) - 2057 - Modeler Max Pro\",\"isPartOf\":{\"@id\":\"https:\/\/modelermaxpro.com\/#website\"},\"primaryImageOfPage\":{\"@id\":\"https:\/\/modelermaxpro.com\/index.php\/product\/glossy-lucky-varnish-17-ml-size-2057\/#primaryimage\"},\"image\":{\"@id\":\"https:\/\/modelermaxpro.com\/index.php\/product\/glossy-lucky-varnish-17-ml-size-2057\/#primaryimage\"},\"thumbnailUrl\":\"https:\/\/modelermaxpro.com\/wp-content\/uploads\/2018\/11\/A.MIG-2057.jpg\",\"datePublished\":\"2018-11-04T02:22:07+00:00\",\"dateModified\":\"2026-03-12T19:58:43+00:00\",\"breadcrumb\":{\"@id\":\"https:\/\/modelermaxpro.com\/index.php\/product\/glossy-lucky-varnish-17-ml-size-2057\/#breadcrumb\"},\"inLanguage\":\"es-AR\",\"potentialAction\":[{\"@type\":\"ReadAction\",\"target\":[\"https:\/\/modelermaxpro.com\/index.php\/product\/glossy-lucky-varnish-17-ml-size-2057\/\"]}]},{\"@type\":\"ImageObject\",\"inLanguage\":\"es-AR\",\"@id\":\"https:\/\/modelermaxpro.com\/index.php\/product\/glossy-lucky-varnish-17-ml-size-2057\/#primaryimage\",\"url\":\"https:\/\/modelermaxpro.com\/wp-content\/uploads\/2018\/11\/A.MIG-2057.jpg\",\"contentUrl\":\"https:\/\/modelermaxpro.com\/wp-content\/uploads\/2018\/11\/A.MIG-2057.jpg\",\"width\":264,\"height\":264},{\"@type\":\"BreadcrumbList\",\"@id\":\"https:\/\/modelermaxpro.com\/index.php\/product\/glossy-lucky-varnish-17-ml-size-2057\/#breadcrumb\",\"itemListElement\":[{\"@type\":\"ListItem\",\"position\":1,\"name\":\"Inicio\",\"item\":\"https:\/\/modelermaxpro.com\/\"},{\"@type\":\"ListItem\",\"position\":2,\"name\":\"Shop\",\"item\":\"https:\/\/modelermaxpro.com\/index.php\/shop\/\"},{\"@type\":\"ListItem\",\"position\":3,\"name\":\"GLOSSY LUCKY VARNISH (17 ML SIZE) &#8211; 2057\"}]},{\"@type\":\"WebSite\",\"@id\":\"https:\/\/modelermaxpro.com\/#website\",\"url\":\"https:\/\/modelermaxpro.com\/\",\"name\":\"Modeler Max Pro\",\"description\":\"\",\"publisher\":{\"@id\":\"https:\/\/modelermaxpro.com\/#organization\"},\"potentialAction\":[{\"@type\":\"SearchAction\",\"target\":{\"@type\":\"EntryPoint\",\"urlTemplate\":\"https:\/\/modelermaxpro.com\/?s={search_term_string}\"},\"query-input\":{\"@type\":\"PropertyValueSpecification\",\"valueRequired\":true,\"valueName\":\"search_term_string\"}}],\"inLanguage\":\"es-AR\"},{\"@type\":\"Organization\",\"@id\":\"https:\/\/modelermaxpro.com\/#organization\",\"name\":\"Modeler Max Pro\",\"url\":\"https:\/\/modelermaxpro.com\/\",\"logo\":{\"@type\":\"ImageObject\",\"inLanguage\":\"es-AR\",\"@id\":\"https:\/\/modelermaxpro.com\/#\/schema\/logo\/image\/\",\"url\":\"https:\/\/modelermaxpro.com\/wp-content\/uploads\/2019\/11\/logos_Modeler-web_Mesa-de-trabajo-1_Mesa-de-trabajo-1.png\",\"contentUrl\":\"https:\/\/modelermaxpro.com\/wp-content\/uploads\/2019\/11\/logos_Modeler-web_Mesa-de-trabajo-1_Mesa-de-trabajo-1.png\",\"width\":322,\"height\":72,\"caption\":\"Modeler Max Pro\"},\"image\":{\"@id\":\"https:\/\/modelermaxpro.com\/#\/schema\/logo\/image\/\"}}]}<\/script>\n<!-- \/ Yoast SEO plugin. -->","yoast_head_json":{"title":"GLOSSY LUCKY VARNISH (17 ML SIZE) - 2057 - Modeler Max Pro","robots":{"index":"index","follow":"follow","max-snippet":"max-snippet:-1","max-image-preview":"max-image-preview:large","max-video-preview":"max-video-preview:-1"},"canonical":"https:\/\/modelermaxpro.com\/index.php\/product\/glossy-lucky-varnish-17-ml-size-2057\/","og_locale":"es_ES","og_type":"article","og_title":"GLOSSY LUCKY VARNISH (17 ML SIZE) - 2057 - Modeler Max Pro","og_description":"Referencia:\u00a0AMIG2057     Barniz\u00a0acr\u00edlico profesional.\u00a0Bote de 17mL","og_url":"https:\/\/modelermaxpro.com\/index.php\/product\/glossy-lucky-varnish-17-ml-size-2057\/","og_site_name":"Modeler Max Pro","article_modified_time":"2026-03-12T19:58:43+00:00","og_image":[{"width":264,"height":264,"url":"https:\/\/modelermaxpro.com\/wp-content\/uploads\/2018\/11\/A.MIG-2057.jpg","type":"image\/jpeg"}],"twitter_card":"summary_large_image","twitter_misc":{"Tiempo de lectura":"1 minuto"},"schema":{"@context":"https:\/\/schema.org","@graph":[{"@type":"WebPage","@id":"https:\/\/modelermaxpro.com\/index.php\/product\/glossy-lucky-varnish-17-ml-size-2057\/","url":"https:\/\/modelermaxpro.com\/index.php\/product\/glossy-lucky-varnish-17-ml-size-2057\/","name":"GLOSSY LUCKY VARNISH (17 ML SIZE) - 2057 - Modeler Max Pro","isPartOf":{"@id":"https:\/\/modelermaxpro.com\/#website"},"primaryImageOfPage":{"@id":"https:\/\/modelermaxpro.com\/index.php\/product\/glossy-lucky-varnish-17-ml-size-2057\/#primaryimage"},"image":{"@id":"https:\/\/modelermaxpro.com\/index.php\/product\/glossy-lucky-varnish-17-ml-size-2057\/#primaryimage"},"thumbnailUrl":"https:\/\/modelermaxpro.com\/wp-content\/uploads\/2018\/11\/A.MIG-2057.jpg","datePublished":"2018-11-04T02:22:07+00:00","dateModified":"2026-03-12T19:58:43+00:00","breadcrumb":{"@id":"https:\/\/modelermaxpro.com\/index.php\/product\/glossy-lucky-varnish-17-ml-size-2057\/#breadcrumb"},"inLanguage":"es-AR","potentialAction":[{"@type":"ReadAction","target":["https:\/\/modelermaxpro.com\/index.php\/product\/glossy-lucky-varnish-17-ml-size-2057\/"]}]},{"@type":"ImageObject","inLanguage":"es-AR","@id":"https:\/\/modelermaxpro.com\/index.php\/product\/glossy-lucky-varnish-17-ml-size-2057\/#primaryimage","url":"https:\/\/modelermaxpro.com\/wp-content\/uploads\/2018\/11\/A.MIG-2057.jpg","contentUrl":"https:\/\/modelermaxpro.com\/wp-content\/uploads\/2018\/11\/A.MIG-2057.jpg","width":264,"height":264},{"@type":"BreadcrumbList","@id":"https:\/\/modelermaxpro.com\/index.php\/product\/glossy-lucky-varnish-17-ml-size-2057\/#breadcrumb","itemListElement":[{"@type":"ListItem","position":1,"name":"Inicio","item":"https:\/\/modelermaxpro.com\/"},{"@type":"ListItem","position":2,"name":"Shop","item":"https:\/\/modelermaxpro.com\/index.php\/shop\/"},{"@type":"ListItem","position":3,"name":"GLOSSY LUCKY VARNISH (17 ML SIZE) &#8211; 2057"}]},{"@type":"WebSite","@id":"https:\/\/modelermaxpro.com\/#website","url":"https:\/\/modelermaxpro.com\/","name":"Modeler Max Pro","description":"","publisher":{"@id":"https:\/\/modelermaxpro.com\/#organization"},"potentialAction":[{"@type":"SearchAction","target":{"@type":"EntryPoint","urlTemplate":"https:\/\/modelermaxpro.com\/?s={search_term_string}"},"query-input":{"@type":"PropertyValueSpecification","valueRequired":true,"valueName":"search_term_string"}}],"inLanguage":"es-AR"},{"@type":"Organization","@id":"https:\/\/modelermaxpro.com\/#organization","name":"Modeler Max Pro","url":"https:\/\/modelermaxpro.com\/","logo":{"@type":"ImageObject","inLanguage":"es-AR","@id":"https:\/\/modelermaxpro.com\/#\/schema\/logo\/image\/","url":"https:\/\/modelermaxpro.com\/wp-content\/uploads\/2019\/11\/logos_Modeler-web_Mesa-de-trabajo-1_Mesa-de-trabajo-1.png","contentUrl":"https:\/\/modelermaxpro.com\/wp-content\/uploads\/2019\/11\/logos_Modeler-web_Mesa-de-trabajo-1_Mesa-de-trabajo-1.png","width":322,"height":72,"caption":"Modeler Max Pro"},"image":{"@id":"https:\/\/modelermaxpro.com\/#\/schema\/logo\/image\/"}}]}},"_links":{"self":[{"href":"https:\/\/modelermaxpro.com\/index.php\/wp-json\/wp\/v2\/product\/644","targetHints":{"allow":["GET"]}}],"collection":[{"href":"https:\/\/modelermaxpro.com\/index.php\/wp-json\/wp\/v2\/product"}],"about":[{"href":"https:\/\/modelermaxpro.com\/index.php\/wp-json\/wp\/v2\/types\/product"}],"wp:featuredmedia":[{"embeddable":true,"href":"https:\/\/modelermaxpro.com\/index.php\/wp-json\/wp\/v2\/media\/645"}],"wp:attachment":[{"href":"https:\/\/modelermaxpro.com\/index.php\/wp-json\/wp\/v2\/media?parent=644"}],"wp:term":[{"taxonomy":"product_brand","embeddable":true,"href":"https:\/\/modelermaxpro.com\/index.php\/wp-json\/wp\/v2\/product_brand?post=644"},{"taxonomy":"product_cat","embeddable":true,"href":"https:\/\/modelermaxpro.com\/index.php\/wp-json\/wp\/v2\/product_cat?post=644"},{"taxonomy":"product_tag","embeddable":true,"href":"https:\/\/modelermaxpro.com\/index.php\/wp-json\/wp\/v2\/product_tag?post=644"}],"curies":[{"name":"wp","href":"https:\/\/api.w.org\/{rel}","templated":true}]}}