{"id":7586,"date":"2021-01-23T11:27:55","date_gmt":"2021-01-23T14:27:55","guid":{"rendered":"https:\/\/modelermaxpro.com\/?post_type=product&#038;p=7586"},"modified":"2023-03-16T20:15:01","modified_gmt":"2023-03-16T23:15:01","slug":"amig0861-sombreador-azul-marino","status":"publish","type":"product","link":"https:\/\/modelermaxpro.com\/index.php\/product\/amig0861-sombreador-azul-marino\/","title":{"rendered":"AMIG:0861 SOMBREADOR AZUL MARINO"},"content":{"rendered":"<p>Los SHADERS de AMMO son una nueva soluci\u00f3n para crear diversos efectos en tus maquetas de forma r\u00e1pida y sencilla. Un nuevo tipo de pintura transparente y ultrafina que permite al modelista crear efectos que hasta ahora parec\u00eda imposible conseguir.<\/p>\n<p>Desde decoloraci\u00f3n y desgastes hasta sombras o cambios de tono y color como si fueran filtros. En definitiva, los SHADERS pueden dar a tu modelo un aspecto terminado, pero invirtiendo tan s\u00f3lo unos pocos minutos. Es perfecto para modelistas que est\u00e1n comenzando, ya que les permitir\u00e1 conseguir efectos que hasta ahora s\u00f3lo se pod\u00edan lograr con complejas t\u00e9cnicas de esmaltes, lavados o filtros.<\/p>\n<p>Pero tambi\u00e9n son de utilidad para los modelistas m\u00e1s experimentados, que podr\u00e1n ahorrar bastante tiempo y lograr efectos muy refinados y complejos f\u00e1cilmente. Los nuevos SHADERS no son una pintura m\u00e1s, son una nueva forma de pintar que ahorra tiempo y esfuerzo y que proporciona efectos profesionales en tus maquetas.<\/p>\n<ul>\n<li>Crea efectos de luz y volumen<\/li>\n<li>Cambia el tono de tu modelo de forma r\u00e1pida<\/li>\n<li>Haz efectos de paneles y suciedad con facilidad<\/li>\n<li>Nuevo producto para hacer efectos de forma r\u00e1pida<\/li>\n<li>No toxico<\/li>\n<li>No necesita diluirse<\/li>\n<li>Para ser usado con aer\u00f3grafo. No se atasca<\/li>\n<li>F\u00e1cil de limpiar con agua<\/li>\n<li>Permite corregir o limpiar durante unas horas<\/li>\n<li>Pigmento s\u00faper fino y f\u00f3rmula \u00fanica<\/li>\n<\/ul>\n","protected":false},"excerpt":{"rendered":"<p>Pintura con base acr\u00edlica de color azul marino especialmente formulada para sombrear zonas con aer\u00f3grafo. Bote 10mL<\/p>\n","protected":false},"featured_media":7587,"template":"","meta":[],"product_brand":[],"product_cat":[125],"product_tag":[],"class_list":{"0":"post-7586","1":"product","2":"type-product","3":"status-publish","4":"has-post-thumbnail","6":"product_cat-shaders","8":"first","9":"instock","10":"shipping-taxable","11":"purchasable","12":"product-type-simple"},"yoast_head":"<!-- This site is optimized with the Yoast SEO plugin v27.2 - https:\/\/yoast.com\/product\/yoast-seo-wordpress\/ -->\n<title>AMIG:0861 SOMBREADOR AZUL MARINO - Modeler Max Pro<\/title>\n<meta name=\"robots\" content=\"index, follow, max-snippet:-1, max-image-preview:large, max-video-preview:-1\" \/>\n<link rel=\"canonical\" href=\"https:\/\/modelermaxpro.com\/index.php\/product\/amig0861-sombreador-azul-marino\/\" \/>\n<meta property=\"og:locale\" content=\"es_ES\" \/>\n<meta property=\"og:type\" content=\"article\" \/>\n<meta property=\"og:title\" content=\"AMIG:0861 SOMBREADOR AZUL MARINO - Modeler Max Pro\" \/>\n<meta property=\"og:description\" content=\"Pintura con base acr\u00edlica de color azul marino especialmente formulada para sombrear zonas con aer\u00f3grafo. Bote 10mL\" \/>\n<meta property=\"og:url\" content=\"https:\/\/modelermaxpro.com\/index.php\/product\/amig0861-sombreador-azul-marino\/\" \/>\n<meta property=\"og:site_name\" content=\"Modeler Max Pro\" \/>\n<meta property=\"article:modified_time\" content=\"2023-03-16T23:15:01+00:00\" \/>\n<meta property=\"og:image\" content=\"https:\/\/modelermaxpro.com\/wp-content\/uploads\/2021\/01\/A.MIG-0861.jpg\" \/>\n\t<meta property=\"og:image:width\" content=\"800\" \/>\n\t<meta property=\"og:image:height\" content=\"800\" \/>\n\t<meta property=\"og:image:type\" content=\"image\/jpeg\" \/>\n<meta name=\"twitter:card\" content=\"summary_large_image\" \/>\n<meta name=\"twitter:label1\" content=\"Tiempo de lectura\" \/>\n\t<meta name=\"twitter:data1\" content=\"1 minuto\" \/>\n<script type=\"application\/ld+json\" class=\"yoast-schema-graph\">{\"@context\":\"https:\/\/schema.org\",\"@graph\":[{\"@type\":\"WebPage\",\"@id\":\"https:\/\/modelermaxpro.com\/index.php\/product\/amig0861-sombreador-azul-marino\/\",\"url\":\"https:\/\/modelermaxpro.com\/index.php\/product\/amig0861-sombreador-azul-marino\/\",\"name\":\"AMIG:0861 SOMBREADOR AZUL MARINO - Modeler Max Pro\",\"isPartOf\":{\"@id\":\"https:\/\/modelermaxpro.com\/#website\"},\"primaryImageOfPage\":{\"@id\":\"https:\/\/modelermaxpro.com\/index.php\/product\/amig0861-sombreador-azul-marino\/#primaryimage\"},\"image\":{\"@id\":\"https:\/\/modelermaxpro.com\/index.php\/product\/amig0861-sombreador-azul-marino\/#primaryimage\"},\"thumbnailUrl\":\"https:\/\/modelermaxpro.com\/wp-content\/uploads\/2021\/01\/A.MIG-0861.jpg\",\"datePublished\":\"2021-01-23T14:27:55+00:00\",\"dateModified\":\"2023-03-16T23:15:01+00:00\",\"breadcrumb\":{\"@id\":\"https:\/\/modelermaxpro.com\/index.php\/product\/amig0861-sombreador-azul-marino\/#breadcrumb\"},\"inLanguage\":\"es-AR\",\"potentialAction\":[{\"@type\":\"ReadAction\",\"target\":[\"https:\/\/modelermaxpro.com\/index.php\/product\/amig0861-sombreador-azul-marino\/\"]}]},{\"@type\":\"ImageObject\",\"inLanguage\":\"es-AR\",\"@id\":\"https:\/\/modelermaxpro.com\/index.php\/product\/amig0861-sombreador-azul-marino\/#primaryimage\",\"url\":\"https:\/\/modelermaxpro.com\/wp-content\/uploads\/2021\/01\/A.MIG-0861.jpg\",\"contentUrl\":\"https:\/\/modelermaxpro.com\/wp-content\/uploads\/2021\/01\/A.MIG-0861.jpg\",\"width\":800,\"height\":800},{\"@type\":\"BreadcrumbList\",\"@id\":\"https:\/\/modelermaxpro.com\/index.php\/product\/amig0861-sombreador-azul-marino\/#breadcrumb\",\"itemListElement\":[{\"@type\":\"ListItem\",\"position\":1,\"name\":\"Inicio\",\"item\":\"https:\/\/modelermaxpro.com\/\"},{\"@type\":\"ListItem\",\"position\":2,\"name\":\"Shop\",\"item\":\"https:\/\/modelermaxpro.com\/index.php\/shop\/\"},{\"@type\":\"ListItem\",\"position\":3,\"name\":\"AMIG:0861 SOMBREADOR AZUL MARINO\"}]},{\"@type\":\"WebSite\",\"@id\":\"https:\/\/modelermaxpro.com\/#website\",\"url\":\"https:\/\/modelermaxpro.com\/\",\"name\":\"Modeler Max Pro\",\"description\":\"\",\"publisher\":{\"@id\":\"https:\/\/modelermaxpro.com\/#organization\"},\"potentialAction\":[{\"@type\":\"SearchAction\",\"target\":{\"@type\":\"EntryPoint\",\"urlTemplate\":\"https:\/\/modelermaxpro.com\/?s={search_term_string}\"},\"query-input\":{\"@type\":\"PropertyValueSpecification\",\"valueRequired\":true,\"valueName\":\"search_term_string\"}}],\"inLanguage\":\"es-AR\"},{\"@type\":\"Organization\",\"@id\":\"https:\/\/modelermaxpro.com\/#organization\",\"name\":\"Modeler Max Pro\",\"url\":\"https:\/\/modelermaxpro.com\/\",\"logo\":{\"@type\":\"ImageObject\",\"inLanguage\":\"es-AR\",\"@id\":\"https:\/\/modelermaxpro.com\/#\/schema\/logo\/image\/\",\"url\":\"https:\/\/modelermaxpro.com\/wp-content\/uploads\/2019\/11\/logos_Modeler-web_Mesa-de-trabajo-1_Mesa-de-trabajo-1.png\",\"contentUrl\":\"https:\/\/modelermaxpro.com\/wp-content\/uploads\/2019\/11\/logos_Modeler-web_Mesa-de-trabajo-1_Mesa-de-trabajo-1.png\",\"width\":322,\"height\":72,\"caption\":\"Modeler Max Pro\"},\"image\":{\"@id\":\"https:\/\/modelermaxpro.com\/#\/schema\/logo\/image\/\"}}]}<\/script>\n<!-- \/ Yoast SEO plugin. -->","yoast_head_json":{"title":"AMIG:0861 SOMBREADOR AZUL MARINO - Modeler Max Pro","robots":{"index":"index","follow":"follow","max-snippet":"max-snippet:-1","max-image-preview":"max-image-preview:large","max-video-preview":"max-video-preview:-1"},"canonical":"https:\/\/modelermaxpro.com\/index.php\/product\/amig0861-sombreador-azul-marino\/","og_locale":"es_ES","og_type":"article","og_title":"AMIG:0861 SOMBREADOR AZUL MARINO - Modeler Max Pro","og_description":"Pintura con base acr\u00edlica de color azul marino especialmente formulada para sombrear zonas con aer\u00f3grafo. Bote 10mL","og_url":"https:\/\/modelermaxpro.com\/index.php\/product\/amig0861-sombreador-azul-marino\/","og_site_name":"Modeler Max Pro","article_modified_time":"2023-03-16T23:15:01+00:00","og_image":[{"width":800,"height":800,"url":"https:\/\/modelermaxpro.com\/wp-content\/uploads\/2021\/01\/A.MIG-0861.jpg","type":"image\/jpeg"}],"twitter_card":"summary_large_image","twitter_misc":{"Tiempo de lectura":"1 minuto"},"schema":{"@context":"https:\/\/schema.org","@graph":[{"@type":"WebPage","@id":"https:\/\/modelermaxpro.com\/index.php\/product\/amig0861-sombreador-azul-marino\/","url":"https:\/\/modelermaxpro.com\/index.php\/product\/amig0861-sombreador-azul-marino\/","name":"AMIG:0861 SOMBREADOR AZUL MARINO - Modeler Max Pro","isPartOf":{"@id":"https:\/\/modelermaxpro.com\/#website"},"primaryImageOfPage":{"@id":"https:\/\/modelermaxpro.com\/index.php\/product\/amig0861-sombreador-azul-marino\/#primaryimage"},"image":{"@id":"https:\/\/modelermaxpro.com\/index.php\/product\/amig0861-sombreador-azul-marino\/#primaryimage"},"thumbnailUrl":"https:\/\/modelermaxpro.com\/wp-content\/uploads\/2021\/01\/A.MIG-0861.jpg","datePublished":"2021-01-23T14:27:55+00:00","dateModified":"2023-03-16T23:15:01+00:00","breadcrumb":{"@id":"https:\/\/modelermaxpro.com\/index.php\/product\/amig0861-sombreador-azul-marino\/#breadcrumb"},"inLanguage":"es-AR","potentialAction":[{"@type":"ReadAction","target":["https:\/\/modelermaxpro.com\/index.php\/product\/amig0861-sombreador-azul-marino\/"]}]},{"@type":"ImageObject","inLanguage":"es-AR","@id":"https:\/\/modelermaxpro.com\/index.php\/product\/amig0861-sombreador-azul-marino\/#primaryimage","url":"https:\/\/modelermaxpro.com\/wp-content\/uploads\/2021\/01\/A.MIG-0861.jpg","contentUrl":"https:\/\/modelermaxpro.com\/wp-content\/uploads\/2021\/01\/A.MIG-0861.jpg","width":800,"height":800},{"@type":"BreadcrumbList","@id":"https:\/\/modelermaxpro.com\/index.php\/product\/amig0861-sombreador-azul-marino\/#breadcrumb","itemListElement":[{"@type":"ListItem","position":1,"name":"Inicio","item":"https:\/\/modelermaxpro.com\/"},{"@type":"ListItem","position":2,"name":"Shop","item":"https:\/\/modelermaxpro.com\/index.php\/shop\/"},{"@type":"ListItem","position":3,"name":"AMIG:0861 SOMBREADOR AZUL MARINO"}]},{"@type":"WebSite","@id":"https:\/\/modelermaxpro.com\/#website","url":"https:\/\/modelermaxpro.com\/","name":"Modeler Max Pro","description":"","publisher":{"@id":"https:\/\/modelermaxpro.com\/#organization"},"potentialAction":[{"@type":"SearchAction","target":{"@type":"EntryPoint","urlTemplate":"https:\/\/modelermaxpro.com\/?s={search_term_string}"},"query-input":{"@type":"PropertyValueSpecification","valueRequired":true,"valueName":"search_term_string"}}],"inLanguage":"es-AR"},{"@type":"Organization","@id":"https:\/\/modelermaxpro.com\/#organization","name":"Modeler Max Pro","url":"https:\/\/modelermaxpro.com\/","logo":{"@type":"ImageObject","inLanguage":"es-AR","@id":"https:\/\/modelermaxpro.com\/#\/schema\/logo\/image\/","url":"https:\/\/modelermaxpro.com\/wp-content\/uploads\/2019\/11\/logos_Modeler-web_Mesa-de-trabajo-1_Mesa-de-trabajo-1.png","contentUrl":"https:\/\/modelermaxpro.com\/wp-content\/uploads\/2019\/11\/logos_Modeler-web_Mesa-de-trabajo-1_Mesa-de-trabajo-1.png","width":322,"height":72,"caption":"Modeler Max Pro"},"image":{"@id":"https:\/\/modelermaxpro.com\/#\/schema\/logo\/image\/"}}]}},"_links":{"self":[{"href":"https:\/\/modelermaxpro.com\/index.php\/wp-json\/wp\/v2\/product\/7586","targetHints":{"allow":["GET"]}}],"collection":[{"href":"https:\/\/modelermaxpro.com\/index.php\/wp-json\/wp\/v2\/product"}],"about":[{"href":"https:\/\/modelermaxpro.com\/index.php\/wp-json\/wp\/v2\/types\/product"}],"wp:featuredmedia":[{"embeddable":true,"href":"https:\/\/modelermaxpro.com\/index.php\/wp-json\/wp\/v2\/media\/7587"}],"wp:attachment":[{"href":"https:\/\/modelermaxpro.com\/index.php\/wp-json\/wp\/v2\/media?parent=7586"}],"wp:term":[{"taxonomy":"product_brand","embeddable":true,"href":"https:\/\/modelermaxpro.com\/index.php\/wp-json\/wp\/v2\/product_brand?post=7586"},{"taxonomy":"product_cat","embeddable":true,"href":"https:\/\/modelermaxpro.com\/index.php\/wp-json\/wp\/v2\/product_cat?post=7586"},{"taxonomy":"product_tag","embeddable":true,"href":"https:\/\/modelermaxpro.com\/index.php\/wp-json\/wp\/v2\/product_tag?post=7586"}],"curies":[{"name":"wp","href":"https:\/\/api.w.org\/{rel}","templated":true}]}}