{"id":7769,"date":"2021-04-10T22:26:41","date_gmt":"2021-04-11T01:26:41","guid":{"rendered":"https:\/\/modelermaxpro.com\/?post_type=product&#038;p=7769"},"modified":"2022-08-13T10:32:34","modified_gmt":"2022-08-13T13:32:34","slug":"weed-tuft-6mm-burned-orange-mmpwt608","status":"publish","type":"product","link":"https:\/\/modelermaxpro.com\/index.php\/product\/weed-tuft-6mm-burned-orange-mmpwt608\/","title":{"rendered":"WEED TUFT 6mm BURNED ORANGE MMP:WT608"},"content":{"rendered":"","protected":false},"excerpt":{"rendered":"<table width=\"1553\">\n<tbody>\n<tr>\n<td colspan=\"4\" width=\"993\">Alfombra de fibra de 6mm de alto cubierta con textura de hojas color MARRON ROJIZO.<\/td>\n<\/tr>\n<tr>\n<td colspan=\"2\" width=\"833\">Otra alternativa de color ideal para vegetacion de invierno para recrear la cl\u00e1sica vegetaci\u00f3n quemada.<\/td>\n<td width=\"80\"><\/td>\n<td width=\"80\"><\/td>\n<\/tr>\n<tr>\n<td colspan=\"6\" width=\"1393\">Contiene cientos de Tufts (mechones) unidos entre si. Esto te permite controlar el tema\u00f1o que necesites, pudiendo tambien quitarlos de forma individual.<\/td>\n<\/tr>\n<tr>\n<td colspan=\"5\" width=\"1153\">Al quitar varios que ya estan unidos, te da facilidad para colocarlos y crear asi una apariencia mucho mas natural.<\/td>\n<\/tr>\n<tr>\n<td width=\"737\">Ideal para recrear matorrales densos.<\/td>\n<td width=\"96\"><\/td>\n<td width=\"80\"><\/td>\n<td width=\"80\"><\/td>\n<\/tr>\n<tr>\n<td colspan=\"3\" width=\"913\">Tama\u00f1o 110mm por 170mm Ideal para varias escalas 1\/48- 1\/32 y 1\/35<\/td>\n<td width=\"80\"><\/td>\n<\/tr>\n<\/tbody>\n<\/table>\n","protected":false},"featured_media":7770,"template":"","meta":[],"product_brand":[],"product_cat":[101],"product_tag":[],"class_list":{"0":"post-7769","1":"product","2":"type-product","3":"status-publish","4":"has-post-thumbnail","6":"product_cat-grass-pathways","8":"first","9":"instock","10":"shipping-taxable","11":"purchasable","12":"product-type-simple"},"yoast_head":"<!-- This site is optimized with the Yoast SEO plugin v27.4 - https:\/\/yoast.com\/product\/yoast-seo-wordpress\/ -->\n<title>WEED TUFT 6mm BURNED ORANGE MMP:WT608 - Modeler Max Pro<\/title>\n<meta name=\"robots\" content=\"index, follow, max-snippet:-1, max-image-preview:large, max-video-preview:-1\" \/>\n<link rel=\"canonical\" href=\"https:\/\/modelermaxpro.com\/index.php\/product\/weed-tuft-6mm-burned-orange-mmpwt608\/\" \/>\n<meta property=\"og:locale\" content=\"es_ES\" \/>\n<meta property=\"og:type\" content=\"article\" \/>\n<meta property=\"og:title\" content=\"WEED TUFT 6mm BURNED ORANGE MMP:WT608 - Modeler Max Pro\" \/>\n<meta property=\"og:description\" content=\"Alfombra de fibra de 6mm de alto cubierta con textura de hojas color MARRON ROJIZO.   Otra alternativa de color ideal para vegetacion de invierno para recrear la cl\u00e1sica vegetaci\u00f3n quemada.     Contiene cientos de Tufts (mechones) unidos entre si. Esto te permite controlar el tema\u00f1o que necesites, pudiendo tambien quitarlos de forma individual.   Al quitar varios que ya estan unidos, te da facilidad para colocarlos y crear asi una apariencia mucho mas natural.   Ideal para recrear matorrales densos.      Tama\u00f1o 110mm por 170mm Ideal para varias escalas 1\/48- 1\/32 y 1\/35\" \/>\n<meta property=\"og:url\" content=\"https:\/\/modelermaxpro.com\/index.php\/product\/weed-tuft-6mm-burned-orange-mmpwt608\/\" \/>\n<meta property=\"og:site_name\" content=\"Modeler Max Pro\" \/>\n<meta property=\"article:modified_time\" content=\"2022-08-13T13:32:34+00:00\" \/>\n<meta property=\"og:image\" content=\"https:\/\/modelermaxpro.com\/wp-content\/uploads\/2021\/04\/IMG_0041-1.jpg\" \/>\n\t<meta property=\"og:image:width\" content=\"800\" \/>\n\t<meta property=\"og:image:height\" content=\"800\" \/>\n\t<meta property=\"og:image:type\" content=\"image\/jpeg\" \/>\n<meta name=\"twitter:card\" content=\"summary_large_image\" \/>\n<script type=\"application\/ld+json\" class=\"yoast-schema-graph\">{\"@context\":\"https:\\\/\\\/schema.org\",\"@graph\":[{\"@type\":\"WebPage\",\"@id\":\"https:\\\/\\\/modelermaxpro.com\\\/index.php\\\/product\\\/weed-tuft-6mm-burned-orange-mmpwt608\\\/\",\"url\":\"https:\\\/\\\/modelermaxpro.com\\\/index.php\\\/product\\\/weed-tuft-6mm-burned-orange-mmpwt608\\\/\",\"name\":\"WEED TUFT 6mm BURNED ORANGE MMP:WT608 - Modeler Max Pro\",\"isPartOf\":{\"@id\":\"https:\\\/\\\/modelermaxpro.com\\\/#website\"},\"primaryImageOfPage\":{\"@id\":\"https:\\\/\\\/modelermaxpro.com\\\/index.php\\\/product\\\/weed-tuft-6mm-burned-orange-mmpwt608\\\/#primaryimage\"},\"image\":{\"@id\":\"https:\\\/\\\/modelermaxpro.com\\\/index.php\\\/product\\\/weed-tuft-6mm-burned-orange-mmpwt608\\\/#primaryimage\"},\"thumbnailUrl\":\"https:\\\/\\\/modelermaxpro.com\\\/wp-content\\\/uploads\\\/2021\\\/04\\\/IMG_0041-1.jpg\",\"datePublished\":\"2021-04-11T01:26:41+00:00\",\"dateModified\":\"2022-08-13T13:32:34+00:00\",\"breadcrumb\":{\"@id\":\"https:\\\/\\\/modelermaxpro.com\\\/index.php\\\/product\\\/weed-tuft-6mm-burned-orange-mmpwt608\\\/#breadcrumb\"},\"inLanguage\":\"es-AR\",\"potentialAction\":[{\"@type\":\"ReadAction\",\"target\":[\"https:\\\/\\\/modelermaxpro.com\\\/index.php\\\/product\\\/weed-tuft-6mm-burned-orange-mmpwt608\\\/\"]}]},{\"@type\":\"ImageObject\",\"inLanguage\":\"es-AR\",\"@id\":\"https:\\\/\\\/modelermaxpro.com\\\/index.php\\\/product\\\/weed-tuft-6mm-burned-orange-mmpwt608\\\/#primaryimage\",\"url\":\"https:\\\/\\\/modelermaxpro.com\\\/wp-content\\\/uploads\\\/2021\\\/04\\\/IMG_0041-1.jpg\",\"contentUrl\":\"https:\\\/\\\/modelermaxpro.com\\\/wp-content\\\/uploads\\\/2021\\\/04\\\/IMG_0041-1.jpg\",\"width\":800,\"height\":800},{\"@type\":\"BreadcrumbList\",\"@id\":\"https:\\\/\\\/modelermaxpro.com\\\/index.php\\\/product\\\/weed-tuft-6mm-burned-orange-mmpwt608\\\/#breadcrumb\",\"itemListElement\":[{\"@type\":\"ListItem\",\"position\":1,\"name\":\"Inicio\",\"item\":\"https:\\\/\\\/modelermaxpro.com\\\/\"},{\"@type\":\"ListItem\",\"position\":2,\"name\":\"Shop\",\"item\":\"https:\\\/\\\/modelermaxpro.com\\\/index.php\\\/shop\\\/\"},{\"@type\":\"ListItem\",\"position\":3,\"name\":\"WEED TUFT 6mm BURNED ORANGE MMP:WT608\"}]},{\"@type\":\"WebSite\",\"@id\":\"https:\\\/\\\/modelermaxpro.com\\\/#website\",\"url\":\"https:\\\/\\\/modelermaxpro.com\\\/\",\"name\":\"Modeler Max Pro\",\"description\":\"\",\"publisher\":{\"@id\":\"https:\\\/\\\/modelermaxpro.com\\\/#organization\"},\"potentialAction\":[{\"@type\":\"SearchAction\",\"target\":{\"@type\":\"EntryPoint\",\"urlTemplate\":\"https:\\\/\\\/modelermaxpro.com\\\/?s={search_term_string}\"},\"query-input\":{\"@type\":\"PropertyValueSpecification\",\"valueRequired\":true,\"valueName\":\"search_term_string\"}}],\"inLanguage\":\"es-AR\"},{\"@type\":\"Organization\",\"@id\":\"https:\\\/\\\/modelermaxpro.com\\\/#organization\",\"name\":\"Modeler Max Pro\",\"url\":\"https:\\\/\\\/modelermaxpro.com\\\/\",\"logo\":{\"@type\":\"ImageObject\",\"inLanguage\":\"es-AR\",\"@id\":\"https:\\\/\\\/modelermaxpro.com\\\/#\\\/schema\\\/logo\\\/image\\\/\",\"url\":\"https:\\\/\\\/modelermaxpro.com\\\/wp-content\\\/uploads\\\/2019\\\/11\\\/logos_Modeler-web_Mesa-de-trabajo-1_Mesa-de-trabajo-1.png\",\"contentUrl\":\"https:\\\/\\\/modelermaxpro.com\\\/wp-content\\\/uploads\\\/2019\\\/11\\\/logos_Modeler-web_Mesa-de-trabajo-1_Mesa-de-trabajo-1.png\",\"width\":322,\"height\":72,\"caption\":\"Modeler Max Pro\"},\"image\":{\"@id\":\"https:\\\/\\\/modelermaxpro.com\\\/#\\\/schema\\\/logo\\\/image\\\/\"}}]}<\/script>\n<!-- \/ Yoast SEO plugin. -->","yoast_head_json":{"title":"WEED TUFT 6mm BURNED ORANGE MMP:WT608 - Modeler Max Pro","robots":{"index":"index","follow":"follow","max-snippet":"max-snippet:-1","max-image-preview":"max-image-preview:large","max-video-preview":"max-video-preview:-1"},"canonical":"https:\/\/modelermaxpro.com\/index.php\/product\/weed-tuft-6mm-burned-orange-mmpwt608\/","og_locale":"es_ES","og_type":"article","og_title":"WEED TUFT 6mm BURNED ORANGE MMP:WT608 - Modeler Max Pro","og_description":"Alfombra de fibra de 6mm de alto cubierta con textura de hojas color MARRON ROJIZO.   Otra alternativa de color ideal para vegetacion de invierno para recrear la cl\u00e1sica vegetaci\u00f3n quemada.     Contiene cientos de Tufts (mechones) unidos entre si. Esto te permite controlar el tema\u00f1o que necesites, pudiendo tambien quitarlos de forma individual.   Al quitar varios que ya estan unidos, te da facilidad para colocarlos y crear asi una apariencia mucho mas natural.   Ideal para recrear matorrales densos.      Tama\u00f1o 110mm por 170mm Ideal para varias escalas 1\/48- 1\/32 y 1\/35","og_url":"https:\/\/modelermaxpro.com\/index.php\/product\/weed-tuft-6mm-burned-orange-mmpwt608\/","og_site_name":"Modeler Max Pro","article_modified_time":"2022-08-13T13:32:34+00:00","og_image":[{"width":800,"height":800,"url":"https:\/\/modelermaxpro.com\/wp-content\/uploads\/2021\/04\/IMG_0041-1.jpg","type":"image\/jpeg"}],"twitter_card":"summary_large_image","schema":{"@context":"https:\/\/schema.org","@graph":[{"@type":"WebPage","@id":"https:\/\/modelermaxpro.com\/index.php\/product\/weed-tuft-6mm-burned-orange-mmpwt608\/","url":"https:\/\/modelermaxpro.com\/index.php\/product\/weed-tuft-6mm-burned-orange-mmpwt608\/","name":"WEED TUFT 6mm BURNED ORANGE MMP:WT608 - Modeler Max Pro","isPartOf":{"@id":"https:\/\/modelermaxpro.com\/#website"},"primaryImageOfPage":{"@id":"https:\/\/modelermaxpro.com\/index.php\/product\/weed-tuft-6mm-burned-orange-mmpwt608\/#primaryimage"},"image":{"@id":"https:\/\/modelermaxpro.com\/index.php\/product\/weed-tuft-6mm-burned-orange-mmpwt608\/#primaryimage"},"thumbnailUrl":"https:\/\/modelermaxpro.com\/wp-content\/uploads\/2021\/04\/IMG_0041-1.jpg","datePublished":"2021-04-11T01:26:41+00:00","dateModified":"2022-08-13T13:32:34+00:00","breadcrumb":{"@id":"https:\/\/modelermaxpro.com\/index.php\/product\/weed-tuft-6mm-burned-orange-mmpwt608\/#breadcrumb"},"inLanguage":"es-AR","potentialAction":[{"@type":"ReadAction","target":["https:\/\/modelermaxpro.com\/index.php\/product\/weed-tuft-6mm-burned-orange-mmpwt608\/"]}]},{"@type":"ImageObject","inLanguage":"es-AR","@id":"https:\/\/modelermaxpro.com\/index.php\/product\/weed-tuft-6mm-burned-orange-mmpwt608\/#primaryimage","url":"https:\/\/modelermaxpro.com\/wp-content\/uploads\/2021\/04\/IMG_0041-1.jpg","contentUrl":"https:\/\/modelermaxpro.com\/wp-content\/uploads\/2021\/04\/IMG_0041-1.jpg","width":800,"height":800},{"@type":"BreadcrumbList","@id":"https:\/\/modelermaxpro.com\/index.php\/product\/weed-tuft-6mm-burned-orange-mmpwt608\/#breadcrumb","itemListElement":[{"@type":"ListItem","position":1,"name":"Inicio","item":"https:\/\/modelermaxpro.com\/"},{"@type":"ListItem","position":2,"name":"Shop","item":"https:\/\/modelermaxpro.com\/index.php\/shop\/"},{"@type":"ListItem","position":3,"name":"WEED TUFT 6mm BURNED ORANGE MMP:WT608"}]},{"@type":"WebSite","@id":"https:\/\/modelermaxpro.com\/#website","url":"https:\/\/modelermaxpro.com\/","name":"Modeler Max Pro","description":"","publisher":{"@id":"https:\/\/modelermaxpro.com\/#organization"},"potentialAction":[{"@type":"SearchAction","target":{"@type":"EntryPoint","urlTemplate":"https:\/\/modelermaxpro.com\/?s={search_term_string}"},"query-input":{"@type":"PropertyValueSpecification","valueRequired":true,"valueName":"search_term_string"}}],"inLanguage":"es-AR"},{"@type":"Organization","@id":"https:\/\/modelermaxpro.com\/#organization","name":"Modeler Max Pro","url":"https:\/\/modelermaxpro.com\/","logo":{"@type":"ImageObject","inLanguage":"es-AR","@id":"https:\/\/modelermaxpro.com\/#\/schema\/logo\/image\/","url":"https:\/\/modelermaxpro.com\/wp-content\/uploads\/2019\/11\/logos_Modeler-web_Mesa-de-trabajo-1_Mesa-de-trabajo-1.png","contentUrl":"https:\/\/modelermaxpro.com\/wp-content\/uploads\/2019\/11\/logos_Modeler-web_Mesa-de-trabajo-1_Mesa-de-trabajo-1.png","width":322,"height":72,"caption":"Modeler Max Pro"},"image":{"@id":"https:\/\/modelermaxpro.com\/#\/schema\/logo\/image\/"}}]}},"_links":{"self":[{"href":"https:\/\/modelermaxpro.com\/index.php\/wp-json\/wp\/v2\/product\/7769","targetHints":{"allow":["GET"]}}],"collection":[{"href":"https:\/\/modelermaxpro.com\/index.php\/wp-json\/wp\/v2\/product"}],"about":[{"href":"https:\/\/modelermaxpro.com\/index.php\/wp-json\/wp\/v2\/types\/product"}],"wp:featuredmedia":[{"embeddable":true,"href":"https:\/\/modelermaxpro.com\/index.php\/wp-json\/wp\/v2\/media\/7770"}],"wp:attachment":[{"href":"https:\/\/modelermaxpro.com\/index.php\/wp-json\/wp\/v2\/media?parent=7769"}],"wp:term":[{"taxonomy":"product_brand","embeddable":true,"href":"https:\/\/modelermaxpro.com\/index.php\/wp-json\/wp\/v2\/product_brand?post=7769"},{"taxonomy":"product_cat","embeddable":true,"href":"https:\/\/modelermaxpro.com\/index.php\/wp-json\/wp\/v2\/product_cat?post=7769"},{"taxonomy":"product_tag","embeddable":true,"href":"https:\/\/modelermaxpro.com\/index.php\/wp-json\/wp\/v2\/product_tag?post=7769"}],"curies":[{"name":"wp","href":"https:\/\/api.w.org\/{rel}","templated":true}]}}