{"id":8402,"date":"2022-11-16T10:28:36","date_gmt":"2022-11-16T13:28:36","guid":{"rendered":"https:\/\/modelermaxpro.com\/?post_type=product&#038;p=8402"},"modified":"2022-11-16T10:28:36","modified_gmt":"2022-11-16T13:28:36","slug":"rb-008-summer-green","status":"publish","type":"product","link":"https:\/\/modelermaxpro.com\/index.php\/product\/rb-008-summer-green\/","title":{"rendered":"RB 008  SUMMER GREEN"},"content":{"rendered":"<p>Los <strong>REAL BUSH <\/strong>de color <strong>SUMMER GREEN<\/strong> son ideales para representar vegetaci\u00f3n en escenas de praderas o campi\u00f1as.<\/p>\n<p>Recubiertos con fino follaje de color verde, cl\u00e1sico para una escena de verano.<\/p>\n<p>Puedes utilizar varias referencias de <strong>REAL BUSH<\/strong> para lograr un mejor colorido.<\/p>\n<p>Los <strong>REAL BUSH<\/strong> se elaboran con fibras de diferente tama\u00f1o para lograr unos arbustos de altura irregular de hasta 20 mm, decorados con fino follaje de aspecto muy realista.<\/p>\n<p>Ideal para escala 1\/32 \u2013 1\/35 y 1\/48.<\/p>\n<p>En escalas m\u00e1s peque\u00f1as ya sea en 1\/144, 1\/87 y 1\/72 puedes representar arbustos altos.<\/p>\n<p>Cada bl\u00edster contiene tres l\u00edneas de 11cm de largo. Si bien a la vista la l\u00ednea tiene un aspecto continuo, encontraras 2, 3, 4 o m\u00e1s arbustos de diferente largo y tama\u00f1o.<\/p>\n<p>Se despegan muy f\u00e1cil de su soporte.<\/p>\n<p>Aconsejamos utilizar unas pinzas finas para desprenderlos de su soporte y manipularlos evitando tocarlos con los dedos.<\/p>\n<p>Una vez desprendido del soporte negro y con mucho cuidado, con una peque\u00f1a tijera, puedes cortarlos de su base si necesitas alg\u00fan arbusto con un largo especial.<\/p>\n<p>Se adaptan a cualquier superficie, para adherirlos utiliza cualquier pegamento acr\u00edlico o vin\u00edlico.<\/p>\n","protected":false},"excerpt":{"rendered":"<p>Los REAL BUSH de color SUMMER GREEN son ideales para representar vegetaci\u00f3n en escenas de praderas o campi\u00f1as. Recubiertos con fino follaje de color verde, cl\u00e1sico para una escena de verano. Puedes utilizar varias referencias de REAL BUSH para lograr un mejor colorido. Los REAL BUSH se elaboran con fibras de diferente tama\u00f1o para lograr [&hellip;]<\/p>\n","protected":false},"featured_media":8403,"template":"","meta":[],"product_brand":[],"product_cat":[150],"product_tag":[],"class_list":{"0":"post-8402","1":"product","2":"type-product","3":"status-publish","4":"has-post-thumbnail","6":"product_cat-real-bush-medium","8":"first","9":"instock","10":"shipping-taxable","11":"purchasable","12":"product-type-simple"},"yoast_head":"<!-- This site is optimized with the Yoast SEO plugin v27.4 - https:\/\/yoast.com\/product\/yoast-seo-wordpress\/ -->\n<title>RB 008 SUMMER GREEN - Modeler Max Pro<\/title>\n<meta name=\"robots\" content=\"index, follow, max-snippet:-1, max-image-preview:large, max-video-preview:-1\" \/>\n<link rel=\"canonical\" href=\"https:\/\/modelermaxpro.com\/index.php\/product\/rb-008-summer-green\/\" \/>\n<meta property=\"og:locale\" content=\"es_ES\" \/>\n<meta property=\"og:type\" content=\"article\" \/>\n<meta property=\"og:title\" content=\"RB 008 SUMMER GREEN - Modeler Max Pro\" \/>\n<meta property=\"og:description\" content=\"Los REAL BUSH de color SUMMER GREEN son ideales para representar vegetaci\u00f3n en escenas de praderas o campi\u00f1as. Recubiertos con fino follaje de color verde, cl\u00e1sico para una escena de verano. Puedes utilizar varias referencias de REAL BUSH para lograr un mejor colorido. Los REAL BUSH se elaboran con fibras de diferente tama\u00f1o para lograr [&hellip;]\" \/>\n<meta property=\"og:url\" content=\"https:\/\/modelermaxpro.com\/index.php\/product\/rb-008-summer-green\/\" \/>\n<meta property=\"og:site_name\" content=\"Modeler Max Pro\" \/>\n<meta property=\"og:image\" content=\"https:\/\/modelermaxpro.com\/wp-content\/uploads\/2022\/11\/SUMMER-GREEN-05-B.jpg\" \/>\n\t<meta property=\"og:image:width\" content=\"800\" \/>\n\t<meta property=\"og:image:height\" content=\"800\" \/>\n\t<meta property=\"og:image:type\" content=\"image\/jpeg\" \/>\n<meta name=\"twitter:card\" content=\"summary_large_image\" \/>\n<meta name=\"twitter:label1\" content=\"Tiempo de lectura\" \/>\n\t<meta name=\"twitter:data1\" content=\"1 minuto\" \/>\n<script type=\"application\/ld+json\" class=\"yoast-schema-graph\">{\"@context\":\"https:\\\/\\\/schema.org\",\"@graph\":[{\"@type\":\"WebPage\",\"@id\":\"https:\\\/\\\/modelermaxpro.com\\\/index.php\\\/product\\\/rb-008-summer-green\\\/\",\"url\":\"https:\\\/\\\/modelermaxpro.com\\\/index.php\\\/product\\\/rb-008-summer-green\\\/\",\"name\":\"RB 008 SUMMER GREEN - Modeler Max Pro\",\"isPartOf\":{\"@id\":\"https:\\\/\\\/modelermaxpro.com\\\/#website\"},\"primaryImageOfPage\":{\"@id\":\"https:\\\/\\\/modelermaxpro.com\\\/index.php\\\/product\\\/rb-008-summer-green\\\/#primaryimage\"},\"image\":{\"@id\":\"https:\\\/\\\/modelermaxpro.com\\\/index.php\\\/product\\\/rb-008-summer-green\\\/#primaryimage\"},\"thumbnailUrl\":\"https:\\\/\\\/modelermaxpro.com\\\/wp-content\\\/uploads\\\/2022\\\/11\\\/SUMMER-GREEN-05-B.jpg\",\"datePublished\":\"2022-11-16T13:28:36+00:00\",\"breadcrumb\":{\"@id\":\"https:\\\/\\\/modelermaxpro.com\\\/index.php\\\/product\\\/rb-008-summer-green\\\/#breadcrumb\"},\"inLanguage\":\"es-AR\",\"potentialAction\":[{\"@type\":\"ReadAction\",\"target\":[\"https:\\\/\\\/modelermaxpro.com\\\/index.php\\\/product\\\/rb-008-summer-green\\\/\"]}]},{\"@type\":\"ImageObject\",\"inLanguage\":\"es-AR\",\"@id\":\"https:\\\/\\\/modelermaxpro.com\\\/index.php\\\/product\\\/rb-008-summer-green\\\/#primaryimage\",\"url\":\"https:\\\/\\\/modelermaxpro.com\\\/wp-content\\\/uploads\\\/2022\\\/11\\\/SUMMER-GREEN-05-B.jpg\",\"contentUrl\":\"https:\\\/\\\/modelermaxpro.com\\\/wp-content\\\/uploads\\\/2022\\\/11\\\/SUMMER-GREEN-05-B.jpg\",\"width\":800,\"height\":800},{\"@type\":\"BreadcrumbList\",\"@id\":\"https:\\\/\\\/modelermaxpro.com\\\/index.php\\\/product\\\/rb-008-summer-green\\\/#breadcrumb\",\"itemListElement\":[{\"@type\":\"ListItem\",\"position\":1,\"name\":\"Inicio\",\"item\":\"https:\\\/\\\/modelermaxpro.com\\\/\"},{\"@type\":\"ListItem\",\"position\":2,\"name\":\"Shop\",\"item\":\"https:\\\/\\\/modelermaxpro.com\\\/index.php\\\/shop\\\/\"},{\"@type\":\"ListItem\",\"position\":3,\"name\":\"RB 008 SUMMER GREEN\"}]},{\"@type\":\"WebSite\",\"@id\":\"https:\\\/\\\/modelermaxpro.com\\\/#website\",\"url\":\"https:\\\/\\\/modelermaxpro.com\\\/\",\"name\":\"Modeler Max Pro\",\"description\":\"\",\"publisher\":{\"@id\":\"https:\\\/\\\/modelermaxpro.com\\\/#organization\"},\"potentialAction\":[{\"@type\":\"SearchAction\",\"target\":{\"@type\":\"EntryPoint\",\"urlTemplate\":\"https:\\\/\\\/modelermaxpro.com\\\/?s={search_term_string}\"},\"query-input\":{\"@type\":\"PropertyValueSpecification\",\"valueRequired\":true,\"valueName\":\"search_term_string\"}}],\"inLanguage\":\"es-AR\"},{\"@type\":\"Organization\",\"@id\":\"https:\\\/\\\/modelermaxpro.com\\\/#organization\",\"name\":\"Modeler Max Pro\",\"url\":\"https:\\\/\\\/modelermaxpro.com\\\/\",\"logo\":{\"@type\":\"ImageObject\",\"inLanguage\":\"es-AR\",\"@id\":\"https:\\\/\\\/modelermaxpro.com\\\/#\\\/schema\\\/logo\\\/image\\\/\",\"url\":\"https:\\\/\\\/modelermaxpro.com\\\/wp-content\\\/uploads\\\/2019\\\/11\\\/logos_Modeler-web_Mesa-de-trabajo-1_Mesa-de-trabajo-1.png\",\"contentUrl\":\"https:\\\/\\\/modelermaxpro.com\\\/wp-content\\\/uploads\\\/2019\\\/11\\\/logos_Modeler-web_Mesa-de-trabajo-1_Mesa-de-trabajo-1.png\",\"width\":322,\"height\":72,\"caption\":\"Modeler Max Pro\"},\"image\":{\"@id\":\"https:\\\/\\\/modelermaxpro.com\\\/#\\\/schema\\\/logo\\\/image\\\/\"}}]}<\/script>\n<!-- \/ Yoast SEO plugin. -->","yoast_head_json":{"title":"RB 008 SUMMER GREEN - Modeler Max Pro","robots":{"index":"index","follow":"follow","max-snippet":"max-snippet:-1","max-image-preview":"max-image-preview:large","max-video-preview":"max-video-preview:-1"},"canonical":"https:\/\/modelermaxpro.com\/index.php\/product\/rb-008-summer-green\/","og_locale":"es_ES","og_type":"article","og_title":"RB 008 SUMMER GREEN - Modeler Max Pro","og_description":"Los REAL BUSH de color SUMMER GREEN son ideales para representar vegetaci\u00f3n en escenas de praderas o campi\u00f1as. Recubiertos con fino follaje de color verde, cl\u00e1sico para una escena de verano. Puedes utilizar varias referencias de REAL BUSH para lograr un mejor colorido. Los REAL BUSH se elaboran con fibras de diferente tama\u00f1o para lograr [&hellip;]","og_url":"https:\/\/modelermaxpro.com\/index.php\/product\/rb-008-summer-green\/","og_site_name":"Modeler Max Pro","og_image":[{"width":800,"height":800,"url":"https:\/\/modelermaxpro.com\/wp-content\/uploads\/2022\/11\/SUMMER-GREEN-05-B.jpg","type":"image\/jpeg"}],"twitter_card":"summary_large_image","twitter_misc":{"Tiempo de lectura":"1 minuto"},"schema":{"@context":"https:\/\/schema.org","@graph":[{"@type":"WebPage","@id":"https:\/\/modelermaxpro.com\/index.php\/product\/rb-008-summer-green\/","url":"https:\/\/modelermaxpro.com\/index.php\/product\/rb-008-summer-green\/","name":"RB 008 SUMMER GREEN - Modeler Max Pro","isPartOf":{"@id":"https:\/\/modelermaxpro.com\/#website"},"primaryImageOfPage":{"@id":"https:\/\/modelermaxpro.com\/index.php\/product\/rb-008-summer-green\/#primaryimage"},"image":{"@id":"https:\/\/modelermaxpro.com\/index.php\/product\/rb-008-summer-green\/#primaryimage"},"thumbnailUrl":"https:\/\/modelermaxpro.com\/wp-content\/uploads\/2022\/11\/SUMMER-GREEN-05-B.jpg","datePublished":"2022-11-16T13:28:36+00:00","breadcrumb":{"@id":"https:\/\/modelermaxpro.com\/index.php\/product\/rb-008-summer-green\/#breadcrumb"},"inLanguage":"es-AR","potentialAction":[{"@type":"ReadAction","target":["https:\/\/modelermaxpro.com\/index.php\/product\/rb-008-summer-green\/"]}]},{"@type":"ImageObject","inLanguage":"es-AR","@id":"https:\/\/modelermaxpro.com\/index.php\/product\/rb-008-summer-green\/#primaryimage","url":"https:\/\/modelermaxpro.com\/wp-content\/uploads\/2022\/11\/SUMMER-GREEN-05-B.jpg","contentUrl":"https:\/\/modelermaxpro.com\/wp-content\/uploads\/2022\/11\/SUMMER-GREEN-05-B.jpg","width":800,"height":800},{"@type":"BreadcrumbList","@id":"https:\/\/modelermaxpro.com\/index.php\/product\/rb-008-summer-green\/#breadcrumb","itemListElement":[{"@type":"ListItem","position":1,"name":"Inicio","item":"https:\/\/modelermaxpro.com\/"},{"@type":"ListItem","position":2,"name":"Shop","item":"https:\/\/modelermaxpro.com\/index.php\/shop\/"},{"@type":"ListItem","position":3,"name":"RB 008 SUMMER GREEN"}]},{"@type":"WebSite","@id":"https:\/\/modelermaxpro.com\/#website","url":"https:\/\/modelermaxpro.com\/","name":"Modeler Max Pro","description":"","publisher":{"@id":"https:\/\/modelermaxpro.com\/#organization"},"potentialAction":[{"@type":"SearchAction","target":{"@type":"EntryPoint","urlTemplate":"https:\/\/modelermaxpro.com\/?s={search_term_string}"},"query-input":{"@type":"PropertyValueSpecification","valueRequired":true,"valueName":"search_term_string"}}],"inLanguage":"es-AR"},{"@type":"Organization","@id":"https:\/\/modelermaxpro.com\/#organization","name":"Modeler Max Pro","url":"https:\/\/modelermaxpro.com\/","logo":{"@type":"ImageObject","inLanguage":"es-AR","@id":"https:\/\/modelermaxpro.com\/#\/schema\/logo\/image\/","url":"https:\/\/modelermaxpro.com\/wp-content\/uploads\/2019\/11\/logos_Modeler-web_Mesa-de-trabajo-1_Mesa-de-trabajo-1.png","contentUrl":"https:\/\/modelermaxpro.com\/wp-content\/uploads\/2019\/11\/logos_Modeler-web_Mesa-de-trabajo-1_Mesa-de-trabajo-1.png","width":322,"height":72,"caption":"Modeler Max Pro"},"image":{"@id":"https:\/\/modelermaxpro.com\/#\/schema\/logo\/image\/"}}]}},"_links":{"self":[{"href":"https:\/\/modelermaxpro.com\/index.php\/wp-json\/wp\/v2\/product\/8402","targetHints":{"allow":["GET"]}}],"collection":[{"href":"https:\/\/modelermaxpro.com\/index.php\/wp-json\/wp\/v2\/product"}],"about":[{"href":"https:\/\/modelermaxpro.com\/index.php\/wp-json\/wp\/v2\/types\/product"}],"wp:featuredmedia":[{"embeddable":true,"href":"https:\/\/modelermaxpro.com\/index.php\/wp-json\/wp\/v2\/media\/8403"}],"wp:attachment":[{"href":"https:\/\/modelermaxpro.com\/index.php\/wp-json\/wp\/v2\/media?parent=8402"}],"wp:term":[{"taxonomy":"product_brand","embeddable":true,"href":"https:\/\/modelermaxpro.com\/index.php\/wp-json\/wp\/v2\/product_brand?post=8402"},{"taxonomy":"product_cat","embeddable":true,"href":"https:\/\/modelermaxpro.com\/index.php\/wp-json\/wp\/v2\/product_cat?post=8402"},{"taxonomy":"product_tag","embeddable":true,"href":"https:\/\/modelermaxpro.com\/index.php\/wp-json\/wp\/v2\/product_tag?post=8402"}],"curies":[{"name":"wp","href":"https:\/\/api.w.org\/{rel}","templated":true}]}}