{"id":8490,"date":"2023-02-02T10:49:49","date_gmt":"2023-02-02T13:49:49","guid":{"rendered":"https:\/\/modelermaxpro.com\/?post_type=product&#038;p=8490"},"modified":"2024-08-07T18:15:01","modified_gmt":"2024-08-07T21:15:01","slug":"paleta-humeda-wet-palette","status":"publish","type":"product","link":"https:\/\/modelermaxpro.com\/index.php\/product\/paleta-humeda-wet-palette\/","title":{"rendered":"PALETA HUMEDA (WET PALETTE)"},"content":{"rendered":"<p>Accesorio o herramienta dise\u00f1ada para modelistas pintores de figuras y o modelistas que pintan miniaturas con cualquier pintura acr\u00edlica.<\/p>\n<p>Extiende el tiempo de trabajo de las pinturas acr\u00edlicas, permitiendo su uso durante varias horas.<\/p>\n<p>De cierre herm\u00e9tico. Podr\u00e1s guardar los colores y mezclas cerrando la paleta para tenerlas disponibles durante varios d\u00edas. Para extender la durabilidad de la pintura acr\u00edlica se aconseja guardar la paleta en un refrigerador si la vas a usar por varios d\u00edas.<\/p>\n<p>Se compone de las siguientes partes:<\/p>\n<ul>\n<li>Dep\u00f3sito de agua con peque\u00f1a parrilla pl\u00e1stica.<\/li>\n<li>Esponja de alta densidad para acumular el agua.<\/li>\n<li>Papel de fibra sobre la esponja para nivelar, cumpliendo la funci\u00f3n de filtro de humedad. Intercambiable si se mancha en su totalidad o se deteriora por el uso intensivo.<\/li>\n<li>Incluye 2 unidades.<\/li>\n<\/ul>\n<ul>\n<li>Papel especial de gran calidad con una pel\u00edcula de silicona que permite pasar la humedad manteniendo fresca la pintura, sin encharcar ni disolver los colores. No desprende fibras ni pelos al trabajar con el pincel.<\/li>\n<li>Incluye 10 unidades.<\/li>\n<\/ul>\n","protected":false},"excerpt":{"rendered":"<p>Accesorio o herramienta dise\u00f1ada para modelistas pintores de figuras y o modelistas que pintan miniaturas con cualquier pintura acr\u00edlica. Extiende el tiempo de trabajo de las pinturas acr\u00edlicas, permitiendo su uso durante varias horas. De cierre herm\u00e9tico. Podr\u00e1s guardar los colores y mezclas cerrando la paleta para tenerlas disponibles durante varios d\u00edas. Para extender la [&hellip;]<\/p>\n","protected":false},"featured_media":8491,"template":"","meta":[],"product_brand":[],"product_cat":[121],"product_tag":[],"class_list":{"0":"post-8490","1":"product","2":"type-product","3":"status-publish","4":"has-post-thumbnail","6":"product_cat-accesorios-y-herr","8":"first","9":"outofstock","10":"shipping-taxable","11":"purchasable","12":"product-type-simple"},"yoast_head":"<!-- This site is optimized with the Yoast SEO plugin v27.4 - https:\/\/yoast.com\/product\/yoast-seo-wordpress\/ -->\n<title>PALETA HUMEDA (WET PALETTE) - Modeler Max Pro<\/title>\n<meta name=\"robots\" content=\"index, follow, max-snippet:-1, max-image-preview:large, max-video-preview:-1\" \/>\n<link rel=\"canonical\" href=\"https:\/\/modelermaxpro.com\/index.php\/product\/paleta-humeda-wet-palette\/\" \/>\n<meta property=\"og:locale\" content=\"es_ES\" \/>\n<meta property=\"og:type\" content=\"article\" \/>\n<meta property=\"og:title\" content=\"PALETA HUMEDA (WET PALETTE) - Modeler Max Pro\" \/>\n<meta property=\"og:description\" content=\"Accesorio o herramienta dise\u00f1ada para modelistas pintores de figuras y o modelistas que pintan miniaturas con cualquier pintura acr\u00edlica. Extiende el tiempo de trabajo de las pinturas acr\u00edlicas, permitiendo su uso durante varias horas. De cierre herm\u00e9tico. Podr\u00e1s guardar los colores y mezclas cerrando la paleta para tenerlas disponibles durante varios d\u00edas. Para extender la [&hellip;]\" \/>\n<meta property=\"og:url\" content=\"https:\/\/modelermaxpro.com\/index.php\/product\/paleta-humeda-wet-palette\/\" \/>\n<meta property=\"og:site_name\" content=\"Modeler Max Pro\" \/>\n<meta property=\"article:modified_time\" content=\"2024-08-07T21:15:01+00:00\" \/>\n<meta property=\"og:image\" content=\"https:\/\/modelermaxpro.com\/wp-content\/uploads\/2023\/02\/PALETA-2.webp\" \/>\n\t<meta property=\"og:image:width\" content=\"750\" \/>\n\t<meta property=\"og:image:height\" content=\"1431\" \/>\n\t<meta property=\"og:image:type\" content=\"image\/webp\" \/>\n<meta name=\"twitter:card\" content=\"summary_large_image\" \/>\n<meta name=\"twitter:label1\" content=\"Tiempo de lectura\" \/>\n\t<meta name=\"twitter:data1\" content=\"1 minuto\" \/>\n<script type=\"application\/ld+json\" class=\"yoast-schema-graph\">{\"@context\":\"https:\\\/\\\/schema.org\",\"@graph\":[{\"@type\":\"WebPage\",\"@id\":\"https:\\\/\\\/modelermaxpro.com\\\/index.php\\\/product\\\/paleta-humeda-wet-palette\\\/\",\"url\":\"https:\\\/\\\/modelermaxpro.com\\\/index.php\\\/product\\\/paleta-humeda-wet-palette\\\/\",\"name\":\"PALETA HUMEDA (WET PALETTE) - Modeler Max Pro\",\"isPartOf\":{\"@id\":\"https:\\\/\\\/modelermaxpro.com\\\/#website\"},\"primaryImageOfPage\":{\"@id\":\"https:\\\/\\\/modelermaxpro.com\\\/index.php\\\/product\\\/paleta-humeda-wet-palette\\\/#primaryimage\"},\"image\":{\"@id\":\"https:\\\/\\\/modelermaxpro.com\\\/index.php\\\/product\\\/paleta-humeda-wet-palette\\\/#primaryimage\"},\"thumbnailUrl\":\"https:\\\/\\\/modelermaxpro.com\\\/wp-content\\\/uploads\\\/2023\\\/02\\\/PALETA-2.webp\",\"datePublished\":\"2023-02-02T13:49:49+00:00\",\"dateModified\":\"2024-08-07T21:15:01+00:00\",\"breadcrumb\":{\"@id\":\"https:\\\/\\\/modelermaxpro.com\\\/index.php\\\/product\\\/paleta-humeda-wet-palette\\\/#breadcrumb\"},\"inLanguage\":\"es-AR\",\"potentialAction\":[{\"@type\":\"ReadAction\",\"target\":[\"https:\\\/\\\/modelermaxpro.com\\\/index.php\\\/product\\\/paleta-humeda-wet-palette\\\/\"]}]},{\"@type\":\"ImageObject\",\"inLanguage\":\"es-AR\",\"@id\":\"https:\\\/\\\/modelermaxpro.com\\\/index.php\\\/product\\\/paleta-humeda-wet-palette\\\/#primaryimage\",\"url\":\"https:\\\/\\\/modelermaxpro.com\\\/wp-content\\\/uploads\\\/2023\\\/02\\\/PALETA-2.webp\",\"contentUrl\":\"https:\\\/\\\/modelermaxpro.com\\\/wp-content\\\/uploads\\\/2023\\\/02\\\/PALETA-2.webp\",\"width\":750,\"height\":1431},{\"@type\":\"BreadcrumbList\",\"@id\":\"https:\\\/\\\/modelermaxpro.com\\\/index.php\\\/product\\\/paleta-humeda-wet-palette\\\/#breadcrumb\",\"itemListElement\":[{\"@type\":\"ListItem\",\"position\":1,\"name\":\"Inicio\",\"item\":\"https:\\\/\\\/modelermaxpro.com\\\/\"},{\"@type\":\"ListItem\",\"position\":2,\"name\":\"Shop\",\"item\":\"https:\\\/\\\/modelermaxpro.com\\\/index.php\\\/shop\\\/\"},{\"@type\":\"ListItem\",\"position\":3,\"name\":\"PALETA HUMEDA (WET PALETTE)\"}]},{\"@type\":\"WebSite\",\"@id\":\"https:\\\/\\\/modelermaxpro.com\\\/#website\",\"url\":\"https:\\\/\\\/modelermaxpro.com\\\/\",\"name\":\"Modeler Max Pro\",\"description\":\"\",\"publisher\":{\"@id\":\"https:\\\/\\\/modelermaxpro.com\\\/#organization\"},\"potentialAction\":[{\"@type\":\"SearchAction\",\"target\":{\"@type\":\"EntryPoint\",\"urlTemplate\":\"https:\\\/\\\/modelermaxpro.com\\\/?s={search_term_string}\"},\"query-input\":{\"@type\":\"PropertyValueSpecification\",\"valueRequired\":true,\"valueName\":\"search_term_string\"}}],\"inLanguage\":\"es-AR\"},{\"@type\":\"Organization\",\"@id\":\"https:\\\/\\\/modelermaxpro.com\\\/#organization\",\"name\":\"Modeler Max Pro\",\"url\":\"https:\\\/\\\/modelermaxpro.com\\\/\",\"logo\":{\"@type\":\"ImageObject\",\"inLanguage\":\"es-AR\",\"@id\":\"https:\\\/\\\/modelermaxpro.com\\\/#\\\/schema\\\/logo\\\/image\\\/\",\"url\":\"https:\\\/\\\/modelermaxpro.com\\\/wp-content\\\/uploads\\\/2019\\\/11\\\/logos_Modeler-web_Mesa-de-trabajo-1_Mesa-de-trabajo-1.png\",\"contentUrl\":\"https:\\\/\\\/modelermaxpro.com\\\/wp-content\\\/uploads\\\/2019\\\/11\\\/logos_Modeler-web_Mesa-de-trabajo-1_Mesa-de-trabajo-1.png\",\"width\":322,\"height\":72,\"caption\":\"Modeler Max Pro\"},\"image\":{\"@id\":\"https:\\\/\\\/modelermaxpro.com\\\/#\\\/schema\\\/logo\\\/image\\\/\"}}]}<\/script>\n<!-- \/ Yoast SEO plugin. -->","yoast_head_json":{"title":"PALETA HUMEDA (WET PALETTE) - Modeler Max Pro","robots":{"index":"index","follow":"follow","max-snippet":"max-snippet:-1","max-image-preview":"max-image-preview:large","max-video-preview":"max-video-preview:-1"},"canonical":"https:\/\/modelermaxpro.com\/index.php\/product\/paleta-humeda-wet-palette\/","og_locale":"es_ES","og_type":"article","og_title":"PALETA HUMEDA (WET PALETTE) - Modeler Max Pro","og_description":"Accesorio o herramienta dise\u00f1ada para modelistas pintores de figuras y o modelistas que pintan miniaturas con cualquier pintura acr\u00edlica. Extiende el tiempo de trabajo de las pinturas acr\u00edlicas, permitiendo su uso durante varias horas. De cierre herm\u00e9tico. Podr\u00e1s guardar los colores y mezclas cerrando la paleta para tenerlas disponibles durante varios d\u00edas. Para extender la [&hellip;]","og_url":"https:\/\/modelermaxpro.com\/index.php\/product\/paleta-humeda-wet-palette\/","og_site_name":"Modeler Max Pro","article_modified_time":"2024-08-07T21:15:01+00:00","og_image":[{"width":750,"height":1431,"url":"https:\/\/modelermaxpro.com\/wp-content\/uploads\/2023\/02\/PALETA-2.webp","type":"image\/webp"}],"twitter_card":"summary_large_image","twitter_misc":{"Tiempo de lectura":"1 minuto"},"schema":{"@context":"https:\/\/schema.org","@graph":[{"@type":"WebPage","@id":"https:\/\/modelermaxpro.com\/index.php\/product\/paleta-humeda-wet-palette\/","url":"https:\/\/modelermaxpro.com\/index.php\/product\/paleta-humeda-wet-palette\/","name":"PALETA HUMEDA (WET PALETTE) - Modeler Max Pro","isPartOf":{"@id":"https:\/\/modelermaxpro.com\/#website"},"primaryImageOfPage":{"@id":"https:\/\/modelermaxpro.com\/index.php\/product\/paleta-humeda-wet-palette\/#primaryimage"},"image":{"@id":"https:\/\/modelermaxpro.com\/index.php\/product\/paleta-humeda-wet-palette\/#primaryimage"},"thumbnailUrl":"https:\/\/modelermaxpro.com\/wp-content\/uploads\/2023\/02\/PALETA-2.webp","datePublished":"2023-02-02T13:49:49+00:00","dateModified":"2024-08-07T21:15:01+00:00","breadcrumb":{"@id":"https:\/\/modelermaxpro.com\/index.php\/product\/paleta-humeda-wet-palette\/#breadcrumb"},"inLanguage":"es-AR","potentialAction":[{"@type":"ReadAction","target":["https:\/\/modelermaxpro.com\/index.php\/product\/paleta-humeda-wet-palette\/"]}]},{"@type":"ImageObject","inLanguage":"es-AR","@id":"https:\/\/modelermaxpro.com\/index.php\/product\/paleta-humeda-wet-palette\/#primaryimage","url":"https:\/\/modelermaxpro.com\/wp-content\/uploads\/2023\/02\/PALETA-2.webp","contentUrl":"https:\/\/modelermaxpro.com\/wp-content\/uploads\/2023\/02\/PALETA-2.webp","width":750,"height":1431},{"@type":"BreadcrumbList","@id":"https:\/\/modelermaxpro.com\/index.php\/product\/paleta-humeda-wet-palette\/#breadcrumb","itemListElement":[{"@type":"ListItem","position":1,"name":"Inicio","item":"https:\/\/modelermaxpro.com\/"},{"@type":"ListItem","position":2,"name":"Shop","item":"https:\/\/modelermaxpro.com\/index.php\/shop\/"},{"@type":"ListItem","position":3,"name":"PALETA HUMEDA (WET PALETTE)"}]},{"@type":"WebSite","@id":"https:\/\/modelermaxpro.com\/#website","url":"https:\/\/modelermaxpro.com\/","name":"Modeler Max Pro","description":"","publisher":{"@id":"https:\/\/modelermaxpro.com\/#organization"},"potentialAction":[{"@type":"SearchAction","target":{"@type":"EntryPoint","urlTemplate":"https:\/\/modelermaxpro.com\/?s={search_term_string}"},"query-input":{"@type":"PropertyValueSpecification","valueRequired":true,"valueName":"search_term_string"}}],"inLanguage":"es-AR"},{"@type":"Organization","@id":"https:\/\/modelermaxpro.com\/#organization","name":"Modeler Max Pro","url":"https:\/\/modelermaxpro.com\/","logo":{"@type":"ImageObject","inLanguage":"es-AR","@id":"https:\/\/modelermaxpro.com\/#\/schema\/logo\/image\/","url":"https:\/\/modelermaxpro.com\/wp-content\/uploads\/2019\/11\/logos_Modeler-web_Mesa-de-trabajo-1_Mesa-de-trabajo-1.png","contentUrl":"https:\/\/modelermaxpro.com\/wp-content\/uploads\/2019\/11\/logos_Modeler-web_Mesa-de-trabajo-1_Mesa-de-trabajo-1.png","width":322,"height":72,"caption":"Modeler Max Pro"},"image":{"@id":"https:\/\/modelermaxpro.com\/#\/schema\/logo\/image\/"}}]}},"_links":{"self":[{"href":"https:\/\/modelermaxpro.com\/index.php\/wp-json\/wp\/v2\/product\/8490","targetHints":{"allow":["GET"]}}],"collection":[{"href":"https:\/\/modelermaxpro.com\/index.php\/wp-json\/wp\/v2\/product"}],"about":[{"href":"https:\/\/modelermaxpro.com\/index.php\/wp-json\/wp\/v2\/types\/product"}],"wp:featuredmedia":[{"embeddable":true,"href":"https:\/\/modelermaxpro.com\/index.php\/wp-json\/wp\/v2\/media\/8491"}],"wp:attachment":[{"href":"https:\/\/modelermaxpro.com\/index.php\/wp-json\/wp\/v2\/media?parent=8490"}],"wp:term":[{"taxonomy":"product_brand","embeddable":true,"href":"https:\/\/modelermaxpro.com\/index.php\/wp-json\/wp\/v2\/product_brand?post=8490"},{"taxonomy":"product_cat","embeddable":true,"href":"https:\/\/modelermaxpro.com\/index.php\/wp-json\/wp\/v2\/product_cat?post=8490"},{"taxonomy":"product_tag","embeddable":true,"href":"https:\/\/modelermaxpro.com\/index.php\/wp-json\/wp\/v2\/product_tag?post=8490"}],"curies":[{"name":"wp","href":"https:\/\/api.w.org\/{rel}","templated":true}]}}