{"id":856,"date":"2018-11-04T11:41:58","date_gmt":"2018-11-04T14:41:58","guid":{"rendered":"https:\/\/modelermaxpro.com\/?post_type=product&#038;p=856"},"modified":"2025-06-09T15:24:07","modified_gmt":"2025-06-09T18:24:07","slug":"purple-0127","status":"publish","type":"product","link":"https:\/\/modelermaxpro.com\/index.php\/product\/purple-0127\/","title":{"rendered":"PURPLE &#8211; 0127"},"content":{"rendered":"<p>Color p\u00farpura dise\u00f1ado especialmente para pintar Mechas y temas de Ciencia Ficci\u00f3n, aunque tambi\u00e9n podr\u00edamos usarlos en veh\u00edculos civiles.<br \/>\nColor real con una f\u00f3rmula optimizada para obtener el m\u00e1ximo rendimiento con pincel y con aer\u00f3grafo para conseguir el color adecuado en nuestras maquetas, ligeramente aclarado para compensar el Efecto Escala de cualquier maqueta. Cada bote incluye un agitador de acero inoxidable para facilitar una mezcla m\u00e1s r\u00e1pida y homog\u00e9nea. Presentaci\u00f3n en botes de 17mL. Soluble en agua, sin olor y no t\u00f3xico. Agite bien antes de cada uso. Recomendamos A.MIG-2000 Acrylic Thinner para una correcta disoluci\u00f3n. Secado completo en 24h.<\/p>\n","protected":false},"excerpt":{"rendered":"<p id=\"product_reference\"><label for=\"product_reference\">Referencia:\u00a0<\/label><span class=\"editable\">AMIG0127<\/span><\/p>\n<div id=\"short_description_block\">\n<div id=\"short_description_content\" class=\"rte align_justify\">\n<p>Pintura de alta calidad para Pincel y Aer\u00f3grafo. 17mL<\/p>\n<\/div>\n<\/div>\n","protected":false},"featured_media":857,"template":"","meta":[],"product_brand":[],"product_cat":[17,60],"product_tag":[],"class_list":{"0":"post-856","1":"product","2":"type-product","3":"status-publish","4":"has-post-thumbnail","6":"product_cat-acrilico","7":"product_cat-acrylic-paints","9":"first","10":"instock","11":"sale","12":"shipping-taxable","13":"purchasable","14":"product-type-simple"},"yoast_head":"<!-- This site is optimized with the Yoast SEO plugin v27.2 - https:\/\/yoast.com\/product\/yoast-seo-wordpress\/ -->\n<title>PURPLE - 0127 - Modeler Max Pro<\/title>\n<meta name=\"robots\" content=\"index, follow, max-snippet:-1, max-image-preview:large, max-video-preview:-1\" \/>\n<link rel=\"canonical\" href=\"https:\/\/modelermaxpro.com\/index.php\/product\/purple-0127\/\" \/>\n<meta property=\"og:locale\" content=\"es_ES\" \/>\n<meta property=\"og:type\" content=\"article\" \/>\n<meta property=\"og:title\" content=\"PURPLE - 0127 - Modeler Max Pro\" \/>\n<meta property=\"og:description\" content=\"Referencia:\u00a0AMIG0127     Pintura de alta calidad para Pincel y Aer\u00f3grafo. 17mL\" \/>\n<meta property=\"og:url\" content=\"https:\/\/modelermaxpro.com\/index.php\/product\/purple-0127\/\" \/>\n<meta property=\"og:site_name\" content=\"Modeler Max Pro\" \/>\n<meta property=\"article:modified_time\" content=\"2025-06-09T18:24:07+00:00\" \/>\n<meta property=\"og:image\" content=\"https:\/\/modelermaxpro.com\/wp-content\/uploads\/2018\/11\/A.MIG-0127.jpg\" \/>\n\t<meta property=\"og:image:width\" content=\"800\" \/>\n\t<meta property=\"og:image:height\" content=\"800\" \/>\n\t<meta property=\"og:image:type\" content=\"image\/jpeg\" \/>\n<meta name=\"twitter:card\" content=\"summary_large_image\" \/>\n<meta name=\"twitter:label1\" content=\"Tiempo de lectura\" \/>\n\t<meta name=\"twitter:data1\" content=\"1 minuto\" \/>\n<script type=\"application\/ld+json\" class=\"yoast-schema-graph\">{\"@context\":\"https:\/\/schema.org\",\"@graph\":[{\"@type\":\"WebPage\",\"@id\":\"https:\/\/modelermaxpro.com\/index.php\/product\/purple-0127\/\",\"url\":\"https:\/\/modelermaxpro.com\/index.php\/product\/purple-0127\/\",\"name\":\"PURPLE - 0127 - Modeler Max Pro\",\"isPartOf\":{\"@id\":\"https:\/\/modelermaxpro.com\/#website\"},\"primaryImageOfPage\":{\"@id\":\"https:\/\/modelermaxpro.com\/index.php\/product\/purple-0127\/#primaryimage\"},\"image\":{\"@id\":\"https:\/\/modelermaxpro.com\/index.php\/product\/purple-0127\/#primaryimage\"},\"thumbnailUrl\":\"https:\/\/modelermaxpro.com\/wp-content\/uploads\/2018\/11\/A.MIG-0127.jpg\",\"datePublished\":\"2018-11-04T14:41:58+00:00\",\"dateModified\":\"2025-06-09T18:24:07+00:00\",\"breadcrumb\":{\"@id\":\"https:\/\/modelermaxpro.com\/index.php\/product\/purple-0127\/#breadcrumb\"},\"inLanguage\":\"es-AR\",\"potentialAction\":[{\"@type\":\"ReadAction\",\"target\":[\"https:\/\/modelermaxpro.com\/index.php\/product\/purple-0127\/\"]}]},{\"@type\":\"ImageObject\",\"inLanguage\":\"es-AR\",\"@id\":\"https:\/\/modelermaxpro.com\/index.php\/product\/purple-0127\/#primaryimage\",\"url\":\"https:\/\/modelermaxpro.com\/wp-content\/uploads\/2018\/11\/A.MIG-0127.jpg\",\"contentUrl\":\"https:\/\/modelermaxpro.com\/wp-content\/uploads\/2018\/11\/A.MIG-0127.jpg\",\"width\":800,\"height\":800},{\"@type\":\"BreadcrumbList\",\"@id\":\"https:\/\/modelermaxpro.com\/index.php\/product\/purple-0127\/#breadcrumb\",\"itemListElement\":[{\"@type\":\"ListItem\",\"position\":1,\"name\":\"Inicio\",\"item\":\"https:\/\/modelermaxpro.com\/\"},{\"@type\":\"ListItem\",\"position\":2,\"name\":\"Shop\",\"item\":\"https:\/\/modelermaxpro.com\/index.php\/shop\/\"},{\"@type\":\"ListItem\",\"position\":3,\"name\":\"PURPLE &#8211; 0127\"}]},{\"@type\":\"WebSite\",\"@id\":\"https:\/\/modelermaxpro.com\/#website\",\"url\":\"https:\/\/modelermaxpro.com\/\",\"name\":\"Modeler Max Pro\",\"description\":\"\",\"publisher\":{\"@id\":\"https:\/\/modelermaxpro.com\/#organization\"},\"potentialAction\":[{\"@type\":\"SearchAction\",\"target\":{\"@type\":\"EntryPoint\",\"urlTemplate\":\"https:\/\/modelermaxpro.com\/?s={search_term_string}\"},\"query-input\":{\"@type\":\"PropertyValueSpecification\",\"valueRequired\":true,\"valueName\":\"search_term_string\"}}],\"inLanguage\":\"es-AR\"},{\"@type\":\"Organization\",\"@id\":\"https:\/\/modelermaxpro.com\/#organization\",\"name\":\"Modeler Max Pro\",\"url\":\"https:\/\/modelermaxpro.com\/\",\"logo\":{\"@type\":\"ImageObject\",\"inLanguage\":\"es-AR\",\"@id\":\"https:\/\/modelermaxpro.com\/#\/schema\/logo\/image\/\",\"url\":\"https:\/\/modelermaxpro.com\/wp-content\/uploads\/2019\/11\/logos_Modeler-web_Mesa-de-trabajo-1_Mesa-de-trabajo-1.png\",\"contentUrl\":\"https:\/\/modelermaxpro.com\/wp-content\/uploads\/2019\/11\/logos_Modeler-web_Mesa-de-trabajo-1_Mesa-de-trabajo-1.png\",\"width\":322,\"height\":72,\"caption\":\"Modeler Max Pro\"},\"image\":{\"@id\":\"https:\/\/modelermaxpro.com\/#\/schema\/logo\/image\/\"}}]}<\/script>\n<!-- \/ Yoast SEO plugin. -->","yoast_head_json":{"title":"PURPLE - 0127 - Modeler Max Pro","robots":{"index":"index","follow":"follow","max-snippet":"max-snippet:-1","max-image-preview":"max-image-preview:large","max-video-preview":"max-video-preview:-1"},"canonical":"https:\/\/modelermaxpro.com\/index.php\/product\/purple-0127\/","og_locale":"es_ES","og_type":"article","og_title":"PURPLE - 0127 - Modeler Max Pro","og_description":"Referencia:\u00a0AMIG0127     Pintura de alta calidad para Pincel y Aer\u00f3grafo. 17mL","og_url":"https:\/\/modelermaxpro.com\/index.php\/product\/purple-0127\/","og_site_name":"Modeler Max Pro","article_modified_time":"2025-06-09T18:24:07+00:00","og_image":[{"width":800,"height":800,"url":"https:\/\/modelermaxpro.com\/wp-content\/uploads\/2018\/11\/A.MIG-0127.jpg","type":"image\/jpeg"}],"twitter_card":"summary_large_image","twitter_misc":{"Tiempo de lectura":"1 minuto"},"schema":{"@context":"https:\/\/schema.org","@graph":[{"@type":"WebPage","@id":"https:\/\/modelermaxpro.com\/index.php\/product\/purple-0127\/","url":"https:\/\/modelermaxpro.com\/index.php\/product\/purple-0127\/","name":"PURPLE - 0127 - Modeler Max Pro","isPartOf":{"@id":"https:\/\/modelermaxpro.com\/#website"},"primaryImageOfPage":{"@id":"https:\/\/modelermaxpro.com\/index.php\/product\/purple-0127\/#primaryimage"},"image":{"@id":"https:\/\/modelermaxpro.com\/index.php\/product\/purple-0127\/#primaryimage"},"thumbnailUrl":"https:\/\/modelermaxpro.com\/wp-content\/uploads\/2018\/11\/A.MIG-0127.jpg","datePublished":"2018-11-04T14:41:58+00:00","dateModified":"2025-06-09T18:24:07+00:00","breadcrumb":{"@id":"https:\/\/modelermaxpro.com\/index.php\/product\/purple-0127\/#breadcrumb"},"inLanguage":"es-AR","potentialAction":[{"@type":"ReadAction","target":["https:\/\/modelermaxpro.com\/index.php\/product\/purple-0127\/"]}]},{"@type":"ImageObject","inLanguage":"es-AR","@id":"https:\/\/modelermaxpro.com\/index.php\/product\/purple-0127\/#primaryimage","url":"https:\/\/modelermaxpro.com\/wp-content\/uploads\/2018\/11\/A.MIG-0127.jpg","contentUrl":"https:\/\/modelermaxpro.com\/wp-content\/uploads\/2018\/11\/A.MIG-0127.jpg","width":800,"height":800},{"@type":"BreadcrumbList","@id":"https:\/\/modelermaxpro.com\/index.php\/product\/purple-0127\/#breadcrumb","itemListElement":[{"@type":"ListItem","position":1,"name":"Inicio","item":"https:\/\/modelermaxpro.com\/"},{"@type":"ListItem","position":2,"name":"Shop","item":"https:\/\/modelermaxpro.com\/index.php\/shop\/"},{"@type":"ListItem","position":3,"name":"PURPLE &#8211; 0127"}]},{"@type":"WebSite","@id":"https:\/\/modelermaxpro.com\/#website","url":"https:\/\/modelermaxpro.com\/","name":"Modeler Max Pro","description":"","publisher":{"@id":"https:\/\/modelermaxpro.com\/#organization"},"potentialAction":[{"@type":"SearchAction","target":{"@type":"EntryPoint","urlTemplate":"https:\/\/modelermaxpro.com\/?s={search_term_string}"},"query-input":{"@type":"PropertyValueSpecification","valueRequired":true,"valueName":"search_term_string"}}],"inLanguage":"es-AR"},{"@type":"Organization","@id":"https:\/\/modelermaxpro.com\/#organization","name":"Modeler Max Pro","url":"https:\/\/modelermaxpro.com\/","logo":{"@type":"ImageObject","inLanguage":"es-AR","@id":"https:\/\/modelermaxpro.com\/#\/schema\/logo\/image\/","url":"https:\/\/modelermaxpro.com\/wp-content\/uploads\/2019\/11\/logos_Modeler-web_Mesa-de-trabajo-1_Mesa-de-trabajo-1.png","contentUrl":"https:\/\/modelermaxpro.com\/wp-content\/uploads\/2019\/11\/logos_Modeler-web_Mesa-de-trabajo-1_Mesa-de-trabajo-1.png","width":322,"height":72,"caption":"Modeler Max Pro"},"image":{"@id":"https:\/\/modelermaxpro.com\/#\/schema\/logo\/image\/"}}]}},"_links":{"self":[{"href":"https:\/\/modelermaxpro.com\/index.php\/wp-json\/wp\/v2\/product\/856","targetHints":{"allow":["GET"]}}],"collection":[{"href":"https:\/\/modelermaxpro.com\/index.php\/wp-json\/wp\/v2\/product"}],"about":[{"href":"https:\/\/modelermaxpro.com\/index.php\/wp-json\/wp\/v2\/types\/product"}],"wp:featuredmedia":[{"embeddable":true,"href":"https:\/\/modelermaxpro.com\/index.php\/wp-json\/wp\/v2\/media\/857"}],"wp:attachment":[{"href":"https:\/\/modelermaxpro.com\/index.php\/wp-json\/wp\/v2\/media?parent=856"}],"wp:term":[{"taxonomy":"product_brand","embeddable":true,"href":"https:\/\/modelermaxpro.com\/index.php\/wp-json\/wp\/v2\/product_brand?post=856"},{"taxonomy":"product_cat","embeddable":true,"href":"https:\/\/modelermaxpro.com\/index.php\/wp-json\/wp\/v2\/product_cat?post=856"},{"taxonomy":"product_tag","embeddable":true,"href":"https:\/\/modelermaxpro.com\/index.php\/wp-json\/wp\/v2\/product_tag?post=856"}],"curies":[{"name":"wp","href":"https:\/\/api.w.org\/{rel}","templated":true}]}}