{"id":8686,"date":"2024-01-16T17:59:43","date_gmt":"2024-01-16T20:59:43","guid":{"rendered":"https:\/\/modelermaxpro.com\/?post_type=product&#038;p=8686"},"modified":"2024-01-17T13:27:32","modified_gmt":"2024-01-17T16:27:32","slug":"terreno-autumn-pull-apart-wild-mat-w7203","status":"publish","type":"product","link":"https:\/\/modelermaxpro.com\/index.php\/product\/terreno-autumn-pull-apart-wild-mat-w7203\/","title":{"rendered":"TERRENO AUTUMN PULL APART WILD MATS W7203"},"content":{"rendered":"<p><strong>WILD MATS<\/strong><\/p>\n<p><strong>ALTURA MAXIMA DE VEGETACION: 4MM<\/strong><\/p>\n<p><strong>IDEAL PARA ESCALAS PEQUE\u00d1AS. 1\/160 &#8211; 1\/87 &#8211; 1\/72 &#8211; 1\/64 &#8211; 1\/56.<\/strong><\/p>\n<p><strong>FACILMENTE ADAPTABLE A ESCALA MAS GRANDES COMO 1\/16 &#8211; 1\/24 &#8211; 1\/35 &#8211; 1\/48 UTILIZANDOLA COMO BASE PARA LUEGO CONTINUAR AGREGANDO VEGETACION MAS ALTA.<\/strong><\/p>\n<p>Wild Mats es una alfombra elaborada sobre un soporte invisible aplicando textura para recrear diferentes tipos de terrenos y fibra est\u00e1tica aplicada de varias alturas y colores, con un patr\u00f3n aleatorio mediante m\u00faltiples aplicaciones.<\/p>\n<p>Se requieren varias pasadas diferentes de fibra est\u00e1tica para lograr este complejo paisaje.<\/p>\n<p>Se incorpora textura de tierra fina que se mezcla perfectamente con los finos mechones suavizando la transici\u00f3n entre la tierra desnuda y los mechones de hierba espesa.<\/p>\n<p>Estas t\u00e9cnicas sutiles crean alfombras insuperables en detalle y realismo. El soporte fino y traslucido hace que se adapte a casi cualquier terreno.<\/p>\n<p>Roci\u00e9 con pintura el terreno del diorama o vi\u00f1eta con un color similar al terreno de las Wild Mats, de ese modo podr\u00e1 lograr integrarla muy bien a su base de diorama, debido a que el soporte es transparente quedando invisible a la vista despu\u00e9s de seco dejando ver el color base aplicado.<\/p>\n<p>Para una mejor adherencia y ajuste al formato del terreno, es recomendable humedecer el soporte para que se ajuste hasta el detalle m\u00e1s intrincado del terreno.<\/p>\n<p>Todo lo que se necesita es un simple pegamento acr\u00edlico para adherir.<\/p>\n<p>Todas las Wild Mats est\u00e1n hechas a mano individualmente. Esto significa que cada Wild Mat tiene una apariencia ligeramente diferente. Por lo tanto, alinear el mismo Wild Mats al lado de otro no parecer\u00e1 un suelo mon\u00f3tono.<\/p>\n<p>A los Wild Mats se le pueden agregar f\u00e1cilmente otros elementos esc\u00e9nicos como los Layered Tuft, Tuft tradicionales, Real Bush, espumas esc\u00e9nicas e incluso fibra est\u00e1tica aplicadas con su dispositivo aplicador<\/p>\n<p>Las medidas son de 17cm x 23cm.<\/p>\n","protected":false},"excerpt":{"rendered":"<p>WILD MATS ALTURA MAXIMA DE VEGETACION: 4MM IDEAL PARA ESCALAS PEQUE\u00d1AS. 1\/160 &#8211; 1\/87 &#8211; 1\/72 &#8211; 1\/64 &#8211; 1\/56. FACILMENTE ADAPTABLE A ESCALA MAS GRANDES COMO 1\/16 &#8211; 1\/24 &#8211; 1\/35 &#8211; 1\/48 UTILIZANDOLA COMO BASE PARA LUEGO CONTINUAR AGREGANDO VEGETACION MAS ALTA. Wild Mats es una alfombra elaborada sobre un soporte invisible aplicando [&hellip;]<\/p>\n","protected":false},"featured_media":8687,"template":"","meta":[],"product_brand":[],"product_cat":[155],"product_tag":[],"class_list":{"0":"post-8686","1":"product","2":"type-product","3":"status-publish","4":"has-post-thumbnail","6":"product_cat-terrenos","8":"first","9":"instock","10":"shipping-taxable","11":"purchasable","12":"product-type-simple"},"yoast_head":"<!-- This site is optimized with the Yoast SEO plugin v27.4 - https:\/\/yoast.com\/product\/yoast-seo-wordpress\/ -->\n<title>TERRENO AUTUMN PULL APART WILD MATS W7203 - Modeler Max Pro<\/title>\n<meta name=\"robots\" content=\"index, follow, max-snippet:-1, max-image-preview:large, max-video-preview:-1\" \/>\n<link rel=\"canonical\" href=\"https:\/\/modelermaxpro.com\/index.php\/product\/terreno-autumn-pull-apart-wild-mat-w7203\/\" \/>\n<meta property=\"og:locale\" content=\"es_ES\" \/>\n<meta property=\"og:type\" content=\"article\" \/>\n<meta property=\"og:title\" content=\"TERRENO AUTUMN PULL APART WILD MATS W7203 - Modeler Max Pro\" \/>\n<meta property=\"og:description\" content=\"WILD MATS ALTURA MAXIMA DE VEGETACION: 4MM IDEAL PARA ESCALAS PEQUE\u00d1AS. 1\/160 &#8211; 1\/87 &#8211; 1\/72 &#8211; 1\/64 &#8211; 1\/56. FACILMENTE ADAPTABLE A ESCALA MAS GRANDES COMO 1\/16 &#8211; 1\/24 &#8211; 1\/35 &#8211; 1\/48 UTILIZANDOLA COMO BASE PARA LUEGO CONTINUAR AGREGANDO VEGETACION MAS ALTA. Wild Mats es una alfombra elaborada sobre un soporte invisible aplicando [&hellip;]\" \/>\n<meta property=\"og:url\" content=\"https:\/\/modelermaxpro.com\/index.php\/product\/terreno-autumn-pull-apart-wild-mat-w7203\/\" \/>\n<meta property=\"og:site_name\" content=\"Modeler Max Pro\" \/>\n<meta property=\"article:modified_time\" content=\"2024-01-17T16:27:32+00:00\" \/>\n<meta property=\"og:image\" content=\"https:\/\/modelermaxpro.com\/wp-content\/uploads\/2024\/01\/8ef3eafc-fc64-4049-9f21-2cda418c06cc.jpg\" \/>\n\t<meta property=\"og:image:width\" content=\"800\" \/>\n\t<meta property=\"og:image:height\" content=\"800\" \/>\n\t<meta property=\"og:image:type\" content=\"image\/jpeg\" \/>\n<meta name=\"twitter:card\" content=\"summary_large_image\" \/>\n<meta name=\"twitter:label1\" content=\"Tiempo de lectura\" \/>\n\t<meta name=\"twitter:data1\" content=\"2 minutos\" \/>\n<script type=\"application\/ld+json\" class=\"yoast-schema-graph\">{\"@context\":\"https:\\\/\\\/schema.org\",\"@graph\":[{\"@type\":\"WebPage\",\"@id\":\"https:\\\/\\\/modelermaxpro.com\\\/index.php\\\/product\\\/terreno-autumn-pull-apart-wild-mat-w7203\\\/\",\"url\":\"https:\\\/\\\/modelermaxpro.com\\\/index.php\\\/product\\\/terreno-autumn-pull-apart-wild-mat-w7203\\\/\",\"name\":\"TERRENO AUTUMN PULL APART WILD MATS W7203 - Modeler Max Pro\",\"isPartOf\":{\"@id\":\"https:\\\/\\\/modelermaxpro.com\\\/#website\"},\"primaryImageOfPage\":{\"@id\":\"https:\\\/\\\/modelermaxpro.com\\\/index.php\\\/product\\\/terreno-autumn-pull-apart-wild-mat-w7203\\\/#primaryimage\"},\"image\":{\"@id\":\"https:\\\/\\\/modelermaxpro.com\\\/index.php\\\/product\\\/terreno-autumn-pull-apart-wild-mat-w7203\\\/#primaryimage\"},\"thumbnailUrl\":\"https:\\\/\\\/modelermaxpro.com\\\/wp-content\\\/uploads\\\/2024\\\/01\\\/8ef3eafc-fc64-4049-9f21-2cda418c06cc.jpg\",\"datePublished\":\"2024-01-16T20:59:43+00:00\",\"dateModified\":\"2024-01-17T16:27:32+00:00\",\"breadcrumb\":{\"@id\":\"https:\\\/\\\/modelermaxpro.com\\\/index.php\\\/product\\\/terreno-autumn-pull-apart-wild-mat-w7203\\\/#breadcrumb\"},\"inLanguage\":\"es-AR\",\"potentialAction\":[{\"@type\":\"ReadAction\",\"target\":[\"https:\\\/\\\/modelermaxpro.com\\\/index.php\\\/product\\\/terreno-autumn-pull-apart-wild-mat-w7203\\\/\"]}]},{\"@type\":\"ImageObject\",\"inLanguage\":\"es-AR\",\"@id\":\"https:\\\/\\\/modelermaxpro.com\\\/index.php\\\/product\\\/terreno-autumn-pull-apart-wild-mat-w7203\\\/#primaryimage\",\"url\":\"https:\\\/\\\/modelermaxpro.com\\\/wp-content\\\/uploads\\\/2024\\\/01\\\/8ef3eafc-fc64-4049-9f21-2cda418c06cc.jpg\",\"contentUrl\":\"https:\\\/\\\/modelermaxpro.com\\\/wp-content\\\/uploads\\\/2024\\\/01\\\/8ef3eafc-fc64-4049-9f21-2cda418c06cc.jpg\",\"width\":800,\"height\":800},{\"@type\":\"BreadcrumbList\",\"@id\":\"https:\\\/\\\/modelermaxpro.com\\\/index.php\\\/product\\\/terreno-autumn-pull-apart-wild-mat-w7203\\\/#breadcrumb\",\"itemListElement\":[{\"@type\":\"ListItem\",\"position\":1,\"name\":\"Inicio\",\"item\":\"https:\\\/\\\/modelermaxpro.com\\\/\"},{\"@type\":\"ListItem\",\"position\":2,\"name\":\"Shop\",\"item\":\"https:\\\/\\\/modelermaxpro.com\\\/index.php\\\/shop\\\/\"},{\"@type\":\"ListItem\",\"position\":3,\"name\":\"TERRENO AUTUMN PULL APART WILD MATS W7203\"}]},{\"@type\":\"WebSite\",\"@id\":\"https:\\\/\\\/modelermaxpro.com\\\/#website\",\"url\":\"https:\\\/\\\/modelermaxpro.com\\\/\",\"name\":\"Modeler Max Pro\",\"description\":\"\",\"publisher\":{\"@id\":\"https:\\\/\\\/modelermaxpro.com\\\/#organization\"},\"potentialAction\":[{\"@type\":\"SearchAction\",\"target\":{\"@type\":\"EntryPoint\",\"urlTemplate\":\"https:\\\/\\\/modelermaxpro.com\\\/?s={search_term_string}\"},\"query-input\":{\"@type\":\"PropertyValueSpecification\",\"valueRequired\":true,\"valueName\":\"search_term_string\"}}],\"inLanguage\":\"es-AR\"},{\"@type\":\"Organization\",\"@id\":\"https:\\\/\\\/modelermaxpro.com\\\/#organization\",\"name\":\"Modeler Max Pro\",\"url\":\"https:\\\/\\\/modelermaxpro.com\\\/\",\"logo\":{\"@type\":\"ImageObject\",\"inLanguage\":\"es-AR\",\"@id\":\"https:\\\/\\\/modelermaxpro.com\\\/#\\\/schema\\\/logo\\\/image\\\/\",\"url\":\"https:\\\/\\\/modelermaxpro.com\\\/wp-content\\\/uploads\\\/2019\\\/11\\\/logos_Modeler-web_Mesa-de-trabajo-1_Mesa-de-trabajo-1.png\",\"contentUrl\":\"https:\\\/\\\/modelermaxpro.com\\\/wp-content\\\/uploads\\\/2019\\\/11\\\/logos_Modeler-web_Mesa-de-trabajo-1_Mesa-de-trabajo-1.png\",\"width\":322,\"height\":72,\"caption\":\"Modeler Max Pro\"},\"image\":{\"@id\":\"https:\\\/\\\/modelermaxpro.com\\\/#\\\/schema\\\/logo\\\/image\\\/\"}}]}<\/script>\n<!-- \/ Yoast SEO plugin. -->","yoast_head_json":{"title":"TERRENO AUTUMN PULL APART WILD MATS W7203 - Modeler Max Pro","robots":{"index":"index","follow":"follow","max-snippet":"max-snippet:-1","max-image-preview":"max-image-preview:large","max-video-preview":"max-video-preview:-1"},"canonical":"https:\/\/modelermaxpro.com\/index.php\/product\/terreno-autumn-pull-apart-wild-mat-w7203\/","og_locale":"es_ES","og_type":"article","og_title":"TERRENO AUTUMN PULL APART WILD MATS W7203 - Modeler Max Pro","og_description":"WILD MATS ALTURA MAXIMA DE VEGETACION: 4MM IDEAL PARA ESCALAS PEQUE\u00d1AS. 1\/160 &#8211; 1\/87 &#8211; 1\/72 &#8211; 1\/64 &#8211; 1\/56. FACILMENTE ADAPTABLE A ESCALA MAS GRANDES COMO 1\/16 &#8211; 1\/24 &#8211; 1\/35 &#8211; 1\/48 UTILIZANDOLA COMO BASE PARA LUEGO CONTINUAR AGREGANDO VEGETACION MAS ALTA. Wild Mats es una alfombra elaborada sobre un soporte invisible aplicando [&hellip;]","og_url":"https:\/\/modelermaxpro.com\/index.php\/product\/terreno-autumn-pull-apart-wild-mat-w7203\/","og_site_name":"Modeler Max Pro","article_modified_time":"2024-01-17T16:27:32+00:00","og_image":[{"width":800,"height":800,"url":"https:\/\/modelermaxpro.com\/wp-content\/uploads\/2024\/01\/8ef3eafc-fc64-4049-9f21-2cda418c06cc.jpg","type":"image\/jpeg"}],"twitter_card":"summary_large_image","twitter_misc":{"Tiempo de lectura":"2 minutos"},"schema":{"@context":"https:\/\/schema.org","@graph":[{"@type":"WebPage","@id":"https:\/\/modelermaxpro.com\/index.php\/product\/terreno-autumn-pull-apart-wild-mat-w7203\/","url":"https:\/\/modelermaxpro.com\/index.php\/product\/terreno-autumn-pull-apart-wild-mat-w7203\/","name":"TERRENO AUTUMN PULL APART WILD MATS W7203 - Modeler Max Pro","isPartOf":{"@id":"https:\/\/modelermaxpro.com\/#website"},"primaryImageOfPage":{"@id":"https:\/\/modelermaxpro.com\/index.php\/product\/terreno-autumn-pull-apart-wild-mat-w7203\/#primaryimage"},"image":{"@id":"https:\/\/modelermaxpro.com\/index.php\/product\/terreno-autumn-pull-apart-wild-mat-w7203\/#primaryimage"},"thumbnailUrl":"https:\/\/modelermaxpro.com\/wp-content\/uploads\/2024\/01\/8ef3eafc-fc64-4049-9f21-2cda418c06cc.jpg","datePublished":"2024-01-16T20:59:43+00:00","dateModified":"2024-01-17T16:27:32+00:00","breadcrumb":{"@id":"https:\/\/modelermaxpro.com\/index.php\/product\/terreno-autumn-pull-apart-wild-mat-w7203\/#breadcrumb"},"inLanguage":"es-AR","potentialAction":[{"@type":"ReadAction","target":["https:\/\/modelermaxpro.com\/index.php\/product\/terreno-autumn-pull-apart-wild-mat-w7203\/"]}]},{"@type":"ImageObject","inLanguage":"es-AR","@id":"https:\/\/modelermaxpro.com\/index.php\/product\/terreno-autumn-pull-apart-wild-mat-w7203\/#primaryimage","url":"https:\/\/modelermaxpro.com\/wp-content\/uploads\/2024\/01\/8ef3eafc-fc64-4049-9f21-2cda418c06cc.jpg","contentUrl":"https:\/\/modelermaxpro.com\/wp-content\/uploads\/2024\/01\/8ef3eafc-fc64-4049-9f21-2cda418c06cc.jpg","width":800,"height":800},{"@type":"BreadcrumbList","@id":"https:\/\/modelermaxpro.com\/index.php\/product\/terreno-autumn-pull-apart-wild-mat-w7203\/#breadcrumb","itemListElement":[{"@type":"ListItem","position":1,"name":"Inicio","item":"https:\/\/modelermaxpro.com\/"},{"@type":"ListItem","position":2,"name":"Shop","item":"https:\/\/modelermaxpro.com\/index.php\/shop\/"},{"@type":"ListItem","position":3,"name":"TERRENO AUTUMN PULL APART WILD MATS W7203"}]},{"@type":"WebSite","@id":"https:\/\/modelermaxpro.com\/#website","url":"https:\/\/modelermaxpro.com\/","name":"Modeler Max Pro","description":"","publisher":{"@id":"https:\/\/modelermaxpro.com\/#organization"},"potentialAction":[{"@type":"SearchAction","target":{"@type":"EntryPoint","urlTemplate":"https:\/\/modelermaxpro.com\/?s={search_term_string}"},"query-input":{"@type":"PropertyValueSpecification","valueRequired":true,"valueName":"search_term_string"}}],"inLanguage":"es-AR"},{"@type":"Organization","@id":"https:\/\/modelermaxpro.com\/#organization","name":"Modeler Max Pro","url":"https:\/\/modelermaxpro.com\/","logo":{"@type":"ImageObject","inLanguage":"es-AR","@id":"https:\/\/modelermaxpro.com\/#\/schema\/logo\/image\/","url":"https:\/\/modelermaxpro.com\/wp-content\/uploads\/2019\/11\/logos_Modeler-web_Mesa-de-trabajo-1_Mesa-de-trabajo-1.png","contentUrl":"https:\/\/modelermaxpro.com\/wp-content\/uploads\/2019\/11\/logos_Modeler-web_Mesa-de-trabajo-1_Mesa-de-trabajo-1.png","width":322,"height":72,"caption":"Modeler Max Pro"},"image":{"@id":"https:\/\/modelermaxpro.com\/#\/schema\/logo\/image\/"}}]}},"_links":{"self":[{"href":"https:\/\/modelermaxpro.com\/index.php\/wp-json\/wp\/v2\/product\/8686","targetHints":{"allow":["GET"]}}],"collection":[{"href":"https:\/\/modelermaxpro.com\/index.php\/wp-json\/wp\/v2\/product"}],"about":[{"href":"https:\/\/modelermaxpro.com\/index.php\/wp-json\/wp\/v2\/types\/product"}],"wp:featuredmedia":[{"embeddable":true,"href":"https:\/\/modelermaxpro.com\/index.php\/wp-json\/wp\/v2\/media\/8687"}],"wp:attachment":[{"href":"https:\/\/modelermaxpro.com\/index.php\/wp-json\/wp\/v2\/media?parent=8686"}],"wp:term":[{"taxonomy":"product_brand","embeddable":true,"href":"https:\/\/modelermaxpro.com\/index.php\/wp-json\/wp\/v2\/product_brand?post=8686"},{"taxonomy":"product_cat","embeddable":true,"href":"https:\/\/modelermaxpro.com\/index.php\/wp-json\/wp\/v2\/product_cat?post=8686"},{"taxonomy":"product_tag","embeddable":true,"href":"https:\/\/modelermaxpro.com\/index.php\/wp-json\/wp\/v2\/product_tag?post=8686"}],"curies":[{"name":"wp","href":"https:\/\/api.w.org\/{rel}","templated":true}]}}