{"id":8822,"date":"2024-11-04T11:37:14","date_gmt":"2024-11-04T14:37:14","guid":{"rendered":"https:\/\/modelermaxpro.com\/?post_type=product&#038;p=8822"},"modified":"2024-11-05T09:35:17","modified_gmt":"2024-11-05T12:35:17","slug":"random-bush-medium-color-rosa","status":"publish","type":"product","link":"https:\/\/modelermaxpro.com\/index.php\/product\/random-bush-medium-color-rosa\/","title":{"rendered":"RANDOM BUSH COLOR ROSA RM05"},"content":{"rendered":"<p>&nbsp;<\/p>\n<p>RANDOM BUSH<\/p>\n<p>Arbustos coloridos de formato irregular y de aspecto muy real de altura media hasta 18\/20mm de alto.<\/p>\n<p>Un art\u00edculo similar a los REAL BUSH lo cual los hace ideal para combinar entre s\u00ed.<\/p>\n<p>Se han logrado arbustos con m\u00e1s realismo en el formato como as\u00ed tambi\u00e9n en el follaje.<\/p>\n<p>Ideal para escala 1\/35 \u2013 1\/32 \u2013 1\/48 en escalas m\u00e1s peque\u00f1as 1\/144 &#8211; 1\/72 y 1\/87 se pueden representar arbustos altos.<\/p>\n<p>Ideales para sumar colorido y diferente alturas a tus vi\u00f1etas, escenas o dioramas<\/p>\n<p>Se despegan muy f\u00e1cil de su soporte.<\/p>\n<p>Aconsejamos utilizar unas pinzas finas para desprenderlos de su soporte y manipularlos evitando tocarlos con los dedos.<\/p>\n<p>Aplicados sobre una base de 110mm x 80mm<\/p>\n","protected":false},"excerpt":{"rendered":"<p>&nbsp; RANDOM BUSH Arbustos coloridos de formato irregular y de aspecto muy real de altura media hasta 18\/20mm de alto. Un art\u00edculo similar a los REAL BUSH lo cual los hace ideal para combinar entre s\u00ed. Se han logrado arbustos con m\u00e1s realismo en el formato como as\u00ed tambi\u00e9n en el follaje. Ideal para escala [&hellip;]<\/p>\n","protected":false},"featured_media":8824,"template":"","meta":[],"product_brand":[],"product_cat":[156],"product_tag":[],"class_list":{"0":"post-8822","1":"product","2":"type-product","3":"status-publish","4":"has-post-thumbnail","6":"product_cat-random-bush","8":"first","9":"instock","10":"shipping-taxable","11":"purchasable","12":"product-type-simple"},"yoast_head":"<!-- This site is optimized with the Yoast SEO plugin v27.4 - https:\/\/yoast.com\/product\/yoast-seo-wordpress\/ -->\n<title>RANDOM BUSH COLOR ROSA RM05 - Modeler Max Pro<\/title>\n<meta name=\"robots\" content=\"index, follow, max-snippet:-1, max-image-preview:large, max-video-preview:-1\" \/>\n<link rel=\"canonical\" href=\"https:\/\/modelermaxpro.com\/index.php\/product\/random-bush-medium-color-rosa\/\" \/>\n<meta property=\"og:locale\" content=\"es_ES\" \/>\n<meta property=\"og:type\" content=\"article\" \/>\n<meta property=\"og:title\" content=\"RANDOM BUSH COLOR ROSA RM05 - Modeler Max Pro\" \/>\n<meta property=\"og:description\" content=\"&nbsp; RANDOM BUSH Arbustos coloridos de formato irregular y de aspecto muy real de altura media hasta 18\/20mm de alto. Un art\u00edculo similar a los REAL BUSH lo cual los hace ideal para combinar entre s\u00ed. Se han logrado arbustos con m\u00e1s realismo en el formato como as\u00ed tambi\u00e9n en el follaje. Ideal para escala [&hellip;]\" \/>\n<meta property=\"og:url\" content=\"https:\/\/modelermaxpro.com\/index.php\/product\/random-bush-medium-color-rosa\/\" \/>\n<meta property=\"og:site_name\" content=\"Modeler Max Pro\" \/>\n<meta property=\"article:modified_time\" content=\"2024-11-05T12:35:17+00:00\" \/>\n<meta property=\"og:image\" content=\"https:\/\/modelermaxpro.com\/wp-content\/uploads\/2024\/11\/ROSA.jpg\" \/>\n\t<meta property=\"og:image:width\" content=\"800\" \/>\n\t<meta property=\"og:image:height\" content=\"800\" \/>\n\t<meta property=\"og:image:type\" content=\"image\/jpeg\" \/>\n<meta name=\"twitter:card\" content=\"summary_large_image\" \/>\n<meta name=\"twitter:label1\" content=\"Tiempo de lectura\" \/>\n\t<meta name=\"twitter:data1\" content=\"1 minuto\" \/>\n<script type=\"application\/ld+json\" class=\"yoast-schema-graph\">{\"@context\":\"https:\\\/\\\/schema.org\",\"@graph\":[{\"@type\":\"WebPage\",\"@id\":\"https:\\\/\\\/modelermaxpro.com\\\/index.php\\\/product\\\/random-bush-medium-color-rosa\\\/\",\"url\":\"https:\\\/\\\/modelermaxpro.com\\\/index.php\\\/product\\\/random-bush-medium-color-rosa\\\/\",\"name\":\"RANDOM BUSH COLOR ROSA RM05 - Modeler Max Pro\",\"isPartOf\":{\"@id\":\"https:\\\/\\\/modelermaxpro.com\\\/#website\"},\"primaryImageOfPage\":{\"@id\":\"https:\\\/\\\/modelermaxpro.com\\\/index.php\\\/product\\\/random-bush-medium-color-rosa\\\/#primaryimage\"},\"image\":{\"@id\":\"https:\\\/\\\/modelermaxpro.com\\\/index.php\\\/product\\\/random-bush-medium-color-rosa\\\/#primaryimage\"},\"thumbnailUrl\":\"https:\\\/\\\/modelermaxpro.com\\\/wp-content\\\/uploads\\\/2024\\\/11\\\/ROSA.jpg\",\"datePublished\":\"2024-11-04T14:37:14+00:00\",\"dateModified\":\"2024-11-05T12:35:17+00:00\",\"breadcrumb\":{\"@id\":\"https:\\\/\\\/modelermaxpro.com\\\/index.php\\\/product\\\/random-bush-medium-color-rosa\\\/#breadcrumb\"},\"inLanguage\":\"es-AR\",\"potentialAction\":[{\"@type\":\"ReadAction\",\"target\":[\"https:\\\/\\\/modelermaxpro.com\\\/index.php\\\/product\\\/random-bush-medium-color-rosa\\\/\"]}]},{\"@type\":\"ImageObject\",\"inLanguage\":\"es-AR\",\"@id\":\"https:\\\/\\\/modelermaxpro.com\\\/index.php\\\/product\\\/random-bush-medium-color-rosa\\\/#primaryimage\",\"url\":\"https:\\\/\\\/modelermaxpro.com\\\/wp-content\\\/uploads\\\/2024\\\/11\\\/ROSA.jpg\",\"contentUrl\":\"https:\\\/\\\/modelermaxpro.com\\\/wp-content\\\/uploads\\\/2024\\\/11\\\/ROSA.jpg\",\"width\":800,\"height\":800},{\"@type\":\"BreadcrumbList\",\"@id\":\"https:\\\/\\\/modelermaxpro.com\\\/index.php\\\/product\\\/random-bush-medium-color-rosa\\\/#breadcrumb\",\"itemListElement\":[{\"@type\":\"ListItem\",\"position\":1,\"name\":\"Inicio\",\"item\":\"https:\\\/\\\/modelermaxpro.com\\\/\"},{\"@type\":\"ListItem\",\"position\":2,\"name\":\"Shop\",\"item\":\"https:\\\/\\\/modelermaxpro.com\\\/index.php\\\/shop\\\/\"},{\"@type\":\"ListItem\",\"position\":3,\"name\":\"RANDOM BUSH COLOR ROSA RM05\"}]},{\"@type\":\"WebSite\",\"@id\":\"https:\\\/\\\/modelermaxpro.com\\\/#website\",\"url\":\"https:\\\/\\\/modelermaxpro.com\\\/\",\"name\":\"Modeler Max Pro\",\"description\":\"\",\"publisher\":{\"@id\":\"https:\\\/\\\/modelermaxpro.com\\\/#organization\"},\"potentialAction\":[{\"@type\":\"SearchAction\",\"target\":{\"@type\":\"EntryPoint\",\"urlTemplate\":\"https:\\\/\\\/modelermaxpro.com\\\/?s={search_term_string}\"},\"query-input\":{\"@type\":\"PropertyValueSpecification\",\"valueRequired\":true,\"valueName\":\"search_term_string\"}}],\"inLanguage\":\"es-AR\"},{\"@type\":\"Organization\",\"@id\":\"https:\\\/\\\/modelermaxpro.com\\\/#organization\",\"name\":\"Modeler Max Pro\",\"url\":\"https:\\\/\\\/modelermaxpro.com\\\/\",\"logo\":{\"@type\":\"ImageObject\",\"inLanguage\":\"es-AR\",\"@id\":\"https:\\\/\\\/modelermaxpro.com\\\/#\\\/schema\\\/logo\\\/image\\\/\",\"url\":\"https:\\\/\\\/modelermaxpro.com\\\/wp-content\\\/uploads\\\/2019\\\/11\\\/logos_Modeler-web_Mesa-de-trabajo-1_Mesa-de-trabajo-1.png\",\"contentUrl\":\"https:\\\/\\\/modelermaxpro.com\\\/wp-content\\\/uploads\\\/2019\\\/11\\\/logos_Modeler-web_Mesa-de-trabajo-1_Mesa-de-trabajo-1.png\",\"width\":322,\"height\":72,\"caption\":\"Modeler Max Pro\"},\"image\":{\"@id\":\"https:\\\/\\\/modelermaxpro.com\\\/#\\\/schema\\\/logo\\\/image\\\/\"}}]}<\/script>\n<!-- \/ Yoast SEO plugin. -->","yoast_head_json":{"title":"RANDOM BUSH COLOR ROSA RM05 - Modeler Max Pro","robots":{"index":"index","follow":"follow","max-snippet":"max-snippet:-1","max-image-preview":"max-image-preview:large","max-video-preview":"max-video-preview:-1"},"canonical":"https:\/\/modelermaxpro.com\/index.php\/product\/random-bush-medium-color-rosa\/","og_locale":"es_ES","og_type":"article","og_title":"RANDOM BUSH COLOR ROSA RM05 - Modeler Max Pro","og_description":"&nbsp; RANDOM BUSH Arbustos coloridos de formato irregular y de aspecto muy real de altura media hasta 18\/20mm de alto. Un art\u00edculo similar a los REAL BUSH lo cual los hace ideal para combinar entre s\u00ed. Se han logrado arbustos con m\u00e1s realismo en el formato como as\u00ed tambi\u00e9n en el follaje. Ideal para escala [&hellip;]","og_url":"https:\/\/modelermaxpro.com\/index.php\/product\/random-bush-medium-color-rosa\/","og_site_name":"Modeler Max Pro","article_modified_time":"2024-11-05T12:35:17+00:00","og_image":[{"width":800,"height":800,"url":"https:\/\/modelermaxpro.com\/wp-content\/uploads\/2024\/11\/ROSA.jpg","type":"image\/jpeg"}],"twitter_card":"summary_large_image","twitter_misc":{"Tiempo de lectura":"1 minuto"},"schema":{"@context":"https:\/\/schema.org","@graph":[{"@type":"WebPage","@id":"https:\/\/modelermaxpro.com\/index.php\/product\/random-bush-medium-color-rosa\/","url":"https:\/\/modelermaxpro.com\/index.php\/product\/random-bush-medium-color-rosa\/","name":"RANDOM BUSH COLOR ROSA RM05 - Modeler Max Pro","isPartOf":{"@id":"https:\/\/modelermaxpro.com\/#website"},"primaryImageOfPage":{"@id":"https:\/\/modelermaxpro.com\/index.php\/product\/random-bush-medium-color-rosa\/#primaryimage"},"image":{"@id":"https:\/\/modelermaxpro.com\/index.php\/product\/random-bush-medium-color-rosa\/#primaryimage"},"thumbnailUrl":"https:\/\/modelermaxpro.com\/wp-content\/uploads\/2024\/11\/ROSA.jpg","datePublished":"2024-11-04T14:37:14+00:00","dateModified":"2024-11-05T12:35:17+00:00","breadcrumb":{"@id":"https:\/\/modelermaxpro.com\/index.php\/product\/random-bush-medium-color-rosa\/#breadcrumb"},"inLanguage":"es-AR","potentialAction":[{"@type":"ReadAction","target":["https:\/\/modelermaxpro.com\/index.php\/product\/random-bush-medium-color-rosa\/"]}]},{"@type":"ImageObject","inLanguage":"es-AR","@id":"https:\/\/modelermaxpro.com\/index.php\/product\/random-bush-medium-color-rosa\/#primaryimage","url":"https:\/\/modelermaxpro.com\/wp-content\/uploads\/2024\/11\/ROSA.jpg","contentUrl":"https:\/\/modelermaxpro.com\/wp-content\/uploads\/2024\/11\/ROSA.jpg","width":800,"height":800},{"@type":"BreadcrumbList","@id":"https:\/\/modelermaxpro.com\/index.php\/product\/random-bush-medium-color-rosa\/#breadcrumb","itemListElement":[{"@type":"ListItem","position":1,"name":"Inicio","item":"https:\/\/modelermaxpro.com\/"},{"@type":"ListItem","position":2,"name":"Shop","item":"https:\/\/modelermaxpro.com\/index.php\/shop\/"},{"@type":"ListItem","position":3,"name":"RANDOM BUSH COLOR ROSA RM05"}]},{"@type":"WebSite","@id":"https:\/\/modelermaxpro.com\/#website","url":"https:\/\/modelermaxpro.com\/","name":"Modeler Max Pro","description":"","publisher":{"@id":"https:\/\/modelermaxpro.com\/#organization"},"potentialAction":[{"@type":"SearchAction","target":{"@type":"EntryPoint","urlTemplate":"https:\/\/modelermaxpro.com\/?s={search_term_string}"},"query-input":{"@type":"PropertyValueSpecification","valueRequired":true,"valueName":"search_term_string"}}],"inLanguage":"es-AR"},{"@type":"Organization","@id":"https:\/\/modelermaxpro.com\/#organization","name":"Modeler Max Pro","url":"https:\/\/modelermaxpro.com\/","logo":{"@type":"ImageObject","inLanguage":"es-AR","@id":"https:\/\/modelermaxpro.com\/#\/schema\/logo\/image\/","url":"https:\/\/modelermaxpro.com\/wp-content\/uploads\/2019\/11\/logos_Modeler-web_Mesa-de-trabajo-1_Mesa-de-trabajo-1.png","contentUrl":"https:\/\/modelermaxpro.com\/wp-content\/uploads\/2019\/11\/logos_Modeler-web_Mesa-de-trabajo-1_Mesa-de-trabajo-1.png","width":322,"height":72,"caption":"Modeler Max Pro"},"image":{"@id":"https:\/\/modelermaxpro.com\/#\/schema\/logo\/image\/"}}]}},"_links":{"self":[{"href":"https:\/\/modelermaxpro.com\/index.php\/wp-json\/wp\/v2\/product\/8822","targetHints":{"allow":["GET"]}}],"collection":[{"href":"https:\/\/modelermaxpro.com\/index.php\/wp-json\/wp\/v2\/product"}],"about":[{"href":"https:\/\/modelermaxpro.com\/index.php\/wp-json\/wp\/v2\/types\/product"}],"wp:featuredmedia":[{"embeddable":true,"href":"https:\/\/modelermaxpro.com\/index.php\/wp-json\/wp\/v2\/media\/8824"}],"wp:attachment":[{"href":"https:\/\/modelermaxpro.com\/index.php\/wp-json\/wp\/v2\/media?parent=8822"}],"wp:term":[{"taxonomy":"product_brand","embeddable":true,"href":"https:\/\/modelermaxpro.com\/index.php\/wp-json\/wp\/v2\/product_brand?post=8822"},{"taxonomy":"product_cat","embeddable":true,"href":"https:\/\/modelermaxpro.com\/index.php\/wp-json\/wp\/v2\/product_cat?post=8822"},{"taxonomy":"product_tag","embeddable":true,"href":"https:\/\/modelermaxpro.com\/index.php\/wp-json\/wp\/v2\/product_tag?post=8822"}],"curies":[{"name":"wp","href":"https:\/\/api.w.org\/{rel}","templated":true}]}}