{"id":9808,"date":"2025-03-21T18:03:58","date_gmt":"2025-03-21T21:03:58","guid":{"rendered":"https:\/\/modelermaxpro.com\/?post_type=product&#038;p=9808"},"modified":"2025-03-21T18:03:58","modified_gmt":"2025-03-21T21:03:58","slug":"atom-20702-atom-set-colores-metalizados","status":"publish","type":"product","link":"https:\/\/modelermaxpro.com\/index.php\/product\/atom-20702-atom-set-colores-metalizados\/","title":{"rendered":"ATOM-20702 ATOM Set Colores Metalizados"},"content":{"rendered":"<p>Set de 12 colores ATOM con base al agua, de alta calidad y especialmente seleccionados para proporcionar la gama de colores met\u00e1licos m\u00e1s com\u00fanmente utilizados en los proyectos de pintura de tus modelos. Con este set podr\u00e1s pintar de forma c\u00f3moda los detalles met\u00e1licos de tus maquetas, as\u00ed como miniaturas hist\u00f3ricas y de fantas\u00eda. Este set facilita la tarea de elegir los colores para nuestros modelos, ahorrando un tiempo valioso. Los tonos son exactos, aunque ligeramente aclarados para compensar el efecto de escala en cualquier maqueta.<\/p>\n<p>Esta pintura presenta una f\u00f3rmula con base al agua pero que se comporta con todas las ventajas de una laca y est\u00e1 optimizada para obtener el m\u00e1ximo rendimiento tanto a pincel como con aer\u00f3grafo. Entre sus caracter\u00edsticas \u00fanicas, destacan su capacidad de autonivelaci\u00f3n, secado r\u00e1pido y su poder de cubrici\u00f3n, haci\u00e9ndola \u00fanica en el mercado. Adem\u00e1s, es extremadamente resistente, permitiendo usar sobre ella acr\u00edlicos, esmaltes o productos m\u00e1s agresivos, como los l\u00edquidos para calcas.<\/p>\n<p>Se presenta en un nuevo envase transparente de 20 ml de capacidad con un nuevo tap\u00f3n que puede abrirse y cerrarse con una sola mano. Esta pintura no es t\u00f3xica ni tiene olor.<\/p>\n<p>Colores incluidos en este set:<\/p>\n<ul>\n<li>ATOM-20164\u00a0\u00a0\u00a0 SILVER<\/li>\n<li>ATOM-20165\u00a0\u00a0\u00a0 ALUMINUM<\/li>\n<li>ATOM-20166\u00a0\u00a0\u00a0 STEEL<\/li>\n<li>ATOM-20167\u00a0\u00a0\u00a0 GUN METAL<\/li>\n<li>ATOM-20169\u00a0\u00a0\u00a0 BURNT IRON<\/li>\n<li>ATOM-20170\u00a0\u00a0\u00a0 COPPER<\/li>\n<li>ATOM-20171\u00a0\u00a0\u00a0 GOLD PINK<\/li>\n<li>ATOM-20172\u00a0\u00a0\u00a0 GOLD<\/li>\n<li>ATOM-20173\u00a0\u00a0\u00a0 BRASS<\/li>\n<li>ATOM-20174\u00a0\u00a0\u00a0 METALLIC RED<\/li>\n<li>ATOM-20175\u00a0\u00a0\u00a0 AOTAKE GREEN<\/li>\n<li>ATOM-20176\u00a0\u00a0\u00a0 AOTAKE BLUE<\/li>\n<\/ul>\n","protected":false},"excerpt":{"rendered":"<p>Set de 12 colores ATOM con base al agua, de alta calidad y especialmente seleccionados para proporcionar la gama de colores met\u00e1licos m\u00e1s com\u00fanmente utilizados en los proyectos de pintura de tus modelos. Con este set podr\u00e1s pintar de forma c\u00f3moda los detalles met\u00e1licos de tus maquetas, as\u00ed como miniaturas hist\u00f3ricas y de fantas\u00eda. Este [&hellip;]<\/p>\n","protected":false},"featured_media":9809,"template":"","meta":[],"product_brand":[],"product_cat":[46],"product_tag":[],"class_list":{"0":"post-9808","1":"product","2":"type-product","3":"status-publish","4":"has-post-thumbnail","6":"product_cat-sets","8":"first","9":"instock","10":"shipping-taxable","11":"product-type-simple"},"yoast_head":"<!-- This site is optimized with the Yoast SEO plugin v27.4 - https:\/\/yoast.com\/product\/yoast-seo-wordpress\/ -->\n<title>ATOM-20702 ATOM Set Colores Metalizados - Modeler Max Pro<\/title>\n<meta name=\"robots\" content=\"index, follow, max-snippet:-1, max-image-preview:large, max-video-preview:-1\" \/>\n<link rel=\"canonical\" href=\"https:\/\/modelermaxpro.com\/index.php\/product\/atom-20702-atom-set-colores-metalizados\/\" \/>\n<meta property=\"og:locale\" content=\"es_ES\" \/>\n<meta property=\"og:type\" content=\"article\" \/>\n<meta property=\"og:title\" content=\"ATOM-20702 ATOM Set Colores Metalizados - Modeler Max Pro\" \/>\n<meta property=\"og:description\" content=\"Set de 12 colores ATOM con base al agua, de alta calidad y especialmente seleccionados para proporcionar la gama de colores met\u00e1licos m\u00e1s com\u00fanmente utilizados en los proyectos de pintura de tus modelos. Con este set podr\u00e1s pintar de forma c\u00f3moda los detalles met\u00e1licos de tus maquetas, as\u00ed como miniaturas hist\u00f3ricas y de fantas\u00eda. Este [&hellip;]\" \/>\n<meta property=\"og:url\" content=\"https:\/\/modelermaxpro.com\/index.php\/product\/atom-20702-atom-set-colores-metalizados\/\" \/>\n<meta property=\"og:site_name\" content=\"Modeler Max Pro\" \/>\n<meta property=\"og:image\" content=\"https:\/\/modelermaxpro.com\/wp-content\/uploads\/2025\/03\/20702.jpg\" \/>\n\t<meta property=\"og:image:width\" content=\"800\" \/>\n\t<meta property=\"og:image:height\" content=\"800\" \/>\n\t<meta property=\"og:image:type\" content=\"image\/jpeg\" \/>\n<meta name=\"twitter:card\" content=\"summary_large_image\" \/>\n<meta name=\"twitter:label1\" content=\"Tiempo de lectura\" \/>\n\t<meta name=\"twitter:data1\" content=\"2 minutos\" \/>\n<script type=\"application\/ld+json\" class=\"yoast-schema-graph\">{\"@context\":\"https:\\\/\\\/schema.org\",\"@graph\":[{\"@type\":\"WebPage\",\"@id\":\"https:\\\/\\\/modelermaxpro.com\\\/index.php\\\/product\\\/atom-20702-atom-set-colores-metalizados\\\/\",\"url\":\"https:\\\/\\\/modelermaxpro.com\\\/index.php\\\/product\\\/atom-20702-atom-set-colores-metalizados\\\/\",\"name\":\"ATOM-20702 ATOM Set Colores Metalizados - Modeler Max Pro\",\"isPartOf\":{\"@id\":\"https:\\\/\\\/modelermaxpro.com\\\/#website\"},\"primaryImageOfPage\":{\"@id\":\"https:\\\/\\\/modelermaxpro.com\\\/index.php\\\/product\\\/atom-20702-atom-set-colores-metalizados\\\/#primaryimage\"},\"image\":{\"@id\":\"https:\\\/\\\/modelermaxpro.com\\\/index.php\\\/product\\\/atom-20702-atom-set-colores-metalizados\\\/#primaryimage\"},\"thumbnailUrl\":\"https:\\\/\\\/modelermaxpro.com\\\/wp-content\\\/uploads\\\/2025\\\/03\\\/20702.jpg\",\"datePublished\":\"2025-03-21T21:03:58+00:00\",\"breadcrumb\":{\"@id\":\"https:\\\/\\\/modelermaxpro.com\\\/index.php\\\/product\\\/atom-20702-atom-set-colores-metalizados\\\/#breadcrumb\"},\"inLanguage\":\"es-AR\",\"potentialAction\":[{\"@type\":\"ReadAction\",\"target\":[\"https:\\\/\\\/modelermaxpro.com\\\/index.php\\\/product\\\/atom-20702-atom-set-colores-metalizados\\\/\"]}]},{\"@type\":\"ImageObject\",\"inLanguage\":\"es-AR\",\"@id\":\"https:\\\/\\\/modelermaxpro.com\\\/index.php\\\/product\\\/atom-20702-atom-set-colores-metalizados\\\/#primaryimage\",\"url\":\"https:\\\/\\\/modelermaxpro.com\\\/wp-content\\\/uploads\\\/2025\\\/03\\\/20702.jpg\",\"contentUrl\":\"https:\\\/\\\/modelermaxpro.com\\\/wp-content\\\/uploads\\\/2025\\\/03\\\/20702.jpg\",\"width\":800,\"height\":800},{\"@type\":\"BreadcrumbList\",\"@id\":\"https:\\\/\\\/modelermaxpro.com\\\/index.php\\\/product\\\/atom-20702-atom-set-colores-metalizados\\\/#breadcrumb\",\"itemListElement\":[{\"@type\":\"ListItem\",\"position\":1,\"name\":\"Inicio\",\"item\":\"https:\\\/\\\/modelermaxpro.com\\\/\"},{\"@type\":\"ListItem\",\"position\":2,\"name\":\"Shop\",\"item\":\"https:\\\/\\\/modelermaxpro.com\\\/index.php\\\/shop\\\/\"},{\"@type\":\"ListItem\",\"position\":3,\"name\":\"ATOM-20702 ATOM Set Colores Metalizados\"}]},{\"@type\":\"WebSite\",\"@id\":\"https:\\\/\\\/modelermaxpro.com\\\/#website\",\"url\":\"https:\\\/\\\/modelermaxpro.com\\\/\",\"name\":\"Modeler Max Pro\",\"description\":\"\",\"publisher\":{\"@id\":\"https:\\\/\\\/modelermaxpro.com\\\/#organization\"},\"potentialAction\":[{\"@type\":\"SearchAction\",\"target\":{\"@type\":\"EntryPoint\",\"urlTemplate\":\"https:\\\/\\\/modelermaxpro.com\\\/?s={search_term_string}\"},\"query-input\":{\"@type\":\"PropertyValueSpecification\",\"valueRequired\":true,\"valueName\":\"search_term_string\"}}],\"inLanguage\":\"es-AR\"},{\"@type\":\"Organization\",\"@id\":\"https:\\\/\\\/modelermaxpro.com\\\/#organization\",\"name\":\"Modeler Max Pro\",\"url\":\"https:\\\/\\\/modelermaxpro.com\\\/\",\"logo\":{\"@type\":\"ImageObject\",\"inLanguage\":\"es-AR\",\"@id\":\"https:\\\/\\\/modelermaxpro.com\\\/#\\\/schema\\\/logo\\\/image\\\/\",\"url\":\"https:\\\/\\\/modelermaxpro.com\\\/wp-content\\\/uploads\\\/2019\\\/11\\\/logos_Modeler-web_Mesa-de-trabajo-1_Mesa-de-trabajo-1.png\",\"contentUrl\":\"https:\\\/\\\/modelermaxpro.com\\\/wp-content\\\/uploads\\\/2019\\\/11\\\/logos_Modeler-web_Mesa-de-trabajo-1_Mesa-de-trabajo-1.png\",\"width\":322,\"height\":72,\"caption\":\"Modeler Max Pro\"},\"image\":{\"@id\":\"https:\\\/\\\/modelermaxpro.com\\\/#\\\/schema\\\/logo\\\/image\\\/\"}}]}<\/script>\n<!-- \/ Yoast SEO plugin. -->","yoast_head_json":{"title":"ATOM-20702 ATOM Set Colores Metalizados - Modeler Max Pro","robots":{"index":"index","follow":"follow","max-snippet":"max-snippet:-1","max-image-preview":"max-image-preview:large","max-video-preview":"max-video-preview:-1"},"canonical":"https:\/\/modelermaxpro.com\/index.php\/product\/atom-20702-atom-set-colores-metalizados\/","og_locale":"es_ES","og_type":"article","og_title":"ATOM-20702 ATOM Set Colores Metalizados - Modeler Max Pro","og_description":"Set de 12 colores ATOM con base al agua, de alta calidad y especialmente seleccionados para proporcionar la gama de colores met\u00e1licos m\u00e1s com\u00fanmente utilizados en los proyectos de pintura de tus modelos. Con este set podr\u00e1s pintar de forma c\u00f3moda los detalles met\u00e1licos de tus maquetas, as\u00ed como miniaturas hist\u00f3ricas y de fantas\u00eda. Este [&hellip;]","og_url":"https:\/\/modelermaxpro.com\/index.php\/product\/atom-20702-atom-set-colores-metalizados\/","og_site_name":"Modeler Max Pro","og_image":[{"width":800,"height":800,"url":"https:\/\/modelermaxpro.com\/wp-content\/uploads\/2025\/03\/20702.jpg","type":"image\/jpeg"}],"twitter_card":"summary_large_image","twitter_misc":{"Tiempo de lectura":"2 minutos"},"schema":{"@context":"https:\/\/schema.org","@graph":[{"@type":"WebPage","@id":"https:\/\/modelermaxpro.com\/index.php\/product\/atom-20702-atom-set-colores-metalizados\/","url":"https:\/\/modelermaxpro.com\/index.php\/product\/atom-20702-atom-set-colores-metalizados\/","name":"ATOM-20702 ATOM Set Colores Metalizados - Modeler Max Pro","isPartOf":{"@id":"https:\/\/modelermaxpro.com\/#website"},"primaryImageOfPage":{"@id":"https:\/\/modelermaxpro.com\/index.php\/product\/atom-20702-atom-set-colores-metalizados\/#primaryimage"},"image":{"@id":"https:\/\/modelermaxpro.com\/index.php\/product\/atom-20702-atom-set-colores-metalizados\/#primaryimage"},"thumbnailUrl":"https:\/\/modelermaxpro.com\/wp-content\/uploads\/2025\/03\/20702.jpg","datePublished":"2025-03-21T21:03:58+00:00","breadcrumb":{"@id":"https:\/\/modelermaxpro.com\/index.php\/product\/atom-20702-atom-set-colores-metalizados\/#breadcrumb"},"inLanguage":"es-AR","potentialAction":[{"@type":"ReadAction","target":["https:\/\/modelermaxpro.com\/index.php\/product\/atom-20702-atom-set-colores-metalizados\/"]}]},{"@type":"ImageObject","inLanguage":"es-AR","@id":"https:\/\/modelermaxpro.com\/index.php\/product\/atom-20702-atom-set-colores-metalizados\/#primaryimage","url":"https:\/\/modelermaxpro.com\/wp-content\/uploads\/2025\/03\/20702.jpg","contentUrl":"https:\/\/modelermaxpro.com\/wp-content\/uploads\/2025\/03\/20702.jpg","width":800,"height":800},{"@type":"BreadcrumbList","@id":"https:\/\/modelermaxpro.com\/index.php\/product\/atom-20702-atom-set-colores-metalizados\/#breadcrumb","itemListElement":[{"@type":"ListItem","position":1,"name":"Inicio","item":"https:\/\/modelermaxpro.com\/"},{"@type":"ListItem","position":2,"name":"Shop","item":"https:\/\/modelermaxpro.com\/index.php\/shop\/"},{"@type":"ListItem","position":3,"name":"ATOM-20702 ATOM Set Colores Metalizados"}]},{"@type":"WebSite","@id":"https:\/\/modelermaxpro.com\/#website","url":"https:\/\/modelermaxpro.com\/","name":"Modeler Max Pro","description":"","publisher":{"@id":"https:\/\/modelermaxpro.com\/#organization"},"potentialAction":[{"@type":"SearchAction","target":{"@type":"EntryPoint","urlTemplate":"https:\/\/modelermaxpro.com\/?s={search_term_string}"},"query-input":{"@type":"PropertyValueSpecification","valueRequired":true,"valueName":"search_term_string"}}],"inLanguage":"es-AR"},{"@type":"Organization","@id":"https:\/\/modelermaxpro.com\/#organization","name":"Modeler Max Pro","url":"https:\/\/modelermaxpro.com\/","logo":{"@type":"ImageObject","inLanguage":"es-AR","@id":"https:\/\/modelermaxpro.com\/#\/schema\/logo\/image\/","url":"https:\/\/modelermaxpro.com\/wp-content\/uploads\/2019\/11\/logos_Modeler-web_Mesa-de-trabajo-1_Mesa-de-trabajo-1.png","contentUrl":"https:\/\/modelermaxpro.com\/wp-content\/uploads\/2019\/11\/logos_Modeler-web_Mesa-de-trabajo-1_Mesa-de-trabajo-1.png","width":322,"height":72,"caption":"Modeler Max Pro"},"image":{"@id":"https:\/\/modelermaxpro.com\/#\/schema\/logo\/image\/"}}]}},"_links":{"self":[{"href":"https:\/\/modelermaxpro.com\/index.php\/wp-json\/wp\/v2\/product\/9808","targetHints":{"allow":["GET"]}}],"collection":[{"href":"https:\/\/modelermaxpro.com\/index.php\/wp-json\/wp\/v2\/product"}],"about":[{"href":"https:\/\/modelermaxpro.com\/index.php\/wp-json\/wp\/v2\/types\/product"}],"wp:featuredmedia":[{"embeddable":true,"href":"https:\/\/modelermaxpro.com\/index.php\/wp-json\/wp\/v2\/media\/9809"}],"wp:attachment":[{"href":"https:\/\/modelermaxpro.com\/index.php\/wp-json\/wp\/v2\/media?parent=9808"}],"wp:term":[{"taxonomy":"product_brand","embeddable":true,"href":"https:\/\/modelermaxpro.com\/index.php\/wp-json\/wp\/v2\/product_brand?post=9808"},{"taxonomy":"product_cat","embeddable":true,"href":"https:\/\/modelermaxpro.com\/index.php\/wp-json\/wp\/v2\/product_cat?post=9808"},{"taxonomy":"product_tag","embeddable":true,"href":"https:\/\/modelermaxpro.com\/index.php\/wp-json\/wp\/v2\/product_tag?post=9808"}],"curies":[{"name":"wp","href":"https:\/\/api.w.org\/{rel}","templated":true}]}}