{"id":9812,"date":"2025-03-21T18:07:06","date_gmt":"2025-03-21T21:07:06","guid":{"rendered":"https:\/\/modelermaxpro.com\/?post_type=product&#038;p=9812"},"modified":"2025-03-28T10:23:59","modified_gmt":"2025-03-28T13:23:59","slug":"atom-20704-atom-set-colores-de-tanques-alemanes-wwii","status":"publish","type":"product","link":"https:\/\/modelermaxpro.com\/index.php\/product\/atom-20704-atom-set-colores-de-tanques-alemanes-wwii\/","title":{"rendered":"ATOM-20704 Set Colores de Tanques Alemanes WWII"},"content":{"rendered":"<p>Set de 12 colores ATOM con base agua, de alta calidad y especialmente seleccionados para representar los camuflajes empleados por las unidades Panzer durante toda la II Mundial.<\/p>\n<p>Con estos colores podremos pintar la mayor\u00eda de los veh\u00edculos que sirvieron en el conflicto, tanto en el Frente Europeo o el frente del Este. Por supuesto, podr\u00e1s emplearlos en\u00a0 la decoraci\u00f3n de los carros y veh\u00edculos alemanes durante todo el conflicto, desde 1939 hasta 1945. Con este set podr\u00e1s pintar de forma c\u00f3moda y f\u00e1cil carros tan emblem\u00e1ticos como el Tiger I en todas sus versiones, el Panther o diversos veh\u00edculos ligeros.<\/p>\n<p>Esta pintura presenta una f\u00f3rmula con base al agua que se comporta con todas las ventajas de una laca y est\u00e1 optimizada para obtener el m\u00e1ximo rendimiento tanto a pincel como con aer\u00f3grafo. Entre sus caracter\u00edsticas, destacan su capacidad de autonivelaci\u00f3n, secado r\u00e1pido, y su poder de cubrici\u00f3n, haci\u00e9ndola \u00fanica en el mercado. Adem\u00e1s, es extremadamente resistente, permitiendo usar sobre ella acr\u00edlicos, esmaltes o productos m\u00e1s agresivos, como los l\u00edquidos para calcas.<\/p>\n<p>Se presenta en un nuevo envase transparente de 20 ml de capacidad con un nuevo tap\u00f3n que puede abrirse y cerrarse con una sola mano. Esta pintura no es t\u00f3xica ni tiene olor.<\/p>\n<p>Contenido del set:<\/p>\n<ul>\n<li>ATOM-20002\u00a0\u00a0\u00a0\u00a0 Cremeweiss RAL 9001<\/li>\n<li>ATOM-20005\u00a0\u00a0\u00a0\u00a0 DUNKELGELB DG III RAL 7028<\/li>\n<li>ATOM-20010\u00a0\u00a0\u00a0\u00a0 DUNKELGELB DG I RAL 7028<\/li>\n<li>ATOM-20012\u00a0\u00a0\u00a0\u00a0 DUNKELGELB RAL 7028<\/li>\n<li>ATOM-20046\u00a0\u00a0\u00a0\u00a0 ROTBRAUN RAL 8012<\/li>\n<li>ATOM-20062\u00a0\u00a0\u00a0\u00a0 SCHOKOBRAUN RAL 8017<\/li>\n<li>ATOM-20067\u00a0\u00a0\u00a0\u00a0 OLIVGR\u00dcN DARK RAL6003<\/li>\n<li>ATOM-20080\u00a0\u00a0\u00a0\u00a0 FIELD GREY<\/li>\n<li>ATOM-20081\u00a0\u00a0\u00a0\u00a0 RESEDAGR\u00dcN RAL6011<\/li>\n<li>ATOM-20144\u00a0\u00a0\u00a0\u00a0 ZIMMERIT<\/li>\n<li>ATOM-20160\u00a0\u00a0\u00a0\u00a0 DUNKELGRAU RAL7021<\/li>\n<li>ATOM-20177\u00a0\u00a0\u00a0\u00a0 WASHABLE\u00a0 WHITE<\/li>\n<\/ul>\n","protected":false},"excerpt":{"rendered":"<p>Set de 12 colores ATOM con base agua, de alta calidad y especialmente seleccionados para representar los camuflajes empleados por las unidades Panzer durante toda la II Mundial. Con estos colores podremos pintar la mayor\u00eda de los veh\u00edculos que sirvieron en el conflicto, tanto en el Frente Europeo o el frente del Este. Por supuesto, [&hellip;]<\/p>\n","protected":false},"featured_media":9813,"template":"","meta":[],"product_brand":[],"product_cat":[46],"product_tag":[],"class_list":{"0":"post-9812","1":"product","2":"type-product","3":"status-publish","4":"has-post-thumbnail","6":"product_cat-sets","8":"first","9":"instock","10":"shipping-taxable","11":"product-type-simple"},"yoast_head":"<!-- This site is optimized with the Yoast SEO plugin v27.4 - https:\/\/yoast.com\/product\/yoast-seo-wordpress\/ -->\n<title>ATOM-20704 Set Colores de Tanques Alemanes WWII - Modeler Max Pro<\/title>\n<meta name=\"robots\" content=\"index, follow, max-snippet:-1, max-image-preview:large, max-video-preview:-1\" \/>\n<link rel=\"canonical\" href=\"https:\/\/modelermaxpro.com\/index.php\/product\/atom-20704-atom-set-colores-de-tanques-alemanes-wwii\/\" \/>\n<meta property=\"og:locale\" content=\"es_ES\" \/>\n<meta property=\"og:type\" content=\"article\" \/>\n<meta property=\"og:title\" content=\"ATOM-20704 Set Colores de Tanques Alemanes WWII - Modeler Max Pro\" \/>\n<meta property=\"og:description\" content=\"Set de 12 colores ATOM con base agua, de alta calidad y especialmente seleccionados para representar los camuflajes empleados por las unidades Panzer durante toda la II Mundial. Con estos colores podremos pintar la mayor\u00eda de los veh\u00edculos que sirvieron en el conflicto, tanto en el Frente Europeo o el frente del Este. Por supuesto, [&hellip;]\" \/>\n<meta property=\"og:url\" content=\"https:\/\/modelermaxpro.com\/index.php\/product\/atom-20704-atom-set-colores-de-tanques-alemanes-wwii\/\" \/>\n<meta property=\"og:site_name\" content=\"Modeler Max Pro\" \/>\n<meta property=\"article:modified_time\" content=\"2025-03-28T13:23:59+00:00\" \/>\n<meta property=\"og:image\" content=\"https:\/\/modelermaxpro.com\/wp-content\/uploads\/2025\/03\/20704.jpg\" \/>\n\t<meta property=\"og:image:width\" content=\"800\" \/>\n\t<meta property=\"og:image:height\" content=\"800\" \/>\n\t<meta property=\"og:image:type\" content=\"image\/jpeg\" \/>\n<meta name=\"twitter:card\" content=\"summary_large_image\" \/>\n<meta name=\"twitter:label1\" content=\"Tiempo de lectura\" \/>\n\t<meta name=\"twitter:data1\" content=\"2 minutos\" \/>\n<script type=\"application\/ld+json\" class=\"yoast-schema-graph\">{\"@context\":\"https:\\\/\\\/schema.org\",\"@graph\":[{\"@type\":\"WebPage\",\"@id\":\"https:\\\/\\\/modelermaxpro.com\\\/index.php\\\/product\\\/atom-20704-atom-set-colores-de-tanques-alemanes-wwii\\\/\",\"url\":\"https:\\\/\\\/modelermaxpro.com\\\/index.php\\\/product\\\/atom-20704-atom-set-colores-de-tanques-alemanes-wwii\\\/\",\"name\":\"ATOM-20704 Set Colores de Tanques Alemanes WWII - Modeler Max Pro\",\"isPartOf\":{\"@id\":\"https:\\\/\\\/modelermaxpro.com\\\/#website\"},\"primaryImageOfPage\":{\"@id\":\"https:\\\/\\\/modelermaxpro.com\\\/index.php\\\/product\\\/atom-20704-atom-set-colores-de-tanques-alemanes-wwii\\\/#primaryimage\"},\"image\":{\"@id\":\"https:\\\/\\\/modelermaxpro.com\\\/index.php\\\/product\\\/atom-20704-atom-set-colores-de-tanques-alemanes-wwii\\\/#primaryimage\"},\"thumbnailUrl\":\"https:\\\/\\\/modelermaxpro.com\\\/wp-content\\\/uploads\\\/2025\\\/03\\\/20704.jpg\",\"datePublished\":\"2025-03-21T21:07:06+00:00\",\"dateModified\":\"2025-03-28T13:23:59+00:00\",\"breadcrumb\":{\"@id\":\"https:\\\/\\\/modelermaxpro.com\\\/index.php\\\/product\\\/atom-20704-atom-set-colores-de-tanques-alemanes-wwii\\\/#breadcrumb\"},\"inLanguage\":\"es-AR\",\"potentialAction\":[{\"@type\":\"ReadAction\",\"target\":[\"https:\\\/\\\/modelermaxpro.com\\\/index.php\\\/product\\\/atom-20704-atom-set-colores-de-tanques-alemanes-wwii\\\/\"]}]},{\"@type\":\"ImageObject\",\"inLanguage\":\"es-AR\",\"@id\":\"https:\\\/\\\/modelermaxpro.com\\\/index.php\\\/product\\\/atom-20704-atom-set-colores-de-tanques-alemanes-wwii\\\/#primaryimage\",\"url\":\"https:\\\/\\\/modelermaxpro.com\\\/wp-content\\\/uploads\\\/2025\\\/03\\\/20704.jpg\",\"contentUrl\":\"https:\\\/\\\/modelermaxpro.com\\\/wp-content\\\/uploads\\\/2025\\\/03\\\/20704.jpg\",\"width\":800,\"height\":800},{\"@type\":\"BreadcrumbList\",\"@id\":\"https:\\\/\\\/modelermaxpro.com\\\/index.php\\\/product\\\/atom-20704-atom-set-colores-de-tanques-alemanes-wwii\\\/#breadcrumb\",\"itemListElement\":[{\"@type\":\"ListItem\",\"position\":1,\"name\":\"Inicio\",\"item\":\"https:\\\/\\\/modelermaxpro.com\\\/\"},{\"@type\":\"ListItem\",\"position\":2,\"name\":\"Shop\",\"item\":\"https:\\\/\\\/modelermaxpro.com\\\/index.php\\\/shop\\\/\"},{\"@type\":\"ListItem\",\"position\":3,\"name\":\"ATOM-20704 Set Colores de Tanques Alemanes WWII\"}]},{\"@type\":\"WebSite\",\"@id\":\"https:\\\/\\\/modelermaxpro.com\\\/#website\",\"url\":\"https:\\\/\\\/modelermaxpro.com\\\/\",\"name\":\"Modeler Max Pro\",\"description\":\"\",\"publisher\":{\"@id\":\"https:\\\/\\\/modelermaxpro.com\\\/#organization\"},\"potentialAction\":[{\"@type\":\"SearchAction\",\"target\":{\"@type\":\"EntryPoint\",\"urlTemplate\":\"https:\\\/\\\/modelermaxpro.com\\\/?s={search_term_string}\"},\"query-input\":{\"@type\":\"PropertyValueSpecification\",\"valueRequired\":true,\"valueName\":\"search_term_string\"}}],\"inLanguage\":\"es-AR\"},{\"@type\":\"Organization\",\"@id\":\"https:\\\/\\\/modelermaxpro.com\\\/#organization\",\"name\":\"Modeler Max Pro\",\"url\":\"https:\\\/\\\/modelermaxpro.com\\\/\",\"logo\":{\"@type\":\"ImageObject\",\"inLanguage\":\"es-AR\",\"@id\":\"https:\\\/\\\/modelermaxpro.com\\\/#\\\/schema\\\/logo\\\/image\\\/\",\"url\":\"https:\\\/\\\/modelermaxpro.com\\\/wp-content\\\/uploads\\\/2019\\\/11\\\/logos_Modeler-web_Mesa-de-trabajo-1_Mesa-de-trabajo-1.png\",\"contentUrl\":\"https:\\\/\\\/modelermaxpro.com\\\/wp-content\\\/uploads\\\/2019\\\/11\\\/logos_Modeler-web_Mesa-de-trabajo-1_Mesa-de-trabajo-1.png\",\"width\":322,\"height\":72,\"caption\":\"Modeler Max Pro\"},\"image\":{\"@id\":\"https:\\\/\\\/modelermaxpro.com\\\/#\\\/schema\\\/logo\\\/image\\\/\"}}]}<\/script>\n<!-- \/ Yoast SEO plugin. -->","yoast_head_json":{"title":"ATOM-20704 Set Colores de Tanques Alemanes WWII - Modeler Max Pro","robots":{"index":"index","follow":"follow","max-snippet":"max-snippet:-1","max-image-preview":"max-image-preview:large","max-video-preview":"max-video-preview:-1"},"canonical":"https:\/\/modelermaxpro.com\/index.php\/product\/atom-20704-atom-set-colores-de-tanques-alemanes-wwii\/","og_locale":"es_ES","og_type":"article","og_title":"ATOM-20704 Set Colores de Tanques Alemanes WWII - Modeler Max Pro","og_description":"Set de 12 colores ATOM con base agua, de alta calidad y especialmente seleccionados para representar los camuflajes empleados por las unidades Panzer durante toda la II Mundial. Con estos colores podremos pintar la mayor\u00eda de los veh\u00edculos que sirvieron en el conflicto, tanto en el Frente Europeo o el frente del Este. Por supuesto, [&hellip;]","og_url":"https:\/\/modelermaxpro.com\/index.php\/product\/atom-20704-atom-set-colores-de-tanques-alemanes-wwii\/","og_site_name":"Modeler Max Pro","article_modified_time":"2025-03-28T13:23:59+00:00","og_image":[{"width":800,"height":800,"url":"https:\/\/modelermaxpro.com\/wp-content\/uploads\/2025\/03\/20704.jpg","type":"image\/jpeg"}],"twitter_card":"summary_large_image","twitter_misc":{"Tiempo de lectura":"2 minutos"},"schema":{"@context":"https:\/\/schema.org","@graph":[{"@type":"WebPage","@id":"https:\/\/modelermaxpro.com\/index.php\/product\/atom-20704-atom-set-colores-de-tanques-alemanes-wwii\/","url":"https:\/\/modelermaxpro.com\/index.php\/product\/atom-20704-atom-set-colores-de-tanques-alemanes-wwii\/","name":"ATOM-20704 Set Colores de Tanques Alemanes WWII - Modeler Max Pro","isPartOf":{"@id":"https:\/\/modelermaxpro.com\/#website"},"primaryImageOfPage":{"@id":"https:\/\/modelermaxpro.com\/index.php\/product\/atom-20704-atom-set-colores-de-tanques-alemanes-wwii\/#primaryimage"},"image":{"@id":"https:\/\/modelermaxpro.com\/index.php\/product\/atom-20704-atom-set-colores-de-tanques-alemanes-wwii\/#primaryimage"},"thumbnailUrl":"https:\/\/modelermaxpro.com\/wp-content\/uploads\/2025\/03\/20704.jpg","datePublished":"2025-03-21T21:07:06+00:00","dateModified":"2025-03-28T13:23:59+00:00","breadcrumb":{"@id":"https:\/\/modelermaxpro.com\/index.php\/product\/atom-20704-atom-set-colores-de-tanques-alemanes-wwii\/#breadcrumb"},"inLanguage":"es-AR","potentialAction":[{"@type":"ReadAction","target":["https:\/\/modelermaxpro.com\/index.php\/product\/atom-20704-atom-set-colores-de-tanques-alemanes-wwii\/"]}]},{"@type":"ImageObject","inLanguage":"es-AR","@id":"https:\/\/modelermaxpro.com\/index.php\/product\/atom-20704-atom-set-colores-de-tanques-alemanes-wwii\/#primaryimage","url":"https:\/\/modelermaxpro.com\/wp-content\/uploads\/2025\/03\/20704.jpg","contentUrl":"https:\/\/modelermaxpro.com\/wp-content\/uploads\/2025\/03\/20704.jpg","width":800,"height":800},{"@type":"BreadcrumbList","@id":"https:\/\/modelermaxpro.com\/index.php\/product\/atom-20704-atom-set-colores-de-tanques-alemanes-wwii\/#breadcrumb","itemListElement":[{"@type":"ListItem","position":1,"name":"Inicio","item":"https:\/\/modelermaxpro.com\/"},{"@type":"ListItem","position":2,"name":"Shop","item":"https:\/\/modelermaxpro.com\/index.php\/shop\/"},{"@type":"ListItem","position":3,"name":"ATOM-20704 Set Colores de Tanques Alemanes WWII"}]},{"@type":"WebSite","@id":"https:\/\/modelermaxpro.com\/#website","url":"https:\/\/modelermaxpro.com\/","name":"Modeler Max Pro","description":"","publisher":{"@id":"https:\/\/modelermaxpro.com\/#organization"},"potentialAction":[{"@type":"SearchAction","target":{"@type":"EntryPoint","urlTemplate":"https:\/\/modelermaxpro.com\/?s={search_term_string}"},"query-input":{"@type":"PropertyValueSpecification","valueRequired":true,"valueName":"search_term_string"}}],"inLanguage":"es-AR"},{"@type":"Organization","@id":"https:\/\/modelermaxpro.com\/#organization","name":"Modeler Max Pro","url":"https:\/\/modelermaxpro.com\/","logo":{"@type":"ImageObject","inLanguage":"es-AR","@id":"https:\/\/modelermaxpro.com\/#\/schema\/logo\/image\/","url":"https:\/\/modelermaxpro.com\/wp-content\/uploads\/2019\/11\/logos_Modeler-web_Mesa-de-trabajo-1_Mesa-de-trabajo-1.png","contentUrl":"https:\/\/modelermaxpro.com\/wp-content\/uploads\/2019\/11\/logos_Modeler-web_Mesa-de-trabajo-1_Mesa-de-trabajo-1.png","width":322,"height":72,"caption":"Modeler Max Pro"},"image":{"@id":"https:\/\/modelermaxpro.com\/#\/schema\/logo\/image\/"}}]}},"_links":{"self":[{"href":"https:\/\/modelermaxpro.com\/index.php\/wp-json\/wp\/v2\/product\/9812","targetHints":{"allow":["GET"]}}],"collection":[{"href":"https:\/\/modelermaxpro.com\/index.php\/wp-json\/wp\/v2\/product"}],"about":[{"href":"https:\/\/modelermaxpro.com\/index.php\/wp-json\/wp\/v2\/types\/product"}],"wp:featuredmedia":[{"embeddable":true,"href":"https:\/\/modelermaxpro.com\/index.php\/wp-json\/wp\/v2\/media\/9813"}],"wp:attachment":[{"href":"https:\/\/modelermaxpro.com\/index.php\/wp-json\/wp\/v2\/media?parent=9812"}],"wp:term":[{"taxonomy":"product_brand","embeddable":true,"href":"https:\/\/modelermaxpro.com\/index.php\/wp-json\/wp\/v2\/product_brand?post=9812"},{"taxonomy":"product_cat","embeddable":true,"href":"https:\/\/modelermaxpro.com\/index.php\/wp-json\/wp\/v2\/product_cat?post=9812"},{"taxonomy":"product_tag","embeddable":true,"href":"https:\/\/modelermaxpro.com\/index.php\/wp-json\/wp\/v2\/product_tag?post=9812"}],"curies":[{"name":"wp","href":"https:\/\/api.w.org\/{rel}","templated":true}]}}