{"id":9816,"date":"2025-03-21T18:12:17","date_gmt":"2025-03-21T21:12:17","guid":{"rendered":"https:\/\/modelermaxpro.com\/?post_type=product&#038;p=9816"},"modified":"2025-03-28T10:23:24","modified_gmt":"2025-03-28T13:23:24","slug":"atom-20706-set-colores-basicos-wargames-i","status":"publish","type":"product","link":"https:\/\/modelermaxpro.com\/index.php\/product\/atom-20706-set-colores-basicos-wargames-i\/","title":{"rendered":"ATOM-20706 Set Colores Basicos Wargames I"},"content":{"rendered":"<p>Set de 12 colores ATOM con base agua, de alta calidad y especialmente seleccionados para decorar tus miniaturas de una manera r\u00e1pida y sencilla. Da rienda suelta a tu imaginaci\u00f3n o sigue fielmente la tradici\u00f3n. Este set te facilita la tarea de elegir los tonos m\u00e1s b\u00e1sicos para nuestros ej\u00e9rcitos o figuras, ahorrando un tiempo valioso. Los tonos son muy saturados y proporcionan unos acabados muy intensos.<\/p>\n<p>Esta pintura presenta una f\u00f3rmula con base al agua que se comporta con todas las ventajas de una laca y est\u00e1 optimizada para obtener el m\u00e1ximo rendimiento tanto a pincel como con aer\u00f3grafo. Entre sus caracter\u00edsticas, destacan su capacidad de autonivelaci\u00f3n, secado r\u00e1pido, y su poder de cubrici\u00f3n, haci\u00e9ndola \u00fanica en el mercado. Adem\u00e1s, es extremadamente resistente, permitiendo usar sobre ella acr\u00edlicos, esmaltes o productos m\u00e1s agresivos, como los l\u00edquidos para calcas.<\/p>\n<p>Se presenta en un nuevo envase transparente de 20 ml de capacidad con un nuevo tap\u00f3n que puede abrirse y cerrarse con una sola mano. Esta pintura no es t\u00f3xica ni tiene olor.<\/p>\n<p>Colores incluidos en este set:<\/p>\n<ul>\n<li>ATOM-20000\u00a0\u00a0\u00a0 Matt White<\/li>\n<li>ATOM-20163\u00a0\u00a0\u00a0 Matt Black<\/li>\n<li>ATOM-20029\u00a0\u00a0\u00a0 Red<\/li>\n<li>ATOM-20018\u00a0\u00a0\u00a0 Yellow<\/li>\n<li>ATOM-20110\u00a0\u00a0\u00a0 Blue<\/li>\n<li>ATOM-20033\u00a0\u00a0\u00a0 Magenta<\/li>\n<li>ATOM-20027\u00a0\u00a0\u00a0 Orange<\/li>\n<li>ATOM-20084\u00a0\u00a0\u00a0 Bright Green<\/li>\n<li>ATOM-20151\u00a0\u00a0\u00a0 Purple<\/li>\n<li>ATOM-20051\u00a0\u00a0\u00a0 Earth<\/li>\n<li>ATOM-20055\u00a0\u00a0\u00a0 Umber Brown<\/li>\n<li>ATOM-20041\u00a0\u00a0\u00a0 Basic Skin<\/li>\n<\/ul>\n","protected":false},"excerpt":{"rendered":"<p>Set de 12 colores ATOM con base agua, de alta calidad y especialmente seleccionados para decorar tus miniaturas de una manera r\u00e1pida y sencilla. Da rienda suelta a tu imaginaci\u00f3n o sigue fielmente la tradici\u00f3n. Este set te facilita la tarea de elegir los tonos m\u00e1s b\u00e1sicos para nuestros ej\u00e9rcitos o figuras, ahorrando un tiempo [&hellip;]<\/p>\n","protected":false},"featured_media":9817,"template":"","meta":[],"product_brand":[],"product_cat":[46],"product_tag":[],"class_list":{"0":"post-9816","1":"product","2":"type-product","3":"status-publish","4":"has-post-thumbnail","6":"product_cat-sets","8":"first","9":"instock","10":"shipping-taxable","11":"product-type-simple"},"yoast_head":"<!-- This site is optimized with the Yoast SEO plugin v27.4 - https:\/\/yoast.com\/product\/yoast-seo-wordpress\/ -->\n<title>ATOM-20706 Set Colores Basicos Wargames I - Modeler Max Pro<\/title>\n<meta name=\"robots\" content=\"index, follow, max-snippet:-1, max-image-preview:large, max-video-preview:-1\" \/>\n<link rel=\"canonical\" href=\"https:\/\/modelermaxpro.com\/index.php\/product\/atom-20706-set-colores-basicos-wargames-i\/\" \/>\n<meta property=\"og:locale\" content=\"es_ES\" \/>\n<meta property=\"og:type\" content=\"article\" \/>\n<meta property=\"og:title\" content=\"ATOM-20706 Set Colores Basicos Wargames I - Modeler Max Pro\" \/>\n<meta property=\"og:description\" content=\"Set de 12 colores ATOM con base agua, de alta calidad y especialmente seleccionados para decorar tus miniaturas de una manera r\u00e1pida y sencilla. Da rienda suelta a tu imaginaci\u00f3n o sigue fielmente la tradici\u00f3n. Este set te facilita la tarea de elegir los tonos m\u00e1s b\u00e1sicos para nuestros ej\u00e9rcitos o figuras, ahorrando un tiempo [&hellip;]\" \/>\n<meta property=\"og:url\" content=\"https:\/\/modelermaxpro.com\/index.php\/product\/atom-20706-set-colores-basicos-wargames-i\/\" \/>\n<meta property=\"og:site_name\" content=\"Modeler Max Pro\" \/>\n<meta property=\"article:modified_time\" content=\"2025-03-28T13:23:24+00:00\" \/>\n<meta property=\"og:image\" content=\"https:\/\/modelermaxpro.com\/wp-content\/uploads\/2025\/03\/20706.jpg\" \/>\n\t<meta property=\"og:image:width\" content=\"800\" \/>\n\t<meta property=\"og:image:height\" content=\"800\" \/>\n\t<meta property=\"og:image:type\" content=\"image\/jpeg\" \/>\n<meta name=\"twitter:card\" content=\"summary_large_image\" \/>\n<meta name=\"twitter:label1\" content=\"Tiempo de lectura\" \/>\n\t<meta name=\"twitter:data1\" content=\"2 minutos\" \/>\n<script type=\"application\/ld+json\" class=\"yoast-schema-graph\">{\"@context\":\"https:\\\/\\\/schema.org\",\"@graph\":[{\"@type\":\"WebPage\",\"@id\":\"https:\\\/\\\/modelermaxpro.com\\\/index.php\\\/product\\\/atom-20706-set-colores-basicos-wargames-i\\\/\",\"url\":\"https:\\\/\\\/modelermaxpro.com\\\/index.php\\\/product\\\/atom-20706-set-colores-basicos-wargames-i\\\/\",\"name\":\"ATOM-20706 Set Colores Basicos Wargames I - Modeler Max Pro\",\"isPartOf\":{\"@id\":\"https:\\\/\\\/modelermaxpro.com\\\/#website\"},\"primaryImageOfPage\":{\"@id\":\"https:\\\/\\\/modelermaxpro.com\\\/index.php\\\/product\\\/atom-20706-set-colores-basicos-wargames-i\\\/#primaryimage\"},\"image\":{\"@id\":\"https:\\\/\\\/modelermaxpro.com\\\/index.php\\\/product\\\/atom-20706-set-colores-basicos-wargames-i\\\/#primaryimage\"},\"thumbnailUrl\":\"https:\\\/\\\/modelermaxpro.com\\\/wp-content\\\/uploads\\\/2025\\\/03\\\/20706.jpg\",\"datePublished\":\"2025-03-21T21:12:17+00:00\",\"dateModified\":\"2025-03-28T13:23:24+00:00\",\"breadcrumb\":{\"@id\":\"https:\\\/\\\/modelermaxpro.com\\\/index.php\\\/product\\\/atom-20706-set-colores-basicos-wargames-i\\\/#breadcrumb\"},\"inLanguage\":\"es-AR\",\"potentialAction\":[{\"@type\":\"ReadAction\",\"target\":[\"https:\\\/\\\/modelermaxpro.com\\\/index.php\\\/product\\\/atom-20706-set-colores-basicos-wargames-i\\\/\"]}]},{\"@type\":\"ImageObject\",\"inLanguage\":\"es-AR\",\"@id\":\"https:\\\/\\\/modelermaxpro.com\\\/index.php\\\/product\\\/atom-20706-set-colores-basicos-wargames-i\\\/#primaryimage\",\"url\":\"https:\\\/\\\/modelermaxpro.com\\\/wp-content\\\/uploads\\\/2025\\\/03\\\/20706.jpg\",\"contentUrl\":\"https:\\\/\\\/modelermaxpro.com\\\/wp-content\\\/uploads\\\/2025\\\/03\\\/20706.jpg\",\"width\":800,\"height\":800},{\"@type\":\"BreadcrumbList\",\"@id\":\"https:\\\/\\\/modelermaxpro.com\\\/index.php\\\/product\\\/atom-20706-set-colores-basicos-wargames-i\\\/#breadcrumb\",\"itemListElement\":[{\"@type\":\"ListItem\",\"position\":1,\"name\":\"Inicio\",\"item\":\"https:\\\/\\\/modelermaxpro.com\\\/\"},{\"@type\":\"ListItem\",\"position\":2,\"name\":\"Shop\",\"item\":\"https:\\\/\\\/modelermaxpro.com\\\/index.php\\\/shop\\\/\"},{\"@type\":\"ListItem\",\"position\":3,\"name\":\"ATOM-20706 Set Colores Basicos Wargames I\"}]},{\"@type\":\"WebSite\",\"@id\":\"https:\\\/\\\/modelermaxpro.com\\\/#website\",\"url\":\"https:\\\/\\\/modelermaxpro.com\\\/\",\"name\":\"Modeler Max Pro\",\"description\":\"\",\"publisher\":{\"@id\":\"https:\\\/\\\/modelermaxpro.com\\\/#organization\"},\"potentialAction\":[{\"@type\":\"SearchAction\",\"target\":{\"@type\":\"EntryPoint\",\"urlTemplate\":\"https:\\\/\\\/modelermaxpro.com\\\/?s={search_term_string}\"},\"query-input\":{\"@type\":\"PropertyValueSpecification\",\"valueRequired\":true,\"valueName\":\"search_term_string\"}}],\"inLanguage\":\"es-AR\"},{\"@type\":\"Organization\",\"@id\":\"https:\\\/\\\/modelermaxpro.com\\\/#organization\",\"name\":\"Modeler Max Pro\",\"url\":\"https:\\\/\\\/modelermaxpro.com\\\/\",\"logo\":{\"@type\":\"ImageObject\",\"inLanguage\":\"es-AR\",\"@id\":\"https:\\\/\\\/modelermaxpro.com\\\/#\\\/schema\\\/logo\\\/image\\\/\",\"url\":\"https:\\\/\\\/modelermaxpro.com\\\/wp-content\\\/uploads\\\/2019\\\/11\\\/logos_Modeler-web_Mesa-de-trabajo-1_Mesa-de-trabajo-1.png\",\"contentUrl\":\"https:\\\/\\\/modelermaxpro.com\\\/wp-content\\\/uploads\\\/2019\\\/11\\\/logos_Modeler-web_Mesa-de-trabajo-1_Mesa-de-trabajo-1.png\",\"width\":322,\"height\":72,\"caption\":\"Modeler Max Pro\"},\"image\":{\"@id\":\"https:\\\/\\\/modelermaxpro.com\\\/#\\\/schema\\\/logo\\\/image\\\/\"}}]}<\/script>\n<!-- \/ Yoast SEO plugin. -->","yoast_head_json":{"title":"ATOM-20706 Set Colores Basicos Wargames I - Modeler Max Pro","robots":{"index":"index","follow":"follow","max-snippet":"max-snippet:-1","max-image-preview":"max-image-preview:large","max-video-preview":"max-video-preview:-1"},"canonical":"https:\/\/modelermaxpro.com\/index.php\/product\/atom-20706-set-colores-basicos-wargames-i\/","og_locale":"es_ES","og_type":"article","og_title":"ATOM-20706 Set Colores Basicos Wargames I - Modeler Max Pro","og_description":"Set de 12 colores ATOM con base agua, de alta calidad y especialmente seleccionados para decorar tus miniaturas de una manera r\u00e1pida y sencilla. Da rienda suelta a tu imaginaci\u00f3n o sigue fielmente la tradici\u00f3n. Este set te facilita la tarea de elegir los tonos m\u00e1s b\u00e1sicos para nuestros ej\u00e9rcitos o figuras, ahorrando un tiempo [&hellip;]","og_url":"https:\/\/modelermaxpro.com\/index.php\/product\/atom-20706-set-colores-basicos-wargames-i\/","og_site_name":"Modeler Max Pro","article_modified_time":"2025-03-28T13:23:24+00:00","og_image":[{"width":800,"height":800,"url":"https:\/\/modelermaxpro.com\/wp-content\/uploads\/2025\/03\/20706.jpg","type":"image\/jpeg"}],"twitter_card":"summary_large_image","twitter_misc":{"Tiempo de lectura":"2 minutos"},"schema":{"@context":"https:\/\/schema.org","@graph":[{"@type":"WebPage","@id":"https:\/\/modelermaxpro.com\/index.php\/product\/atom-20706-set-colores-basicos-wargames-i\/","url":"https:\/\/modelermaxpro.com\/index.php\/product\/atom-20706-set-colores-basicos-wargames-i\/","name":"ATOM-20706 Set Colores Basicos Wargames I - Modeler Max Pro","isPartOf":{"@id":"https:\/\/modelermaxpro.com\/#website"},"primaryImageOfPage":{"@id":"https:\/\/modelermaxpro.com\/index.php\/product\/atom-20706-set-colores-basicos-wargames-i\/#primaryimage"},"image":{"@id":"https:\/\/modelermaxpro.com\/index.php\/product\/atom-20706-set-colores-basicos-wargames-i\/#primaryimage"},"thumbnailUrl":"https:\/\/modelermaxpro.com\/wp-content\/uploads\/2025\/03\/20706.jpg","datePublished":"2025-03-21T21:12:17+00:00","dateModified":"2025-03-28T13:23:24+00:00","breadcrumb":{"@id":"https:\/\/modelermaxpro.com\/index.php\/product\/atom-20706-set-colores-basicos-wargames-i\/#breadcrumb"},"inLanguage":"es-AR","potentialAction":[{"@type":"ReadAction","target":["https:\/\/modelermaxpro.com\/index.php\/product\/atom-20706-set-colores-basicos-wargames-i\/"]}]},{"@type":"ImageObject","inLanguage":"es-AR","@id":"https:\/\/modelermaxpro.com\/index.php\/product\/atom-20706-set-colores-basicos-wargames-i\/#primaryimage","url":"https:\/\/modelermaxpro.com\/wp-content\/uploads\/2025\/03\/20706.jpg","contentUrl":"https:\/\/modelermaxpro.com\/wp-content\/uploads\/2025\/03\/20706.jpg","width":800,"height":800},{"@type":"BreadcrumbList","@id":"https:\/\/modelermaxpro.com\/index.php\/product\/atom-20706-set-colores-basicos-wargames-i\/#breadcrumb","itemListElement":[{"@type":"ListItem","position":1,"name":"Inicio","item":"https:\/\/modelermaxpro.com\/"},{"@type":"ListItem","position":2,"name":"Shop","item":"https:\/\/modelermaxpro.com\/index.php\/shop\/"},{"@type":"ListItem","position":3,"name":"ATOM-20706 Set Colores Basicos Wargames I"}]},{"@type":"WebSite","@id":"https:\/\/modelermaxpro.com\/#website","url":"https:\/\/modelermaxpro.com\/","name":"Modeler Max Pro","description":"","publisher":{"@id":"https:\/\/modelermaxpro.com\/#organization"},"potentialAction":[{"@type":"SearchAction","target":{"@type":"EntryPoint","urlTemplate":"https:\/\/modelermaxpro.com\/?s={search_term_string}"},"query-input":{"@type":"PropertyValueSpecification","valueRequired":true,"valueName":"search_term_string"}}],"inLanguage":"es-AR"},{"@type":"Organization","@id":"https:\/\/modelermaxpro.com\/#organization","name":"Modeler Max Pro","url":"https:\/\/modelermaxpro.com\/","logo":{"@type":"ImageObject","inLanguage":"es-AR","@id":"https:\/\/modelermaxpro.com\/#\/schema\/logo\/image\/","url":"https:\/\/modelermaxpro.com\/wp-content\/uploads\/2019\/11\/logos_Modeler-web_Mesa-de-trabajo-1_Mesa-de-trabajo-1.png","contentUrl":"https:\/\/modelermaxpro.com\/wp-content\/uploads\/2019\/11\/logos_Modeler-web_Mesa-de-trabajo-1_Mesa-de-trabajo-1.png","width":322,"height":72,"caption":"Modeler Max Pro"},"image":{"@id":"https:\/\/modelermaxpro.com\/#\/schema\/logo\/image\/"}}]}},"_links":{"self":[{"href":"https:\/\/modelermaxpro.com\/index.php\/wp-json\/wp\/v2\/product\/9816","targetHints":{"allow":["GET"]}}],"collection":[{"href":"https:\/\/modelermaxpro.com\/index.php\/wp-json\/wp\/v2\/product"}],"about":[{"href":"https:\/\/modelermaxpro.com\/index.php\/wp-json\/wp\/v2\/types\/product"}],"wp:featuredmedia":[{"embeddable":true,"href":"https:\/\/modelermaxpro.com\/index.php\/wp-json\/wp\/v2\/media\/9817"}],"wp:attachment":[{"href":"https:\/\/modelermaxpro.com\/index.php\/wp-json\/wp\/v2\/media?parent=9816"}],"wp:term":[{"taxonomy":"product_brand","embeddable":true,"href":"https:\/\/modelermaxpro.com\/index.php\/wp-json\/wp\/v2\/product_brand?post=9816"},{"taxonomy":"product_cat","embeddable":true,"href":"https:\/\/modelermaxpro.com\/index.php\/wp-json\/wp\/v2\/product_cat?post=9816"},{"taxonomy":"product_tag","embeddable":true,"href":"https:\/\/modelermaxpro.com\/index.php\/wp-json\/wp\/v2\/product_tag?post=9816"}],"curies":[{"name":"wp","href":"https:\/\/api.w.org\/{rel}","templated":true}]}}